{"id":1529,"date":"2018-07-31T13:11:03","date_gmt":"2018-07-31T19:11:03","guid":{"rendered":"http:\/\/www.registrocivil.oaxaca.gob.mx\/?page_id=1529"},"modified":"2018-07-31T13:11:03","modified_gmt":"2018-07-31T19:11:03","slug":"simplificado","status":"publish","type":"page","link":"https:\/\/www.oaxaca.gob.mx\/civil\/simplificado\/","title":{"rendered":"Simplificado"},"content":{"rendered":"<p style=\"text-align: center\"><strong>AVISO DE PRIVACIDAD SIMPLIFICADO.<\/strong><\/p>\n<p style=\"text-align: justify\"><strong>\u00a0<\/strong><\/p>\n<p style=\"text-align: justify\">La Direcci\u00f3n del Registro Civil de Oaxaca, es el Sujeto Obligado responsable del tratamiento de los datos personales que nos proporcione.<\/p>\n<p style=\"text-align: justify\">Sus datos personales ser\u00e1n utilizados para las siguientes finalidades: tr\u00e1mites, servicios, solicitudes de informaci\u00f3n, estad\u00edsticas y para generar la base de datos de registros, para la mejor prestaci\u00f3n de servicios registrales.<\/p>\n<p style=\"text-align: justify\">Usted podr\u00e1 ejercer su Derecho de Acceso, Rectificaci\u00f3n, Cancelaci\u00f3n y Oposici\u00f3n a trav\u00e9s de la Unidad de Transparencia, de la Direcci\u00f3n del Registro Civil, ubicada en Calle Manuel Gracia Vigil 602, Colonia Centro, Oaxaca C.P. 68000, Tel\u00e9fono 01 (951) 5661663 ,a trav\u00e9s de la Plataforma Nacional de Transparencia en la p\u00e1gina web, <a href=\"https:\/\/www.plataformadetransparencia.org.mx\">https:\/\/www.plataformadetransparencia.org.mx<\/a> al correo electr\u00f3nico: <a href=\"mailto:transparencia.rc.oax@oaxaca.gob.mx\">transparencia.rc.oax@oaxaca.gob.mx<\/a> y al tel\u00e9fono 01 (951) 5661663, de lunes a viernes de 08:00 a 16:00 horas, en d\u00edas h\u00e1biles.<\/p>\n<p style=\"text-align: justify\">Usted puede consultar sus derechos de Acceso, Rectificaci\u00f3n, Cancelaci\u00f3n y Oposici\u00f3n (ARCO) en nuestra p\u00e1gina web: <a href=\"http:\/\/www.consejeriajuridica.oaxaca.gob.mx\/\">\u00a0http:\/\/www.registrocivil.oaxaca.gob.mx\/\/<\/a><\/p>\n","protected":false},"excerpt":{"rendered":"<p>AVISO DE PRIVACIDAD SIMPLIFICADO. \u00a0 La Direcci\u00f3n del Registro Civil de Oaxaca, es el Sujeto Obligado responsable del tratamiento de los datos personales que nos proporcione. Sus datos personales ser\u00e1n utilizados para las siguientes finalidades: tr\u00e1mites, servicios, solicitudes de informaci\u00f3n, estad\u00edsticas y para generar la base de datos de registros, para la mejor prestaci\u00f3n de [&hellip;]<\/p>\n","protected":false},"author":1,"featured_media":0,"parent":0,"menu_order":0,"comment_status":"closed","ping_status":"closed","template":"","meta":{"episode_type":"","audio_file":"","podmotor_file_id":"","podmotor_episode_id":"","cover_image":"","cover_image_id":"","duration":"","filesize":"","filesize_raw":"","date_recorded":"","explicit":"","block":"","itunes_episode_number":"","itunes_title":"","itunes_season_number":"","itunes_episode_type":"","footnotes":""},"categories":[],"tags":[],"class_list":["post-1529","page","type-page","status-publish","hentry"],"acf":[],"publishpress_future_action":{"enabled":false,"date":"2026-05-16 01:51:06","action":"change-status","newStatus":"draft","terms":[],"taxonomy":"category","extraData":[]},"publishpress_future_workflow_manual_trigger":{"enabledWorkflows":[]},"_links":{"self":[{"href":"https:\/\/www.oaxaca.gob.mx\/civil\/wp-json\/wp\/v2\/pages\/1529","targetHints":{"allow":["GET"]}}],"collection":[{"href":"https:\/\/www.oaxaca.gob.mx\/civil\/wp-json\/wp\/v2\/pages"}],"about":[{"href":"https:\/\/www.oaxaca.gob.mx\/civil\/wp-json\/wp\/v2\/types\/page"}],"author":[{"embeddable":true,"href":"https:\/\/www.oaxaca.gob.mx\/civil\/wp-json\/wp\/v2\/users\/1"}],"replies":[{"embeddable":true,"href":"https:\/\/www.oaxaca.gob.mx\/civil\/wp-json\/wp\/v2\/comments?post=1529"}],"version-history":[{"count":0,"href":"https:\/\/www.oaxaca.gob.mx\/civil\/wp-json\/wp\/v2\/pages\/1529\/revisions"}],"wp:attachment":[{"href":"https:\/\/www.oaxaca.gob.mx\/civil\/wp-json\/wp\/v2\/media?parent=1529"}],"wp:term":[{"taxonomy":"category","embeddable":true,"href":"https:\/\/www.oaxaca.gob.mx\/civil\/wp-json\/wp\/v2\/categories?post=1529"},{"taxonomy":"post_tag","embeddable":true,"href":"https:\/\/www.oaxaca.gob.mx\/civil\/wp-json\/wp\/v2\/tags?post=1529"}],"curies":[{"name":"wp","href":"https:\/\/api.w.org\/{rel}","templated":true}]}}