{"id":1527,"date":"2018-07-31T13:10:19","date_gmt":"2018-07-31T19:10:19","guid":{"rendered":"http:\/\/www.registrocivil.oaxaca.gob.mx\/?page_id=1527"},"modified":"2018-07-31T13:10:19","modified_gmt":"2018-07-31T19:10:19","slug":"integral","status":"publish","type":"page","link":"https:\/\/www.oaxaca.gob.mx\/civil\/integral\/","title":{"rendered":"Integral"},"content":{"rendered":"<p style=\"text-align: center\"><strong>AVISO DE PRIVACIDAD INTEGRAL<\/strong><\/p>\n<p style=\"text-align: justify\">La Direcci\u00f3n del Registro Civil, con domicilio en Calle Manuel Garc\u00eda Vigil 602, Colonia Centro, Oaxaca C.P. 68000, Tel\u00e9fono 01 (951) 5161663, es el sujeto obligado responsable del tratamiento de los datos personales que nos proporcione, los cuales ser\u00e1n protegidos, conforme a lo dispuesto en la Ley General de Protecci\u00f3n de Datos Personales en Posesi\u00f3n de Sujetos Obligados, en la Ley de Protecci\u00f3n de Datos Personales en Posesi\u00f3n de Sujetos Obligados del Estado de Oaxaca y dem\u00e1s normatividad aplicable.<\/p>\n<p style=\"text-align: justify\"><strong>\u00bfQu\u00e9 datos personales recabamos y para qu\u00e9 fines?<\/strong><\/p>\n<p style=\"text-align: justify\">Los datos personales que usted proporcione ser\u00e1n utilizados para las siguientes finalidades: tr\u00e1mites, servicios, solicitudes de informaci\u00f3n, estad\u00edsticas y para alimentar la base de datos de registros, para la mejor prestaci\u00f3n de servicios registrales.<\/p>\n<p style=\"text-align: justify\"><strong>Los datos a recabar son:<\/strong><\/p>\n<p style=\"text-align: justify\"><strong>Para tr\u00e1mites y Servicios:<\/strong> Nombre completo, fecha y lugar de nacimiento, matrimonio, defunci\u00f3n o de alg\u00fan otro acto del estado civil de las personas, edad, nacionalidad, parentesco, ocupaci\u00f3n, estado civil y domicilio.<\/p>\n<p style=\"text-align: justify\"><strong>Generaci\u00f3n de base de Datos de Registros<\/strong>: Nombre completo, fecha y lugar de nacimiento, matrimonio, defunci\u00f3n o de alg\u00fan otro acto del estado civil de las personas, edad, nacionalidad, parentesco, ocupaci\u00f3n, estado civil y domicilio.<\/p>\n<p style=\"text-align: justify\"><strong>Generaci\u00f3n de Estad\u00edsticas e entrega de informaci\u00f3n al <\/strong><strong>Instituto Nacional de Estad\u00edstica y Geograf\u00eda (INEGI)<strong>, <\/strong><\/strong><strong>Registro Nacional de Poblaci\u00f3n (RENAPO)<strong>, <\/strong><\/strong><strong>Instituto Nacional Electoral (INE)<\/strong> <strong>y la Secretaria de Salud del Estado de Oaxaca(SSO)<\/strong><strong>: <\/strong>Nombre completo, fecha y lugar de nacimiento matrimonio, defunci\u00f3n o de alg\u00fan otro acto del estado civil de las personas, edad, nacionalidad, parentesco, ocupaci\u00f3n, estado civil y domicilio.<\/p>\n<p style=\"text-align: justify\"><strong>\u00a0Solicitud de derechos de Acceso, Rectificaci\u00f3n, Cancelaci\u00f3n y Oposici\u00f3n<\/strong> <strong>(ARCO): <\/strong>Nombre completo, fecha y lugar de nacimiento matrimonio, defunci\u00f3n o de alg\u00fan otro acto del estado civil de las personas, edad, nacionalidad, parentesco, ocupaci\u00f3n, estado civil y domicilio.<strong>\u00a0<\/strong><\/p>\n<p style=\"text-align: justify\"><strong>Fundamento legal para el tratamiento de sus datos personales.<\/strong><\/p>\n<p style=\"text-align: justify\">La Direcci\u00f3n del Registro Civil, para el tratamiento de los datos personales se fundamenta en los art\u00edculos 16, 17, 18, 25 y 26 de la Ley General de Protecci\u00f3n de Datos Personales en Posesi\u00f3n de Sujetos Obligados; 09, 10, 11, 14 y 19 de la Ley de Protecci\u00f3n de Datos Personales en Posesi\u00f3n de Sujetos Obligados del Estado de Oaxaca y articulo 16 fracci\u00f3n VI del Reglamento del Registro Civil.<\/p>\n<p style=\"text-align: justify\"><strong>Transferencia de datos personales.<\/strong><\/p>\n<p style=\"text-align: justify\">No se realizar\u00e1n otras transferencias de los datos personales, salvo aquellas que sean necesarias para atender requerimientos de informaci\u00f3n de una autoridad competente, que est\u00e9n debidamente fundadas y motivadas.<\/p>\n<p style=\"text-align: justify\"><strong>\u00bfD\u00f3nde se pueden ejercer los derechos de acceso, correcci\u00f3n\/rectificaci\u00f3n, cancelaci\u00f3n u oposici\u00f3n de datos personales (derechos ARCO)?<\/strong><\/p>\n<p style=\"text-align: justify\">Usted podr\u00e1 ejercer sus derechos de acceso, rectificaci\u00f3n, cancelaci\u00f3n y oposici\u00f3n (ARCO) ante la Unidad de Transparencia de la Direcci\u00f3n del Registro Civil, ubicada en Calle Manuel Gracia Vigil 602, Colonia Centro, Oaxaca C.P. 68000, Tel\u00e9fono 01 (951) 5661663 ,a trav\u00e9s de la Plataforma Nacional de Transparencia el p\u00e1gina web <a href=\"https:\/\/www.plataformadetransparencia.org.mx\">https:\/\/www.plataformadetransparencia.org.mx<\/a> o al correo electr\u00f3nico: <a href=\"mailto:transparencia.rc.oax@oaxaca.gob.mx\">transparencia.rc.oax@oaxaca.gob.mx<\/a> y al tel\u00e9fono 01 (951) 5661663, de lunes a viernes de 08:00 a 16:00 horas, en d\u00edas h\u00e1biles.<\/p>\n<p style=\"text-align: justify\"><strong>Cambios al aviso de privacidad<\/strong><\/p>\n<p style=\"text-align: justify\">En caso de que exista un cambio de este aviso de privacidad, lo haremos de su conocimiento en nuestra p\u00e1gina web, <a href=\"http:\/\/www.consejeriajuridica.oaxaca.gob.mx\/\">\u00a0http:\/\/www.registrocivil.oaxaca.gob.mx<\/a><\/p>\n","protected":false},"excerpt":{"rendered":"<p>AVISO DE PRIVACIDAD INTEGRAL La Direcci\u00f3n del Registro Civil, con domicilio en Calle Manuel Garc\u00eda Vigil 602, Colonia Centro, Oaxaca C.P. 68000, Tel\u00e9fono 01 (951) 5161663, es el sujeto obligado responsable del tratamiento de los datos personales que nos proporcione, los cuales ser\u00e1n protegidos, conforme a lo dispuesto en la Ley General de Protecci\u00f3n de [&hellip;]<\/p>\n","protected":false},"author":1,"featured_media":0,"parent":0,"menu_order":0,"comment_status":"closed","ping_status":"closed","template":"","meta":{"episode_type":"","audio_file":"","podmotor_file_id":"","podmotor_episode_id":"","cover_image":"","cover_image_id":"","duration":"","filesize":"","filesize_raw":"","date_recorded":"","explicit":"","block":"","itunes_episode_number":"","itunes_title":"","itunes_season_number":"","itunes_episode_type":"","footnotes":""},"categories":[],"tags":[],"class_list":["post-1527","page","type-page","status-publish","hentry"],"acf":[],"publishpress_future_action":{"enabled":false,"date":"2026-04-26 07:24:54","action":"change-status","newStatus":"draft","terms":[],"taxonomy":"category","extraData":[]},"publishpress_future_workflow_manual_trigger":{"enabledWorkflows":[]},"_links":{"self":[{"href":"https:\/\/www.oaxaca.gob.mx\/civil\/wp-json\/wp\/v2\/pages\/1527","targetHints":{"allow":["GET"]}}],"collection":[{"href":"https:\/\/www.oaxaca.gob.mx\/civil\/wp-json\/wp\/v2\/pages"}],"about":[{"href":"https:\/\/www.oaxaca.gob.mx\/civil\/wp-json\/wp\/v2\/types\/page"}],"author":[{"embeddable":true,"href":"https:\/\/www.oaxaca.gob.mx\/civil\/wp-json\/wp\/v2\/users\/1"}],"replies":[{"embeddable":true,"href":"https:\/\/www.oaxaca.gob.mx\/civil\/wp-json\/wp\/v2\/comments?post=1527"}],"version-history":[{"count":0,"href":"https:\/\/www.oaxaca.gob.mx\/civil\/wp-json\/wp\/v2\/pages\/1527\/revisions"}],"wp:attachment":[{"href":"https:\/\/www.oaxaca.gob.mx\/civil\/wp-json\/wp\/v2\/media?parent=1527"}],"wp:term":[{"taxonomy":"category","embeddable":true,"href":"https:\/\/www.oaxaca.gob.mx\/civil\/wp-json\/wp\/v2\/categories?post=1527"},{"taxonomy":"post_tag","embeddable":true,"href":"https:\/\/www.oaxaca.gob.mx\/civil\/wp-json\/wp\/v2\/tags?post=1527"}],"curies":[{"name":"wp","href":"https:\/\/api.w.org\/{rel}","templated":true}]}}