{"id":1480,"date":"2018-07-02T12:47:21","date_gmt":"2018-07-02T18:47:21","guid":{"rendered":"http:\/\/www.registrocivil.oaxaca.gob.mx\/?page_id=1480"},"modified":"2018-07-02T12:47:21","modified_gmt":"2018-07-02T18:47:21","slug":"directorio","status":"publish","type":"page","link":"https:\/\/www.oaxaca.gob.mx\/civil\/directorio\/","title":{"rendered":"Directorio"},"content":{"rendered":"\n<table id=\"tablepress-directorio\" class=\"tablepress tablepress-id-directorio\">\n<thead>\n<tr class=\"row-1\">\n\t<th class=\"column-1\">Nombre<\/th><th class=\"column-2\">Unidad<\/th><th class=\"column-3\">Departamento<\/th><th class=\"column-4\">Tel\u00e9fono\/Extensi\u00f3n<\/th><th class=\"column-5\">Correo<\/th><th class=\"column-6\">Direcci\u00f3n<\/th>\n<\/tr>\n<\/thead>\n<tbody class=\"row-striping row-hover\">\n<tr class=\"row-2\">\n\t<td class=\"column-1\">Lic.Alfredo Santiago Ch\u00e1vez<\/td><td class=\"column-2\">DIRECCI\u00d3N<\/td><td class=\"column-3\"><\/td><td class=\"column-4\">951 514 90 20<br \/>\n<\/td><td class=\"column-5\">registro.civil@oaxaca.gob.mx<\/td><td class=\"column-6\">Santos Degollado 400. Col. Centro. C.P.68000. Oaxaca de Ju\u00e1rez, Oaxaca. <\/td>\n<\/tr>\n<tr class=\"row-3\">\n\t<td class=\"column-1\">Lic. Cesareo Tom\u00e1s V\u00e1zquez Garc\u00eda <\/td><td class=\"column-2\">UNIDAD JUR\u00cdDICA<\/td><td class=\"column-3\"><\/td><td class=\"column-4\">951 514 90 20 <\/td><td class=\"column-5\">unidadjuridica.regcivil@gmail.com<\/td><td class=\"column-6\">Santos Degollado 400. Col. Centro. C.P.68000. Oaxaca de Ju\u00e1rez, Oaxaca. <\/td>\n<\/tr>\n<tr class=\"row-4\">\n\t<td class=\"column-1\">Lic. Cuauht\u00e9moc S\u00e1nchez Mart\u00ednez <\/td><td class=\"column-2\">UNIDAD DE OFICIAL\u00cdAS<\/td><td class=\"column-3\"><\/td><td class=\"column-4\">951 516 34 02<\/td><td class=\"column-5\">unidad_oficialias@outlook.es<\/td><td class=\"column-6\">Santos Degollado 400. Col. Centro. C.P.68000. Oaxaca de Ju\u00e1rez, Oaxaca. <\/td>\n<\/tr>\n<tr class=\"row-5\">\n\t<td class=\"column-1\">Ing. Ram\u00f3n Gonz\u00e1lez Luna <\/td><td class=\"column-2\">UNIDAD DE INFORM\u00c1TICA Y ESTAD\u00cdSTICA<\/td><td class=\"column-3\"><\/td><td class=\"column-4\">951 514 22 58, <br \/>\n951 518 52 35<\/td><td class=\"column-5\">procesos.regcivil@oaxaca.gob.mx<\/td><td class=\"column-6\">Violetas 914. Col. Reforma C.P. 68050. Oaxaca de Ju\u00e1rez, Oaxaca. <\/td>\n<\/tr>\n<tr class=\"row-6\">\n\t<td class=\"column-1\">L.C.P. Luis Antonio Medina Bustamante<\/td><td class=\"column-2\">UNIDAD OPERATIVA<\/td><td class=\"column-3\"><\/td><td class=\"column-4\">951 516 83 13 <\/td><td class=\"column-5\">luisbustamante@oaxaca.gob.mx<\/td><td class=\"column-6\">Santos Degollado 400. Col. Centro. C.P.68000. Oaxaca de Ju\u00e1rez, Oaxaca. <\/td>\n<\/tr>\n<tr class=\"row-7\">\n\t<td class=\"column-1\">Arq. Karina Del Carmen Gonz\u00e1lez Mart\u00ednez <\/td><td class=\"column-2\">UNIDAD JUR\u00cdDICA<\/td><td class=\"column-3\">DEPARTAMENTO DE SUPERVISI\u00d3N<\/td><td class=\"column-4\">951 51 4 44 05<br \/>\n01800 581 10 42<\/td><td class=\"column-5\">supervision.regcivil@oaxaca.gob.mx<br \/>\n          <\/td><td class=\"column-6\">Santos Degollado 400. Col. Centro. C.P.68000. Oaxaca de Ju\u00e1rez, Oaxaca. <\/td>\n<\/tr>\n<tr class=\"row-8\">\n\t<td class=\"column-1\">Mtro. Alberto Garc\u00eda V\u00e1squez <\/td><td class=\"column-2\">UNIDAD DE OFICIAL\u00cdAS<\/td><td class=\"column-3\">DEPARTAMENTO DE VALIDACI\u00d3N DE ACTAS Y FORMATOS<\/td><td class=\"column-4\"><\/td><td class=\"column-5\"><\/td><td class=\"column-6\">Santos Degollado 400. Col. Centro. C.P.68000. Oaxaca de Ju\u00e1rez, Oaxaca. <\/td>\n<\/tr>\n<tr class=\"row-9\">\n\t<td class=\"column-1\">Lic. Fabiola Francisca Vargas Galv\u00e1n<\/td><td class=\"column-2\">UNIDAD DE OFICIAL\u00cdAS<\/td><td class=\"column-3\">DEPARTAMENTO DE TR\u00c1MITES FOR\u00c1NEOS<\/td><td class=\"column-4\">951 50 3 09 75<br \/>\n951 51 6 88 74<br \/>\n951 51 6 79 51<\/td><td class=\"column-5\">enlace.regcivil@oaxaca.gob.mx <br \/>\n<br \/>\nfabiola.vargas@oaxaca.gob.mx<\/td><td class=\"column-6\">Santos Degollado 400. Col. Centro. C.P.68000. Oaxaca de Ju\u00e1rez, Oaxaca. <\/td>\n<\/tr>\n<tr class=\"row-10\">\n\t<td class=\"column-1\"> <\/td><td class=\"column-2\">UNIDAD JUR\u00cdDICA<\/td><td class=\"column-3\">DEPARTAMENTO DE ACLARACIONES Y REGISTROS EXTEMPOR\u00c1NEOS<\/td><td class=\"column-4\"><\/td><td class=\"column-5\">registrosextemporaneos.rc@gmail.com<\/td><td class=\"column-6\">Santos Degollado 400. Col. Centro. C.P.68000. Oaxaca de Ju\u00e1rez, Oaxaca. <\/td>\n<\/tr>\n<tr class=\"row-11\">\n\t<td class=\"column-1\">Lic. Andrea Cruz Salazar<\/td><td class=\"column-2\"><\/td><td class=\"column-3\">DEPARTAMENTO DE ARCHIVO CENTRAL\t\t<br \/>\n<\/td><td class=\"column-4\"><br \/>\n\t<br \/>\n<\/td><td class=\"column-5\">archivo.regcivil @oaxaca.gob.mx <br \/>\n\t\t<br \/>\n<\/td><td class=\"column-6\">Violetas 914, Colonia Reforma C.P. 68050, Oaxaca de Ju\u00e1rez, Oaxaca.<br \/>\n<\/td>\n<\/tr>\n<tr class=\"row-12\">\n\t<td class=\"column-1\"><\/td><td class=\"column-2\"><\/td><td class=\"column-3\">DEPARTAMENTO DE MODERNIZACI\u00d3N DE PROCESOS Y CONTROL DE CALIDAD\t\t\t\t\t<br \/>\n<\/td><td class=\"column-4\">951 514 90 20\t<br \/>\n<\/td><td class=\"column-5\"><\/td><td class=\"column-6\">Santos Degollado 400. Col. Centro. C.P.68000. Oaxaca de Ju\u00e1rez, Oaxaca. <br \/>\n<\/td>\n<\/tr>\n<tr class=\"row-13\">\n\t<td class=\"column-1\">Lic. Giovanni Gonz\u00e1lo Horne Garc\u00eda<\/td><td class=\"column-2\">UNIDAD DE OFICIAL\u00cdAS<\/td><td class=\"column-3\">DEPARTAMENTO DE OFICIALES ITINERANTES<\/td><td class=\"column-4\"><\/td><td class=\"column-5\">oficialesitinerantes@gmail.com<\/td><td class=\"column-6\">Santos Degollado 400. Col. Centro. C.P.68000. Oaxaca de Ju\u00e1rez, Oaxaca. <\/td>\n<\/tr>\n<tr class=\"row-14\">\n\t<td class=\"column-1\">L.I. Gildardo P\u00e9rez Fierro<\/td><td class=\"column-2\">UNIDAD OPERATIVA<\/td><td class=\"column-3\">DEPARTAMENTO DE SOPORTE T\u00c9CNICO<\/td><td class=\"column-4\"><\/td><td class=\"column-5\">gperez@oaxaca.gob.mx<\/td><td class=\"column-6\">Violetas 914, Colonia Reforma C.P. 68050, Oaxaca de Ju\u00e1rez, Oaxaca. <\/td>\n<\/tr>\n<tr class=\"row-15\">\n\t<td class=\"column-1\">Lic. Jes\u00fas Alberto V\u00e1zquez Garc\u00eda <\/td><td class=\"column-2\">UNIDAD OPERATIVA<\/td><td class=\"column-3\">DEPARTAMENTO DE APOYO ADMINISTRATIVO<\/td><td class=\"column-4\"><\/td><td class=\"column-5\">apoyoadtvo_drc@outlook.com<\/td><td class=\"column-6\">Santos Degollado 400. Col. Centro. C.P.68000. Oaxaca de Ju\u00e1rez, Oaxaca. <\/td>\n<\/tr>\n<tr class=\"row-16\">\n\t<td class=\"column-1\">Lic. Ana Luisa Tarasco Sainz<\/td><td class=\"column-2\"><\/td><td class=\"column-3\">DEPARTAMENTO DE PROCESAMIENTO<\/td><td class=\"column-4\"><\/td><td class=\"column-5\"><\/td><td class=\"column-6\"><\/td>\n<\/tr>\n<tr class=\"row-17\">\n\t<td class=\"column-1\">Lic. Hiday Berenice Morales Mauro<\/td><td class=\"column-2\">UNIDAD DE OFICIAL\u00cdAS<\/td><td class=\"column-3\">DEPARTAMENTO DE PROGRAMAS INSTITUCIONALES<\/td><td class=\"column-4\"><\/td><td class=\"column-5\"><\/td><td class=\"column-6\">Santos Degollado 400. Col. Centro. C.P.68000. Oaxaca de Ju\u00e1rez, Oaxaca. <\/td>\n<\/tr>\n<tr class=\"row-18\">\n\t<td class=\"column-1\">Ing. Erik Isai Perez Olguin<\/td><td class=\"column-2\">UNIDAD DE INFORM\u00c1TICA Y ESTAD\u00cdSTICA<\/td><td class=\"column-3\">DEPARTAMENTO DE SISTEMAS<\/td><td class=\"column-4\">951 514 22 58, <br \/>\n951 518 52 35<\/td><td class=\"column-5\"><\/td><td class=\"column-6\">Violetas 914, Colonia Reforma C.P. 68050, Oaxaca de Ju\u00e1rez, Oaxaca<\/td>\n<\/tr>\n<tr class=\"row-19\">\n\t<td class=\"column-1\"><\/td><td class=\"column-2\"><\/td><td class=\"column-3\"><\/td><td class=\"column-4\"><\/td><td class=\"column-5\"><\/td><td class=\"column-6\"><\/td>\n<\/tr>\n<\/tbody>\n<\/table>\n<!-- #tablepress-directorio from cache -->\n","protected":false},"excerpt":{"rendered":"","protected":false},"author":1,"featured_media":0,"parent":0,"menu_order":0,"comment_status":"closed","ping_status":"closed","template":"","meta":{"episode_type":"","audio_file":"","podmotor_file_id":"","podmotor_episode_id":"","cover_image":"","cover_image_id":"","duration":"","filesize":"","filesize_raw":"","date_recorded":"","explicit":"","block":"","itunes_episode_number":"","itunes_title":"","itunes_season_number":"","itunes_episode_type":"","footnotes":""},"categories":[],"tags":[],"class_list":["post-1480","page","type-page","status-publish","hentry"],"acf":[],"publishpress_future_action":{"enabled":false,"date":"2026-05-05 11:27:39","action":"change-status","newStatus":"draft","terms":[],"taxonomy":"category","extraData":[]},"publishpress_future_workflow_manual_trigger":{"enabledWorkflows":[]},"_links":{"self":[{"href":"https:\/\/www.oaxaca.gob.mx\/civil\/wp-json\/wp\/v2\/pages\/1480","targetHints":{"allow":["GET"]}}],"collection":[{"href":"https:\/\/www.oaxaca.gob.mx\/civil\/wp-json\/wp\/v2\/pages"}],"about":[{"href":"https:\/\/www.oaxaca.gob.mx\/civil\/wp-json\/wp\/v2\/types\/page"}],"author":[{"embeddable":true,"href":"https:\/\/www.oaxaca.gob.mx\/civil\/wp-json\/wp\/v2\/users\/1"}],"replies":[{"embeddable":true,"href":"https:\/\/www.oaxaca.gob.mx\/civil\/wp-json\/wp\/v2\/comments?post=1480"}],"version-history":[{"count":0,"href":"https:\/\/www.oaxaca.gob.mx\/civil\/wp-json\/wp\/v2\/pages\/1480\/revisions"}],"wp:attachment":[{"href":"https:\/\/www.oaxaca.gob.mx\/civil\/wp-json\/wp\/v2\/media?parent=1480"}],"wp:term":[{"taxonomy":"category","embeddable":true,"href":"https:\/\/www.oaxaca.gob.mx\/civil\/wp-json\/wp\/v2\/categories?post=1480"},{"taxonomy":"post_tag","embeddable":true,"href":"https:\/\/www.oaxaca.gob.mx\/civil\/wp-json\/wp\/v2\/tags?post=1480"}],"curies":[{"name":"wp","href":"https:\/\/api.w.org\/{rel}","templated":true}]}}