{"id":140,"date":"2016-02-18T11:18:08","date_gmt":"2016-02-18T17:18:08","guid":{"rendered":"http:\/\/www.registrocivil.oaxaca.gob.mx\/?page_id=140"},"modified":"2016-02-18T11:18:08","modified_gmt":"2016-02-18T17:18:08","slug":"informacion-publica","status":"publish","type":"page","link":"https:\/\/www.oaxaca.gob.mx\/civil\/informacion-publica\/","title":{"rendered":"Informaci\u00f3n Publica"},"content":{"rendered":"<h3>\u00bfQU\u00c9 ES EL CENTRO OAXACA?<\/h3>\n<p>Es un centro de atenci\u00f3n destinado a facilitar el acceso a programas y proyectos por parte la comunidad oaxaque\u00f1a que habita en la ciudad de Los \u00c1ngeles, California, lo que permitir\u00e1 brindar atenci\u00f3n personalizada en servicios de informaci\u00f3n, asesor\u00eda y apoyo en la gesti\u00f3n de tr\u00e1mites y solicitudes ante las diferentes dependencias que componen la Administraci\u00f3n P\u00fablica Estatal.<\/p>\n<p>Captar\u00e1 las solicitudes de los usuarios y se procesar\u00e1n a trav\u00e9s de un moderno Sistema de Registro y Seguimiento, que las canalizar\u00e1 a las respectivas dependencias del Gobierno para su correspondiente atenci\u00f3n, a trav\u00e9s de la Coordinaci\u00f3n General de Asuntos Internacionales.<\/p>\n<p>El Centro Oaxaca est\u00e1 ubicado en Mulford Ave. Suit 202, en el condado de Lynwood, California, Plaza M\u00e9xico. Asimismo, cuenta con los n\u00fameros telef\u00f3nicos (001 213) 310 639 5500 y 310 639 5506.<\/p>\n","protected":false},"excerpt":{"rendered":"<p>\u00bfQU\u00c9 ES EL CENTRO OAXACA? Es un centro de atenci\u00f3n destinado a facilitar el acceso a programas y proyectos por parte la comunidad oaxaque\u00f1a que habita en la ciudad de Los \u00c1ngeles, California, lo que permitir\u00e1 brindar atenci\u00f3n personalizada en servicios de informaci\u00f3n, asesor\u00eda y apoyo en la gesti\u00f3n de tr\u00e1mites y solicitudes ante las [&hellip;]<\/p>\n","protected":false},"author":1,"featured_media":0,"parent":0,"menu_order":0,"comment_status":"closed","ping_status":"closed","template":"","meta":{"episode_type":"","audio_file":"","podmotor_file_id":"","podmotor_episode_id":"","cover_image":"","cover_image_id":"","duration":"","filesize":"","filesize_raw":"","date_recorded":"","explicit":"","block":"","itunes_episode_number":"","itunes_title":"","itunes_season_number":"","itunes_episode_type":"","footnotes":""},"categories":[],"tags":[],"class_list":["post-140","page","type-page","status-publish","hentry"],"acf":[],"publishpress_future_action":{"enabled":false,"date":"2026-05-16 01:58:15","action":"change-status","newStatus":"draft","terms":[],"taxonomy":"category","extraData":[]},"publishpress_future_workflow_manual_trigger":{"enabledWorkflows":[]},"_links":{"self":[{"href":"https:\/\/www.oaxaca.gob.mx\/civil\/wp-json\/wp\/v2\/pages\/140","targetHints":{"allow":["GET"]}}],"collection":[{"href":"https:\/\/www.oaxaca.gob.mx\/civil\/wp-json\/wp\/v2\/pages"}],"about":[{"href":"https:\/\/www.oaxaca.gob.mx\/civil\/wp-json\/wp\/v2\/types\/page"}],"author":[{"embeddable":true,"href":"https:\/\/www.oaxaca.gob.mx\/civil\/wp-json\/wp\/v2\/users\/1"}],"replies":[{"embeddable":true,"href":"https:\/\/www.oaxaca.gob.mx\/civil\/wp-json\/wp\/v2\/comments?post=140"}],"version-history":[{"count":0,"href":"https:\/\/www.oaxaca.gob.mx\/civil\/wp-json\/wp\/v2\/pages\/140\/revisions"}],"wp:attachment":[{"href":"https:\/\/www.oaxaca.gob.mx\/civil\/wp-json\/wp\/v2\/media?parent=140"}],"wp:term":[{"taxonomy":"category","embeddable":true,"href":"https:\/\/www.oaxaca.gob.mx\/civil\/wp-json\/wp\/v2\/categories?post=140"},{"taxonomy":"post_tag","embeddable":true,"href":"https:\/\/www.oaxaca.gob.mx\/civil\/wp-json\/wp\/v2\/tags?post=140"}],"curies":[{"name":"wp","href":"https:\/\/api.w.org\/{rel}","templated":true}]}}