{"id":1378,"date":"2018-01-29T13:13:35","date_gmt":"2018-01-29T19:13:35","guid":{"rendered":"http:\/\/www.registrocivil.oaxaca.gob.mx\/?page_id=1378"},"modified":"2018-01-29T13:13:35","modified_gmt":"2018-01-29T19:13:35","slug":"acta-en-linea","status":"publish","type":"page","link":"https:\/\/www.oaxaca.gob.mx\/civil\/acta-en-linea\/","title":{"rendered":"Acta en L\u00ednea"},"content":{"rendered":"<p>Puedes realizar la b\u00fasqueda del acta de nacimiento por cualquiera de estos m\u00e9todos:<\/p>\n<ol class=\"bottom-buffer\">\n<ol class=\"bottom-buffer\">\n<li><strong>Con la Clave \u00danica de Registro de Poblaci\u00f3n (CURP).<\/strong><\/li>\n<li><strong>A trav\u00e9s de los datos personales.<\/strong><\/li>\n<\/ol>\n<\/ol>\n<p>&nbsp;<\/p>\n<h4 class=\"tramite-title\"><a href=\"https:\/\/www.gob.mx\/ActaNacimiento\/\" target=\"_blank\" rel=\"noopener noreferrer\">Expedici\u00f3n de la copia certificada del acta de nacimiento en l\u00ednea<\/a><\/h4>\n<div class=\"\u201dvideo-responsive\u201d\"><\/div>\n","protected":false},"excerpt":{"rendered":"<p>Puedes realizar la b\u00fasqueda del acta de nacimiento por cualquiera de estos m\u00e9todos: Con la Clave \u00danica de Registro de Poblaci\u00f3n (CURP). A trav\u00e9s de los datos personales. &nbsp; Expedici\u00f3n de la copia certificada del acta de nacimiento en l\u00ednea<\/p>\n","protected":false},"author":1,"featured_media":0,"parent":0,"menu_order":0,"comment_status":"closed","ping_status":"closed","template":"","meta":{"episode_type":"","audio_file":"","podmotor_file_id":"","podmotor_episode_id":"","cover_image":"","cover_image_id":"","duration":"","filesize":"","filesize_raw":"","date_recorded":"","explicit":"","block":"","itunes_episode_number":"","itunes_title":"","itunes_season_number":"","itunes_episode_type":"","footnotes":""},"categories":[],"tags":[],"class_list":["post-1378","page","type-page","status-publish","hentry"],"acf":[],"publishpress_future_action":{"enabled":false,"date":"2026-04-24 02:58:01","action":"change-status","newStatus":"draft","terms":[],"taxonomy":"category","extraData":[]},"publishpress_future_workflow_manual_trigger":{"enabledWorkflows":[]},"_links":{"self":[{"href":"https:\/\/www.oaxaca.gob.mx\/civil\/wp-json\/wp\/v2\/pages\/1378","targetHints":{"allow":["GET"]}}],"collection":[{"href":"https:\/\/www.oaxaca.gob.mx\/civil\/wp-json\/wp\/v2\/pages"}],"about":[{"href":"https:\/\/www.oaxaca.gob.mx\/civil\/wp-json\/wp\/v2\/types\/page"}],"author":[{"embeddable":true,"href":"https:\/\/www.oaxaca.gob.mx\/civil\/wp-json\/wp\/v2\/users\/1"}],"replies":[{"embeddable":true,"href":"https:\/\/www.oaxaca.gob.mx\/civil\/wp-json\/wp\/v2\/comments?post=1378"}],"version-history":[{"count":0,"href":"https:\/\/www.oaxaca.gob.mx\/civil\/wp-json\/wp\/v2\/pages\/1378\/revisions"}],"wp:attachment":[{"href":"https:\/\/www.oaxaca.gob.mx\/civil\/wp-json\/wp\/v2\/media?parent=1378"}],"wp:term":[{"taxonomy":"category","embeddable":true,"href":"https:\/\/www.oaxaca.gob.mx\/civil\/wp-json\/wp\/v2\/categories?post=1378"},{"taxonomy":"post_tag","embeddable":true,"href":"https:\/\/www.oaxaca.gob.mx\/civil\/wp-json\/wp\/v2\/tags?post=1378"}],"curies":[{"name":"wp","href":"https:\/\/api.w.org\/{rel}","templated":true}]}}