{"id":120,"date":"2016-02-18T09:13:41","date_gmt":"2016-02-18T15:13:41","guid":{"rendered":"http:\/\/www.registrocivil.oaxaca.gob.mx\/?page_id=120"},"modified":"2022-03-02T14:11:36","modified_gmt":"2022-03-02T20:11:36","slug":"tarifas","status":"publish","type":"page","link":"https:\/\/www.oaxaca.gob.mx\/civil\/tarifas\/","title":{"rendered":"Tarifas"},"content":{"rendered":"\n<table id=\"tablepress-tbl-tarifas-certificados\" class=\"tablepress tablepress-id-tbl-tarifas-certificados\">\n<thead>\n<tr class=\"row-1\">\n\t<th colspan=\"3\" class=\"column-1\">Certificaciones <\/th>\n<\/tr>\n<\/thead>\n<tbody class=\"row-striping row-hover\">\n<tr class=\"row-2\">\n\t<td class=\"column-1\">3MAAAA001<\/td><td class=\"column-2\">NACIMIENTO <\/td><td class=\"column-3\">$131.00<\/td>\n<\/tr>\n<tr class=\"row-3\">\n\t<td class=\"column-1\">3MAAAA001<\/td><td class=\"column-2\">MATRIMONIO <\/td><td class=\"column-3\">$131.00<\/td>\n<\/tr>\n<tr class=\"row-4\">\n\t<td class=\"column-1\">3MAAAA001<\/td><td class=\"column-2\">DEFUNCI\u00d3N <\/td><td class=\"column-3\">$131.00<\/td>\n<\/tr>\n<tr class=\"row-5\">\n\t<td class=\"column-1\">3MAAAA002<\/td><td class=\"column-2\">EXPEDICI\u00d3N DE ACTAS DE NACIMIENTO EN L\u00cdNEA <\/td><td class=\"column-3\">$131.00<\/td>\n<\/tr>\n<tr class=\"row-6\">\n\t<td class=\"column-1\">3MAAAA003<\/td><td class=\"column-2\">EXPEDICI\u00d3N DE CONSTANCIA DE INEXISTENCIA DE REGISTRO Y\/O MATRIMONIO <\/td><td class=\"column-3\">$353<\/td>\n<\/tr>\n<tr class=\"row-7\">\n\t<td class=\"column-1\">3MAAAJ001 <\/td><td class=\"column-2\">EXPEDICI\u00d3N DE CONSTANCIA DE DECLARACI\u00d3N DE EXISTENCIA DE CONCUBINATO<\/td><td class=\"column-3\">$338.00<\/td>\n<\/tr>\n<\/tbody>\n<\/table>\n<!-- #tablepress-tbl-tarifas-certificados from cache -->\n\n<table id=\"tablepress-tbl-tarifas-registros-nacimientos\" class=\"tablepress tablepress-id-tbl-tarifas-registros-nacimientos\">\n<thead>\n<tr class=\"row-1\">\n\t<th class=\"column-1\">Registros de Nacimiento<\/th><th class=\"column-2\">\u00a0<\/th><th class=\"column-3\">\u00a0<\/th>\n<\/tr>\n<\/thead>\n<tbody class=\"row-striping row-hover\">\n<tr class=\"row-2\">\n\t<td class=\"column-1\"><\/td><td class=\"column-2\">DE RECI\u00c9N NACIDO HASTA 180 D\u00cdAS <\/td><td class=\"column-3\">GRATUITO <\/td>\n<\/tr>\n<tr class=\"row-3\">\n\t<td class=\"column-1\"><\/td><td class=\"column-2\">DE 181 D\u00cdAS A 6 A\u00d1OS (GRATUITO POR ACUERDO)<\/td><td class=\"column-3\">GRATUITO<\/td>\n<\/tr>\n<tr class=\"row-4\">\n\t<td class=\"column-1\"><\/td><td class=\"column-2\">REGISTROS EXTEMPOR\u00c1NEOS DESPU\u00c9S DE 6 A\u00d1OS <\/td><td class=\"column-3\">GRATUITO (SE DEBEN PRESENTAR DOCUMENTOS QUE REQUIEREN PAGO DE DERECHOS)<\/td>\n<\/tr>\n<\/tbody>\n<\/table>\n<!-- #tablepress-tbl-tarifas-registros-nacimientos from cache -->\n\n<table id=\"tablepress-tbl-tarifas-matrimonio\" class=\"tablepress tablepress-id-tbl-tarifas-matrimonio tbody-has-connected-cells\">\n<thead>\n<tr class=\"row-1\">\n\t<th class=\"column-1\">Matrimonios<\/th><th class=\"column-2\">\u00a0<\/th><th class=\"column-3\">\u00a0<\/th>\n<\/tr>\n<\/thead>\n<tbody class=\"row-striping row-hover\">\n<tr class=\"row-2\">\n\t<td class=\"column-1\">3MAAAD001<\/td><td class=\"column-2\">CELEBRACI\u00d3N DE MATRIMONIOS EN LAS OFICIAL\u00cdA DEL REGISTRO CIVIL EN D\u00cdA H\u00c1BIL DE 9 A 15 HORAS<\/td><td class=\"column-3\">$1,568.00<\/td>\n<\/tr>\n<tr class=\"row-3\">\n\t<td class=\"column-1\">3MAAAD002<\/td><td class=\"column-2\">CELEBRACI\u00d3N DE MATRIMONIOS A DOMICILIO DE 9 A 15 HORAS<\/td><td class=\"column-3\">$3,675.00<\/td>\n<\/tr>\n<tr class=\"row-4\">\n\t<td class=\"column-1\">3MAAAD003<\/td><td class=\"column-2\">CELEBRACI\u00d3N DE MATRIMONIOS A DOMICILIO DE 15:01 HORAS EN ADELANTE<\/td><td class=\"column-3\">$4,054.00<\/td>\n<\/tr>\n<tr class=\"row-5\">\n\t<td class=\"column-1\">3MAAAD004<\/td><td class=\"column-2\"> CELEBRACI\u00d3N DE MATRIMONIOS A DOMICILIO EN D\u00cdA INH\u00c1BIL<\/td><td class=\"column-3\">$5,069.00<\/td>\n<\/tr>\n<tr class=\"row-6\">\n\t<td class=\"column-1\">3MAAAC005<\/td><td class=\"column-2\">HABILITACI\u00d3N DE OFICIAL DE REGISTRO CIVIL PARA CELEBRAR MATRIMONIOS FUERA DE SU JURISDICCI\u00d3N<\/td><td class=\"column-3\">$3,801.00<\/td>\n<\/tr>\n<tr class=\"row-7\">\n\t<td class=\"column-1\">3MAAAG001<\/td><td class=\"column-2\">CELEBRACI\u00d3N DE MATRIMONIOS ENTRE EXTRANJEROS Y MEXICANOS DE 9 A 15 HORAS<\/td><td class=\"column-3\">$3,135.00<\/td>\n<\/tr>\n<tr class=\"row-8\">\n\t<td class=\"column-1\">3MAAAG002<\/td><td class=\"column-2\">CELEBRACI\u00d3N DE MATRIMONIOS A DOMICILIO ENTRE EXTRANJEROS Y MEXICANOS DE 9 A 15 HORAS<\/td><td class=\"column-3\">$7,349.00<\/td>\n<\/tr>\n<tr class=\"row-9\">\n\t<td class=\"column-1\">3MAAAG003<\/td><td class=\"column-2\"> CELEBRACI\u00d3N DE MATRIMONIOS A DOMICILIO ENTRE EXTRANJEROS Y MEXICANOS DE15:01 HORAS EN ADELANTE<\/td><td class=\"column-3\">$8,110.00<\/td>\n<\/tr>\n<tr class=\"row-10\">\n\t<td class=\"column-1\">3MAAAG004<\/td><td class=\"column-2\">CELEBRACI\u00d3N DE MATRIMONIOS A DOMICILIO EN D\u00cdA INH\u00c1BIL ENTRE EXTRANJEROS Y MEXICANOS<\/td><td class=\"column-3\">$10,390.00<\/td>\n<\/tr>\n<tr class=\"row-11\">\n\t<td colspan=\"3\" class=\"column-1\">Nota: las tarifas entre extranjeros se aplican aun cuando \u00fanicamente uno de los contrayentes sea extranjero.<\/td>\n<\/tr>\n<\/tbody>\n<\/table>\n<!-- #tablepress-tbl-tarifas-matrimonio from cache -->\n\n<table id=\"tablepress-tbl-tarifas-tramites-administrativos\" class=\"tablepress tablepress-id-tbl-tarifas-tramites-administrativos\">\n<thead>\n<tr class=\"row-1\">\n\t<th colspan=\"3\" class=\"column-1\">Tr\u00e1mites Administrativos<\/th>\n<\/tr>\n<\/thead>\n<tbody class=\"row-striping row-hover\">\n<tr class=\"row-2\">\n\t<td class=\"column-1\">3MAAAC007<\/td><td class=\"column-2\">MODIFICACI\u00d3N DE REGISTRO POR ACLARACI\u00d3N DE ACTA ORDINARIA<\/td><td class=\"column-3\">$233.00<\/td>\n<\/tr>\n<tr class=\"row-3\">\n\t<td class=\"column-1\">3MAAAC008<\/td><td class=\"column-2\"> MODIFICACI\u00d3N DE REGISTRO POR ACLARACI\u00d3N DE ACTA POR USO<\/td><td class=\"column-3\">$1,331.00<\/td>\n<\/tr>\n<tr class=\"row-4\">\n\t<td class=\"column-1\">3MAAAE001 <\/td><td class=\"column-2\"> ANOTACI\u00d3N MARGINAL<\/td><td class=\"column-3\">$152.00<\/td>\n<\/tr>\n<tr class=\"row-5\">\n\t<td class=\"column-1\">3MAAAC001<\/td><td class=\"column-2\">B\u00daSQUEDA DE DATOS POR A\u00d1O<\/td><td class=\"column-3\">$ 40.00<\/td>\n<\/tr>\n<tr class=\"row-6\">\n\t<td class=\"column-1\">3MAAAA003 <\/td><td class=\"column-2\">EXPEDICI\u00d3N DE CONSTANCIA DE INEXISTENCIA DE REGISTRO Y\/O MATRIMONIO<\/td><td class=\"column-3\">$ 353.00<\/td>\n<\/tr>\n<tr class=\"row-7\">\n\t<td class=\"column-1\">3MAAAC002 <\/td><td class=\"column-2\">INSERCI\u00d3N DE ACTOS DEL ESTADO CIVIL, ADQUIRIDOS POR LOS MEXICANOS FUERA DE LA REP\u00daBLICA MEXICANA<\/td><td class=\"column-3\">$1,267.00<\/td>\n<\/tr>\n<tr class=\"row-8\">\n\t<td class=\"column-1\">3MAAAB001 <\/td><td class=\"column-2\">INSCRIPCI\u00d3N DE DIVORCIO <\/td><td class=\"column-3\">$1,648.00<\/td>\n<\/tr>\n<tr class=\"row-9\">\n\t<td class=\"column-1\">3MAAAC009<br \/>\n<\/td><td class=\"column-2\"><br \/>\nCERTIFICACI\u00d3N DE FOTOCOPIAS DE RESOLUCIONES ADMINISTRATIVAS, POR ACLARACIONES DE ACTAS Y\/O AP\u00c9NDICES Y\/O<br \/>\nPOR CADA UNO DE LOS DOCUMENTOS QUE INTEGREN EL AP\u00c9NDICE<\/td><td class=\"column-3\">$ 253.00<\/td>\n<\/tr>\n<tr class=\"row-10\">\n\t<td class=\"column-1\">3MAAAI001<\/td><td class=\"column-2\">EXPEDICI\u00d3N DE CERTIFICADO DE DEUDOR ALIMENTARIO<\/td><td class=\"column-3\">$ 353.00<\/td>\n<\/tr>\n<\/tbody>\n<\/table>\n<!-- #tablepress-tbl-tarifas-tramites-administrativos from cache -->\n\n<table id=\"tablepress-tbl-inscripciones-sentencias-ejecutorias\" class=\"tablepress tablepress-id-tbl-inscripciones-sentencias-ejecutorias\">\n<thead>\n<tr class=\"row-1\">\n\t<th colspan=\"3\" class=\"column-1\">Inscripciones sentencias ejecutoriadas:<\/th>\n<\/tr>\n<\/thead>\n<tbody class=\"row-striping row-hover\">\n<tr class=\"row-2\">\n\t<td class=\"column-1\">3MAAAB001 <br \/>\n<\/td><td class=\"column-2\">INSCRIPCI\u00d3N DE DIVORCIO<\/td><td class=\"column-3\">$1,648.00<br \/>\n<br \/>\n<\/td>\n<\/tr>\n<tr class=\"row-3\">\n\t<td class=\"column-1\">3MAAAB002 <br \/>\n<\/td><td class=\"column-2\">POR INSCRIPCION DE ADOPCION <\/td><td class=\"column-3\">$ 282.00<\/td>\n<\/tr>\n<tr class=\"row-4\">\n\t<td class=\"column-1\">3MAAAB003 <br \/>\n<\/td><td class=\"column-2\">POR INSCRIPCION DE TUTELA<\/td><td class=\"column-3\">$ 282.00<br \/>\n<br \/>\n<\/td>\n<\/tr>\n<tr class=\"row-5\">\n\t<td class=\"column-1\">3MAAAB004<br \/>\n<\/td><td class=\"column-2\"> POR INSCRIPCION DE EMANCIPACION <\/td><td class=\"column-3\">$ 282.00<br \/>\n<\/td>\n<\/tr>\n<tr class=\"row-6\">\n\t<td class=\"column-1\">3MAAAB005 <\/td><td class=\"column-2\"> POR INSCRIPCION DE DECLARACION DE AUSENCIAS<\/td><td class=\"column-3\">$ 282.00<br \/>\n<\/td>\n<\/tr>\n<tr class=\"row-7\">\n\t<td class=\"column-1\">3MAAAB006 <br \/>\n<\/td><td class=\"column-2\">POR INSCRIPCION DE PERDIDAS O LIMITACION DE CAPACIDAD LEGAL PARA ADMINISTRAR BIENES<\/td><td class=\"column-3\">$ 282.00<br \/>\n<br \/>\n<\/td>\n<\/tr>\n<tr class=\"row-8\">\n\t<td class=\"column-1\">3MAAAC005 <br \/>\n<\/td><td class=\"column-2\"> TRADUCCI\u00d3N DE ACTAS GENERADAS EN IDIOMA EXTRANJERO<\/td><td class=\"column-3\">$ 634.00<br \/>\n<br \/>\n<\/td>\n<\/tr>\n<\/tbody>\n<\/table>\n<!-- #tablepress-tbl-inscripciones-sentencias-ejecutorias from cache -->\n\n<table id=\"tablepress-tbl-tarifas-tramites-foraneos\" class=\"tablepress tablepress-id-tbl-tarifas-tramites-foraneos\">\n<thead>\n<tr class=\"row-1\">\n\t<th colspan=\"3\" class=\"column-1\">Tramites For\u00e1neos<\/th>\n<\/tr>\n<\/thead>\n<tbody class=\"row-striping row-hover\">\n<tr class=\"row-2\">\n\t<td class=\"column-1\">3MAAAF001<\/td><td class=\"column-2\">EXPEDICI\u00d3N DE CERTIFICACIONES DE ACTAS DEL ESTADO CIVIL MEDIANTE TR\u00c1MITES FOR\u00c1NEOS<\/td><td class=\"column-3\">186.00<\/td>\n<\/tr>\n<\/tbody>\n<\/table>\n<!-- #tablepress-tbl-tarifas-tramites-foraneos from cache -->\n\n<table id=\"tablepress-tbl-tarifas-tramites-curp\" class=\"tablepress tablepress-id-tbl-tarifas-tramites-curp\">\n<thead>\n<tr class=\"row-1\">\n\t<th class=\"column-1\">Tr\u00e1mite de CURP<\/th><th class=\"column-2\">\u00a0<\/th>\n<\/tr>\n<\/thead>\n<tbody class=\"row-striping row-hover\">\n<tr class=\"row-2\">\n\t<td class=\"column-1\">TR\u00c1MITE DE CURP GRATUITO <\/td><td class=\"column-2\">GRATUITO <\/td>\n<\/tr>\n<\/tbody>\n<\/table>\n<!-- #tablepress-tbl-tarifas-tramites-curp from cache -->\n","protected":false},"excerpt":{"rendered":"","protected":false},"author":1,"featured_media":0,"parent":0,"menu_order":0,"comment_status":"closed","ping_status":"closed","template":"","meta":{"episode_type":"","audio_file":"","podmotor_file_id":"","podmotor_episode_id":"","cover_image":"","cover_image_id":"","duration":"","filesize":"","filesize_raw":"","date_recorded":"","explicit":"","block":"","itunes_episode_number":"","itunes_title":"","itunes_season_number":"","itunes_episode_type":"","footnotes":""},"categories":[],"tags":[],"class_list":["post-120","page","type-page","status-publish","hentry"],"acf":[],"publishpress_future_action":{"enabled":false,"date":"2026-04-23 13:57:43","action":"change-status","newStatus":"draft","terms":[],"taxonomy":"category","extraData":[]},"publishpress_future_workflow_manual_trigger":{"enabledWorkflows":[]},"_links":{"self":[{"href":"https:\/\/www.oaxaca.gob.mx\/civil\/wp-json\/wp\/v2\/pages\/120","targetHints":{"allow":["GET"]}}],"collection":[{"href":"https:\/\/www.oaxaca.gob.mx\/civil\/wp-json\/wp\/v2\/pages"}],"about":[{"href":"https:\/\/www.oaxaca.gob.mx\/civil\/wp-json\/wp\/v2\/types\/page"}],"author":[{"embeddable":true,"href":"https:\/\/www.oaxaca.gob.mx\/civil\/wp-json\/wp\/v2\/users\/1"}],"replies":[{"embeddable":true,"href":"https:\/\/www.oaxaca.gob.mx\/civil\/wp-json\/wp\/v2\/comments?post=120"}],"version-history":[{"count":1,"href":"https:\/\/www.oaxaca.gob.mx\/civil\/wp-json\/wp\/v2\/pages\/120\/revisions"}],"predecessor-version":[{"id":2543,"href":"https:\/\/www.oaxaca.gob.mx\/civil\/wp-json\/wp\/v2\/pages\/120\/revisions\/2543"}],"wp:attachment":[{"href":"https:\/\/www.oaxaca.gob.mx\/civil\/wp-json\/wp\/v2\/media?parent=120"}],"wp:term":[{"taxonomy":"category","embeddable":true,"href":"https:\/\/www.oaxaca.gob.mx\/civil\/wp-json\/wp\/v2\/categories?post=120"},{"taxonomy":"post_tag","embeddable":true,"href":"https:\/\/www.oaxaca.gob.mx\/civil\/wp-json\/wp\/v2\/tags?post=120"}],"curies":[{"name":"wp","href":"https:\/\/api.w.org\/{rel}","templated":true}]}}