{"id":9,"date":"2023-08-10T22:55:13","date_gmt":"2023-08-10T20:55:13","guid":{"rendered":"https:\/\/www.oaxaca.gob.mx\/citybus\/?page_id=9"},"modified":"2024-03-25T18:46:24","modified_gmt":"2024-03-25T17:46:24","slug":"mision-y-vision","status":"publish","type":"page","link":"https:\/\/www.oaxaca.gob.mx\/citybus\/mision-y-vision\/","title":{"rendered":"Misi\u00f3n y Visi\u00f3n"},"content":{"rendered":"<h3>MISI\u00d3N:<\/h3>\n<p class=\"western\" lang=\"en-US\" align=\"justify\"><span style=\"font-family: Montserrat, serif\"><span style=\"font-size: medium\"><span lang=\"es-419\">El Sistema de Transporte Colectivo Metropolitano Citybus Oaxaca tiene por objeto satisfacer la necesidad de un transporte colectivo en la zona metropolitana de la ciudad de Oaxaca con los est\u00e1ndares m\u00e1s altos en calidad eficiencia seguridad sustentabilidad orientado a garantizar que el servicio que se preste satisfaga los requerimientos necesidades de los usuarios adem\u00e1s de la planeaci\u00f3n administraci\u00f3n supervisi\u00f3n y control del sistema de transporte colectivo Metropolitano.<\/span><\/span><\/span><\/p>\n<h3>VISI\u00d3N:<\/h3>\n<p class=\"western\" lang=\"en-US\" align=\"justify\"><span style=\"font-family: Montserrat, serif\"><span style=\"font-size: medium\"><span lang=\"es-419\">Ser un organismo p\u00fablico descentralizado cercano a las personas con una normatividad y una estructura org\u00e1nica que responda a los requerimientos de movilidad de las y los usuarios con un alto compromiso de atenci\u00f3n en la prestaci\u00f3n del servicio p\u00fablico de transporte seguro con comodidad y rapidez.<\/span><\/span><\/span><\/p>\n<h3>OBJETIVO GENERAL:<\/h3>\n<p class=\"western\" lang=\"en-US\" align=\"justify\"><span style=\"font-family: Montserrat, serif\"><span style=\"font-size: medium\"><span lang=\"es-419\">Dise\u00f1ar planear y ejecutar la infraestructura especializada y el equipamiento necesario para el mejoramiento del sistema de transporte colectivo Metropolitano de Oaxaca as\u00ed como las adecuaciones que resulten para su propio funcionamiento garantizando una movilidad segura y eficiente.<\/span><\/span><\/span><\/p>\n<h3>OBJETIVO ESTRAT\u00c9GICO:<\/h3>\n<p class=\"western\" lang=\"en-US\" align=\"justify\"><span style=\"font-family: Montserrat, serif\"><span style=\"font-size: medium\"><span lang=\"es-419\">Planear, organizar, supervisar, operar y controlar el Sistema de Transporte Colectivo Metropolitano Citybus Oaxaca.<\/span><\/span><\/span><\/p>\n","protected":false},"excerpt":{"rendered":"<p>MISI\u00d3N: El Sistema de Transporte Colectivo Metropolitano Citybus Oaxaca tiene por objeto satisfacer la necesidad de un transporte colectivo en la zona metropolitana de la ciudad de Oaxaca con los est\u00e1ndares m\u00e1s altos en calidad eficiencia seguridad sustentabilidad orientado a garantizar que el servicio que se preste satisfaga los requerimientos necesidades de los usuarios adem\u00e1s [&hellip;]<\/p>\n","protected":false},"author":1,"featured_media":0,"parent":0,"menu_order":0,"comment_status":"closed","ping_status":"closed","template":"","meta":{"episode_type":"","audio_file":"","podmotor_file_id":"","podmotor_episode_id":"","cover_image":"","cover_image_id":"","duration":"","filesize":"","filesize_raw":"","date_recorded":"","explicit":"","block":"","itunes_episode_number":"","itunes_title":"","itunes_season_number":"","itunes_episode_type":"","footnotes":""},"categories":[],"tags":[],"class_list":["post-9","page","type-page","status-publish","hentry"],"acf":[],"publishpress_future_action":{"enabled":false,"date":"2026-05-24 03:12:41","action":"change-status","newStatus":"draft","terms":[],"taxonomy":"category","extraData":[]},"publishpress_future_workflow_manual_trigger":{"enabledWorkflows":[]},"_links":{"self":[{"href":"https:\/\/www.oaxaca.gob.mx\/citybus\/wp-json\/wp\/v2\/pages\/9","targetHints":{"allow":["GET"]}}],"collection":[{"href":"https:\/\/www.oaxaca.gob.mx\/citybus\/wp-json\/wp\/v2\/pages"}],"about":[{"href":"https:\/\/www.oaxaca.gob.mx\/citybus\/wp-json\/wp\/v2\/types\/page"}],"author":[{"embeddable":true,"href":"https:\/\/www.oaxaca.gob.mx\/citybus\/wp-json\/wp\/v2\/users\/1"}],"replies":[{"embeddable":true,"href":"https:\/\/www.oaxaca.gob.mx\/citybus\/wp-json\/wp\/v2\/comments?post=9"}],"version-history":[{"count":3,"href":"https:\/\/www.oaxaca.gob.mx\/citybus\/wp-json\/wp\/v2\/pages\/9\/revisions"}],"predecessor-version":[{"id":396,"href":"https:\/\/www.oaxaca.gob.mx\/citybus\/wp-json\/wp\/v2\/pages\/9\/revisions\/396"}],"wp:attachment":[{"href":"https:\/\/www.oaxaca.gob.mx\/citybus\/wp-json\/wp\/v2\/media?parent=9"}],"wp:term":[{"taxonomy":"category","embeddable":true,"href":"https:\/\/www.oaxaca.gob.mx\/citybus\/wp-json\/wp\/v2\/categories?post=9"},{"taxonomy":"post_tag","embeddable":true,"href":"https:\/\/www.oaxaca.gob.mx\/citybus\/wp-json\/wp\/v2\/tags?post=9"}],"curies":[{"name":"wp","href":"https:\/\/api.w.org\/{rel}","templated":true}]}}