{"id":478,"date":"2024-04-26T22:48:57","date_gmt":"2024-04-26T20:48:57","guid":{"rendered":"https:\/\/www.oaxaca.gob.mx\/citybus\/?page_id=478"},"modified":"2024-10-02T23:42:05","modified_gmt":"2024-10-02T21:42:05","slug":"mapas-y-paraderos-rutas-citybus","status":"publish","type":"page","link":"https:\/\/www.oaxaca.gob.mx\/citybus\/mapas-y-paraderos-rutas-citybus\/","title":{"rendered":"Mapas y paraderos rutas CityBus"},"content":{"rendered":"<h3>Aqu\u00ed podr\u00e1s ver los mapas de todas las rutas y paraderos que ofrece CityBus<\/h3>\n<p><img loading=\"lazy\" decoding=\"async\" class=\"aligncenter wp-image-765 size-large\" src=\"https:\/\/www.oaxaca.gob.mx\/citybus\/wp-content\/uploads\/sites\/94\/2024\/09\/Mapa-4-rutas-CB__IDA-891x1024.png\" alt=\"\" width=\"891\" height=\"1024\" srcset=\"https:\/\/www.oaxaca.gob.mx\/citybus\/wp-content\/uploads\/sites\/94\/2024\/09\/Mapa-4-rutas-CB__IDA-891x1024.png 891w, https:\/\/www.oaxaca.gob.mx\/citybus\/wp-content\/uploads\/sites\/94\/2024\/09\/Mapa-4-rutas-CB__IDA-261x300.png 261w, https:\/\/www.oaxaca.gob.mx\/citybus\/wp-content\/uploads\/sites\/94\/2024\/09\/Mapa-4-rutas-CB__IDA-768x883.png 768w, https:\/\/www.oaxaca.gob.mx\/citybus\/wp-content\/uploads\/sites\/94\/2024\/09\/Mapa-4-rutas-CB__IDA-1336x1536.png 1336w, https:\/\/www.oaxaca.gob.mx\/citybus\/wp-content\/uploads\/sites\/94\/2024\/09\/Mapa-4-rutas-CB__IDA-1782x2048.png 1782w\" sizes=\"auto, (max-width: 891px) 100vw, 891px\" \/><\/p>\n<p><img loading=\"lazy\" decoding=\"async\" class=\"aligncenter wp-image-766 size-large\" src=\"https:\/\/www.oaxaca.gob.mx\/citybus\/wp-content\/uploads\/sites\/94\/2024\/09\/Mapa-4-rutas-CB__REGRESO-891x1024.png\" alt=\"\" width=\"891\" height=\"1024\" srcset=\"https:\/\/www.oaxaca.gob.mx\/citybus\/wp-content\/uploads\/sites\/94\/2024\/09\/Mapa-4-rutas-CB__REGRESO-891x1024.png 891w, https:\/\/www.oaxaca.gob.mx\/citybus\/wp-content\/uploads\/sites\/94\/2024\/09\/Mapa-4-rutas-CB__REGRESO-261x300.png 261w, https:\/\/www.oaxaca.gob.mx\/citybus\/wp-content\/uploads\/sites\/94\/2024\/09\/Mapa-4-rutas-CB__REGRESO-768x883.png 768w, https:\/\/www.oaxaca.gob.mx\/citybus\/wp-content\/uploads\/sites\/94\/2024\/09\/Mapa-4-rutas-CB__REGRESO-1336x1536.png 1336w, https:\/\/www.oaxaca.gob.mx\/citybus\/wp-content\/uploads\/sites\/94\/2024\/09\/Mapa-4-rutas-CB__REGRESO-1782x2048.png 1782w\" sizes=\"auto, (max-width: 891px) 100vw, 891px\" \/><\/p>\n<p>&nbsp;<\/p>\n<p>&nbsp;<\/p>\n<p>Tambi\u00e9n puedes descargarlos <a href=\"https:\/\/www.oaxaca.gob.mx\/citybus\/wp-content\/uploads\/sites\/94\/2024\/09\/Mapa-4-rutas-CB_.pdf\" target=\"_blank\" rel=\"noopener\">desde aqu\u00ed<\/a>.<\/p>\n","protected":false},"excerpt":{"rendered":"<p>Aqu\u00ed podr\u00e1s ver los mapas de todas las rutas y paraderos que ofrece CityBus &nbsp; &nbsp; Tambi\u00e9n puedes descargarlos desde aqu\u00ed.<\/p>\n","protected":false},"author":115,"featured_media":439,"parent":0,"menu_order":0,"comment_status":"closed","ping_status":"closed","template":"plantillas\/template-detalle-tramite_old.php","meta":{"episode_type":"","audio_file":"","podmotor_file_id":"","podmotor_episode_id":"","cover_image":"","cover_image_id":"","duration":"","filesize":"","filesize_raw":"","date_recorded":"","explicit":"","block":"","itunes_episode_number":"","itunes_title":"","itunes_season_number":"","itunes_episode_type":"","footnotes":""},"categories":[20],"tags":[],"class_list":["post-478","page","type-page","status-publish","has-post-thumbnail","hentry","category-servicios"],"acf":[],"publishpress_future_action":{"enabled":false,"date":"2026-05-22 18:19:52","action":"change-status","newStatus":"draft","terms":[],"taxonomy":"category","extraData":[]},"publishpress_future_workflow_manual_trigger":{"enabledWorkflows":[]},"_links":{"self":[{"href":"https:\/\/www.oaxaca.gob.mx\/citybus\/wp-json\/wp\/v2\/pages\/478","targetHints":{"allow":["GET"]}}],"collection":[{"href":"https:\/\/www.oaxaca.gob.mx\/citybus\/wp-json\/wp\/v2\/pages"}],"about":[{"href":"https:\/\/www.oaxaca.gob.mx\/citybus\/wp-json\/wp\/v2\/types\/page"}],"author":[{"embeddable":true,"href":"https:\/\/www.oaxaca.gob.mx\/citybus\/wp-json\/wp\/v2\/users\/115"}],"replies":[{"embeddable":true,"href":"https:\/\/www.oaxaca.gob.mx\/citybus\/wp-json\/wp\/v2\/comments?post=478"}],"version-history":[{"count":2,"href":"https:\/\/www.oaxaca.gob.mx\/citybus\/wp-json\/wp\/v2\/pages\/478\/revisions"}],"predecessor-version":[{"id":768,"href":"https:\/\/www.oaxaca.gob.mx\/citybus\/wp-json\/wp\/v2\/pages\/478\/revisions\/768"}],"wp:featuredmedia":[{"embeddable":true,"href":"https:\/\/www.oaxaca.gob.mx\/citybus\/wp-json\/wp\/v2\/media\/439"}],"wp:attachment":[{"href":"https:\/\/www.oaxaca.gob.mx\/citybus\/wp-json\/wp\/v2\/media?parent=478"}],"wp:term":[{"taxonomy":"category","embeddable":true,"href":"https:\/\/www.oaxaca.gob.mx\/citybus\/wp-json\/wp\/v2\/categories?post=478"},{"taxonomy":"post_tag","embeddable":true,"href":"https:\/\/www.oaxaca.gob.mx\/citybus\/wp-json\/wp\/v2\/tags?post=478"}],"curies":[{"name":"wp","href":"https:\/\/api.w.org\/{rel}","templated":true}]}}