{"id":34,"date":"2023-08-10T23:14:42","date_gmt":"2023-08-10T21:14:42","guid":{"rendered":"https:\/\/www.oaxaca.gob.mx\/citybus\/?page_id=34"},"modified":"2023-08-15T23:12:09","modified_gmt":"2023-08-15T21:12:09","slug":"noticias","status":"publish","type":"page","link":"https:\/\/www.oaxaca.gob.mx\/citybus\/noticias\/","title":{"rendered":"Noticias"},"content":{"rendered":"\r\n<section class=\"section\">\r\n  <div class=\"container-md\">\r\n    <div class=\"row\">\r\n      <div class=\"col-md-8\">\r\n                <div class=\"row\">\r\n          \r\n          <!-- \/*\r\n          $paged = ( get_query_var('paged') ) ? absint(get_query_var('paged')) : 1;\r\n          \/\/$query = new WP_Query( array( 'post_type' =>  'post', 'category_name' => 'noticias', 'posts_per_page' => 10 , 'paged' => $paged ) );\r\n          $query = new WP_Query( array( 'post_type' =>  'post', 'post_status' => 'publish', 'posts_per_page' => 10 , 'paged' => $paged ) );\r\n          if ( $query->have_posts() ) :\r\n            while ( $query->have_posts() ) : $query->the_post(); *\/ \r\n          ?> -->\r\n            <div class=\"card border-0 mb-3\" style=\"width: 100%;\">\r\n              <div class=\"row g-0\">\r\n                <div class=\"col-md-4\">\r\n                                      <img decoding=\"async\" src=\"https:\/\/www.oaxaca.gob.mx\/citybus\/wp-content\/uploads\/sites\/94\/2026\/03\/ra12.png\" class=\"img-fluid\" style=\"width:300px; height:200px;\" alt=\"Inaugura BinniBus nueva ruta: RA12 \u201cNajm\u00e9\u201d colonia La Soledad \u2013 Primera Etapa\">\r\n                                  <\/div>\r\n                <div class=\"col-md-8\">\r\n                  <div class=\"card-body py-1\">\r\n                    <a href=\"https:\/\/www.oaxaca.gob.mx\/citybus\/inaugura-binnibus-nueva-ruta-ra12-najme-colonia-la-soledad-primera-etapa\/\" title=\"Inaugura BinniBus nueva ruta: RA12 \u201cNajm\u00e9\u201d colonia La Soledad \u2013 Primera Etapa\">\r\n                      <h5 class=\"card-title\">Inaugura BinniBus nueva ruta: RA12 \u201cNajm\u00e9\u201d colonia La Soledad \u2013 Primera Etapa<\/h5>\r\n                    <\/a>\r\n                    <p class=\"card-text\"><p>Oaxaca de Ju\u00e1rez, Oax. 16 de marzo de 2026.-\u00a0El Gobierno del Estado a trav\u00e9s del Sistema de Transporte Colectivo Metropolitano BinniBus incorpor\u00f3 la nueva ruta RA12 colonia La Soledad \u2013 Primera Etapa, denominada \u201cNajm\u00e9\u201d, que en mazateco de Huautla de Jim\u00e9nez significa \u00abMa\u00edz\u00bb. La directora del sistema, Karina G\u00f3mez Esteban inform\u00f3 que este nuevo trayecto [&hellip;]<\/p>\n<\/p>\r\n                  <\/div>\r\n                <\/div>\r\n              <\/div>\r\n            <\/div>\r\n            \r\n          <!-- \/*\r\n          $paged = ( get_query_var('paged') ) ? absint(get_query_var('paged')) : 1;\r\n          \/\/$query = new WP_Query( array( 'post_type' =>  'post', 'category_name' => 'noticias', 'posts_per_page' => 10 , 'paged' => $paged ) );\r\n          $query = new WP_Query( array( 'post_type' =>  'post', 'post_status' => 'publish', 'posts_per_page' => 10 , 'paged' => $paged ) );\r\n          if ( $query->have_posts() ) :\r\n            while ( $query->have_posts() ) : $query->the_post(); *\/ \r\n          ?> -->\r\n            <div class=\"card border-0 mb-3\" style=\"width: 100%;\">\r\n              <div class=\"row g-0\">\r\n                <div class=\"col-md-4\">\r\n                                      <img decoding=\"async\" src=\"https:\/\/www.oaxaca.gob.mx\/citybus\/wp-content\/uploads\/sites\/94\/2026\/03\/rc01.png\" class=\"img-fluid\" style=\"width:300px; height:200px;\" alt=\"BinniBus pone en operaci\u00f3n nueva ruta en colonia \u201cLa Joya\u201d con agencia Donaj\u00ed\">\r\n                                  <\/div>\r\n                <div class=\"col-md-8\">\r\n                  <div class=\"card-body py-1\">\r\n                    <a href=\"https:\/\/www.oaxaca.gob.mx\/citybus\/binnibus-pone-en-operacion-nueva-ruta-en-colonia-la-joya-con-agencia-donaji\/\" title=\"BinniBus pone en operaci\u00f3n nueva ruta en colonia \u201cLa Joya\u201d con agencia Donaj\u00ed\">\r\n                      <h5 class=\"card-title\">BinniBus pone en operaci\u00f3n nueva ruta en colonia \u201cLa Joya\u201d con agencia Donaj\u00ed<\/h5>\r\n                    <\/a>\r\n                    <p class=\"card-text\"><p>Oaxaca de Ju\u00e1rez, Oax. 10 de marzo de 2026.\u00a0El Gobierno del Estado a trav\u00e9s del Sistema de Transporte Colectivo Metropolitano BinniBus puso en marcha la nueva Ruta RC01 Pueblo Nuevo \u201cLa Joya\u201d hacia la agencia de Donaj\u00ed, denominada \u201cDugue\u201d, que en la lengua triqui de San Andr\u00e9s Chicahuaxtla significa Joya. La titular de la dependencia [&hellip;]<\/p>\n<\/p>\r\n                  <\/div>\r\n                <\/div>\r\n              <\/div>\r\n            <\/div>\r\n            \r\n          <!-- \/*\r\n          $paged = ( get_query_var('paged') ) ? absint(get_query_var('paged')) : 1;\r\n          \/\/$query = new WP_Query( array( 'post_type' =>  'post', 'category_name' => 'noticias', 'posts_per_page' => 10 , 'paged' => $paged ) );\r\n          $query = new WP_Query( array( 'post_type' =>  'post', 'post_status' => 'publish', 'posts_per_page' => 10 , 'paged' => $paged ) );\r\n          if ( $query->have_posts() ) :\r\n            while ( $query->have_posts() ) : $query->the_post(); *\/ \r\n          ?> -->\r\n            <div class=\"card border-0 mb-3\" style=\"width: 100%;\">\r\n              <div class=\"row g-0\">\r\n                <div class=\"col-md-4\">\r\n                                      <img decoding=\"async\" src=\"https:\/\/www.oaxaca.gob.mx\/citybus\/wp-content\/uploads\/sites\/94\/2026\/03\/ra08.png\" class=\"img-fluid\" style=\"width:300px; height:200px;\" alt=\"BinniBus abre nueva ruta RA08 \u201cKOO\u201d colonia Sat\u00e9lite \u2013 agencia Donaj\u00ed\">\r\n                                  <\/div>\r\n                <div class=\"col-md-8\">\r\n                  <div class=\"card-body py-1\">\r\n                    <a href=\"https:\/\/www.oaxaca.gob.mx\/citybus\/binnibus-abre-nueva-ruta-ra08-koo-colonia-satelite-agencia-donaji\/\" title=\"BinniBus abre nueva ruta RA08 \u201cKOO\u201d colonia Sat\u00e9lite \u2013 agencia Donaj\u00ed\">\r\n                      <h5 class=\"card-title\">BinniBus abre nueva ruta RA08 \u201cKOO\u201d colonia Sat\u00e9lite \u2013 agencia Donaj\u00ed<\/h5>\r\n                    <\/a>\r\n                    <p class=\"card-text\"><p>Oaxaca de Ju\u00e1rez, Oax. 7 de marzo de 2026.-\u00a0El Gobierno del Estado, a trav\u00e9s del Sistema de Transporte Colectivo Metropolitano BinniBus Oaxaca implementa este d\u00eda la nueva ruta RA08 \u201cKOO\u201d que significa \u201cLuna\u201d en chatino de Santos Reyes Nopala, la cual beneficiar\u00e1 a m\u00e1s de mil 400 personas usuarias. La directora del BinniBus, Karina G\u00f3mez [&hellip;]<\/p>\n<\/p>\r\n                  <\/div>\r\n                <\/div>\r\n              <\/div>\r\n            <\/div>\r\n            \r\n          <!-- \/*\r\n          $paged = ( get_query_var('paged') ) ? absint(get_query_var('paged')) : 1;\r\n          \/\/$query = new WP_Query( array( 'post_type' =>  'post', 'category_name' => 'noticias', 'posts_per_page' => 10 , 'paged' => $paged ) );\r\n          $query = new WP_Query( array( 'post_type' =>  'post', 'post_status' => 'publish', 'posts_per_page' => 10 , 'paged' => $paged ) );\r\n          if ( $query->have_posts() ) :\r\n            while ( $query->have_posts() ) : $query->the_post(); *\/ \r\n          ?> -->\r\n            <div class=\"card border-0 mb-3\" style=\"width: 100%;\">\r\n              <div class=\"row g-0\">\r\n                <div class=\"col-md-4\">\r\n                                      <img decoding=\"async\" src=\"https:\/\/www.oaxaca.gob.mx\/citybus\/wp-content\/uploads\/sites\/94\/2026\/03\/rc13p.jpg\" class=\"img-fluid\" style=\"width:300px; height:200px;\" alt=\"El Gobernador Salom\u00f3n Jara da banderazo de inicio nueva ruta RC-13 \u201cYuku Tay\u201d del BinniBus en Oaxaca\">\r\n                                  <\/div>\r\n                <div class=\"col-md-8\">\r\n                  <div class=\"card-body py-1\">\r\n                    <a href=\"https:\/\/www.oaxaca.gob.mx\/citybus\/el-gobernador-salomon-jara-da-banderazo-de-inicio-nueva-ruta-rc-13-yuku-tay-del-binnibus-en-oaxaca\/\" title=\"El Gobernador Salom\u00f3n Jara da banderazo de inicio nueva ruta RC-13 \u201cYuku Tay\u201d del BinniBus en Oaxaca\">\r\n                      <h5 class=\"card-title\">El Gobernador Salom\u00f3n Jara da banderazo de inicio nueva ruta RC-13 \u201cYuku Tay\u201d del BinniBus en Oaxaca<\/h5>\r\n                    <\/a>\r\n                    <p class=\"card-text\"><p>Santa Cruz Xoxocotl\u00e1n, Oax., 28 de febrero de 2026.-\u00a0El Gobernador Salom\u00f3n Jara Cruz dio el banderazo de inicio de la nueva ruta del Sistema de Transporte Colectivo Metropolitano BinniBus RC-13 \u201cYuku Tay\u201d, que enlaza al Hospital Presidente Ju\u00e1rez del Instituto de Seguridad y Servicios Sociales de los Trabajadores del Estado (ISSSTE) con el Centro de [&hellip;]<\/p>\n<\/p>\r\n                  <\/div>\r\n                <\/div>\r\n              <\/div>\r\n            <\/div>\r\n            \r\n          <!-- \/*\r\n          $paged = ( get_query_var('paged') ) ? absint(get_query_var('paged')) : 1;\r\n          \/\/$query = new WP_Query( array( 'post_type' =>  'post', 'category_name' => 'noticias', 'posts_per_page' => 10 , 'paged' => $paged ) );\r\n          $query = new WP_Query( array( 'post_type' =>  'post', 'post_status' => 'publish', 'posts_per_page' => 10 , 'paged' => $paged ) );\r\n          if ( $query->have_posts() ) :\r\n            while ( $query->have_posts() ) : $query->the_post(); *\/ \r\n          ?> -->\r\n            <div class=\"card border-0 mb-3\" style=\"width: 100%;\">\r\n              <div class=\"row g-0\">\r\n                <div class=\"col-md-4\">\r\n                                      <img decoding=\"async\" src=\"https:\/\/www.oaxaca.gob.mx\/citybus\/wp-content\/uploads\/sites\/94\/2026\/03\/ra13p.jpg\" class=\"img-fluid\" style=\"width:300px; height:200px;\" alt=\"Abre nueva Ruta BinniBus: RA-13 \u201cWaxin\u201d Parque del Amor-San Luis Beltr\u00e1n\">\r\n                                  <\/div>\r\n                <div class=\"col-md-8\">\r\n                  <div class=\"card-body py-1\">\r\n                    <a href=\"https:\/\/www.oaxaca.gob.mx\/citybus\/abre-nueva-ruta-binnibus-ra-13-waxin-parque-del-amor-san-luis-beltran\/\" title=\"Abre nueva Ruta BinniBus: RA-13 \u201cWaxin\u201d Parque del Amor-San Luis Beltr\u00e1n\">\r\n                      <h5 class=\"card-title\">Abre nueva Ruta BinniBus: RA-13 \u201cWaxin\u201d Parque del Amor-San Luis Beltr\u00e1n<\/h5>\r\n                    <\/a>\r\n                    <p class=\"card-text\"><p>Oaxaca de Ju\u00e1rez, Oax. 26 de febrero de 2026.-\u00a0A fin de ampliar las opciones de movilidad en la Zona Metropolitana de Oaxaca, el Gobierno del Estado a trav\u00e9s del Sistema de Transporte Colectivo Metropolitano BinniBus, puso en marcha este jueves la ruta RA-13 \u201cWaxin\u201d, cuyo nombre significa \u201cguaje\u201d en lengua n\u00e1huatl de Santa Mar\u00eda Teopoxco. [&hellip;]<\/p>\n<\/p>\r\n                  <\/div>\r\n                <\/div>\r\n              <\/div>\r\n            <\/div>\r\n            \r\n          <!-- \/*\r\n          $paged = ( get_query_var('paged') ) ? absint(get_query_var('paged')) : 1;\r\n          \/\/$query = new WP_Query( array( 'post_type' =>  'post', 'category_name' => 'noticias', 'posts_per_page' => 10 , 'paged' => $paged ) );\r\n          $query = new WP_Query( array( 'post_type' =>  'post', 'post_status' => 'publish', 'posts_per_page' => 10 , 'paged' => $paged ) );\r\n          if ( $query->have_posts() ) :\r\n            while ( $query->have_posts() ) : $query->the_post(); *\/ \r\n          ?> -->\r\n            <div class=\"card border-0 mb-3\" style=\"width: 100%;\">\r\n              <div class=\"row g-0\">\r\n                <div class=\"col-md-4\">\r\n                                      <img decoding=\"async\" src=\"https:\/\/www.oaxaca.gob.mx\/citybus\/wp-content\/uploads\/sites\/94\/2026\/02\/BINNIBUS-RUTA-RA-02_a-scaled.png\" class=\"img-fluid\" style=\"width:300px; height:200px;\" alt=\"Gobierno de Oaxaca fortalece el BinniBus con 15 nuevos recorridos y ampliaci\u00f3n de rutas estrat\u00e9gicas\">\r\n                                  <\/div>\r\n                <div class=\"col-md-8\">\r\n                  <div class=\"card-body py-1\">\r\n                    <a href=\"https:\/\/www.oaxaca.gob.mx\/citybus\/gobierno-de-oaxaca-fortalece-el-binnibus-con-15-nuevos-recorridos-y-ampliacion-de-rutas-estrategicas\/\" title=\"Gobierno de Oaxaca fortalece el BinniBus con 15 nuevos recorridos y ampliaci\u00f3n de rutas estrat\u00e9gicas\">\r\n                      <h5 class=\"card-title\">Gobierno de Oaxaca fortalece el BinniBus con 15 nuevos recorridos y ampliaci\u00f3n de rutas estrat\u00e9gicas<\/h5>\r\n                    <\/a>\r\n                    <p class=\"card-text\"><p>Oaxaca de Ju\u00e1rez, Oax. 23 de febrero de 2026.- Con el prop\u00f3sito de fortalecer la movilidad y atender la creciente demanda de las personas usuarias, el gobernador Salom\u00f3n Jara Cruz dio a conocer la puesta en marcha de 15 nuevos recorridos del Sistema de Transporte Colectivo Metropolitano BinniBus Oaxaca, as\u00ed como el inicio de operaciones [&hellip;]<\/p>\n<\/p>\r\n                  <\/div>\r\n                <\/div>\r\n              <\/div>\r\n            <\/div>\r\n            \r\n          <!-- \/*\r\n          $paged = ( get_query_var('paged') ) ? absint(get_query_var('paged')) : 1;\r\n          \/\/$query = new WP_Query( array( 'post_type' =>  'post', 'category_name' => 'noticias', 'posts_per_page' => 10 , 'paged' => $paged ) );\r\n          $query = new WP_Query( array( 'post_type' =>  'post', 'post_status' => 'publish', 'posts_per_page' => 10 , 'paged' => $paged ) );\r\n          if ( $query->have_posts() ) :\r\n            while ( $query->have_posts() ) : $query->the_post(); *\/ \r\n          ?> -->\r\n            <div class=\"card border-0 mb-3\" style=\"width: 100%;\">\r\n              <div class=\"row g-0\">\r\n                <div class=\"col-md-4\">\r\n                                      <img decoding=\"async\" src=\"https:\/\/www.oaxaca.gob.mx\/citybus\/wp-content\/uploads\/sites\/94\/2026\/02\/binnibus_.png\" class=\"img-fluid\" style=\"width:300px; height:200px;\" alt=\"BinniBus estrena nueva ruta para movilizar a m\u00e1s oaxaque\u00f1as y oaxaque\u00f1os\">\r\n                                  <\/div>\r\n                <div class=\"col-md-8\">\r\n                  <div class=\"card-body py-1\">\r\n                    <a href=\"https:\/\/www.oaxaca.gob.mx\/citybus\/binnibus-estrena-nueva-ruta-para-movilizar-a-mas-oaxaquenas-y-oaxaquenos\/\" title=\"BinniBus estrena nueva ruta para movilizar a m\u00e1s oaxaque\u00f1as y oaxaque\u00f1os\">\r\n                      <h5 class=\"card-title\">BinniBus estrena nueva ruta para movilizar a m\u00e1s oaxaque\u00f1as y oaxaque\u00f1os<\/h5>\r\n                    <\/a>\r\n                    <p class=\"card-text\"><p>Oaxaca de Ju\u00e1rez, Oax., 17 de febrero de 2026.\u2013 El Sistema de Transporte Colectivo Metropolitano BinniBus Oaxaca inici\u00f3 operaciones de la nueva ruta RC08 \u201cRuja\u201d, vocablo que significa Diablo en lengua afro de la variante de La Llanada. Con esta incorporaci\u00f3n, el sistema suma 19 rutas activas que fortalecen la conectividad y movilidad en la [&hellip;]<\/p>\n<\/p>\r\n                  <\/div>\r\n                <\/div>\r\n              <\/div>\r\n            <\/div>\r\n            \r\n          <!-- \/*\r\n          $paged = ( get_query_var('paged') ) ? absint(get_query_var('paged')) : 1;\r\n          \/\/$query = new WP_Query( array( 'post_type' =>  'post', 'category_name' => 'noticias', 'posts_per_page' => 10 , 'paged' => $paged ) );\r\n          $query = new WP_Query( array( 'post_type' =>  'post', 'post_status' => 'publish', 'posts_per_page' => 10 , 'paged' => $paged ) );\r\n          if ( $query->have_posts() ) :\r\n            while ( $query->have_posts() ) : $query->the_post(); *\/ \r\n          ?> -->\r\n            <div class=\"card border-0 mb-3\" style=\"width: 100%;\">\r\n              <div class=\"row g-0\">\r\n                <div class=\"col-md-4\">\r\n                                      <img decoding=\"async\" src=\"https:\/\/www.oaxaca.gob.mx\/citybus\/wp-content\/uploads\/sites\/94\/2026\/02\/02FEB26-BINNIBUS-RUTAS-2-1024x682-1.jpeg\" class=\"img-fluid\" style=\"width:300px; height:200px;\" alt=\"Traslada BinniBus a m\u00e1s de 1 mill\u00f3n 164 mil personas usuarias durante enero 2026\">\r\n                                  <\/div>\r\n                <div class=\"col-md-8\">\r\n                  <div class=\"card-body py-1\">\r\n                    <a href=\"https:\/\/www.oaxaca.gob.mx\/citybus\/traslada-binnibus-a-mas-de-1-millon-164-mil-personas-usuarias-durante-enero-2026\/\" title=\"Traslada BinniBus a m\u00e1s de 1 mill\u00f3n 164 mil personas usuarias durante enero 2026\">\r\n                      <h5 class=\"card-title\">Traslada BinniBus a m\u00e1s de 1 mill\u00f3n 164 mil personas usuarias durante enero 2026<\/h5>\r\n                    <\/a>\r\n                    <p class=\"card-text\"><p>Oaxaca de Ju\u00e1rez, Oax. 2 de febrero de 2026.-\u00a0El Sistema de Transporte Colectivo Metropolitano BinniBus Oaxaca inform\u00f3 que en el mes de enero oper\u00f3 15 rutas, con un total de 122 unidades, logrando trasladar a 1 mill\u00f3n 164 mil 961 personas usuarias, lo que representa un promedio diario superior de 37 mil. La directora general [&hellip;]<\/p>\n<\/p>\r\n                  <\/div>\r\n                <\/div>\r\n              <\/div>\r\n            <\/div>\r\n            \r\n          <!-- \/*\r\n          $paged = ( get_query_var('paged') ) ? absint(get_query_var('paged')) : 1;\r\n          \/\/$query = new WP_Query( array( 'post_type' =>  'post', 'category_name' => 'noticias', 'posts_per_page' => 10 , 'paged' => $paged ) );\r\n          $query = new WP_Query( array( 'post_type' =>  'post', 'post_status' => 'publish', 'posts_per_page' => 10 , 'paged' => $paged ) );\r\n          if ( $query->have_posts() ) :\r\n            while ( $query->have_posts() ) : $query->the_post(); *\/ \r\n          ?> -->\r\n            <div class=\"card border-0 mb-3\" style=\"width: 100%;\">\r\n              <div class=\"row g-0\">\r\n                <div class=\"col-md-4\">\r\n                                      <img decoding=\"async\" src=\"https:\/\/www.oaxaca.gob.mx\/citybus\/wp-content\/uploads\/sites\/94\/2026\/02\/549133520_1268093095345563_1795620225021978605_n.jpg\" class=\"img-fluid\" style=\"width:300px; height:200px;\" alt=\"BinniBus inaugura tres rutas m\u00e1s para beneficiar a m\u00e1s oaxaque\u00f1os\">\r\n                                  <\/div>\r\n                <div class=\"col-md-8\">\r\n                  <div class=\"card-body py-1\">\r\n                    <a href=\"https:\/\/www.oaxaca.gob.mx\/citybus\/binnibus-inaugura-tres-rutas-mas-para-beneficiar-a-mas-oaxaquenos\/\" title=\"BinniBus inaugura tres rutas m\u00e1s para beneficiar a m\u00e1s oaxaque\u00f1os\">\r\n                      <h5 class=\"card-title\">BinniBus inaugura tres rutas m\u00e1s para beneficiar a m\u00e1s oaxaque\u00f1os<\/h5>\r\n                    <\/a>\r\n                    <p class=\"card-text\"><p>Oaxaca de Ju\u00e1rez, Oax. 1 de febrero de 2026.-\u00a0El Gobierno del Estado, a trav\u00e9s del Sistema de Transporte Colectivo Metropolitano BinniBus Oaxaca, puso en operaci\u00f3n este domingo tres nuevas rutas, con lo que suma un total de 18 en funcionamiento. Esta ampliaci\u00f3n fortalece la movilidad urbana y garantiza un servicio p\u00fablico m\u00e1s eficiente, accesible y [&hellip;]<\/p>\n<\/p>\r\n                  <\/div>\r\n                <\/div>\r\n              <\/div>\r\n            <\/div>\r\n            \r\n          <!-- \/*\r\n          $paged = ( get_query_var('paged') ) ? absint(get_query_var('paged')) : 1;\r\n          \/\/$query = new WP_Query( array( 'post_type' =>  'post', 'category_name' => 'noticias', 'posts_per_page' => 10 , 'paged' => $paged ) );\r\n          $query = new WP_Query( array( 'post_type' =>  'post', 'post_status' => 'publish', 'posts_per_page' => 10 , 'paged' => $paged ) );\r\n          if ( $query->have_posts() ) :\r\n            while ( $query->have_posts() ) : $query->the_post(); *\/ \r\n          ?> -->\r\n            <div class=\"card border-0 mb-3\" style=\"width: 100%;\">\r\n              <div class=\"row g-0\">\r\n                <div class=\"col-md-4\">\r\n                                      <img decoding=\"async\" src=\"https:\/\/www.oaxaca.gob.mx\/citybus\/wp-content\/uploads\/sites\/94\/2025\/12\/app_binnibus.jpg\" class=\"img-fluid\" style=\"width:300px; height:200px;\" alt=\"BinniBus lanza su aplicaci\u00f3n m\u00f3vil para conocer paradas, rutas y hacer pagos electr\u00f3nicos\">\r\n                                  <\/div>\r\n                <div class=\"col-md-8\">\r\n                  <div class=\"card-body py-1\">\r\n                    <a href=\"https:\/\/www.oaxaca.gob.mx\/citybus\/binnibus-lanza-su-aplicacion-movil-para-conocer-paradas-rutas-y-hacer-pagos-electronicos\/\" title=\"BinniBus lanza su aplicaci\u00f3n m\u00f3vil para conocer paradas, rutas y hacer pagos electr\u00f3nicos\">\r\n                      <h5 class=\"card-title\">BinniBus lanza su aplicaci\u00f3n m\u00f3vil para conocer paradas, rutas y hacer pagos electr\u00f3nicos<\/h5>\r\n                    <\/a>\r\n                    <p class=\"card-text\"><p>Oaxaca de Ju\u00e1rez, Oax. 16 de diciembre de 2025.- Como resultado de la buena aceptaci\u00f3n ciudadana del Sistema de Transporte Colectivo Metrop\u00f3litano BinniBus, el Gobierno del Estado de Oaxaca present\u00f3 la aplicaci\u00f3n m\u00f3vil BinniBus, una herramienta digital gratuita que permitir\u00e1 a las personas usuarias consultar rutas, paradas y tiempos de llegada en tiempo real, as\u00ed [&hellip;]<\/p>\n<\/p>\r\n                  <\/div>\r\n                <\/div>\r\n              <\/div>\r\n            <\/div>\r\n            \r\n\r\n            <!--<div class=\"row\">\r\n              <div class=\"col-md-6 text-left\"><h5><\/h5><\/div>\r\n              <div class=\"col-md-6 text-right\"><h5><\/h5><\/div>\r\n            <\/div>-->\r\n            <div class=\"row\">\r\n              <div class=\"col-md-6 text-left\">\r\n                <h5><a href=\"https:\/\/www.oaxaca.gob.mx\/citybus\/wp-json\/wp\/v2\/pages\/34\/page\/2\/\" >Noticias anteriores<\/a><\/h5>\r\n              <\/div>\r\n              <div class=\"col-md-6 text-right\">\r\n                <h5><\/h5>\r\n              <\/div>\r\n            <\/div>\r\n                  <\/div>\r\n      <\/div>\r\n    <\/div>\r\n  <\/div>\r\n<\/section>\r\n\r\n\r\n\n","protected":false},"excerpt":{"rendered":"","protected":false},"author":1,"featured_media":0,"parent":0,"menu_order":0,"comment_status":"closed","ping_status":"closed","template":"","meta":{"episode_type":"","audio_file":"","podmotor_file_id":"","podmotor_episode_id":"","cover_image":"","cover_image_id":"","duration":"","filesize":"","filesize_raw":"","date_recorded":"","explicit":"","block":"","itunes_episode_number":"","itunes_title":"","itunes_season_number":"","itunes_episode_type":"","footnotes":""},"categories":[],"tags":[],"class_list":["post-34","page","type-page","status-publish","hentry"],"acf":[],"publishpress_future_action":{"enabled":false,"date":"2026-04-20 18:35:35","action":"change-status","newStatus":"draft","terms":[],"taxonomy":"category","extraData":[]},"publishpress_future_workflow_manual_trigger":{"enabledWorkflows":[]},"_links":{"self":[{"href":"https:\/\/www.oaxaca.gob.mx\/citybus\/wp-json\/wp\/v2\/pages\/34","targetHints":{"allow":["GET"]}}],"collection":[{"href":"https:\/\/www.oaxaca.gob.mx\/citybus\/wp-json\/wp\/v2\/pages"}],"about":[{"href":"https:\/\/www.oaxaca.gob.mx\/citybus\/wp-json\/wp\/v2\/types\/page"}],"author":[{"embeddable":true,"href":"https:\/\/www.oaxaca.gob.mx\/citybus\/wp-json\/wp\/v2\/users\/1"}],"replies":[{"embeddable":true,"href":"https:\/\/www.oaxaca.gob.mx\/citybus\/wp-json\/wp\/v2\/comments?post=34"}],"version-history":[{"count":3,"href":"https:\/\/www.oaxaca.gob.mx\/citybus\/wp-json\/wp\/v2\/pages\/34\/revisions"}],"predecessor-version":[{"id":104,"href":"https:\/\/www.oaxaca.gob.mx\/citybus\/wp-json\/wp\/v2\/pages\/34\/revisions\/104"}],"wp:attachment":[{"href":"https:\/\/www.oaxaca.gob.mx\/citybus\/wp-json\/wp\/v2\/media?parent=34"}],"wp:term":[{"taxonomy":"category","embeddable":true,"href":"https:\/\/www.oaxaca.gob.mx\/citybus\/wp-json\/wp\/v2\/categories?post=34"},{"taxonomy":"post_tag","embeddable":true,"href":"https:\/\/www.oaxaca.gob.mx\/citybus\/wp-json\/wp\/v2\/tags?post=34"}],"curies":[{"name":"wp","href":"https:\/\/api.w.org\/{rel}","templated":true}]}}