{"id":1282,"date":"2025-06-05T23:38:53","date_gmt":"2025-06-05T21:38:53","guid":{"rendered":"https:\/\/www.oaxaca.gob.mx\/citybus\/?page_id=1282"},"modified":"2025-07-10T19:54:11","modified_gmt":"2025-07-10T17:54:11","slug":"rutas-guelaguetza-2025","status":"publish","type":"page","link":"https:\/\/www.oaxaca.gob.mx\/citybus\/rutas-guelaguetza-2025\/","title":{"rendered":"Rutas Guelaguetza 2025"},"content":{"rendered":"<p>&nbsp;<\/p>\n<p><img loading=\"lazy\" decoding=\"async\" class=\"aligncenter wp-image-1381 size-full\" src=\"https:\/\/www.oaxaca.gob.mx\/citybus\/wp-content\/uploads\/sites\/94\/2025\/07\/rutas_guelaguetza2025_.jpg\" alt=\"\" width=\"1920\" height=\"1080\" srcset=\"https:\/\/www.oaxaca.gob.mx\/citybus\/wp-content\/uploads\/sites\/94\/2025\/07\/rutas_guelaguetza2025_.jpg 1920w, https:\/\/www.oaxaca.gob.mx\/citybus\/wp-content\/uploads\/sites\/94\/2025\/07\/rutas_guelaguetza2025_-300x169.jpg 300w, https:\/\/www.oaxaca.gob.mx\/citybus\/wp-content\/uploads\/sites\/94\/2025\/07\/rutas_guelaguetza2025_-1024x576.jpg 1024w, https:\/\/www.oaxaca.gob.mx\/citybus\/wp-content\/uploads\/sites\/94\/2025\/07\/rutas_guelaguetza2025_-768x432.jpg 768w, https:\/\/www.oaxaca.gob.mx\/citybus\/wp-content\/uploads\/sites\/94\/2025\/07\/rutas_guelaguetza2025_-1536x864.jpg 1536w\" sizes=\"auto, (max-width: 1920px) 100vw, 1920px\" \/><\/p>\n<h4 style=\"text-align: justify\">El Sistema de Transporte Colectivo Metropolitano CityBus Oaxaca en coordinaci\u00f3n con la Secretar\u00eda de Movilidad, te presenta las rutas oficiales que estar\u00e1 ofreciendo durante las fiestas de la Guelaguetza 2025. \u00a1Nos vemos en el BinniBus!<\/h4>\n<h3 style=\"text-align: center\">Rutas BinniBus Guelaguetza &#8211; Mapa Interactivo<\/h3>\n<p><iframe loading=\"lazy\" src=\"https:\/\/www.google.com\/maps\/d\/u\/0\/embed?mid=1iMDqejVv1_-nOJ2LgTAhUVuda6gGB1k&amp;ehbc=2E312F&amp;noprof=1\" width=\"100%\" height=\"800\"><\/iframe><\/p>\n<h3 style=\"text-align: center\">Rutas BinniBus Guelaguetza &#8211; Mapas en imagen<\/h3>\n\r\n<div class=\"gdgallery-gallery-container\" id=\"gdgallery-container-11\" data-id=\"11\">\r\n    \r\n<div id=\"gdgallery_container_11\" style=\"display:none;\" data-view=\"justified\">\r\n            <a href=\"\" target=\"_blank\">\r\n            <img decoding=\"async\" alt=\"Ferias Guelaguetza Ida\"\r\n                 data-type=\"image\"\r\n                 src=\"https:\/\/www.oaxaca.gob.mx\/citybus\/wp-content\/uploads\/sites\/94\/2025\/07\/MAPA-RUTA-GUELA-01.png\"\r\n                 data-image=\"https:\/\/www.oaxaca.gob.mx\/citybus\/wp-content\/uploads\/sites\/94\/2025\/07\/MAPA-RUTA-GUELA-01.png\"\r\n                 data-description=\"\"\r\n                                 style=\"display:block\">\r\n        <\/a>\r\n            <a href=\"\" target=\"_blank\">\r\n            <img decoding=\"async\" alt=\"Ferias Guelaguetza Regreso\"\r\n                 data-type=\"image\"\r\n                 src=\"https:\/\/www.oaxaca.gob.mx\/citybus\/wp-content\/uploads\/sites\/94\/2025\/07\/MAPA-RUTA-GUELA-02.png\"\r\n                 data-image=\"https:\/\/www.oaxaca.gob.mx\/citybus\/wp-content\/uploads\/sites\/94\/2025\/07\/MAPA-RUTA-GUELA-02.png\"\r\n                 data-description=\"\"\r\n                                 style=\"display:block\">\r\n        <\/a>\r\n            <a href=\"\" target=\"_blank\">\r\n            <img decoding=\"async\" alt=\"Ruta Record Guiness de la Tlayuda\"\r\n                 data-type=\"image\"\r\n                 src=\"https:\/\/www.oaxaca.gob.mx\/citybus\/wp-content\/uploads\/sites\/94\/2025\/07\/MAPA-INDIVIDUAL-REDES_TLAYUDA.png\"\r\n                 data-image=\"https:\/\/www.oaxaca.gob.mx\/citybus\/wp-content\/uploads\/sites\/94\/2025\/07\/MAPA-INDIVIDUAL-REDES_TLAYUDA.png\"\r\n                 data-description=\"\"\r\n                                 style=\"display:block\">\r\n        <\/a>\r\n            <a href=\"\" target=\"_blank\">\r\n            <img decoding=\"async\" alt=\"Ruta Parque Primavera Cho Ndob\u00e1\"\r\n                 data-type=\"image\"\r\n                 src=\"https:\/\/www.oaxaca.gob.mx\/citybus\/wp-content\/uploads\/sites\/94\/2025\/07\/MAPA-INDIVIDUAL-REDES_PARQUE-PRIMAVERA.png\"\r\n                 data-image=\"https:\/\/www.oaxaca.gob.mx\/citybus\/wp-content\/uploads\/sites\/94\/2025\/07\/MAPA-INDIVIDUAL-REDES_PARQUE-PRIMAVERA.png\"\r\n                 data-description=\"\"\r\n                                 style=\"display:block\">\r\n        <\/a>\r\n            <a href=\"\" target=\"_blank\">\r\n            <img decoding=\"async\" alt=\"Ruta Feria del Mezcal - Tecnol\u00f3gico\"\r\n                 data-type=\"image\"\r\n                 src=\"https:\/\/www.oaxaca.gob.mx\/citybus\/wp-content\/uploads\/sites\/94\/2025\/07\/MAPA-INDIVIDUAL-REDES_MEZCAL-TECNOLOGICO.png\"\r\n                 data-image=\"https:\/\/www.oaxaca.gob.mx\/citybus\/wp-content\/uploads\/sites\/94\/2025\/07\/MAPA-INDIVIDUAL-REDES_MEZCAL-TECNOLOGICO.png\"\r\n                 data-description=\"\"\r\n                                 style=\"display:block\">\r\n        <\/a>\r\n            <a href=\"\" target=\"_blank\">\r\n            <img decoding=\"async\" alt=\"Ruta Feria del Mezcal - Walmart S\u00edmbolos Patrios\"\r\n                 data-type=\"image\"\r\n                 src=\"https:\/\/www.oaxaca.gob.mx\/citybus\/wp-content\/uploads\/sites\/94\/2025\/07\/MAPA-INDIVIDUAL-REDES_MEZCAL-SIMBOLOS-PATRIOS.png\"\r\n                 data-image=\"https:\/\/www.oaxaca.gob.mx\/citybus\/wp-content\/uploads\/sites\/94\/2025\/07\/MAPA-INDIVIDUAL-REDES_MEZCAL-SIMBOLOS-PATRIOS.png\"\r\n                 data-description=\"\"\r\n                                 style=\"display:block\">\r\n        <\/a>\r\n            <a href=\"\" target=\"_blank\">\r\n            <img decoding=\"async\" alt=\"Ruta Feria del Mezcal - Plaza Bella\"\r\n                 data-type=\"image\"\r\n                 src=\"https:\/\/www.oaxaca.gob.mx\/citybus\/wp-content\/uploads\/sites\/94\/2025\/07\/MAPA-INDIVIDUAL-REDES_MEZCAL-PLAZA-BELLA.png\"\r\n                 data-image=\"https:\/\/www.oaxaca.gob.mx\/citybus\/wp-content\/uploads\/sites\/94\/2025\/07\/MAPA-INDIVIDUAL-REDES_MEZCAL-PLAZA-BELLA.png\"\r\n                 data-description=\"\"\r\n                                 style=\"display:block\">\r\n        <\/a>\r\n            <a href=\"\" target=\"_blank\">\r\n            <img decoding=\"async\" alt=\"Ruta Feria del Mezcal - El Llano\"\r\n                 data-type=\"image\"\r\n                 src=\"https:\/\/www.oaxaca.gob.mx\/citybus\/wp-content\/uploads\/sites\/94\/2025\/07\/MAPA-INDIVIDUAL-REDES_MEZCAL-LLANO.png\"\r\n                 data-image=\"https:\/\/www.oaxaca.gob.mx\/citybus\/wp-content\/uploads\/sites\/94\/2025\/07\/MAPA-INDIVIDUAL-REDES_MEZCAL-LLANO.png\"\r\n                 data-description=\"\"\r\n                                 style=\"display:block\">\r\n        <\/a>\r\n            <a href=\"\" target=\"_blank\">\r\n            <img decoding=\"async\" alt=\"Ruta Feria del Mezcal - Centro\"\r\n                 data-type=\"image\"\r\n                 src=\"https:\/\/www.oaxaca.gob.mx\/citybus\/wp-content\/uploads\/sites\/94\/2025\/07\/MAPA-INDIVIDUAL-REDES_MEZCAL-CENTRO.png\"\r\n                 data-image=\"https:\/\/www.oaxaca.gob.mx\/citybus\/wp-content\/uploads\/sites\/94\/2025\/07\/MAPA-INDIVIDUAL-REDES_MEZCAL-CENTRO.png\"\r\n                 data-description=\"\"\r\n                                 style=\"display:block\">\r\n        <\/a>\r\n            <a href=\"\" target=\"_blank\">\r\n            <img decoding=\"async\" alt=\"Ruta Auditorio\"\r\n                 data-type=\"image\"\r\n                 src=\"https:\/\/www.oaxaca.gob.mx\/citybus\/wp-content\/uploads\/sites\/94\/2025\/07\/MAPA-INDIVIDUAL-REDES_GUELAGUETZA.png\"\r\n                 data-image=\"https:\/\/www.oaxaca.gob.mx\/citybus\/wp-content\/uploads\/sites\/94\/2025\/07\/MAPA-INDIVIDUAL-REDES_GUELAGUETZA.png\"\r\n                 data-description=\"\"\r\n                                 style=\"display:block\">\r\n        <\/a>\r\n            <a href=\"\" target=\"_blank\">\r\n            <img decoding=\"async\" alt=\"Ruta Feria del Tejate y el Tamal\"\r\n                 data-type=\"image\"\r\n                 src=\"https:\/\/www.oaxaca.gob.mx\/citybus\/wp-content\/uploads\/sites\/94\/2025\/07\/MAPA-INDIVIDUAL-REDES_FERIA-DEL-TEJATE-Y-DEL-TAMAL.png\"\r\n                 data-image=\"https:\/\/www.oaxaca.gob.mx\/citybus\/wp-content\/uploads\/sites\/94\/2025\/07\/MAPA-INDIVIDUAL-REDES_FERIA-DEL-TEJATE-Y-DEL-TAMAL.png\"\r\n                 data-description=\"\"\r\n                                 style=\"display:block\">\r\n        <\/a>\r\n            <a href=\"\" target=\"_blank\">\r\n            <img decoding=\"async\" alt=\"Ruta Feria del Quesillo\"\r\n                 data-type=\"image\"\r\n                 src=\"https:\/\/www.oaxaca.gob.mx\/citybus\/wp-content\/uploads\/sites\/94\/2025\/07\/MAPA-INDIVIDUAL-REDES_FERIA-DEL-QUESILLO.png\"\r\n                 data-image=\"https:\/\/www.oaxaca.gob.mx\/citybus\/wp-content\/uploads\/sites\/94\/2025\/07\/MAPA-INDIVIDUAL-REDES_FERIA-DEL-QUESILLO.png\"\r\n                 data-description=\"\"\r\n                                 style=\"display:block\">\r\n        <\/a>\r\n    <\/div>\r\n\r\n\r\n\r\n<script type=\"text\/javascript\">\r\n\r\n\r\n    (function() {\r\n        var runMyCode = function() {\r\n            jQuery(document).ready(function () {\r\n                var container = jQuery(\"#gdgallery_container_11\");\r\n                container.unitegallery({\"gallery_theme\":\"justified\",\"tiles_type\":\"justified\",\"tiles_justified_space_between\":10,\"tile_enable_textpanel\":true,\"tile_textpanel_always_on\":true,\"tile_textpanel_title_text_align\":\"center\",\"tile_textpanel_title_font_size\":\"16\",\"tile_textpanel_title_color\":\"#FFFFFF\",\"tile_textpanel_bg_color\":\"#333333\",\"tile_textpanel_bg_opacity\":0.7,\"tile_enable_border\":true,\"tile_border_width\":\"0\",\"tile_border_color\":\"#333333\",\"tile_border_radius\":\"0\",\"tile_enable_overlay\":true,\"tile_enable_image_effect\":true,\"tile_image_effect_type\":\"blur\",\"tile_image_effect_reverse\":true,\"tile_enable_shadow\":false,\"tile_as_link\":false,\"tile_enable_icons\":true,\"tile_show_link_icon\":true,\"tile_textpanel_appear_type\":\"slide\",\"tile_textpanel_position\":\"inside_bottom\",\"tile_link_newpage\":true,\"lightbox_type\":\"wide\",\"lightbox_arrows_offset\":0,\"lightbox_overlay_color\":\"#000000\",\"lightbox_overlay_opacity\":1,\"lightbox_top_panel_opacity\":1,\"lightbox_show_numbers\":true,\"lightbox_numbers_size\":\"15\",\"lightbox_numbers_color\":\"#FFFFFF\",\"lightbox_slider_image_border_width\":\"0\",\"lightbox_slider_image_border_color\":\"#FFFFFF\",\"lightbox_slider_image_border_radius\":0,\"lightbox_slider_image_shadow\":true,\"lightbox_slider_control_swipe\":true,\"lightbox_slider_control_zoom\":true,\"lightbox_slider_image_border\":true,\"lightbox_show_textpanel\":true,\"lightbox_textpanel_enable_title\":true,\"lightbox_textpanel_enable_description\":false,\"lightbox_textpanel_padding_top\":5,\"lightbox_textpanel_padding_bottom\":5,\"lightbox_textpanel_padding_right\":5,\"lightbox_textpanel_padding_left\":5,\"lightbox_textpanel_title_color\":\"#FFFFFF\",\"lightbox_textpanel_title_text_align\":\"center\",\"lightbox_textpanel_title_font_size\":\"16\",\"lightbox_textpanel_desc_color\":\"#FFFFFF\",\"lightbox_textpanel_desc_text_align\":\"center\",\"lightbox_textpanel_desc_font_size\":\"14\"});\r\n            });\r\n        };\r\n        var timer = function() {\r\n            if (window.jQuery) {runMyCode(window.jQuery);}\r\n            else {window.setTimeout(timer, 100);}\r\n        };\r\n        timer();\r\n    })();\r\n<\/script><style>\r\n#gdgallery-container-11 {\r\n   text-align: center}\r\n\r\n.gdgallery-pagination-11{\r\ntext-align: center !important;\r\n}\r\n\r\n.gdgallery-pagination-11 a{\r\n    font-size: 15px !important;\r\n    padding: 8px 13px !important;\r\n    margin: 3px !important;\r\n    border: 1px solid #333333 !important;\r\n    border-radius: 0px !important;\r\n    color: #333333 !important;\r\n    background-color: #FFFFFF !important;\r\n    font-family: monospace !important;\r\n}\r\n\r\n.gdgallery-pagination-11 a:hover, .gdgallery-pagination-11 a.gdgallery-pagination-icon-active{\r\n    color: #FFFFFF !important;\r\n    background-color: #333333 !important;\r\n    border-color: #333333 !important;\r\n}\r\n\r\n#gdgallery-container-11 .gdgallery_load_more_space{\r\n    margin-top: 20px !important;\r\n    text-align: center !important;\r\n}\r\n\r\n#gdgallery-container-11 .gdgallery_load_more_space button{\r\n                      padding: 8px 13px !important;\r\n    font-size: 15px !important;\r\n    background-color: #333333 !important;\r\n    color: #FFFFFF !important;\r\n    border:1px solid #333333 !important;\r\n                      border-radius: 0px !important;\r\n                      font-family: monospace !important;\r\n                  }\r\n#gdgallery-container-11 .gdgallery_load_more_space button:hover{\r\n                      background-color: #FFFFFF !important;\r\n                      color: #333333 !important;\r\n                      border-color: #333333 !important;\r\n                  }\r\n\r\n#gdgallery-container-11 .gdgallery_load_more_space button,\r\n#gdgallery-container-11 .gdgallery_load_more_space button:hover,\r\n#gdgallery-container-11 .gdgallery_load_more_space button:active,\r\n#gdgallery-container-11 .gdgallery_load_more_space button:focus{\r\n    outline: none !important;\r\n}\r\n\r\n\r\n#gdgallery-container-11 .gdgallery_loading li{\r\n                      border: 3px solid #333333 !important;\r\n                  }\r\n\r\n.ug-lightbox .ug-lightbox-top-panel-overlay{\r\n    background-color: #000000 !important;\r\n}\r\n\r\n\r\n                  #gdgallery_container_11{}\r\n<\/style>\r\n\r\n\r\n\r\n<\/div>\r\n\r\n\r\n\r\n\r\n\r\n\n","protected":false},"excerpt":{"rendered":"<p>&nbsp; El Sistema de Transporte Colectivo Metropolitano CityBus Oaxaca en coordinaci\u00f3n con la Secretar\u00eda de Movilidad, te presenta las rutas oficiales que estar\u00e1 ofreciendo durante las fiestas de la Guelaguetza 2025. \u00a1Nos vemos en el BinniBus! Rutas BinniBus Guelaguetza &#8211; Mapa Interactivo Rutas BinniBus Guelaguetza &#8211; Mapas en imagen<\/p>\n","protected":false},"author":115,"featured_media":0,"parent":0,"menu_order":0,"comment_status":"closed","ping_status":"closed","template":"","meta":{"episode_type":"","audio_file":"","podmotor_file_id":"","podmotor_episode_id":"","cover_image":"","cover_image_id":"","duration":"","filesize":"","filesize_raw":"","date_recorded":"","explicit":"","block":"","itunes_episode_number":"","itunes_title":"","itunes_season_number":"","itunes_episode_type":"","footnotes":""},"categories":[],"tags":[],"class_list":["post-1282","page","type-page","status-publish","hentry"],"acf":[],"publishpress_future_action":{"enabled":false,"date":"2026-05-12 17:43:08","action":"change-status","newStatus":"draft","terms":[],"taxonomy":"category","extraData":[]},"publishpress_future_workflow_manual_trigger":{"enabledWorkflows":[]},"_links":{"self":[{"href":"https:\/\/www.oaxaca.gob.mx\/citybus\/wp-json\/wp\/v2\/pages\/1282","targetHints":{"allow":["GET"]}}],"collection":[{"href":"https:\/\/www.oaxaca.gob.mx\/citybus\/wp-json\/wp\/v2\/pages"}],"about":[{"href":"https:\/\/www.oaxaca.gob.mx\/citybus\/wp-json\/wp\/v2\/types\/page"}],"author":[{"embeddable":true,"href":"https:\/\/www.oaxaca.gob.mx\/citybus\/wp-json\/wp\/v2\/users\/115"}],"replies":[{"embeddable":true,"href":"https:\/\/www.oaxaca.gob.mx\/citybus\/wp-json\/wp\/v2\/comments?post=1282"}],"version-history":[{"count":2,"href":"https:\/\/www.oaxaca.gob.mx\/citybus\/wp-json\/wp\/v2\/pages\/1282\/revisions"}],"predecessor-version":[{"id":1382,"href":"https:\/\/www.oaxaca.gob.mx\/citybus\/wp-json\/wp\/v2\/pages\/1282\/revisions\/1382"}],"wp:attachment":[{"href":"https:\/\/www.oaxaca.gob.mx\/citybus\/wp-json\/wp\/v2\/media?parent=1282"}],"wp:term":[{"taxonomy":"category","embeddable":true,"href":"https:\/\/www.oaxaca.gob.mx\/citybus\/wp-json\/wp\/v2\/categories?post=1282"},{"taxonomy":"post_tag","embeddable":true,"href":"https:\/\/www.oaxaca.gob.mx\/citybus\/wp-json\/wp\/v2\/tags?post=1282"}],"curies":[{"name":"wp","href":"https:\/\/api.w.org\/{rel}","templated":true}]}}