{"id":1029,"date":"2025-01-24T23:16:31","date_gmt":"2025-01-24T22:16:31","guid":{"rendered":"https:\/\/www.oaxaca.gob.mx\/citybus\/?page_id=1029"},"modified":"2026-01-13T18:14:43","modified_gmt":"2026-01-13T17:14:43","slug":"comite-de-transparencia-2","status":"publish","type":"page","link":"https:\/\/www.oaxaca.gob.mx\/citybus\/comite-de-transparencia-2\/","title":{"rendered":"Comit\u00e9 de transparencia"},"content":{"rendered":"<h4>A\u00f1o 2026<\/h4>\n\n<table id=\"tablepress-35\" class=\"tablepress tablepress-id-35\">\n<thead>\n<tr class=\"row-1\">\n\t<th class=\"column-1\">Documento<\/th><th class=\"column-2\">PDF<\/th>\n<\/tr>\n<\/thead>\n<tbody class=\"row-striping row-hover\">\n<tr class=\"row-2\">\n\t<td class=\"column-1\">Plan Anual de Trabajo 2026<\/td><td class=\"column-2\"><a href=\"https:\/\/www.oaxaca.gob.mx\/citybus\/wp-content\/uploads\/sites\/94\/2026\/01\/PLAN-ANUAL-TRANSPARENCIA-2026.pdf\" target=\"_blank\" rel=\"noopener noreferrer\"><i class=\"far fa-file-pdf fa-2x\">&nbsp;<\/i><\/a><\/td>\n<\/tr>\n<tr class=\"row-3\">\n\t<td class=\"column-1\">Acta Primera Sesi\u00f3n Extraordinaria 2026<\/td><td class=\"column-2\"><a href=\"https:\/\/www.oaxaca.gob.mx\/citybus\/wp-content\/uploads\/sites\/94\/2026\/01\/ACTA-PRIMERA-SESION-EXTRAORDINARIA.pdf\" target=\"_blank\" rel=\"noopener noreferrer\"><i class=\"far fa-file-pdf fa-2x\">&nbsp;<\/i><\/a><\/td>\n<\/tr>\n<tr class=\"row-4\">\n\t<td class=\"column-1\">Acta Primera Sesi\u00f3n Ordinaria 2026<\/td><td class=\"column-2\"><a href=\"https:\/\/www.oaxaca.gob.mx\/citybus\/wp-content\/uploads\/sites\/94\/2026\/03\/Acta-1-Sesion-ord.pdf\" target=\"_blank\" rel=\"noopener noreferrer\"><i class=\"far fa-file-pdf fa-2x\">&nbsp;<\/i><\/a><\/td>\n<\/tr>\n<\/tbody>\n<\/table>\n<!-- #tablepress-35 from cache -->\n<h4>A\u00f1o 2025<\/h4>\n\n<table id=\"tablepress-17\" class=\"tablepress tablepress-id-17\">\n<thead>\n<tr class=\"row-1\">\n\t<th class=\"column-1\">Documento<\/th><th class=\"column-2\">PDF<\/th>\n<\/tr>\n<\/thead>\n<tbody class=\"row-striping row-hover\">\n<tr class=\"row-2\">\n\t<td class=\"column-1\">Plan Anual de Trabajo 2025<\/td><td class=\"column-2\"><a href=\"https:\/\/www.oaxaca.gob.mx\/citybus\/wp-content\/uploads\/sites\/94\/2025\/01\/plan-anual-trabajo-2025.pdf\" target=\"_blank\" rel=\"noopener noreferrer\"><i class=\"far fa-file-pdf fa-2x\">&nbsp;<\/i><\/a><\/td>\n<\/tr>\n<tr class=\"row-3\">\n\t<td class=\"column-1\">Primera Sesi\u00f3n Ordinaria<\/td><td class=\"column-2\"><a href=\"https:\/\/www.oaxaca.gob.mx\/citybus\/wp-content\/uploads\/sites\/94\/2025\/04\/PRIMERA-SESION-ORDINARIA-DEL-COMITE-DE-TRANSPARENCIA.pdf\" target=\"_blank\" rel=\"noopener noreferrer\"><i class=\"far fa-file-pdf fa-2x\">&nbsp;<\/i><\/a><\/td>\n<\/tr>\n<tr class=\"row-4\">\n\t<td class=\"column-1\">Primera Sesi\u00f3n Extraordinaria<\/td><td class=\"column-2\"><a href=\"https:\/\/www.oaxaca.gob.mx\/citybus\/wp-content\/uploads\/sites\/94\/2025\/07\/1RA-EXTRAORDINARIA-DEL-COMITE-DE-TRANSPARENCIA-2025.pdf\" target=\"_blank\" rel=\"noopener noreferrer\"><i class=\"far fa-file-pdf fa-2x\">&nbsp;<\/i><\/a><\/td>\n<\/tr>\n<tr class=\"row-5\">\n\t<td class=\"column-1\">Segunda Sesi\u00f3n Ordinaria<\/td><td class=\"column-2\"><a href=\"https:\/\/www.oaxaca.gob.mx\/citybus\/wp-content\/uploads\/sites\/94\/2025\/07\/SEGUNDA-SESION-ORDINARIA-DEL-COMITE-DE-TRANSPARENCIA.pdf\" target=\"_blank\" rel=\"noopener noreferrer\"><i class=\"far fa-file-pdf fa-2x\">&nbsp;<\/i><\/a><\/td>\n<\/tr>\n<tr class=\"row-6\">\n\t<td class=\"column-1\">Segunda Sesi\u00f3n Extraordinaria<\/td><td class=\"column-2\"><a href=\"https:\/\/www.oaxaca.gob.mx\/citybus\/wp-content\/uploads\/sites\/94\/2025\/07\/SEGUNDA-SESION-EXTRAORDINARIA-DEL-COMITE-DE-TRANSPARENCIA.pdf\" target=\"_blank\" rel=\"noopener noreferrer\"><i class=\"far fa-file-pdf fa-2x\">&nbsp;<\/i><\/a><\/td>\n<\/tr>\n<tr class=\"row-7\">\n\t<td class=\"column-1\">Tercera Sesi\u00f3n Ordinaria<\/td><td class=\"column-2\"><a href=\"https:\/\/www.oaxaca.gob.mx\/citybus\/wp-content\/uploads\/sites\/94\/2025\/07\/TERCERA-SESION-ORDINARIA-DEL-COMITE-DE-TRANSPARENCIA.pdf\" target=\"_blank\" rel=\"noopener noreferrer\"><i class=\"far fa-file-pdf fa-2x\">&nbsp;<\/i><\/a><\/td>\n<\/tr>\n<tr class=\"row-8\">\n\t<td class=\"column-1\">Tercera Sesi\u00f3n Extraordinaria<\/td><td class=\"column-2\"><a href=\"https:\/\/www.oaxaca.gob.mx\/citybus\/wp-content\/uploads\/sites\/94\/2025\/09\/TERCERA-SESION-EXTRAORDINARIA-DEL-COMITE-DE-TRANSPARENCIA-DEL-STCMCO.pdf\" target=\"_blank\" rel=\"noopener noreferrer\"><i class=\"far fa-file-pdf fa-2x\">&nbsp;<\/i><\/a><\/td>\n<\/tr>\n<tr class=\"row-9\">\n\t<td class=\"column-1\">Cuarta Sesi\u00f3n Ordinaria<\/td><td class=\"column-2\"><a href=\"https:\/\/www.oaxaca.gob.mx\/citybus\/wp-content\/uploads\/sites\/94\/2025\/09\/CUARTA-SESION-ORDINARIA-DEL-COMITE-DE-TRANSPARENCIA-DEL-STCMCO.pdf\" target=\"_blank\" rel=\"noopener noreferrer\"><i class=\"far fa-file-pdf fa-2x\">&nbsp;<\/i><\/a><\/td>\n<\/tr>\n<tr class=\"row-10\">\n\t<td class=\"column-1\">Cuarta Sesi\u00f3n Extraordinaria<\/td><td class=\"column-2\"><a href=\"https:\/\/www.oaxaca.gob.mx\/citybus\/wp-content\/uploads\/sites\/94\/2025\/09\/CUARTA-SESION-EXTRAORDINARIA-DEL-COMITE-DE-TRANSPARENCIA-DEL-STCMCO.pdf\" target=\"_blank\" rel=\"noopener noreferrer\"><i class=\"far fa-file-pdf fa-2x\">&nbsp;<\/i><\/a><\/td>\n<\/tr>\n<tr class=\"row-11\">\n\t<td class=\"column-1\">Quinta Sesi\u00f3n Extraordinaria<\/td><td class=\"column-2\"><a href=\"https:\/\/www.oaxaca.gob.mx\/citybus\/wp-content\/uploads\/sites\/94\/2025\/10\/ACTA-QUINTA-SESION-EXTRAORDINARIA.pdf\" target=\"_blank\" rel=\"noopener noreferrer\"><i class=\"far fa-file-pdf fa-2x\">&nbsp;<\/i><\/a><\/td>\n<\/tr>\n<tr class=\"row-12\">\n\t<td class=\"column-1\">Quinta Sesi\u00f3n Ordinaria<br \/>\n<\/td><td class=\"column-2\"><a href=\"https:\/\/www.oaxaca.gob.mx\/citybus\/wp-content\/uploads\/sites\/94\/2025\/10\/QUINTA-SESION-ORDINARIA-29-DE-OCTUBRE-DE-2025.pdf\" target=\"_blank\" rel=\"noopener noreferrer\"><i class=\"far fa-file-pdf fa-2x\">&nbsp;<\/i><\/a><\/td>\n<\/tr>\n<tr class=\"row-13\">\n\t<td class=\"column-1\">Sexta Sesi\u00f3n Ordinaria<br \/>\n<\/td><td class=\"column-2\"><a href=\"https:\/\/www.oaxaca.gob.mx\/citybus\/wp-content\/uploads\/sites\/94\/2025\/12\/SEXTA-SESION-TRANSPARENCIA.pdf\" target=\"_blank\" rel=\"noopener noreferrer\"><i class=\"far fa-file-pdf fa-2x\">&nbsp;<\/i><\/a><\/td>\n<\/tr>\n<tr class=\"row-14\">\n\t<td class=\"column-1\">Informe Anual del Comit\u00e9 de Transparencia<\/td><td class=\"column-2\"><a href=\"https:\/\/www.oaxaca.gob.mx\/citybus\/wp-content\/uploads\/sites\/94\/2025\/12\/INFORME-ANUAL-COMITE-DE-TRANSPARENCIA.pdf\" target=\"_blank\" rel=\"noopener noreferrer\"><i class=\"far fa-file-pdf fa-2x\">&nbsp;<\/i><\/a><\/td>\n<\/tr>\n<\/tbody>\n<\/table>\n<!-- #tablepress-17 from cache -->\n<h4>A\u00f1o 2024<\/h4>\n\n<table id=\"tablepress-16\" class=\"tablepress tablepress-id-16\">\n<thead>\n<tr class=\"row-1\">\n\t<th class=\"column-1\">Documento<\/th><th class=\"column-2\">PDF<\/th>\n<\/tr>\n<\/thead>\n<tbody class=\"row-striping row-hover\">\n<tr class=\"row-2\">\n\t<td class=\"column-1\">Acta de instalaci\u00f3n y primera sesi\u00f3n <\/td><td class=\"column-2\"><a href=\"https:\/\/www.oaxaca.gob.mx\/citybus\/wp-content\/uploads\/sites\/94\/2025\/01\/ACTA-DE-INSTALACION-Y-PRIMERA-SESION-DEL-COMITE-DE-TRANSPARENCIA2024.pdf\" target=\"_blank\" rel=\"noopener noreferrer\"><i class=\"far fa-file-pdf fa-2x\">&nbsp;<\/i><\/a><\/td>\n<\/tr>\n<tr class=\"row-3\">\n\t<td class=\"column-1\">Segunda sesi\u00f3n<\/td><td class=\"column-2\"><a href=\"https:\/\/www.oaxaca.gob.mx\/citybus\/wp-content\/uploads\/sites\/94\/2025\/01\/SEGUNDA-SESION-ORDINARIA-DEL-COMITE-DE-TRANSPARENCIA2024.pdf\" target=\"_blank\" rel=\"noopener noreferrer\"><i class=\"far fa-file-pdf fa-2x\">&nbsp;<\/i><\/a><\/td>\n<\/tr>\n<tr class=\"row-4\">\n\t<td class=\"column-1\">Tercera sesi\u00f3n<\/td><td class=\"column-2\"><a href=\"https:\/\/www.oaxaca.gob.mx\/citybus\/wp-content\/uploads\/sites\/94\/2025\/01\/TERCERA-SESION-ORDINARIA-DEL-COMITE-DE-TRANSPARENCIA2024.pdf\" target=\"_blank\" rel=\"noopener noreferrer\"><i class=\"far fa-file-pdf fa-2x\">&nbsp;<\/i><\/a><\/td>\n<\/tr>\n<tr class=\"row-5\">\n\t<td class=\"column-1\">Cuarta sesi\u00f3n<\/td><td class=\"column-2\"><a href=\"https:\/\/www.oaxaca.gob.mx\/citybus\/wp-content\/uploads\/sites\/94\/2025\/01\/CUARTA-SESION-ORDINARIA-DEL-COMITE-DE-TRANSPARENCIA2024.pdf\" target=\"_blank\" rel=\"noopener noreferrer\"><i class=\"far fa-file-pdf fa-2x\">&nbsp;<\/i><\/a><\/td>\n<\/tr>\n<tr class=\"row-6\">\n\t<td class=\"column-1\">Informe 2024<\/td><td class=\"column-2\"><a href=\"https:\/\/www.oaxaca.gob.mx\/citybus\/wp-content\/uploads\/sites\/94\/2025\/01\/informe_2024_comite_transparencia.pdf\" target=\"_blank\" rel=\"noopener noreferrer\"><i class=\"far fa-file-pdf fa-2x\">&nbsp;<\/i><\/a><\/td>\n<\/tr>\n<\/tbody>\n<\/table>\n<!-- #tablepress-16 from cache -->\n","protected":false},"excerpt":{"rendered":"<p>A\u00f1o 2026 A\u00f1o 2025 A\u00f1o 2024<\/p>\n","protected":false},"author":115,"featured_media":0,"parent":0,"menu_order":0,"comment_status":"closed","ping_status":"closed","template":"","meta":{"episode_type":"","audio_file":"","podmotor_file_id":"","podmotor_episode_id":"","cover_image":"","cover_image_id":"","duration":"","filesize":"","filesize_raw":"","date_recorded":"","explicit":"","block":"","itunes_episode_number":"","itunes_title":"","itunes_season_number":"","itunes_episode_type":"","footnotes":""},"categories":[],"tags":[],"class_list":["post-1029","page","type-page","status-publish","hentry"],"acf":[],"publishpress_future_action":{"enabled":false,"date":"2026-05-05 13:22:51","action":"change-status","newStatus":"draft","terms":[],"taxonomy":"category","extraData":[]},"publishpress_future_workflow_manual_trigger":{"enabledWorkflows":[]},"_links":{"self":[{"href":"https:\/\/www.oaxaca.gob.mx\/citybus\/wp-json\/wp\/v2\/pages\/1029","targetHints":{"allow":["GET"]}}],"collection":[{"href":"https:\/\/www.oaxaca.gob.mx\/citybus\/wp-json\/wp\/v2\/pages"}],"about":[{"href":"https:\/\/www.oaxaca.gob.mx\/citybus\/wp-json\/wp\/v2\/types\/page"}],"author":[{"embeddable":true,"href":"https:\/\/www.oaxaca.gob.mx\/citybus\/wp-json\/wp\/v2\/users\/115"}],"replies":[{"embeddable":true,"href":"https:\/\/www.oaxaca.gob.mx\/citybus\/wp-json\/wp\/v2\/comments?post=1029"}],"version-history":[{"count":2,"href":"https:\/\/www.oaxaca.gob.mx\/citybus\/wp-json\/wp\/v2\/pages\/1029\/revisions"}],"predecessor-version":[{"id":1817,"href":"https:\/\/www.oaxaca.gob.mx\/citybus\/wp-json\/wp\/v2\/pages\/1029\/revisions\/1817"}],"wp:attachment":[{"href":"https:\/\/www.oaxaca.gob.mx\/citybus\/wp-json\/wp\/v2\/media?parent=1029"}],"wp:term":[{"taxonomy":"category","embeddable":true,"href":"https:\/\/www.oaxaca.gob.mx\/citybus\/wp-json\/wp\/v2\/categories?post=1029"},{"taxonomy":"post_tag","embeddable":true,"href":"https:\/\/www.oaxaca.gob.mx\/citybus\/wp-json\/wp\/v2\/tags?post=1029"}],"curies":[{"name":"wp","href":"https:\/\/api.w.org\/{rel}","templated":true}]}}