{"id":92,"date":"2025-07-31T13:40:42","date_gmt":"2025-07-31T19:40:42","guid":{"rendered":"https:\/\/www.oaxaca.gob.mx\/ciphuatulco\/?page_id=92"},"modified":"2025-07-31T14:18:49","modified_gmt":"2025-07-31T20:18:49","slug":"marco-juridico","status":"publish","type":"page","link":"https:\/\/www.oaxaca.gob.mx\/ciphuatulco\/marco-juridico\/","title":{"rendered":"Marco Jur\u00eddico"},"content":{"rendered":"<ul class=\"nav nav-pills mb-3\" id=\"pills-tab\" role=\"tablist\">\n<li class=\"nav-item\" role=\"presentation\" style=\"padding: 5px\">\n        <button class=\"nav-link active\" id=\"pills-Federales-tab\" data-bs-toggle=\"pill\" data-bs-target=\"#pills-Federales\" type=\"button\" role=\"tab\" aria-controls=\"pills-Federales\">Federales<\/button>\n    <\/li>\n<li class=\"nav-item\" role=\"presentation\" style=\"padding: 5px\">\n        <button class=\"nav-link\" id=\"pills-Estatales-tab\" data-bs-toggle=\"pill\" data-bs-target=\"#pills-Estatales\" type=\"button\" role=\"tab\" aria-controls=\"pills-Estatales\">Estatales<\/button>\n    <\/li>\n<\/ul>\n<div class=\"tab-content\" id=\"pills-tabContent\">\n<div class=\"tab-pane fade show active\" id=\"pills-Federales\" role=\"tabpanel\" aria-labelledby=\"pills-Federales-tab\"><!--Federales--><\/p>\n<nav>\n<div id=\"nav-tab-federal\" class=\"nav nav-tabs\" role=\"tablist\">\n                <button id=\"nav-leyesFederales-tab\" class=\"nav-link active\" role=\"tab\" type=\"button\" data-bs-toggle=\"tab\" data-bs-target=\"#nav-leyesFederales\" aria-controls=\"nav-leyesFederales\">Leyes<\/button><br \/>\n                <button id=\"nav-reglamentosFederales-tab\" class=\"nav-link\" role=\"tab\" type=\"button\" data-bs-toggle=\"tab\" data-bs-target=\"#nav-reglamentosFederales\" aria-controls=\"nav-reglamentosFederales\">Reglamentos<\/button><br \/>\n                <button id=\"nav-LineamientosFederales-tab\" class=\"nav-link\" role=\"tab\" type=\"button\" data-bs-toggle=\"tab\" data-bs-target=\"#nav-LineamientosFederales\" aria-controls=\"nav-LineamientosFederales\">Lineamientos<\/button>\n            <\/div>\n<\/nav>\n<div id=\"nav-tabContent-federal\" class=\"tab-content\">\n<div id=\"nav-leyesFederales\" class=\"tab-pane fade show active\" role=\"tabpanel\" aria-labelledby=\"nav-leyesFederales-tab\">\n               \n<table id=\"tablepress-1\" class=\"tablepress tablepress-id-1\">\n<thead>\n<tr class=\"row-1\">\n\t<th class=\"column-1\">NOMBRE<\/th><th class=\"column-2\">DOCUMENTO<\/th>\n<\/tr>\n<\/thead>\n<tbody class=\"row-striping row-hover\">\n<tr class=\"row-2\">\n\t<td class=\"column-1\">Constituci\u00f3n Pol\u00edtica de los Estados Unidos Mexicanos<\/td><td class=\"column-2\"><a href=\"https:\/\/www.oaxaca.gob.mx\/ciphuatulco\/wp-content\/uploads\/sites\/100\/2025\/07\/7.-Constitucion-Politica-de-los-Estados-Unidos-Mexicanos.pdf\" target=\"_blank\" rel=\"noopener\"><i class=\"far fa-file-pdf fa-2x\">\u00a0<\/i><\/a><\/td>\n<\/tr>\n<tr class=\"row-3\">\n\t<td class=\"column-1\">Ley de Adquisiciones, arrendamientos y servicios del sector publico<\/td><td class=\"column-2\"><a href=\"https:\/\/www.oaxaca.gob.mx\/ciphuatulco\/wp-content\/uploads\/sites\/100\/2025\/07\/11.-Ley-de-Adquisiciones-arrendamientos-y-servicios-del-sector-publico.pdf\" target=\"_blank\" rel=\"noopener\"><i class=\"far fa-file-pdf fa-2x\">\u00a0<\/i><\/a><\/td>\n<\/tr>\n<tr class=\"row-4\">\n\t<td class=\"column-1\">Ley Federal de Presupuesto y Responsabilidad Hacendar\u00eda<\/td><td class=\"column-2\"><a href=\"https:\/\/www.oaxaca.gob.mx\/ciphuatulco\/wp-content\/uploads\/sites\/100\/2025\/07\/13.-Ley-Federal-de-Presupuesto-y-Responsabilida-Hacendaria.pdf\" target=\"_blank\" rel=\"noopener\"><i class=\"far fa-file-pdf fa-2x\">\u00a0<\/i><\/a><\/td>\n<\/tr>\n<tr class=\"row-5\">\n\t<td class=\"column-1\">Ley General de Archivos<\/td><td class=\"column-2\"><a href=\"https:\/\/www.oaxaca.gob.mx\/ciphuatulco\/wp-content\/uploads\/sites\/100\/2025\/07\/15.-Ley-General-de-Archivos.pdf\" target=\"_blank\" rel=\"noopener\"><i class=\"far fa-file-pdf fa-2x\">\u00a0<\/i><\/a><\/td>\n<\/tr>\n<tr class=\"row-6\">\n\t<td class=\"column-1\">Ley General de Contabilidad Gubernamental<\/td><td class=\"column-2\"><a href=\"https:\/\/www.oaxaca.gob.mx\/ciphuatulco\/wp-content\/uploads\/sites\/100\/2025\/07\/16.-Ley-General-de-Contabilidad-Gubernamental.pdf\" target=\"_blank\" rel=\"noopener\"><i class=\"far fa-file-pdf fa-2x\">\u00a0<\/i><\/a><\/td>\n<\/tr>\n<tr class=\"row-7\">\n\t<td class=\"column-1\">Ley de Obras P\u00fablicas y Servicios Relacionados con las Mismas<\/td><td class=\"column-2\"><a href=\"https:\/\/www.oaxaca.gob.mx\/ciphuatulco\/wp-content\/uploads\/sites\/100\/2025\/07\/19.-Ley-de-Obras-Publicas-y-Servicios-Relacionados-con-las-Mismas.pdf\" target=\"_blank\" rel=\"noopener\"><i class=\"far fa-file-pdf fa-2x\">\u00a0<\/i><\/a><\/td>\n<\/tr>\n<tr class=\"row-8\">\n\t<td class=\"column-1\">Ley de Coordinaci\u00f3n Fiscal<\/td><td class=\"column-2\"><a href=\"https:\/\/www.oaxaca.gob.mx\/ciphuatulco\/wp-content\/uploads\/sites\/100\/2025\/07\/22.-Ley-de-Coordinacion-Fiscal.pdf\" target=\"_blank\" rel=\"noopener\"><i class=\"far fa-file-pdf fa-2x\">\u00a0<\/i><\/a><\/td>\n<\/tr>\n<tr class=\"row-9\">\n\t<td class=\"column-1\">Ley General de Protecci\u00f3n de Datos Personales en Posesi\u00f3n de Sujetos Obligados<\/td><td class=\"column-2\"><a href=\"https:\/\/www.oaxaca.gob.mx\/ciphuatulco\/wp-content\/uploads\/sites\/100\/2025\/07\/31.-Ley-General-de-Proteccion-de-Datos-Personales-en-Posesion-de-Sujetos-Obligados.pdf\" target=\"_blank\" rel=\"noopener\"><i class=\"far fa-file-pdf fa-2x\">\u00a0<\/i><\/a><\/td>\n<\/tr>\n<tr class=\"row-10\">\n\t<td class=\"column-1\">Ley General de Transparencia y Acceso a la Informaci\u00f3n P\u00fablica<\/td><td class=\"column-2\"><a href=\"https:\/\/www.oaxaca.gob.mx\/ciphuatulco\/wp-content\/uploads\/sites\/100\/2025\/07\/32.-Ley-General-de-Transparencia-y-Acceso-a-la-Informacion-Publica.pdf\" target=\"_blank\" rel=\"noopener\"><i class=\"far fa-file-pdf fa-2x\">\u00a0<\/i><\/a><\/td>\n<\/tr>\n<\/tbody>\n<\/table>\n<!-- #tablepress-1 from cache -->\n            <\/div>\n<div id=\"nav-reglamentosFederales\" class=\"tab-pane fade\" role=\"tabpanel\" aria-labelledby=\"nav-reglamentosFederales-tab\">\n                \n<table id=\"tablepress-2\" class=\"tablepress tablepress-id-2\">\n<thead>\n<tr class=\"row-1\">\n\t<th class=\"column-1\">NOMBRE<\/th><th class=\"column-2\">DOCUMENTO<\/th>\n<\/tr>\n<\/thead>\n<tbody class=\"row-striping row-hover\">\n<tr class=\"row-2\">\n\t<td class=\"column-1\">Reglamento de la ley de adquisiciones, arrendamientos y servicios del sector publico<\/td><td class=\"column-2\"><a href=\"https:\/\/www.oaxaca.gob.mx\/ciphuatulco\/wp-content\/uploads\/sites\/100\/2025\/07\/9.-reglamento-de-la-ley-de-adquisiciones-arrendamientos-y-servicios-del-sector-publico.pdf\" target=\"_blank\" rel=\"noopener\"><i class=\"far fa-file-pdf fa-2x\">\u00a0<\/i><\/a><\/td>\n<\/tr>\n<tr class=\"row-3\">\n\t<td class=\"column-1\">Reglamento de la Ley de Obras P\u00fablicas y Servicios Relacionados con las Mismas<\/td><td class=\"column-2\"><a href=\"https:\/\/www.oaxaca.gob.mx\/ciphuatulco\/wp-content\/uploads\/sites\/100\/2025\/07\/20-Reglamento-de-la-Ley-de-Obras-Publicas-y-Servicios-Relacionados-con-las-Mismas.pdf\" target=\"_blank\" rel=\"noopener\"><i class=\"far fa-file-pdf fa-2x\">\u00a0<\/i><\/a><\/td>\n<\/tr>\n<\/tbody>\n<\/table>\n<!-- #tablepress-2 from cache -->\n            <\/div>\n<div id=\"nav-LineamientosFederales\" class=\"tab-pane fade\" role=\"tabpanel\" aria-labelledby=\"nav-LineamientosFederales-tab\">\n              \n<table id=\"tablepress-3\" class=\"tablepress tablepress-id-3\">\n<thead>\n<tr class=\"row-1\">\n\t<th class=\"column-1\">NOMBRE<\/th><th class=\"column-2\">DOCUMENTO<\/th>\n<\/tr>\n<\/thead>\n<tbody class=\"row-striping row-hover\">\n<tr class=\"row-2\">\n\t<td class=\"column-1\">Lineamientos para la organizaci\u00f3n y conservaci\u00f3n de los archivos<\/td><td class=\"column-2\"><a href=\"https:\/\/www.oaxaca.gob.mx\/ciphuatulco\/wp-content\/uploads\/sites\/100\/2025\/07\/33.-Lineamientos-para-la-organizacion-y-conservacion-de-los-archivos.pdf\" target=\"_blank\" rel=\"noopener\"><i class=\"far fa-file-pdf fa-2x\">\u00a0<\/i><\/a><\/td>\n<\/tr>\n<tr class=\"row-3\">\n\t<td class=\"column-1\">Lineamientos para la Clasificaci\u00f3n y Desclasificaci\u00f3n de la Informaci\u00f3n<\/td><td class=\"column-2\"><a href=\"https:\/\/www.oaxaca.gob.mx\/ciphuatulco\/wp-content\/uploads\/sites\/100\/2025\/07\/34.-Lineamientos-para-la-Clasificacion-y-Desclasificacion-de-la-Informacion.pdf\" target=\"_blank\" rel=\"noopener\"><i class=\"far fa-file-pdf fa-2x\">\u00a0<\/i><\/a><\/td>\n<\/tr>\n<tr class=\"row-4\">\n\t<td class=\"column-1\">Lineamientos de Informaci\u00f3n de Interes P\u00fablico y Transparencia Proactiva<\/td><td class=\"column-2\"><a href=\"https:\/\/www.oaxaca.gob.mx\/ciphuatulco\/wp-content\/uploads\/sites\/100\/2025\/07\/35.-Lineamientos-de-Informacion-de-Interes-Publico-y-Transparencia-Proactiva.pdf\" target=\"_blank\" rel=\"noopener\"><i class=\"far fa-file-pdf fa-2x\">\u00a0<\/i><\/a><\/td>\n<\/tr>\n<\/tbody>\n<\/table>\n<!-- #tablepress-3 from cache -->\n            <\/div>\n<\/p><\/div>\n<\/p><\/div>\n<div class=\"tab-pane fade\" id=\"pills-Estatales\" role=\"tabpanel\" aria-labelledby=\"pills-Estatales-tab\"><!--Estatales--><\/p>\n<nav>\n<div id=\"nav-tab-estatal\" class=\"nav nav-tabs\" role=\"tablist\">\n                <button id=\"nav-codigos-tab\" class=\"nav-link active\" role=\"tab\" type=\"button\" data-bs-toggle=\"tab\" data-bs-target=\"#nav-codigos\" aria-controls=\"nav-codigos\">C\u00f3digos<\/button><br \/>\n                <button id=\"nav-decretos-tab\" class=\"nav-link\" role=\"tab\" type=\"button\" data-bs-toggle=\"tab\" data-bs-target=\"#nav-decretos\" aria-controls=\"nav-decretos\">Decretos<\/button><br \/>\n                <button id=\"nav-leyes-tab\" class=\"nav-link\" role=\"tab\" type=\"button\" data-bs-toggle=\"tab\" data-bs-target=\"#nav-leyes\" aria-controls=\"nav-leyes\">Leyes<\/button><br \/>\n                <button id=\"nav-reglamentos-tab\" class=\"nav-link\" role=\"tab\" type=\"button\" data-bs-toggle=\"tab\" data-bs-target=\"#nav-reglamentos\" aria-controls=\"nav-reglamentos\">Reglamentos<\/button>\n             <\/div>\n<\/nav>\n<div id=\"nav-tabContent-estatal\" class=\"tab-content\">\n<div id=\"nav-codigos\" class=\"tab-pane fade show active\" role=\"tabpanel\" aria-labelledby=\"nav-codigos-tab\">\n            \n<table id=\"tablepress-4\" class=\"tablepress tablepress-id-4\">\n<thead>\n<tr class=\"row-1\">\n\t<th class=\"column-1\">NOMBRE<\/th><th class=\"column-2\">DOCUMENTO<\/th>\n<\/tr>\n<\/thead>\n<tbody class=\"row-striping row-hover\">\n<tr class=\"row-2\">\n\t<td class=\"column-1\">C\u00d3DIGO FISCAL PARA EL ESTADO DE OAXACA<\/td><td class=\"column-2\"><a href=\"https:\/\/www.oaxaca.gob.mx\/ciphuatulco\/wp-content\/uploads\/sites\/100\/2025\/07\/21.-CODIGO_FISCAL_-PARA-EL-ESTADO-DE-OAXACA-2025.pdf\" target=\"_blank\" rel=\"noopener\"><i class=\"far fa-file-pdf fa-2x\">\u00a0<\/i><\/a><\/td>\n<\/tr>\n<\/tbody>\n<\/table>\n<!-- #tablepress-4 from cache -->\n            <\/div>\n<div id=\"nav-decretos\" class=\"tab-pane fade\" role=\"tabpanel\" aria-labelledby=\"nav-decretos-tab\">\n                \n<table id=\"tablepress-5\" class=\"tablepress tablepress-id-5\">\n<thead>\n<tr class=\"row-1\">\n\t<th class=\"column-1\">NOMBRE<\/th><th class=\"column-2\">DOCUMENTO<\/th>\n<\/tr>\n<\/thead>\n<tbody class=\"row-striping row-hover\">\n<tr class=\"row-2\">\n\t<td class=\"column-1\">Decreto de Creaci\u00f3n DGCIPH<\/td><td class=\"column-2\"><a href=\"https:\/\/www.oaxaca.gob.mx\/ciphuatulco\/wp-content\/uploads\/sites\/100\/2025\/07\/3.-Decreto-de-Creacion-DGCIPH-SEC11-37MA-2025-03-15.pdf\" target=\"_blank\" rel=\"noopener\"><i class=\"far fa-file-pdf fa-2x\">\u00a0<\/i><\/a><\/td>\n<\/tr>\n<\/tbody>\n<\/table>\n<!-- #tablepress-5 from cache -->\n            <\/div>\n<div id=\"nav-leyes\" class=\"tab-pane fade\" role=\"tabpanel\" aria-labelledby=\"nav-leyes-tab\">\n             \n<table id=\"tablepress-6\" class=\"tablepress tablepress-id-6\">\n<thead>\n<tr class=\"row-1\">\n\t<th class=\"column-1\">NOMBRE<\/th><th class=\"column-2\">DOCUMENTO<\/th>\n<\/tr>\n<\/thead>\n<tbody class=\"row-striping row-hover\">\n<tr class=\"row-2\">\n\t<td class=\"column-1\">Constituci\u00f3n Pol\u00edtica del Estado Libre y Soberano de Oaxaca<\/td><td class=\"column-2\"><a href=\"https:\/\/www.oaxaca.gob.mx\/ciphuatulco\/wp-content\/uploads\/sites\/100\/2025\/07\/8.-Constitucion-Politica-del-Estado-Libre-y-Soberano-de-Oaxaca.pdf\" target=\"_blank\" rel=\"noopener\"><i class=\"far fa-file-pdf fa-2x\">\u00a0<\/i><\/a><\/td>\n<\/tr>\n<tr class=\"row-3\">\n\t<td class=\"column-1\">Ley de Entidades Paraestatales del Estado de Oaxaca<\/td><td class=\"column-2\"><a href=\"https:\/\/www.oaxaca.gob.mx\/ciphuatulco\/wp-content\/uploads\/sites\/100\/2025\/07\/1.-Ley-de-Entidades-Paraestatales-del-Estado-de-oaxaca.pdf\" target=\"_blank\" rel=\"noopener\"><i class=\"far fa-file-pdf fa-2x\">\u00a0<\/i><\/a><\/td>\n<\/tr>\n<tr class=\"row-4\">\n\t<td class=\"column-1\">Ley Org\u00e1nica del Poder ejecutivo del Estado de Oaxaca<\/td><td class=\"column-2\"><a href=\"https:\/\/www.oaxaca.gob.mx\/ciphuatulco\/wp-content\/uploads\/sites\/100\/2025\/07\/2.-Ley-Organica-del-Poder-ejecutivo-del-Estado-de-Oaxaca.pdf\" target=\"_blank\" rel=\"noopener\"><i class=\"far fa-file-pdf fa-2x\">\u00a0<\/i><\/a><\/td>\n<\/tr>\n<tr class=\"row-5\">\n\t<td class=\"column-1\">Ley de Adquisiciones, Enajenaciones, Arrendamientos, Prestaci\u00f3n de Servicios y Administraci\u00f3n de Bienes Muebles e Inmuebles del Estado de Oaxaca<\/td><td class=\"column-2\"><a href=\"https:\/\/www.oaxaca.gob.mx\/ciphuatulco\/wp-content\/uploads\/sites\/100\/2025\/07\/4.-Ley-de-Adquisiciones-Enajenaciones-Arrendamientos-Prestacion-de.pdf\" target=\"_blank\" rel=\"noopener\"><i class=\"far fa-file-pdf fa-2x\">\u00a0<\/i><\/a><\/td>\n<\/tr>\n<tr class=\"row-6\">\n\t<td class=\"column-1\">Ley de Obras P\u00fablicas y Servicios Relacionados del Estado de Oaxaca<\/td><td class=\"column-2\"><a href=\"https:\/\/www.oaxaca.gob.mx\/ciphuatulco\/wp-content\/uploads\/sites\/100\/2025\/07\/10.-Ley-de-Obras-Publicas-y-Servicios-Relacionados-del-Estado-de-Oaxaca.pdf\" target=\"_blank\" rel=\"noopener\"><i class=\"far fa-file-pdf fa-2x\">\u00a0<\/i><\/a><\/td>\n<\/tr>\n<tr class=\"row-7\">\n\t<td class=\"column-1\">Ley de Archivos Para el Estado de Oaxaca<\/td><td class=\"column-2\"><a href=\"https:\/\/www.oaxaca.gob.mx\/ciphuatulco\/wp-content\/uploads\/sites\/100\/2025\/07\/12.-Ley-de-Archivos-Para-el-Estado-de-Oaxaca.pdf\" target=\"_blank\" rel=\"noopener\"><i class=\"far fa-file-pdf fa-2x\">\u00a0<\/i><\/a><\/td>\n<\/tr>\n<tr class=\"row-8\">\n\t<td class=\"column-1\">Ley Estatal de Presupuesto y Responsabilidad Hacendaria<\/td><td class=\"column-2\"><a href=\"https:\/\/www.oaxaca.gob.mx\/ciphuatulco\/wp-content\/uploads\/sites\/100\/2025\/07\/14.-Ley-Estatal-de-Presupuesto-y-Responsabilidad-Hacendaria.pdf\" target=\"_blank\" rel=\"noopener\"><i class=\"far fa-file-pdf fa-2x\">\u00a0<\/i><\/a><\/td>\n<\/tr>\n<tr class=\"row-9\">\n\t<td class=\"column-1\">Ley de Coordinaci\u00f3n Fiscal  para el Estado de Oaxaca<\/td><td class=\"column-2\"><a href=\"https:\/\/www.oaxaca.gob.mx\/ciphuatulco\/wp-content\/uploads\/sites\/100\/2025\/07\/17.-Ley-de-Coordinacion-Fiscal-para-el-Estado_de-Oaxaca.pdf\" target=\"_blank\" rel=\"noopener\"><i class=\"far fa-file-pdf fa-2x\">\u00a0<\/i><\/a><\/td>\n<\/tr>\n<tr class=\"row-10\">\n\t<td class=\"column-1\">Ley de transparencia, acceso a la informaci\u00f3n p\u00fablica y buen Gobierno del Estado de Oaxaca<\/td><td class=\"column-2\"><a href=\"https:\/\/www.oaxaca.gob.mx\/ciphuatulco\/wp-content\/uploads\/sites\/100\/2025\/07\/18.-LEY_DE_TRANSPARENCIA__ACCESO_A_LA_INFORMACION_PUBLICA.pdf\" target=\"_blank\" rel=\"noopener\"><i class=\"far fa-file-pdf fa-2x\">\u00a0<\/i><\/a><\/td>\n<\/tr>\n<tr class=\"row-11\">\n\t<td class=\"column-1\">Ley de Fiscalizaci\u00f3n Superior y Rendici\u00f3n de Cuentas para el Estado de Oaxaca<\/td><td class=\"column-2\"><a href=\"https:\/\/www.oaxaca.gob.mx\/ciphuatulco\/wp-content\/uploads\/sites\/100\/2025\/07\/23.-Ley-de-Fiscalizacion-Superior-y-Rendicion-de-Cuentas-para-el-Estado-de-Oaxaca.pdf\" target=\"_blank\" rel=\"noopener\"><i class=\"far fa-file-pdf fa-2x\">\u00a0<\/i><\/a><\/td>\n<\/tr>\n<tr class=\"row-12\">\n\t<td class=\"column-1\">Ley de Responsabilidades Administrativas del Estado y Municipios de Oaxaca<\/td><td class=\"column-2\"><a href=\"https:\/\/www.oaxaca.gob.mx\/ciphuatulco\/wp-content\/uploads\/sites\/100\/2025\/07\/24.-Ley-de-Responsabilidades-Administrativas-del-Estado-y-Municipios-de-Oaxaca.pdf\" target=\"_blank\" rel=\"noopener\"><i class=\"far fa-file-pdf fa-2x\">\u00a0<\/i><\/a><\/td>\n<\/tr>\n<tr class=\"row-13\">\n\t<td class=\"column-1\">Ley de Protecci\u00f3n de Datos Personales en Posesi\u00f3n de Sujetos Obligados del Estado de Oaxaca<\/td><td class=\"column-2\"><a href=\"https:\/\/www.oaxaca.gob.mx\/ciphuatulco\/wp-content\/uploads\/sites\/100\/2025\/07\/25.-Ley-de-Proteccion-de-Datos-Personales-en-Posesion-de-Sujetos-Obligados-del-Estado-de-Oaxaca.pdf\" target=\"_blank\" rel=\"noopener\"><i class=\"far fa-file-pdf fa-2x\">\u00a0<\/i><\/a><\/td>\n<\/tr>\n<tr class=\"row-14\">\n\t<td class=\"column-1\">Ley Estatal de Hacienda<\/td><td class=\"column-2\"><a href=\"https:\/\/www.oaxaca.gob.mx\/ciphuatulco\/wp-content\/uploads\/sites\/100\/2025\/07\/26.-LEY_ESTATAL_DE_HACIENDA-2025.pdf\" target=\"_blank\" rel=\"noopener\"><i class=\"far fa-file-pdf fa-2x\">\u00a0<\/i><\/a><\/td>\n<\/tr>\n<tr class=\"row-15\">\n\t<td class=\"column-1\">Ley Estatal de Planeacion<\/td><td class=\"column-2\"><a href=\"https:\/\/www.oaxaca.gob.mx\/ciphuatulco\/wp-content\/uploads\/sites\/100\/2025\/07\/27.-Ley_Estatal_de_Planeacion.pdf\" target=\"_blank\" rel=\"noopener\"><i class=\"far fa-file-pdf fa-2x\">\u00a0<\/i><\/a><\/td>\n<\/tr>\n<tr class=\"row-16\">\n\t<td class=\"column-1\">Ley de Procedimiento y Justicia Administrativa para el Estado de Oaxaca<\/td><td class=\"column-2\"><a href=\"https:\/\/www.oaxaca.gob.mx\/ciphuatulco\/wp-content\/uploads\/sites\/100\/2025\/07\/28.-ley-de-procedimientos-y-justicia-administrativa-para-el-estado-de-oaxaca.pdf\" target=\"_blank\" rel=\"noopener\"><i class=\"far fa-file-pdf fa-2x\">\u00a0<\/i><\/a><\/td>\n<\/tr>\n<tr class=\"row-17\">\n\t<td class=\"column-1\">Ley de Responsabilidad Patrimonial del Estado y Municipios de Oaxaca<\/td><td class=\"column-2\"><a href=\"https:\/\/www.oaxaca.gob.mx\/ciphuatulco\/wp-content\/uploads\/sites\/100\/2025\/07\/29.-Ley-de-Responsabilidad-Patrimonial-del-Estado-y-Municipios-de-Oaxaca.pdf\" target=\"_blank\" rel=\"noopener\"><i class=\"far fa-file-pdf fa-2x\">\u00a0<\/i><\/a><\/td>\n<\/tr>\n<tr class=\"row-18\">\n\t<td class=\"column-1\">Ley de Bienes Pertenecientes al Estado de Oaxaca<\/td><td class=\"column-2\"><a href=\"https:\/\/www.oaxaca.gob.mx\/ciphuatulco\/wp-content\/uploads\/sites\/100\/2025\/07\/30.-Ley-de-Bienes-Pertenecientes-al-Estado-de-Oaxaca.pdf\" target=\"_blank\" rel=\"noopener\"><i class=\"far fa-file-pdf fa-2x\">\u00a0<\/i><\/a><\/td>\n<\/tr>\n<tr class=\"row-19\">\n\t<td class=\"column-1\">Ley de Ingresos para el municipio de Santa Mar\u00eda Huatulco 2025<\/td><td class=\"column-2\"><a href=\"https:\/\/www.oaxaca.gob.mx\/ciphuatulco\/wp-content\/uploads\/sites\/100\/2025\/07\/36.-Ley-de-Ingresos-para-el-municipio-de-Santa-Maria-Huatulco-2025.pdf\" target=\"_blank\" rel=\"noopener\"><i class=\"far fa-file-pdf fa-2x\">\u00a0<\/i><\/a><\/td>\n<\/tr>\n<tr class=\"row-20\">\n\t<td class=\"column-1\">Ley de Agua Potable y Alcantarillado para el Estado de Oaxaca<\/td><td class=\"column-2\"><a href=\"https:\/\/www.oaxaca.gob.mx\/ciphuatulco\/wp-content\/uploads\/sites\/100\/2025\/07\/37.-Ley-de-Agua-Potable-y-Alcantarillado-para-el-Estado-de-Oaxaca.pdf\" target=\"_blank\" rel=\"noopener\"><i class=\"far fa-file-pdf fa-2x\">\u00a0<\/i><\/a><\/td>\n<\/tr>\n<\/tbody>\n<\/table>\n<!-- #tablepress-6 from cache -->\n            <\/div>\n<div id=\"nav-reglamentos\" class=\"tab-pane fade\" role=\"tabpanel\" aria-labelledby=\"nav-reglamentos-tab\">\n               \n<table id=\"tablepress-7\" class=\"tablepress tablepress-id-7\">\n<thead>\n<tr class=\"row-1\">\n\t<th class=\"column-1\">NOMBRE<\/th><th class=\"column-2\">DOCUMENTO<\/th>\n<\/tr>\n<\/thead>\n<tbody class=\"row-striping row-hover\">\n<tr class=\"row-2\">\n\t<td class=\"column-1\">Reglamento de la Ley de Adquisiciones, Enajenaciones, Arrendamientos, Prestaci\u00f3n de Servicios y Administraci\u00f3n de Bienes Muebles e Inmuebles del Estado de Oaxaca<\/td><td class=\"column-2\"><a href=\"https:\/\/www.oaxaca.gob.mx\/ciphuatulco\/wp-content\/uploads\/sites\/100\/2025\/07\/5.-Reglamento-de-la-Ley-de-Adquisiciones-Enajenaciones-oaxaca.pdf\" target=\"_blank\" rel=\"noopener\"><i class=\"far fa-file-pdf fa-2x\">\u00a0<\/i><\/a><\/td>\n<\/tr>\n<tr class=\"row-3\">\n\t<td class=\"column-1\">Reglamento de la Ley de Entidades Paraestatales<\/td><td class=\"column-2\"><a href=\"https:\/\/www.oaxaca.gob.mx\/ciphuatulco\/wp-content\/uploads\/sites\/100\/2025\/07\/6.-Reglamento-de-la-Ley-de-Entidades-Paraestatales.pdf\" target=\"_blank\" rel=\"noopener\"><i class=\"far fa-file-pdf fa-2x\">\u00a0<\/i><\/a><\/td>\n<\/tr>\n<\/tbody>\n<\/table>\n<!-- #tablepress-7 from cache -->\n            <\/div>\n<\/p><\/div>\n<\/p><\/div>\n<\/div>\n","protected":false},"excerpt":{"rendered":"<p>Federales Estatales Leyes Reglamentos Lineamientos C\u00f3digos Decretos Leyes Reglamentos<\/p>\n","protected":false},"author":1,"featured_media":0,"parent":0,"menu_order":0,"comment_status":"closed","ping_status":"closed","template":"","meta":{"episode_type":"","audio_file":"","podmotor_file_id":"","podmotor_episode_id":"","cover_image":"","cover_image_id":"","duration":"","filesize":"","filesize_raw":"","date_recorded":"","explicit":"","block":"","itunes_episode_number":"","itunes_title":"","itunes_season_number":"","itunes_episode_type":"","footnotes":""},"categories":[],"tags":[],"class_list":["post-92","page","type-page","status-publish","hentry"],"acf":[],"publishpress_future_action":{"enabled":false,"date":"2026-04-25 23:47:20","action":"change-status","newStatus":"draft","terms":[],"taxonomy":"category","extraData":[]},"publishpress_future_workflow_manual_trigger":{"enabledWorkflows":[]},"_links":{"self":[{"href":"https:\/\/www.oaxaca.gob.mx\/ciphuatulco\/wp-json\/wp\/v2\/pages\/92","targetHints":{"allow":["GET"]}}],"collection":[{"href":"https:\/\/www.oaxaca.gob.mx\/ciphuatulco\/wp-json\/wp\/v2\/pages"}],"about":[{"href":"https:\/\/www.oaxaca.gob.mx\/ciphuatulco\/wp-json\/wp\/v2\/types\/page"}],"author":[{"embeddable":true,"href":"https:\/\/www.oaxaca.gob.mx\/ciphuatulco\/wp-json\/wp\/v2\/users\/1"}],"replies":[{"embeddable":true,"href":"https:\/\/www.oaxaca.gob.mx\/ciphuatulco\/wp-json\/wp\/v2\/comments?post=92"}],"version-history":[{"count":2,"href":"https:\/\/www.oaxaca.gob.mx\/ciphuatulco\/wp-json\/wp\/v2\/pages\/92\/revisions"}],"predecessor-version":[{"id":151,"href":"https:\/\/www.oaxaca.gob.mx\/ciphuatulco\/wp-json\/wp\/v2\/pages\/92\/revisions\/151"}],"wp:attachment":[{"href":"https:\/\/www.oaxaca.gob.mx\/ciphuatulco\/wp-json\/wp\/v2\/media?parent=92"}],"wp:term":[{"taxonomy":"category","embeddable":true,"href":"https:\/\/www.oaxaca.gob.mx\/ciphuatulco\/wp-json\/wp\/v2\/categories?post=92"},{"taxonomy":"post_tag","embeddable":true,"href":"https:\/\/www.oaxaca.gob.mx\/ciphuatulco\/wp-json\/wp\/v2\/tags?post=92"}],"curies":[{"name":"wp","href":"https:\/\/api.w.org\/{rel}","templated":true}]}}