{"id":25,"date":"2025-07-24T12:12:02","date_gmt":"2025-07-24T18:12:02","guid":{"rendered":"https:\/\/www.oaxaca.gob.mx\/ciphuatulco\/?page_id=25"},"modified":"2025-07-24T12:16:21","modified_gmt":"2025-07-24T18:16:21","slug":"mision-vision-y-objetivos","status":"publish","type":"page","link":"https:\/\/www.oaxaca.gob.mx\/ciphuatulco\/mision-vision-y-objetivos\/","title":{"rendered":"Misi\u00f3n, Visi\u00f3n y Objetivos"},"content":{"rendered":"<h3>Misi\u00f3n<\/h3>\n<p style=\"text-align: justify;\">Garantizar la prestaci\u00f3n eficiente, sustentable y de calidad de los servicios de agua potable, saneamiento, manejo integral de residuos s\u00f3lidos, operaci\u00f3n del relleno sanitario, mantenimiento rutinario y la administraci\u00f3n de los bienes muebles e inmuebles que integran la estructura urbana del centro integralmente planeado (CIP) Huatulco, contribuyendo al bienestar de la poblaci\u00f3n, el desarrollo ordenado y la conservaci\u00f3n del entorno natural.<\/p>\n<h3>Visi\u00f3n<\/h3>\n<p style=\"text-align: justify;\">Ser un modelo nacional de gesti\u00f3n integral y sostenible de servicios urbanos, reconocido por su eficiencia operativa, responsabilidad ambiental, innovaci\u00f3n en el manejo de recursos y compromiso con la mejora continua del entorno urbano y la calidad de vida.<\/p>\n<h3>Objetivo General<\/h3>\n<p style=\"text-align: justify;\">La direcci\u00f3n general tendr\u00e1 como objeto la operaci\u00f3n de los servicios de agua, saneamiento, residuos s\u00f3lidos, relleno sanitario, mantenimiento rutinario y la administraci\u00f3n de los bienes muebles e inmuebles que conforman la infraestructura urbana del centro integralmente planeado Huatulco.<\/p>\n<h3>Objetivo Estrat\u00e9gico<\/h3>\n<p style=\"text-align: justify;\">Posicionar al CIP Huatulco como una regi\u00f3n competitiva para el desarrollo y preservaci\u00f3n de los sectores productivos, tur\u00edsticos y prestaci\u00f3n de servicios p\u00fablicos para proyectarlo como un nuevo eje internacional, tur\u00edstico, cultural, industrial y comercial.<\/p>\n","protected":false},"excerpt":{"rendered":"<p>Misi\u00f3n Garantizar la prestaci\u00f3n eficiente, sustentable y de calidad de los servicios de agua potable, saneamiento, manejo integral de residuos s\u00f3lidos, operaci\u00f3n del relleno sanitario, mantenimiento rutinario y la administraci\u00f3n de los bienes muebles e inmuebles que integran la estructura urbana del centro integralmente planeado (CIP) Huatulco, contribuyendo al bienestar de la poblaci\u00f3n, el desarrollo [&hellip;]<\/p>\n","protected":false},"author":1,"featured_media":0,"parent":0,"menu_order":0,"comment_status":"closed","ping_status":"closed","template":"","meta":{"episode_type":"","audio_file":"","podmotor_file_id":"","podmotor_episode_id":"","cover_image":"","cover_image_id":"","duration":"","filesize":"","filesize_raw":"","date_recorded":"","explicit":"","block":"","itunes_episode_number":"","itunes_title":"","itunes_season_number":"","itunes_episode_type":"","footnotes":""},"categories":[],"tags":[],"class_list":["post-25","page","type-page","status-publish","hentry"],"acf":[],"publishpress_future_action":{"enabled":false,"date":"2026-04-25 21:46:10","action":"change-status","newStatus":"draft","terms":[],"taxonomy":"category","extraData":[]},"publishpress_future_workflow_manual_trigger":{"enabledWorkflows":[]},"_links":{"self":[{"href":"https:\/\/www.oaxaca.gob.mx\/ciphuatulco\/wp-json\/wp\/v2\/pages\/25","targetHints":{"allow":["GET"]}}],"collection":[{"href":"https:\/\/www.oaxaca.gob.mx\/ciphuatulco\/wp-json\/wp\/v2\/pages"}],"about":[{"href":"https:\/\/www.oaxaca.gob.mx\/ciphuatulco\/wp-json\/wp\/v2\/types\/page"}],"author":[{"embeddable":true,"href":"https:\/\/www.oaxaca.gob.mx\/ciphuatulco\/wp-json\/wp\/v2\/users\/1"}],"replies":[{"embeddable":true,"href":"https:\/\/www.oaxaca.gob.mx\/ciphuatulco\/wp-json\/wp\/v2\/comments?post=25"}],"version-history":[{"count":2,"href":"https:\/\/www.oaxaca.gob.mx\/ciphuatulco\/wp-json\/wp\/v2\/pages\/25\/revisions"}],"predecessor-version":[{"id":28,"href":"https:\/\/www.oaxaca.gob.mx\/ciphuatulco\/wp-json\/wp\/v2\/pages\/25\/revisions\/28"}],"wp:attachment":[{"href":"https:\/\/www.oaxaca.gob.mx\/ciphuatulco\/wp-json\/wp\/v2\/media?parent=25"}],"wp:term":[{"taxonomy":"category","embeddable":true,"href":"https:\/\/www.oaxaca.gob.mx\/ciphuatulco\/wp-json\/wp\/v2\/categories?post=25"},{"taxonomy":"post_tag","embeddable":true,"href":"https:\/\/www.oaxaca.gob.mx\/ciphuatulco\/wp-json\/wp\/v2\/tags?post=25"}],"curies":[{"name":"wp","href":"https:\/\/api.w.org\/{rel}","templated":true}]}}