{"id":19,"date":"2020-04-27T17:20:01","date_gmt":"2020-04-27T17:20:01","guid":{"rendered":"https:\/\/q-www.oaxaca.gob.mx\/cgri\/?page_id=16"},"modified":"2020-04-27T17:20:01","modified_gmt":"2020-04-27T17:20:01","slug":"directorio","status":"publish","type":"page","link":"https:\/\/www.oaxaca.gob.mx\/cgri\/directorio\/","title":{"rendered":"Directorio"},"content":{"rendered":"\n<table id=\"tablepress-1\" class=\"tablepress tablepress-id-1\">\n<thead>\n<tr class=\"row-1\">\n\t<th class=\"column-1\">NOMBRE<\/th><th class=\"column-2\">CARGO<\/th><th class=\"column-3\">CORREO<\/th><th class=\"column-4\">TEL\u00c9FONO<\/th>\n<\/tr>\n<\/thead>\n<tbody class=\"row-striping row-hover\">\n<tr class=\"row-2\">\n\t<td class=\"column-1\"><br \/>\n<\/td><td class=\"column-2\">COORDINADOR GENERAL DE RELACIONES INTERNACIONALES<br \/>\n<br \/>\n<\/td><td class=\"column-3\"><\/td><td class=\"column-4\">01 (55) 55 31 63 78 al 80 EXT. 101<br \/>\n<\/td>\n<\/tr>\n<tr class=\"row-3\">\n\t<td class=\"column-1\">JUAN CARLOS CERVANTES CORT\u00c9S<\/td><td class=\"column-2\">JEFE DE DEPARTAMENTO JUR\u00cdDICO<\/td><td class=\"column-3\">carlos.cervantes@oaxaca.gob.mx<\/td><td class=\"column-4\">01 (55) 55 31 63 78 al 80 EXT. 107<\/td>\n<\/tr>\n<tr class=\"row-4\">\n\t<td class=\"column-1\">ANG\u00c9LICA GUZM\u00c1N COB\u00cdAN<\/td><td class=\"column-2\">JEFA DE DEPARTAMENTO ADMINISTRATIVO<\/td><td class=\"column-3\">angelica.cobian@oaxaca.gob.mx<\/td><td class=\"column-4\">01 (55) 55 31 63 78 al 80 EXT. 113<\/td>\n<\/tr>\n<tr class=\"row-5\">\n\t<td class=\"column-1\">GUILLERMO ZAMORA Y MART\u00cdNEZ<\/td><td class=\"column-2\">JEFE DE LA UNIDAD DE GEOPOL\u00cdTICA Y PROYECTOS ESTRAT\u00c9GICOS<\/td><td class=\"column-3\">guillermo.zamora@oaxaca.gob.mx<\/td><td class=\"column-4\">01 (55) 55 31 63 78 al 80 EXT. 120<\/td>\n<\/tr>\n<tr class=\"row-6\">\n\t<td class=\"column-1\">BLANCA TZINTZIRI C\u00d3RDOBA ISLAS<\/td><td class=\"column-2\">JEFA DE DEPARTAMENTO DE ATRACCI\u00d3N DE PROYECTOS DE INVERSI\u00d3N<\/td><td class=\"column-3\">blanca.cordoba@oaxaca.gob.mx<\/td><td class=\"column-4\">01 (55) 55 31 63 78 al 80 EXT. 106<\/td>\n<\/tr>\n<tr class=\"row-7\">\n\t<td class=\"column-1\">PAMELA PEREZ RAMIREZ RUIZ<\/td><td class=\"column-2\">JEFE DE DEPARTAMENTO DE PROYECTOS<\/td><td class=\"column-3\">pamela.perez@oaxaca.gob.mx<\/td><td class=\"column-4\">01 (55) 55 31 63 78 al 80 EXT. 114<\/td>\n<\/tr>\n<\/tbody>\n<\/table>\n<!-- #tablepress-1 from cache -->\n","protected":false},"excerpt":{"rendered":"","protected":false},"author":1,"featured_media":0,"parent":0,"menu_order":0,"comment_status":"closed","ping_status":"closed","template":"","meta":{"episode_type":"","audio_file":"","podmotor_file_id":"","podmotor_episode_id":"","cover_image":"","cover_image_id":"","duration":"","filesize":"","filesize_raw":"","date_recorded":"","explicit":"","block":"","itunes_episode_number":"","itunes_title":"","itunes_season_number":"","itunes_episode_type":"","footnotes":""},"categories":[],"tags":[],"class_list":["post-19","page","type-page","status-publish","hentry"],"acf":[],"publishpress_future_action":{"enabled":false,"date":"2026-04-23 23:53:36","action":"change-status","newStatus":"draft","terms":[],"taxonomy":"category","extraData":[]},"publishpress_future_workflow_manual_trigger":{"enabledWorkflows":[]},"_links":{"self":[{"href":"https:\/\/www.oaxaca.gob.mx\/cgri\/wp-json\/wp\/v2\/pages\/19","targetHints":{"allow":["GET"]}}],"collection":[{"href":"https:\/\/www.oaxaca.gob.mx\/cgri\/wp-json\/wp\/v2\/pages"}],"about":[{"href":"https:\/\/www.oaxaca.gob.mx\/cgri\/wp-json\/wp\/v2\/types\/page"}],"author":[{"embeddable":true,"href":"https:\/\/www.oaxaca.gob.mx\/cgri\/wp-json\/wp\/v2\/users\/1"}],"replies":[{"embeddable":true,"href":"https:\/\/www.oaxaca.gob.mx\/cgri\/wp-json\/wp\/v2\/comments?post=19"}],"version-history":[{"count":0,"href":"https:\/\/www.oaxaca.gob.mx\/cgri\/wp-json\/wp\/v2\/pages\/19\/revisions"}],"wp:attachment":[{"href":"https:\/\/www.oaxaca.gob.mx\/cgri\/wp-json\/wp\/v2\/media?parent=19"}],"wp:term":[{"taxonomy":"category","embeddable":true,"href":"https:\/\/www.oaxaca.gob.mx\/cgri\/wp-json\/wp\/v2\/categories?post=19"},{"taxonomy":"post_tag","embeddable":true,"href":"https:\/\/www.oaxaca.gob.mx\/cgri\/wp-json\/wp\/v2\/tags?post=19"}],"curies":[{"name":"wp","href":"https:\/\/api.w.org\/{rel}","templated":true}]}}