{"id":9032,"date":"2025-02-10T23:45:06","date_gmt":"2025-02-11T05:45:06","guid":{"rendered":"https:\/\/www.oaxaca.gob.mx\/cevi\/?page_id=9032"},"modified":"2025-02-12T10:35:27","modified_gmt":"2025-02-12T16:35:27","slug":"rop-viviendas-primavera","status":"publish","type":"page","link":"https:\/\/www.oaxaca.gob.mx\/cevi\/rop-viviendas-primavera\/","title":{"rendered":"ROP \u00abViviendas Primavera\u00bb"},"content":{"rendered":"<div class=\"container\">\n<ul class=\"nav nav-tabs\" id=\"myTab\" role=\"tablist\">\n<li class=\"nav-item\" role=\"presentation\">\n            <button class=\"nav-link active\" id=\"reglas_operacion-tab\" data-bs-toggle=\"tab\" data-bs-target=\"#reglas_operacion-tab-pane\" type=\"button\" role=\"tab\" aria-controls=\"reglas_operacion-tab-pane\">Reglas de operaci\u00f3n<\/button>\n        <\/li>\n<li class=\"nav-item\" role=\"presentation\">\n            <button class=\"nav-link\" id=\"checklist_requisitos-tab\" data-bs-toggle=\"tab\" data-bs-target=\"#checklist_requisitos-tab-pane\" type=\"button\" role=\"tab\" aria-controls=\"checklist_requisitos-tab-pane\">Check list de requisitos<\/button>\n        <\/li>\n<li class=\"nav-item\" role=\"presentation\">\n            <button class=\"nav-link\" id=\"anexosiiv-tab\" data-bs-toggle=\"tab\" data-bs-target=\"#anexosiiv-tab-pane\" type=\"button\" role=\"tab\" aria-controls=\"anexosiiv-tab-pane\">Anexos I-IV<\/button>\n        <\/li>\n<\/ul>\n<\/div>\n<div class=\"tab-content\" id=\"myTabContent\">\n<div class=\"tab-pane fade show active\" id=\"reglas_operacion-tab-pane\" role=\"tabpanel\" aria-labelledby=\"reglas_operacion-tab\">\n        <div class=\"su-spacer\" style=\"height:30px\"><\/div>\n<p><strong>LAS REGLAS DE OPERACI\u00d3N DEL PROGRAMA \u201cVIVIENDAS PRIMAVERA\u201d 2025<\/strong><\/p>\n<p>        Son una respuesta a la necesidad de emitir la normatividad que funja como instrumento de legalidad, transparencia y eficiencia en el manejo de los recursos p\u00fablicos, estableciendo los mecanismos bajo los cuales se implementa el programa.<\/p>\n<p>El Gobernador Constitucional del Estado; Ing. Salom\u00f3n Jara Cruz, instruy\u00f3 a Vivienda Bienestar, dar continuidad al programa que contribuye a garantizar una vivienda digna priorizando a la poblaci\u00f3n m\u00e1s vulnerable mediante apoyos en especie a trav\u00e9s del VIVIENDAS PRIMAVERA, programa que representa una intervenci\u00f3n de Gobierno para el combate a la pobreza.<\/p>\n<li><a href=\"#\" rel=\"noopener\" target=\"_blank\">Reglas de Operaci\u00f3n \u00abVivienda Primavera\u00bb 2025<\/a><\/li><\/div>\n<div class=\"tab-pane fade\" id=\"checklist_requisitos-tab-pane\" role=\"tabpanel\" aria-labelledby=\"checklist_requisitos-tab\">\n        <div class=\"su-spacer\" style=\"height:30px\"><\/div>\n        <strong>DESCRIPCI\u00d3N<\/strong><br \/>\n        Programa dirigido a la poblaci\u00f3n con carencias en materia de vivienda y que se encuentran en condiciones de rezago, marginaci\u00f3n o pobreza.<\/p>\n<p>        <strong>TIPO DE APOYO<\/strong><br \/>\n        En especie; con obras de mejoramiento de vivienda o equipamiento con alternativas autosustentables de servicios b\u00e1sicos<\/p>\n<p>        <strong>RECOMENDACIONES<\/strong><br \/>\n        <strong>Antes de cualquier tramite<\/strong><\/p>\n<ul>\n<li>Leer detenidamente las Reglas de Operaci\u00f3n que se descargaran en esta secci\u00f3n<\/li>\n<li>Revisar el material gu\u00eda para el llenado de anexos (videos tutoriales)<\/li>\n<li>Asegurarse de que cumple con los criterios que establece el programa<\/li>\n<li>Debe habitar la vivienda que desea promover para el beneficio<\/li>\n<li>Su documentaci\u00f3n debe ser legible y vigente<\/li>\n<\/ul>\n<p>       <strong>DUDAS O PREGUNTAS<\/strong><br \/>\n       <a href=\"https:\/\/www.oaxaca.gob.mx\/cevi\/\">https:\/\/www.oaxaca.gob.mx\/cevi\/<\/a><\/p>\n<p>       Tel\u00e9fonos 951 5016900. Ext 24782, 24760<\/p>\n<p>       Correo electr\u00f3nico: <a href=\"mailto:vibienplaneacion@gmail.com.mx\">vibienplaneacion@gmail.com.mx<\/a><\/p><\/div>\n<div class=\"tab-pane fade\" id=\"anexosiiv-tab-pane\" role=\"tabpanel\" aria-labelledby=\"anexosiiv-tab\">\n        <div class=\"su-spacer\" style=\"height:30px\"><\/div>\n<ul>\n<li><a href=\"#\" rel=\"noopener\" target=\"_blank\">ANEXO I_SOLICITUD_COMIT\u00c9_2025<\/a><\/li>\n<li><a href=\"#\" rel=\"noopener\" target=\"_blank\">ANEXO II_ ACTA_COMIT\u00c9_PS_2025<\/a><\/li>\n<li><a href=\"#\" rel=\"noopener\" target=\"_blank\">ANEXO III_Padron_de_Beneficiarios_Vibien_2025<\/a><\/li>\n<li><a href=\"#\" rel=\"noopener\" target=\"_blank\">ANEXO IV_SOLICITUD_INDIVIDUAL_SOLICITANTE_2025<\/a><\/li>\n<\/ul><\/div>\n<\/div>\n<div class=\"su-spacer\" style=\"height:100px\"><\/div>\n<h4 class=\"titulos\"> Sitios de consulta relacionados <\/h3>\n<ul>\n<li><a href=\"https:\/\/www.gob.mx\/cms\/uploads\/attachment\/file\/889434\/FM20Oaxaca24.pdf\" rel=\"noopener\" target=\"_blank\">Informes de pobreza municipal (Secretar\u00eda de Bienestar)<\/a><\/li>\n<li><a href=\"https:\/\/sisge.bienestar.gob.mx\/sisge\" rel=\"noopener\" target=\"_blank\">Plataforma SISGE (Secretar\u00eda de Bienestar)<\/a><\/li>\n<li><a href=\"https:\/\/www.oaxaca.gob.mx\/cevi\/wp-content\/uploads\/sites\/70\/2025\/02\/MIR-2025-VIBIEN.pdf\" rel=\"noopener\" target=\"_blank\">Matriz de indicadores de resultados del programa \u00abFortalecimiento a la Vivienda\u00bb 2025<\/a><\/li>\n<\/ul>\n<div class=\"su-spacer\" style=\"height:30px\"><\/div>\n","protected":false},"excerpt":{"rendered":"<p>Reglas de operaci\u00f3n Check list de requisitos Anexos I-IV LAS REGLAS DE OPERACI\u00d3N DEL PROGRAMA \u201cVIVIENDAS PRIMAVERA\u201d 2025 Son una respuesta a la necesidad de emitir la normatividad que funja como instrumento de legalidad, transparencia y eficiencia en el manejo de los recursos p\u00fablicos, estableciendo los mecanismos bajo los cuales se implementa el programa. El [&hellip;]<\/p>\n","protected":false},"author":76,"featured_media":0,"parent":0,"menu_order":0,"comment_status":"closed","ping_status":"closed","template":"","meta":{"episode_type":"","audio_file":"","podmotor_file_id":"","podmotor_episode_id":"","cover_image":"","cover_image_id":"","duration":"","filesize":"","filesize_raw":"","date_recorded":"","explicit":"","block":"","itunes_episode_number":"","itunes_title":"","itunes_season_number":"","itunes_episode_type":"","footnotes":""},"categories":[],"tags":[],"class_list":["post-9032","page","type-page","status-publish","hentry"],"acf":[],"publishpress_future_action":{"enabled":false,"date":"2026-04-25 15:43:08","action":"change-status","newStatus":"draft","terms":[],"taxonomy":"category","extraData":[]},"publishpress_future_workflow_manual_trigger":{"enabledWorkflows":[]},"_links":{"self":[{"href":"https:\/\/www.oaxaca.gob.mx\/cevi\/wp-json\/wp\/v2\/pages\/9032","targetHints":{"allow":["GET"]}}],"collection":[{"href":"https:\/\/www.oaxaca.gob.mx\/cevi\/wp-json\/wp\/v2\/pages"}],"about":[{"href":"https:\/\/www.oaxaca.gob.mx\/cevi\/wp-json\/wp\/v2\/types\/page"}],"author":[{"embeddable":true,"href":"https:\/\/www.oaxaca.gob.mx\/cevi\/wp-json\/wp\/v2\/users\/76"}],"replies":[{"embeddable":true,"href":"https:\/\/www.oaxaca.gob.mx\/cevi\/wp-json\/wp\/v2\/comments?post=9032"}],"version-history":[{"count":2,"href":"https:\/\/www.oaxaca.gob.mx\/cevi\/wp-json\/wp\/v2\/pages\/9032\/revisions"}],"predecessor-version":[{"id":9060,"href":"https:\/\/www.oaxaca.gob.mx\/cevi\/wp-json\/wp\/v2\/pages\/9032\/revisions\/9060"}],"wp:attachment":[{"href":"https:\/\/www.oaxaca.gob.mx\/cevi\/wp-json\/wp\/v2\/media?parent=9032"}],"wp:term":[{"taxonomy":"category","embeddable":true,"href":"https:\/\/www.oaxaca.gob.mx\/cevi\/wp-json\/wp\/v2\/categories?post=9032"},{"taxonomy":"post_tag","embeddable":true,"href":"https:\/\/www.oaxaca.gob.mx\/cevi\/wp-json\/wp\/v2\/tags?post=9032"}],"curies":[{"name":"wp","href":"https:\/\/api.w.org\/{rel}","templated":true}]}}