{"id":81,"date":"2018-03-06T01:17:50","date_gmt":"2018-03-06T07:17:50","guid":{"rendered":"http:\/\/www.ceppems.oaxaca.gob.mx\/?page_id=81"},"modified":"2019-11-20T15:05:37","modified_gmt":"2019-11-20T21:05:37","slug":"direccion-de-planeacion","status":"publish","type":"page","link":"https:\/\/www.oaxaca.gob.mx\/ceppems\/directorio\/direccion-de-planeacion\/","title":{"rendered":"Direcci\u00f3n de Planeaci\u00f3n"},"content":{"rendered":"<p><strong>Funciones:<\/strong><\/p>\n<ul>\n<li>Coadyuvar al dise\u00f1o de estrategias de diagn\u00f3stico de las instituciones de nivel medio superior que permitan evaluar la calidad educativa de los planteles;<\/li>\n<li>Elaborar, integrar e informar al Secretario T\u00e9cnico el diagn\u00f3stico situacional de los planteles de educaci\u00f3n media superior;<\/li>\n<li>Formular, establecer y difundir instrumentos de planeaci\u00f3n que permitan mejorar la calidad educativa de los planteles de educaci\u00f3n media superior;<\/li>\n<li>Dar seguimiento a los convenios y acuerdos que la CEPPEMS establezca con instancias, dependencias, entidades u organismos que ayuden a mejorar la calidad de la educaci\u00f3n media superior;<\/li>\n<li>Dise\u00f1ar y actualizar bancos de datos estad\u00edsticos, accesibles a los particulares, a las Instituciones de Educaci\u00f3n Superior, as\u00ed como de Instituciones de Educaci\u00f3n Media Superior, IES y EMS, con la finalidad de aprovechar el Sistema de Estad\u00edsticas Continuas<\/li>\n<li>de la Secretar\u00eda de Educaci\u00f3n P\u00fablica, en complemento con otros sistemas de informaci\u00f3n a nivel estatal;<\/li>\n<li>Integrar las propuestas de creaci\u00f3n de nuevas instituciones p\u00fablicas de nivel medio superior en Estado y someternos a consideraci\u00f3n del Grupo T\u00e9cnico especializado y al Pleno de la CEPPEMS;<\/li>\n<li>Inspeccionar permanentemente los subsistemas de educaci\u00f3n media superior a fin de impulsar acciones que promuevan y fortalezcan el nivel educativo de los planteles<\/li>\n<li>Dise\u00f1ar, proponer y coordinar el Plan Operativo Anual de las actividades que en materia de planeaci\u00f3n y dem\u00e1s proyectos les sean asignados a la Direcci\u00f3n por el Secretario T\u00e9cnico;<\/li>\n<li>Dise\u00f1ar los informes de los programas, proyectos, acciones y metas alcanzadas por la CEPPEMS;<\/li>\n<li>Dise\u00f1ar y distribuir el presupuesto autorizado para el programa y proyecto mencionado anteriormente, as\u00ed como realizar el seguimiento a la ejecuci\u00f3n del mismo;<\/li>\n<li>Integrar los informes para el Secretario T\u00e9cnico de los proyectos que dirige o en los que interviene esta Direcci\u00f3n;<\/li>\n<li>Proporcionar a la Unidad de Enlace, la informaci\u00f3n que requiera para el cumplimiento de la Ley de Transparencia y Acceso a la Informaci\u00f3n P\u00fablica;<\/li>\n<li>Diagnosticar la pertinencia que tienen los planteles privados que buscan obtener el Reconocimiento de Validez Oficial de Estudios; Determinar que los planteles privados que busquen obtener Reconocimiento de Validez Oficial de Estudios son apropiados para la misma;<\/li>\n<li>Coadyuvar en la formulaci\u00f3n de las pol\u00edticas de educaci\u00f3n media superior y en la integraci\u00f3n del programa educativo estatal;<\/li>\n<li>Implementar los mecanismos necesarios para el logro de los objetivos de la Direcci\u00f3n Planteados en el POA;<\/li>\n<\/ul>\n<p><b>Titular:<\/b><br \/>\nLic. Amaranta Thelma Chavez Villavicencio<br \/>\nCorreo: planeacion.ceppems@oaxaca.gob.mx<\/p>\n","protected":false},"excerpt":{"rendered":"<p>Funciones: Coadyuvar al dise\u00f1o de estrategias de diagn\u00f3stico de las instituciones de nivel medio superior que permitan evaluar la calidad educativa de los planteles; Elaborar, integrar e informar al Secretario T\u00e9cnico el diagn\u00f3stico situacional de los planteles de educaci\u00f3n media superior; Formular, establecer y difundir instrumentos de planeaci\u00f3n que permitan mejorar la calidad educativa de [&hellip;]<\/p>\n","protected":false},"author":1,"featured_media":0,"parent":73,"menu_order":0,"comment_status":"closed","ping_status":"closed","template":"","meta":{"episode_type":"","audio_file":"","podmotor_file_id":"","podmotor_episode_id":"","cover_image":"","cover_image_id":"","duration":"","filesize":"","filesize_raw":"","date_recorded":"","explicit":"","block":"","itunes_episode_number":"","itunes_title":"","itunes_season_number":"","itunes_episode_type":"","footnotes":""},"categories":[],"tags":[],"class_list":["post-81","page","type-page","status-publish","hentry"],"acf":[],"publishpress_future_action":{"enabled":false,"date":"2026-04-26 06:56:02","action":"change-status","newStatus":"draft","terms":[],"taxonomy":"category","extraData":[]},"publishpress_future_workflow_manual_trigger":{"enabledWorkflows":[]},"_links":{"self":[{"href":"https:\/\/www.oaxaca.gob.mx\/ceppems\/wp-json\/wp\/v2\/pages\/81","targetHints":{"allow":["GET"]}}],"collection":[{"href":"https:\/\/www.oaxaca.gob.mx\/ceppems\/wp-json\/wp\/v2\/pages"}],"about":[{"href":"https:\/\/www.oaxaca.gob.mx\/ceppems\/wp-json\/wp\/v2\/types\/page"}],"author":[{"embeddable":true,"href":"https:\/\/www.oaxaca.gob.mx\/ceppems\/wp-json\/wp\/v2\/users\/1"}],"replies":[{"embeddable":true,"href":"https:\/\/www.oaxaca.gob.mx\/ceppems\/wp-json\/wp\/v2\/comments?post=81"}],"version-history":[{"count":3,"href":"https:\/\/www.oaxaca.gob.mx\/ceppems\/wp-json\/wp\/v2\/pages\/81\/revisions"}],"predecessor-version":[{"id":1104,"href":"https:\/\/www.oaxaca.gob.mx\/ceppems\/wp-json\/wp\/v2\/pages\/81\/revisions\/1104"}],"up":[{"embeddable":true,"href":"https:\/\/www.oaxaca.gob.mx\/ceppems\/wp-json\/wp\/v2\/pages\/73"}],"wp:attachment":[{"href":"https:\/\/www.oaxaca.gob.mx\/ceppems\/wp-json\/wp\/v2\/media?parent=81"}],"wp:term":[{"taxonomy":"category","embeddable":true,"href":"https:\/\/www.oaxaca.gob.mx\/ceppems\/wp-json\/wp\/v2\/categories?post=81"},{"taxonomy":"post_tag","embeddable":true,"href":"https:\/\/www.oaxaca.gob.mx\/ceppems\/wp-json\/wp\/v2\/tags?post=81"}],"curies":[{"name":"wp","href":"https:\/\/api.w.org\/{rel}","templated":true}]}}