{"id":44,"date":"2019-05-02T22:40:15","date_gmt":"2019-05-02T20:40:15","guid":{"rendered":"https:\/\/www.oaxaca.gob.mx\/cendissp\/?page_id=44"},"modified":"2022-06-09T18:34:07","modified_gmt":"2022-06-09T23:34:07","slug":"marco-juridico","status":"publish","type":"page","link":"https:\/\/www.oaxaca.gob.mx\/cendissp\/marco-juridico\/","title":{"rendered":"Marco Jur\u00eddico"},"content":{"rendered":"<p>&nbsp;<\/p>\n<nav style=\"margin-bottom: 30px\">\n<div id=\"nav-tab\" class=\"nav nav-tabs\" role=\"tablist\"><a id=\"nav_tab_uno\" class=\"nav-item nav-link active\" role=\"tab\" href=\"#nav_uno\" data-toggle=\"tab\">Nivel Federal<\/a><br \/>\n<a id=\"nav_tab_dos\" class=\"nav-item nav-link\" role=\"tab\" href=\"#nav_dos\" data-toggle=\"tab\">Nivel Estatal<\/a><\/div>\n<\/nav>\n<div id=\"nav-tabContent\" class=\"tab-content\">\n<div id=\"nav_uno\" class=\"tab-pane fade show active\" role=\"tabpanel\" aria-labelledby=\"nav_tab_uno\">\n<h4>Nivel Federal<\/h4>\n\n<table id=\"tablepress-4\" class=\"tablepress tablepress-id-4\">\n<thead>\n<tr class=\"row-1\">\n\t<th class=\"column-1\">Marco Jur\u00eddico<br \/>\nNivel Federal<\/th>\n<\/tr>\n<\/thead>\n<tbody class=\"row-striping row-hover\">\n<tr class=\"row-2\">\n\t<td class=\"column-1\"><a href=\"https:\/\/sspo.gob.mx\/wp-content\/uploads\/2021\/08\/CONSTITUCION-POLITICA-DE-LOS-ESTADOS-UNIDOS-MEXICANOS.pdf\">\u2022\tConstituci\u00f3n Pol\u00edtica de los Estados Unidos Mexicanos. <\/a> Publicada en el Diario Oficial de la Federaci\u00f3n el 5 de febrero de 1917.\u00daltima reforma publicada el 30 de noviembre de 2017.<\/td>\n<\/tr>\n<tr class=\"row-3\">\n\t<td class=\"column-1\"><a href=\"https:\/\/sspo.gob.mx\/wp-content\/uploads\/2021\/08\/LEY-GENERAL-DEL-SISTEMA-NACIONAL-DE-SEGURIDAD-PUBLICA..pdf\">\u2022\t    Ley General del Sistema Nacional de Seguridad P\u00fablica. <\/a><br \/>\nPublicada en el Peri\u00f3dico Oficial de la Federaci\u00f3n el 02 de enero de 2009.\t\u00daltima reforma publicada el 26 de junio de 2017.<\/td>\n<\/tr>\n<\/tbody>\n<\/table>\n<!-- #tablepress-4 from cache -->\n<\/div>\n<div id=\"nav_dos\" class=\"tab-pane fade\" role=\"tabpanel\" aria-labelledby=\"nav_tab_dos\">\n<h4>Nivel Estatal<\/h4>\n\n<table id=\"tablepress-5\" class=\"tablepress tablepress-id-5\">\n<thead>\n<tr class=\"row-1\">\n\t<th class=\"column-1\">Marco Jur\u00eddico<br \/>\nNivel Estatal<\/th>\n<\/tr>\n<\/thead>\n<tbody class=\"row-striping row-hover\">\n<tr class=\"row-2\">\n\t<td class=\"column-1\"><a href=\"https:\/\/sspo.gob.mx\/wp-content\/uploads\/2021\/08\/CONSTITUCION-POLITICA-DEL-ESTADO-LIBRE-Y-SOBERANO-DE-OAXACA..pdf\">\u2022\tConstituci\u00f3n Pol\u00edtica del Estado Libre y Soberano de Oaxaca.<\/a><br \/>\nPromulgada por bando solemne el 04 de abril de 1922.<br \/>\n\u00daltima reforma publicada en el Peri\u00f3dico Oficial del Gobierno del Estado el 16 de enero de 2018.<\/td>\n<\/tr>\n<tr class=\"row-3\">\n\t<td class=\"column-1\"><a href=\"https:\/\/sspo.gob.mx\/wp-content\/uploads\/2021\/08\/LEY-DE-TRANSPARENCIA-Y-ACCESO-A-LA-INFORMACION-PUBLICA-PARA-EL-ESTADO-DE-OAXACA..pdf\">\u2022\tLey de Transparencia y Acceso a la Informaci\u00f3n P\u00fablica para el Estado de Oaxaca. <\/a><br \/>\nPublicada en el Peri\u00f3dico Oficial del Gobierno del Estado el 11 de marzo de 2016.<br \/>\n\u00daltima reforma publicada el 20  de octubre de  2017.<\/td>\n<\/tr>\n<tr class=\"row-4\">\n\t<td class=\"column-1\"><a href=\"https:\/\/sspo.gob.mx\/wp-content\/uploads\/2021\/08\/LEY-DEL-SISTEMA-ESTATAL-DE-SEGURIDAD-PUBLICA-DE-OAXACA..pdf\">\u2022\tLey del Sistema Estatal de Seguridad P\u00fablica de Oaxaca<\/a><br \/>\nPublicada en el Peri\u00f3dico Oficial del Gobierno del Estado el 20 de septiembre de 2011. <br \/>\n\u00daltima reforma publicada el 26 de agosto de 2015.<\/td>\n<\/tr>\n<tr class=\"row-5\">\n\t<td class=\"column-1\">\u2022\tLey de Educaci\u00f3n para el Estado Libre y Soberano de Oaxaca. <br \/>\nPublicada en el Peri\u00f3dico Oficial del Gobierno del Estado el 11 de abril de 2016.<br \/>\nhttps:\/\/www.osfeoaxaca.gob.mx\/pdf\/transparencia\/fraccionI\/estatal\/25LeyEstatalEducacion.pdf<\/td>\n<\/tr>\n<tr class=\"row-6\">\n\t<td class=\"column-1\"><a href=\"https:\/\/sspo.gob.mx\/wp-content\/uploads\/2017\/02\/DECRETO-POR-EL-QUE-SE-ESTABLECEN-LAS-FACULTADES-DEL-%C3%93RGA-1.pdf\">\u2022\tDecreto por el que se establecen las facultades del \u00d3rgano Administrativo Desconcentrado de la Secretar\u00eda de Seguridad P\u00fablica, denominado Centro de Desarrollo Infantil.<\/a><br \/>\nPublicado en el Peri\u00f3dico Oficial del Gobierno del Estado el 7 de mayo de 2016.<\/td>\n<\/tr>\n<tr class=\"row-7\">\n\t<td class=\"column-1\"><a href=\"https:\/\/sspo.gob.mx\/wp-content\/uploads\/2021\/08\/REGLAMENTO-INTERNO-DEL-ORGANO-ADMINISTRATIVO-DESCONCENTRADO-DE-LA-SECRETARIA-DE-SEGURIDAD-PUBLICA-DENOMINADO-CENTRO-DE-DESARROLLO-INFANTIL..pdf\">\u2022\tReglamento Interno del \u00d3rgano Administrativo Desconcentrado de la Secretar\u00eda de Seguridad P\u00fablica, denominado Centro de Desarrollo Infantil.<\/a><br \/>\nPublicado en el Peri\u00f3dico Oficial del Gobierno del Estado el 27 de agosto de 2016. <\/td>\n<\/tr>\n<\/tbody>\n<\/table>\n<!-- #tablepress-5 from cache -->\n<\/div>\n<\/div>\n","protected":false},"excerpt":{"rendered":"<p>&nbsp; Nivel Federal Nivel Estatal Nivel Federal Nivel Estatal<\/p>\n","protected":false},"author":1,"featured_media":0,"parent":0,"menu_order":0,"comment_status":"closed","ping_status":"closed","template":"","meta":{"episode_type":"","audio_file":"","podmotor_file_id":"","podmotor_episode_id":"","cover_image":"","cover_image_id":"","duration":"","filesize":"","filesize_raw":"","date_recorded":"","explicit":"","block":"","itunes_episode_number":"","itunes_title":"","itunes_season_number":"","itunes_episode_type":"","footnotes":""},"categories":[],"tags":[],"class_list":["post-44","page","type-page","status-publish","hentry"],"acf":[],"publishpress_future_action":{"enabled":false,"date":"2026-05-11 12:12:18","action":"change-status","newStatus":"draft","terms":[],"taxonomy":"category","extraData":[]},"publishpress_future_workflow_manual_trigger":{"enabledWorkflows":[]},"_links":{"self":[{"href":"https:\/\/www.oaxaca.gob.mx\/cendissp\/wp-json\/wp\/v2\/pages\/44","targetHints":{"allow":["GET"]}}],"collection":[{"href":"https:\/\/www.oaxaca.gob.mx\/cendissp\/wp-json\/wp\/v2\/pages"}],"about":[{"href":"https:\/\/www.oaxaca.gob.mx\/cendissp\/wp-json\/wp\/v2\/types\/page"}],"author":[{"embeddable":true,"href":"https:\/\/www.oaxaca.gob.mx\/cendissp\/wp-json\/wp\/v2\/users\/1"}],"replies":[{"embeddable":true,"href":"https:\/\/www.oaxaca.gob.mx\/cendissp\/wp-json\/wp\/v2\/comments?post=44"}],"version-history":[{"count":2,"href":"https:\/\/www.oaxaca.gob.mx\/cendissp\/wp-json\/wp\/v2\/pages\/44\/revisions"}],"predecessor-version":[{"id":259,"href":"https:\/\/www.oaxaca.gob.mx\/cendissp\/wp-json\/wp\/v2\/pages\/44\/revisions\/259"}],"wp:attachment":[{"href":"https:\/\/www.oaxaca.gob.mx\/cendissp\/wp-json\/wp\/v2\/media?parent=44"}],"wp:term":[{"taxonomy":"category","embeddable":true,"href":"https:\/\/www.oaxaca.gob.mx\/cendissp\/wp-json\/wp\/v2\/categories?post=44"},{"taxonomy":"post_tag","embeddable":true,"href":"https:\/\/www.oaxaca.gob.mx\/cendissp\/wp-json\/wp\/v2\/tags?post=44"}],"curies":[{"name":"wp","href":"https:\/\/api.w.org\/{rel}","templated":true}]}}