{"id":38,"date":"2019-05-02T22:38:16","date_gmt":"2019-05-02T20:38:16","guid":{"rendered":"https:\/\/www.oaxaca.gob.mx\/cendissp\/?page_id=38"},"modified":"2022-06-09T17:56:18","modified_gmt":"2022-06-09T22:56:18","slug":"directorio","status":"publish","type":"page","link":"https:\/\/www.oaxaca.gob.mx\/cendissp\/directorio\/","title":{"rendered":"Directorio"},"content":{"rendered":"\n<table id=\"tablepress-1\" class=\"tablepress tablepress-id-1\">\n<thead>\n<tr class=\"row-1\">\n\t<th class=\"column-1\">Nombre<\/th><th class=\"column-2\">Tel\u00e9fono<\/th><th class=\"column-3\">Cargo<\/th>\n<\/tr>\n<\/thead>\n<tbody class=\"row-striping row-hover\">\n<tr class=\"row-2\">\n\t<td class=\"column-1\">Lic. Ana Laura Prats Aparicio<\/td><td class=\"column-2\">6  88  84  91<\/td><td class=\"column-3\">Encargada del despacho de la Coordinaci\u00f3n del CENDI de la SSPC<\/td>\n<\/tr>\n<tr class=\"row-3\">\n\t<td class=\"column-1\">Lic. Edith Villanueva L\u00f3pez<\/td><td class=\"column-2\">6  88  84  91<\/td><td class=\"column-3\">Encargada del Departamento de Pedagog\u00eda<\/td>\n<\/tr>\n<tr class=\"row-4\">\n\t<td class=\"column-1\">Lic. Carlos de Jes\u00fas Cabrera L\u00f3pez<\/td><td class=\"column-2\">6  88  84  91<\/td><td class=\"column-3\">Enlace administrativo del Centro de Desarrollo Infantil<\/td>\n<\/tr>\n<tr class=\"row-5\">\n\t<td class=\"column-1\">Lic. Nancy P\u00e9rez Ramos<\/td><td class=\"column-2\">6  88  84  91<\/td><td class=\"column-3\">Responsable de la Unidad de Transparencia<\/td>\n<\/tr>\n<tr class=\"row-6\">\n\t<td class=\"column-1\">Lic. Yazm\u00edn Elizabeth  L\u00f3pez L\u00f3pez<\/td><td class=\"column-2\">6  88 84  91 <\/td><td class=\"column-3\">Responsable de la Unidad de G\u00e9nero <\/td>\n<\/tr>\n<\/tbody>\n<\/table>\n<!-- #tablepress-1 from cache -->\n","protected":false},"excerpt":{"rendered":"","protected":false},"author":1,"featured_media":0,"parent":0,"menu_order":0,"comment_status":"closed","ping_status":"closed","template":"","meta":{"episode_type":"","audio_file":"","podmotor_file_id":"","podmotor_episode_id":"","cover_image":"","cover_image_id":"","duration":"","filesize":"","filesize_raw":"","date_recorded":"","explicit":"","block":"","itunes_episode_number":"","itunes_title":"","itunes_season_number":"","itunes_episode_type":"","footnotes":""},"categories":[],"tags":[],"class_list":["post-38","page","type-page","status-publish","hentry"],"acf":[],"publishpress_future_action":{"enabled":false,"date":"2026-05-11 12:12:43","action":"change-status","newStatus":"draft","terms":[],"taxonomy":"category","extraData":[]},"publishpress_future_workflow_manual_trigger":{"enabledWorkflows":[]},"_links":{"self":[{"href":"https:\/\/www.oaxaca.gob.mx\/cendissp\/wp-json\/wp\/v2\/pages\/38","targetHints":{"allow":["GET"]}}],"collection":[{"href":"https:\/\/www.oaxaca.gob.mx\/cendissp\/wp-json\/wp\/v2\/pages"}],"about":[{"href":"https:\/\/www.oaxaca.gob.mx\/cendissp\/wp-json\/wp\/v2\/types\/page"}],"author":[{"embeddable":true,"href":"https:\/\/www.oaxaca.gob.mx\/cendissp\/wp-json\/wp\/v2\/users\/1"}],"replies":[{"embeddable":true,"href":"https:\/\/www.oaxaca.gob.mx\/cendissp\/wp-json\/wp\/v2\/comments?post=38"}],"version-history":[{"count":4,"href":"https:\/\/www.oaxaca.gob.mx\/cendissp\/wp-json\/wp\/v2\/pages\/38\/revisions"}],"predecessor-version":[{"id":248,"href":"https:\/\/www.oaxaca.gob.mx\/cendissp\/wp-json\/wp\/v2\/pages\/38\/revisions\/248"}],"wp:attachment":[{"href":"https:\/\/www.oaxaca.gob.mx\/cendissp\/wp-json\/wp\/v2\/media?parent=38"}],"wp:term":[{"taxonomy":"category","embeddable":true,"href":"https:\/\/www.oaxaca.gob.mx\/cendissp\/wp-json\/wp\/v2\/categories?post=38"},{"taxonomy":"post_tag","embeddable":true,"href":"https:\/\/www.oaxaca.gob.mx\/cendissp\/wp-json\/wp\/v2\/tags?post=38"}],"curies":[{"name":"wp","href":"https:\/\/api.w.org\/{rel}","templated":true}]}}