{"id":371,"date":"2025-12-02T12:28:58","date_gmt":"2025-12-02T18:28:58","guid":{"rendered":"https:\/\/www.oaxaca.gob.mx\/cendissp\/?page_id=371"},"modified":"2025-12-09T13:35:26","modified_gmt":"2025-12-09T19:35:26","slug":"noticias","status":"publish","type":"page","link":"https:\/\/www.oaxaca.gob.mx\/cendissp\/noticias\/","title":{"rendered":"Noticias"},"content":{"rendered":"\n\n<ul class=\"su-posts su-posts-list-loop \">\n\n\t\t\t\t\t\t\n\t\t\t\n\t\t\t<li id=\"su-post-1069\" class=\"su-post \">\n\t\t\t\t<a href=\"https:\/\/www.oaxaca.gob.mx\/cendissp\/exploracion-y-compresion-de-la-biodiversidad-la-naturaleza-y-los-ecosistemas\/\">Exploraci\u00f3n y compresi\u00f3n de la biodiversidad, la naturaleza y los ecosistemas.<\/a>\n\t\t\t<\/li>\n\n\t\t\t\t\t\n\t\t\t\n\t\t\t<li id=\"su-post-1059\" class=\"su-post \">\n\t\t\t\t<a href=\"https:\/\/www.oaxaca.gob.mx\/cendissp\/dia-naranja-prevenir-la-violencia-contra-mujeres-y-ninas\/\">D\u00eda naranja: Prevenir la violencia contra mujeres y ni\u00f1as<\/a>\n\t\t\t<\/li>\n\n\t\t\t\t\t\n\t\t\t\n\t\t\t<li id=\"su-post-1028\" class=\"su-post \">\n\t\t\t\t<a href=\"https:\/\/www.oaxaca.gob.mx\/cendissp\/dia-de-la-samaritana\/\">D\u00eda de la samaritana<\/a>\n\t\t\t<\/li>\n\n\t\t\t\t\t\n\t\t\t\n\t\t\t<li id=\"su-post-1025\" class=\"su-post \">\n\t\t\t\t<a href=\"https:\/\/www.oaxaca.gob.mx\/cendissp\/educacion-vial\/\">Educaci\u00f3n vial<\/a>\n\t\t\t<\/li>\n\n\t\t\t\t\t\n\t\t\t\n\t\t\t<li id=\"su-post-1022\" class=\"su-post \">\n\t\t\t\t<a href=\"https:\/\/www.oaxaca.gob.mx\/cendissp\/curso-seguridad-de-la-informacion-para-trabajadores-y-prevencion-de-fraudes-ciberneticos\/\">Curso: Seguridad de la informaci\u00f3n para trabajadores y Prevenci\u00f3n de fraudes cibern\u00e9ticos<\/a>\n\t\t\t<\/li>\n\n\t\t\t\t\t\n\t\t\t\n\t\t\t<li id=\"su-post-967\" class=\"su-post \">\n\t\t\t\t<a href=\"https:\/\/www.oaxaca.gob.mx\/cendissp\/curso-de-evacuacion-de-inmuebles\/\">Curso de evacuaci\u00f3n de inmuebles<\/a>\n\t\t\t<\/li>\n\n\t\t\t\t\t\n\t\t\t\n\t\t\t<li id=\"su-post-964\" class=\"su-post \">\n\t\t\t\t<a href=\"https:\/\/www.oaxaca.gob.mx\/cendissp\/explorando-la-ciencia-la-ciencia-en-los-pueblos-y-de-receso-la-ciencia\/\">Explorando la ciencia, la ciencia en los pueblos y de receso la ciencia<\/a>\n\t\t\t<\/li>\n\n\t\t\t\t\t\n\t\t\t\n\t\t\t<li id=\"su-post-959\" class=\"su-post \">\n\t\t\t\t<a href=\"https:\/\/www.oaxaca.gob.mx\/cendissp\/pequenos-cientificos-grandes-inventos\/\">Peque\u00f1os cient\u00edficos, grandes inventos.<\/a>\n\t\t\t<\/li>\n\n\t\t\t\t\t\n\t\t\t\n\t\t\t<li id=\"su-post-953\" class=\"su-post \">\n\t\t\t\t<a href=\"https:\/\/www.oaxaca.gob.mx\/cendissp\/convivencia-familiar\/\">Convivencia familiar<\/a>\n\t\t\t<\/li>\n\n\t\t\t\t\t\n\t\t\t\n\t\t\t<li id=\"su-post-924\" class=\"su-post \">\n\t\t\t\t<a href=\"https:\/\/www.oaxaca.gob.mx\/cendissp\/campana-de-vacunacion-contra-el-sarampion-influenza\/\">Campa\u00f1a de vacunaci\u00f3n contra el sarampi\u00f3n e influenza<\/a>\n\t\t\t<\/li>\n\n\t\t\t\t\t\n\t\t\t\n\t\t\t<li id=\"su-post-921\" class=\"su-post \">\n\t\t\t\t<a href=\"https:\/\/www.oaxaca.gob.mx\/cendissp\/manana-de-trabajo\/\">Ma\u00f1ana de trabajo<\/a>\n\t\t\t<\/li>\n\n\t\t\t\t\t\n\t\t\t\n\t\t\t<li id=\"su-post-901\" class=\"su-post \">\n\t\t\t\t<a href=\"https:\/\/www.oaxaca.gob.mx\/cendissp\/prevencion-identificacion-y-denuncia\/\">Prevenci\u00f3n, identificaci\u00f3n y Denuncia<\/a>\n\t\t\t<\/li>\n\n\t\t\t\t\t\n\t\t\t\n\t\t\t<li id=\"su-post-877\" class=\"su-post \">\n\t\t\t\t<a href=\"https:\/\/www.oaxaca.gob.mx\/cendissp\/la-escuela-es-nuestra\/\">La escuela es nuestra<\/a>\n\t\t\t<\/li>\n\n\t\t\t\t\t\n\t\t\t\n\t\t\t<li id=\"su-post-843\" class=\"su-post \">\n\t\t\t\t<a href=\"https:\/\/www.oaxaca.gob.mx\/cendissp\/dia-de-reyes-magos\/\">D\u00eda de Reyes Magos<\/a>\n\t\t\t<\/li>\n\n\t\t\t\t\t\n\t\t\t\n\t\t\t<li id=\"su-post-817\" class=\"su-post \">\n\t\t\t\t<a href=\"https:\/\/www.oaxaca.gob.mx\/cendissp\/festival-navideno\/\">Festival navide\u00f1o<\/a>\n\t\t\t<\/li>\n\n\t\t\t\t\t\n\t\t\t\n\t\t\t<li id=\"su-post-696\" class=\"su-post \">\n\t\t\t\t<a href=\"https:\/\/www.oaxaca.gob.mx\/cendissp\/mini-olimpiadas\/\">Mini olimpiadas<\/a>\n\t\t\t<\/li>\n\n\t\t\t\t\t\n\t\t\t\n\t\t\t<li id=\"su-post-447\" class=\"su-post \">\n\t\t\t\t<a href=\"https:\/\/www.oaxaca.gob.mx\/cendissp\/curso-de-mrchef\/\">Mr. Chef<\/a>\n\t\t\t<\/li>\n\n\t\t\t\t\t\n\t\t\t\n\t\t\t<li id=\"su-post-444\" class=\"su-post \">\n\t\t\t\t<a href=\"https:\/\/www.oaxaca.gob.mx\/cendissp\/desfile-20-de-noviembre\/\">Desfile 20 de Noviembre<\/a>\n\t\t\t<\/li>\n\n\t\t\t\t\t\n\t\t\t\n\t\t\t<li id=\"su-post-437\" class=\"su-post \">\n\t\t\t\t<a href=\"https:\/\/www.oaxaca.gob.mx\/cendissp\/concurso-de-disfraces\/\">Concurso de disfraces<\/a>\n\t\t\t<\/li>\n\n\t\t\t\t\t\n\t\t\t\n\t\t\t<li id=\"su-post-433\" class=\"su-post \">\n\t\t\t\t<a href=\"https:\/\/www.oaxaca.gob.mx\/cendissp\/curso-de-primeros-auxilos\/\">Curso de primeros auxilos<\/a>\n\t\t\t<\/li>\n\n\t\t\t\t\t\n\t\t\t\n\t\t\t<li id=\"su-post-410\" class=\"su-post \">\n\t\t\t\t<a href=\"https:\/\/www.oaxaca.gob.mx\/cendissp\/aniversario-39\/\">Aniversario 39 del Centro de Desarrollo Infantil CENDI SSPC (Centro de Desarrollo Infantil)<\/a>\n\t\t\t<\/li>\n\n\t\t\t\t\t\n\t\t\t\n\t\t\t<li id=\"su-post-383\" class=\"su-post \">\n\t\t\t\t<a href=\"https:\/\/www.oaxaca.gob.mx\/cendissp\/conferencia\/\">Conferencia titulado: Los celos como estrategia de control<\/a>\n\t\t\t<\/li>\n\n\t\t\t\t\t\n\t\t\t\n\t\t\t<li id=\"su-post-367\" class=\"su-post \">\n\t\t\t\t<a href=\"https:\/\/www.oaxaca.gob.mx\/cendissp\/campana-de-vacunacion\/\">Campa\u00f1a de vacunaci\u00f3n<\/a>\n\t\t\t<\/li>\n\n\t\t\t\n<\/ul>\n\n<div id=\"gtx-trans\" style=\"position: absolute;left: -5px;top: 47.8px\">\n<div class=\"gtx-trans-icon\"><\/div>\n<\/div>\n","protected":false},"excerpt":{"rendered":"","protected":false},"author":28,"featured_media":0,"parent":0,"menu_order":0,"comment_status":"closed","ping_status":"closed","template":"plantillas\/template-pagina-transparencia.php","meta":{"episode_type":"","audio_file":"","podmotor_file_id":"","podmotor_episode_id":"","cover_image":"","cover_image_id":"","duration":"","filesize":"","filesize_raw":"","date_recorded":"","explicit":"","block":"","itunes_episode_number":"","itunes_title":"","itunes_season_number":"","itunes_episode_type":"","footnotes":""},"categories":[21],"tags":[],"class_list":["post-371","page","type-page","status-publish","hentry","category-noticias"],"acf":[],"publishpress_future_action":{"enabled":false,"date":"2026-04-28 13:03:59","action":"change-status","newStatus":"draft","terms":[],"taxonomy":"category","extraData":[]},"publishpress_future_workflow_manual_trigger":{"enabledWorkflows":[]},"_links":{"self":[{"href":"https:\/\/www.oaxaca.gob.mx\/cendissp\/wp-json\/wp\/v2\/pages\/371","targetHints":{"allow":["GET"]}}],"collection":[{"href":"https:\/\/www.oaxaca.gob.mx\/cendissp\/wp-json\/wp\/v2\/pages"}],"about":[{"href":"https:\/\/www.oaxaca.gob.mx\/cendissp\/wp-json\/wp\/v2\/types\/page"}],"author":[{"embeddable":true,"href":"https:\/\/www.oaxaca.gob.mx\/cendissp\/wp-json\/wp\/v2\/users\/28"}],"replies":[{"embeddable":true,"href":"https:\/\/www.oaxaca.gob.mx\/cendissp\/wp-json\/wp\/v2\/comments?post=371"}],"version-history":[{"count":2,"href":"https:\/\/www.oaxaca.gob.mx\/cendissp\/wp-json\/wp\/v2\/pages\/371\/revisions"}],"predecessor-version":[{"id":479,"href":"https:\/\/www.oaxaca.gob.mx\/cendissp\/wp-json\/wp\/v2\/pages\/371\/revisions\/479"}],"wp:attachment":[{"href":"https:\/\/www.oaxaca.gob.mx\/cendissp\/wp-json\/wp\/v2\/media?parent=371"}],"wp:term":[{"taxonomy":"category","embeddable":true,"href":"https:\/\/www.oaxaca.gob.mx\/cendissp\/wp-json\/wp\/v2\/categories?post=371"},{"taxonomy":"post_tag","embeddable":true,"href":"https:\/\/www.oaxaca.gob.mx\/cendissp\/wp-json\/wp\/v2\/tags?post=371"}],"curies":[{"name":"wp","href":"https:\/\/api.w.org\/{rel}","templated":true}]}}