{"id":903,"date":"2022-11-30T13:24:47","date_gmt":"2022-11-30T19:24:47","guid":{"rendered":"https:\/\/www.oaxaca.gob.mx\/ceieg\/?page_id=903"},"modified":"2022-11-30T13:27:50","modified_gmt":"2022-11-30T19:27:50","slug":"sistema-de-georreferencia-microrregional","status":"publish","type":"page","link":"https:\/\/www.oaxaca.gob.mx\/ceieg\/sistema-de-georreferencia-microrregional\/","title":{"rendered":"Sistema de Georreferencia Microrregional."},"content":{"rendered":"<div class=\"su-table su-table-responsive su-table-alternate\">\n<table>\n<tbody>\n<tr>\n<td><\/td>\n<td>\n<h4><strong>Objetivo<\/strong><\/h4>\n<\/td>\n<\/tr>\n<tr>\n<td><\/td>\n<td>Georreferenciar cada una de las Microrregiones que opera el IEEA, con la finalidad de generar mapas en<br \/>\nl\u00ednea de la distribuci\u00f3n microrregional, visualizando cobertura territorial as\u00ed como datos din\u00e1micos con<br \/>\ninformaci\u00f3n estad\u00edstica.<\/td>\n<\/tr>\n<tr>\n<td><\/td>\n<td>\n<h4><strong>Datos generales<\/strong><\/h4>\n<\/td>\n<\/tr>\n<tr>\n<td>\n<h6><strong>Entregable<\/strong><\/h6>\n<\/td>\n<td>Sistema de Informaci\u00f3n Geogr\u00e1fica Web (SIG Web)<\/td>\n<\/tr>\n<tr>\n<td>\n<h6><strong>Dependencias<\/strong><\/h6>\n<\/td>\n<td>IEEA<\/td>\n<\/tr>\n<tr>\n<td><\/td>\n<td>\n<h4><strong>Alineaci\u00f3n al PEEG<\/strong><\/h4>\n<\/td>\n<\/tr>\n<tr>\n<td>\n<h6><strong>Objetivo II.<\/strong><\/h6>\n<\/td>\n<td>Fortalecer las pol\u00edticas p\u00fablicas y la toma de decisiones, a trav\u00e9s de la aplicaci\u00f3n de la normatividad del<br \/>\nSNIEG en la integraci\u00f3n y generaci\u00f3n de proyectos de informaci\u00f3n estad\u00edstica y geogr\u00e1fica.<\/td>\n<\/tr>\n<tr>\n<td>\n<h6><strong>Proyecto II.2<\/strong><\/h6>\n<\/td>\n<td>Desarrollo de proyectos de informaci\u00f3n estad\u00edstica y geogr\u00e1fica estrat\u00e9gicos para el estado.<\/td>\n<\/tr>\n<tr>\n<td>\n<h6><strong>Meta II.2.1<\/strong><\/h6>\n<\/td>\n<td>Asegurar que la informaci\u00f3n que se genera en los nuevos proyectos de informaci\u00f3n estad\u00edstica y geogr\u00e1fica<br \/>\ncumplen con la normatividad del SNIEG.<\/td>\n<\/tr>\n<\/tbody>\n<\/table>\n<\/div>\n<p>&nbsp;<\/p>\n<h3 style=\"text-align: center\"><strong>Actividades programadas durante el periodo de gesti\u00f3n del CEIEG<\/strong><img loading=\"lazy\" decoding=\"async\" class=\"alignnone wp-image-910 size-full\" src=\"https:\/\/www.oaxaca.gob.mx\/ceieg\/wp-content\/uploads\/sites\/64\/2022\/11\/Sin-titulo-4.png\" alt=\"\" width=\"509\" height=\"136\" srcset=\"https:\/\/www.oaxaca.gob.mx\/ceieg\/wp-content\/uploads\/sites\/64\/2022\/11\/Sin-titulo-4.png 509w, https:\/\/www.oaxaca.gob.mx\/ceieg\/wp-content\/uploads\/sites\/64\/2022\/11\/Sin-titulo-4-300x80.png 300w\" sizes=\"auto, (max-width: 509px) 100vw, 509px\" \/><\/h3>\n","protected":false},"excerpt":{"rendered":"<p>&nbsp; Actividades programadas durante el periodo de gesti\u00f3n del CEIEG<\/p>\n","protected":false},"author":30,"featured_media":0,"parent":0,"menu_order":0,"comment_status":"closed","ping_status":"closed","template":"","meta":{"episode_type":"","audio_file":"","podmotor_file_id":"","podmotor_episode_id":"","cover_image":"","cover_image_id":"","duration":"","filesize":"","filesize_raw":"","date_recorded":"","explicit":"","block":"","itunes_episode_number":"","itunes_title":"","itunes_season_number":"","itunes_episode_type":"","footnotes":""},"categories":[],"tags":[],"class_list":["post-903","page","type-page","status-publish","hentry"],"acf":[],"publishpress_future_action":{"enabled":false,"date":"2026-04-28 07:11:13","action":"change-status","newStatus":"draft","terms":[],"taxonomy":"category","extraData":[]},"publishpress_future_workflow_manual_trigger":{"enabledWorkflows":[]},"_links":{"self":[{"href":"https:\/\/www.oaxaca.gob.mx\/ceieg\/wp-json\/wp\/v2\/pages\/903","targetHints":{"allow":["GET"]}}],"collection":[{"href":"https:\/\/www.oaxaca.gob.mx\/ceieg\/wp-json\/wp\/v2\/pages"}],"about":[{"href":"https:\/\/www.oaxaca.gob.mx\/ceieg\/wp-json\/wp\/v2\/types\/page"}],"author":[{"embeddable":true,"href":"https:\/\/www.oaxaca.gob.mx\/ceieg\/wp-json\/wp\/v2\/users\/30"}],"replies":[{"embeddable":true,"href":"https:\/\/www.oaxaca.gob.mx\/ceieg\/wp-json\/wp\/v2\/comments?post=903"}],"version-history":[{"count":3,"href":"https:\/\/www.oaxaca.gob.mx\/ceieg\/wp-json\/wp\/v2\/pages\/903\/revisions"}],"predecessor-version":[{"id":911,"href":"https:\/\/www.oaxaca.gob.mx\/ceieg\/wp-json\/wp\/v2\/pages\/903\/revisions\/911"}],"wp:attachment":[{"href":"https:\/\/www.oaxaca.gob.mx\/ceieg\/wp-json\/wp\/v2\/media?parent=903"}],"wp:term":[{"taxonomy":"category","embeddable":true,"href":"https:\/\/www.oaxaca.gob.mx\/ceieg\/wp-json\/wp\/v2\/categories?post=903"},{"taxonomy":"post_tag","embeddable":true,"href":"https:\/\/www.oaxaca.gob.mx\/ceieg\/wp-json\/wp\/v2\/tags?post=903"}],"curies":[{"name":"wp","href":"https:\/\/api.w.org\/{rel}","templated":true}]}}