{"id":901,"date":"2022-11-30T13:19:30","date_gmt":"2022-11-30T19:19:30","guid":{"rendered":"https:\/\/www.oaxaca.gob.mx\/ceieg\/?page_id=901"},"modified":"2022-11-30T13:23:55","modified_gmt":"2022-11-30T19:23:55","slug":"sistema-de-informacion-cultural-de-oaxaca","status":"publish","type":"page","link":"https:\/\/www.oaxaca.gob.mx\/ceieg\/sistema-de-informacion-cultural-de-oaxaca\/","title":{"rendered":"Sistema de Informaci\u00f3n Cultural de Oaxaca"},"content":{"rendered":"<p>http:\/\/oaxaca.sic.gob.mx\/<\/p>\n<div class=\"su-table su-table-responsive su-table-alternate\">\n<table>\n<tbody>\n<tr>\n<td><\/td>\n<td>\n<h4><strong>Objetivo<\/strong><\/h4>\n<\/td>\n<\/tr>\n<tr>\n<td><\/td>\n<td>Crear un sistema de informaci\u00f3n cultural de datos accesibles y oportunos que ayuden a la investigaci\u00f3n<br \/>\ny an\u00e1lisis de los bienes y servicios culturales que ofrece el estado de Oaxaca.<\/td>\n<\/tr>\n<tr>\n<td><\/td>\n<td>\n<h4><strong>Datos generales<\/strong><\/h4>\n<\/td>\n<\/tr>\n<tr>\n<td>\n<h6><strong>Entregable<\/strong><\/h6>\n<\/td>\n<td>Sitio web<\/td>\n<\/tr>\n<tr>\n<td>\n<h6><strong>Dependencias<\/strong><\/h6>\n<\/td>\n<td>SECULTA \/ INEGI<\/td>\n<\/tr>\n<tr>\n<td><\/td>\n<td>\n<h4><strong>Alineaci\u00f3n al PEEG<\/strong><\/h4>\n<\/td>\n<\/tr>\n<tr>\n<td>\n<h6><strong>Objetivo II.<\/strong><\/h6>\n<\/td>\n<td>Fortalecer las pol\u00edticas p\u00fablicas y la toma de decisiones, a trav\u00e9s de la aplicaci\u00f3n de la normatividad del<br \/>\nSNIEG en la integraci\u00f3n y generaci\u00f3n de proyectos de informaci\u00f3n estad\u00edstica y geogr\u00e1fica.<\/td>\n<\/tr>\n<tr>\n<td>\n<h6><strong>Proyecto II.2<\/strong><\/h6>\n<\/td>\n<td>Desarrollo de proyectos de informaci\u00f3n estad\u00edstica y geogr\u00e1fica estrat\u00e9gicos para el estado.<\/td>\n<\/tr>\n<tr>\n<td>\n<h6><strong>Meta II.2.1<\/strong><\/h6>\n<\/td>\n<td>Asegurar que la informaci\u00f3n que se genera en los nuevos proyectos de informaci\u00f3n estad\u00edstica y geogr\u00e1fica<br \/>\ncumplen con la normatividad del SNIEG.<\/td>\n<\/tr>\n<\/tbody>\n<\/table>\n<\/div>\n<p>&nbsp;<\/p>\n<h3 style=\"text-align: center\"><strong>Actividades programadas durante el periodo de gesti\u00f3n del CEIEG<\/strong><img loading=\"lazy\" decoding=\"async\" class=\"alignnone wp-image-905 size-full\" src=\"https:\/\/www.oaxaca.gob.mx\/ceieg\/wp-content\/uploads\/sites\/64\/2022\/11\/Sin-titulo-3.png\" alt=\"\" width=\"507\" height=\"140\" srcset=\"https:\/\/www.oaxaca.gob.mx\/ceieg\/wp-content\/uploads\/sites\/64\/2022\/11\/Sin-titulo-3.png 507w, https:\/\/www.oaxaca.gob.mx\/ceieg\/wp-content\/uploads\/sites\/64\/2022\/11\/Sin-titulo-3-300x83.png 300w\" sizes=\"auto, (max-width: 507px) 100vw, 507px\" \/><\/h3>\n","protected":false},"excerpt":{"rendered":"<p>http:\/\/oaxaca.sic.gob.mx\/ &nbsp; Actividades programadas durante el periodo de gesti\u00f3n del CEIEG<\/p>\n","protected":false},"author":30,"featured_media":0,"parent":0,"menu_order":0,"comment_status":"closed","ping_status":"closed","template":"","meta":{"episode_type":"","audio_file":"","podmotor_file_id":"","podmotor_episode_id":"","cover_image":"","cover_image_id":"","duration":"","filesize":"","filesize_raw":"","date_recorded":"","explicit":"","block":"","itunes_episode_number":"","itunes_title":"","itunes_season_number":"","itunes_episode_type":"","footnotes":""},"categories":[],"tags":[],"class_list":["post-901","page","type-page","status-publish","hentry"],"acf":[],"publishpress_future_action":{"enabled":false,"date":"2026-04-28 07:09:33","action":"change-status","newStatus":"draft","terms":[],"taxonomy":"category","extraData":[]},"publishpress_future_workflow_manual_trigger":{"enabledWorkflows":[]},"_links":{"self":[{"href":"https:\/\/www.oaxaca.gob.mx\/ceieg\/wp-json\/wp\/v2\/pages\/901","targetHints":{"allow":["GET"]}}],"collection":[{"href":"https:\/\/www.oaxaca.gob.mx\/ceieg\/wp-json\/wp\/v2\/pages"}],"about":[{"href":"https:\/\/www.oaxaca.gob.mx\/ceieg\/wp-json\/wp\/v2\/types\/page"}],"author":[{"embeddable":true,"href":"https:\/\/www.oaxaca.gob.mx\/ceieg\/wp-json\/wp\/v2\/users\/30"}],"replies":[{"embeddable":true,"href":"https:\/\/www.oaxaca.gob.mx\/ceieg\/wp-json\/wp\/v2\/comments?post=901"}],"version-history":[{"count":3,"href":"https:\/\/www.oaxaca.gob.mx\/ceieg\/wp-json\/wp\/v2\/pages\/901\/revisions"}],"predecessor-version":[{"id":906,"href":"https:\/\/www.oaxaca.gob.mx\/ceieg\/wp-json\/wp\/v2\/pages\/901\/revisions\/906"}],"wp:attachment":[{"href":"https:\/\/www.oaxaca.gob.mx\/ceieg\/wp-json\/wp\/v2\/media?parent=901"}],"wp:term":[{"taxonomy":"category","embeddable":true,"href":"https:\/\/www.oaxaca.gob.mx\/ceieg\/wp-json\/wp\/v2\/categories?post=901"},{"taxonomy":"post_tag","embeddable":true,"href":"https:\/\/www.oaxaca.gob.mx\/ceieg\/wp-json\/wp\/v2\/tags?post=901"}],"curies":[{"name":"wp","href":"https:\/\/api.w.org\/{rel}","templated":true}]}}