{"id":877,"date":"2022-11-23T12:40:28","date_gmt":"2022-11-23T18:40:28","guid":{"rendered":"https:\/\/www.oaxaca.gob.mx\/ceieg\/?page_id=877"},"modified":"2022-11-23T12:51:41","modified_gmt":"2022-11-23T18:51:41","slug":"sistema-de-georreferenciacion-de-la-politica-social","status":"publish","type":"page","link":"https:\/\/www.oaxaca.gob.mx\/ceieg\/sistema-de-georreferenciacion-de-la-politica-social\/","title":{"rendered":"Sistema de Georreferenciaci\u00f3n de la Pol\u00edtica Social"},"content":{"rendered":"<p>https:\/\/sgps.oaxaca.gob.mx\/publico\/presentacion<\/p>\n<div class=\"su-table su-table-responsive su-table-alternate\">\n<table>\n<tbody>\n<tr>\n<td><\/td>\n<td>\n<h4><strong>Objetivo<\/strong><\/h4>\n<\/td>\n<\/tr>\n<tr>\n<td><\/td>\n<td>Actualizar los indicadores presentados en el sistema, con informaci\u00f3n del 2020 y modificaci\u00f3n de la<br \/>\nherramienta de georreferencia.<\/td>\n<\/tr>\n<tr>\n<td><\/td>\n<td>\n<h4><strong>Datos generales<\/strong><\/h4>\n<\/td>\n<\/tr>\n<tr>\n<td>\n<h6><strong>Entregable<\/strong><\/h6>\n<\/td>\n<td>Herramienta georreferenciada<\/td>\n<\/tr>\n<tr>\n<td>\n<h6><strong>Dependencias<\/strong><\/h6>\n<\/td>\n<td>COPEVAL<\/td>\n<\/tr>\n<tr>\n<td><\/td>\n<td>\n<h4><strong>Alineaci\u00f3n al PEEG<\/strong><\/h4>\n<\/td>\n<\/tr>\n<tr>\n<td>\n<h6><strong>Objetivo II.<\/strong><\/h6>\n<\/td>\n<td>Fortalecer las pol\u00edticas p\u00fablicas y la toma de decisiones, a trav\u00e9s de la aplicaci\u00f3n de la normatividad del<br \/>\nSNIEG en la integraci\u00f3n y generaci\u00f3n de proyectos de informaci\u00f3n estad\u00edstica y geogr\u00e1fica.<\/td>\n<\/tr>\n<tr>\n<td>\n<h6><strong>Proyecto II.2<\/strong><\/h6>\n<\/td>\n<td>Fortalecer las pol\u00edticas p\u00fablicas y la toma de decisiones, a trav\u00e9s de la aplicaci\u00f3n de la normatividad del<br \/>\nSNIEG en la integraci\u00f3n y generaci\u00f3n de proyectos de informaci\u00f3n estad\u00edstica y geogr\u00e1fica.<\/td>\n<\/tr>\n<tr>\n<td>\n<h6><strong>Meta II.2.1<\/strong><\/h6>\n<\/td>\n<td>Asegurar que la informaci\u00f3n que se genera en los nuevos proyectos de informaci\u00f3n estad\u00edstica y geogr\u00e1fica<br \/>\ncumplen con la normatividad del SNIEG.<\/td>\n<\/tr>\n<\/tbody>\n<\/table>\n<\/div>\n<p>&nbsp;<\/p>\n<h3 style=\"text-align: center\"><strong>Actividades programadas durante el periodo de gesti\u00f3n del CEIEG<img loading=\"lazy\" decoding=\"async\" class=\"alignnone wp-image-880 size-full\" src=\"https:\/\/www.oaxaca.gob.mx\/ceieg\/wp-content\/uploads\/sites\/64\/2022\/11\/Sin-titulo-1.png\" alt=\"\" width=\"492\" height=\"133\" srcset=\"https:\/\/www.oaxaca.gob.mx\/ceieg\/wp-content\/uploads\/sites\/64\/2022\/11\/Sin-titulo-1.png 492w, https:\/\/www.oaxaca.gob.mx\/ceieg\/wp-content\/uploads\/sites\/64\/2022\/11\/Sin-titulo-1-300x81.png 300w\" sizes=\"auto, (max-width: 492px) 100vw, 492px\" \/><\/strong><\/h3>\n","protected":false},"excerpt":{"rendered":"<p>https:\/\/sgps.oaxaca.gob.mx\/publico\/presentacion &nbsp; Actividades programadas durante el periodo de gesti\u00f3n del CEIEG<\/p>\n","protected":false},"author":30,"featured_media":0,"parent":0,"menu_order":0,"comment_status":"closed","ping_status":"closed","template":"","meta":{"episode_type":"","audio_file":"","podmotor_file_id":"","podmotor_episode_id":"","cover_image":"","cover_image_id":"","duration":"","filesize":"","filesize_raw":"","date_recorded":"","explicit":"","block":"","itunes_episode_number":"","itunes_title":"","itunes_season_number":"","itunes_episode_type":"","footnotes":""},"categories":[],"tags":[],"class_list":["post-877","page","type-page","status-publish","hentry"],"acf":[],"publishpress_future_action":{"enabled":false,"date":"2026-05-12 00:36:14","action":"change-status","newStatus":"draft","terms":[],"taxonomy":"category","extraData":[]},"publishpress_future_workflow_manual_trigger":{"enabledWorkflows":[]},"_links":{"self":[{"href":"https:\/\/www.oaxaca.gob.mx\/ceieg\/wp-json\/wp\/v2\/pages\/877","targetHints":{"allow":["GET"]}}],"collection":[{"href":"https:\/\/www.oaxaca.gob.mx\/ceieg\/wp-json\/wp\/v2\/pages"}],"about":[{"href":"https:\/\/www.oaxaca.gob.mx\/ceieg\/wp-json\/wp\/v2\/types\/page"}],"author":[{"embeddable":true,"href":"https:\/\/www.oaxaca.gob.mx\/ceieg\/wp-json\/wp\/v2\/users\/30"}],"replies":[{"embeddable":true,"href":"https:\/\/www.oaxaca.gob.mx\/ceieg\/wp-json\/wp\/v2\/comments?post=877"}],"version-history":[{"count":2,"href":"https:\/\/www.oaxaca.gob.mx\/ceieg\/wp-json\/wp\/v2\/pages\/877\/revisions"}],"predecessor-version":[{"id":881,"href":"https:\/\/www.oaxaca.gob.mx\/ceieg\/wp-json\/wp\/v2\/pages\/877\/revisions\/881"}],"wp:attachment":[{"href":"https:\/\/www.oaxaca.gob.mx\/ceieg\/wp-json\/wp\/v2\/media?parent=877"}],"wp:term":[{"taxonomy":"category","embeddable":true,"href":"https:\/\/www.oaxaca.gob.mx\/ceieg\/wp-json\/wp\/v2\/categories?post=877"},{"taxonomy":"post_tag","embeddable":true,"href":"https:\/\/www.oaxaca.gob.mx\/ceieg\/wp-json\/wp\/v2\/tags?post=877"}],"curies":[{"name":"wp","href":"https:\/\/api.w.org\/{rel}","templated":true}]}}