{"id":854,"date":"2022-11-21T15:01:36","date_gmt":"2022-11-21T21:01:36","guid":{"rendered":"https:\/\/www.oaxaca.gob.mx\/ceieg\/?page_id=854"},"modified":"2022-11-21T15:10:08","modified_gmt":"2022-11-21T21:10:08","slug":"encuentra-tu-momento","status":"publish","type":"page","link":"https:\/\/www.oaxaca.gob.mx\/ceieg\/encuentra-tu-momento\/","title":{"rendered":"\u201cENCUENTRA TU MOMENTO\u201d"},"content":{"rendered":"<h3><strong>Sistema de Informaci\u00f3n Georreferenciada para la Prevenci\u00f3n de Embarazos en Adolescentes <\/strong><\/h3>\n<p><strong>http:\/\/www.encuentratumomento.com.mx\/<\/strong><\/p>\n<div class=\"su-table su-table-responsive su-table-alternate\">\n<table>\n<tbody>\n<tr>\n<td><\/td>\n<td>\n<h4><strong>Objetivo <\/strong><\/h4>\n<\/td>\n<\/tr>\n<tr>\n<td><\/td>\n<td>Herramienta sistematizada que permita focalizar las caracter\u00edsticas, frecuencia y entorno del fen\u00f3meno de embarazos en adolescentes, para coadyuvar en la definici\u00f3n de pol\u00edticas p\u00fablicas.<\/td>\n<\/tr>\n<tr>\n<td><\/td>\n<td>\n<h4><strong>Datos generales<\/strong><\/h4>\n<\/td>\n<\/tr>\n<tr>\n<td>\n<h6><strong>Entregable<\/strong><\/h6>\n<\/td>\n<td>Sitio web<\/td>\n<\/tr>\n<tr>\n<td>\n<h6><strong>Dependencias<\/strong><\/h6>\n<\/td>\n<td>DIGEPO \/ INEGI<\/td>\n<\/tr>\n<tr>\n<td><\/td>\n<td>\n<h4><strong>Alineaci\u00f3n al PEEG<\/strong><\/h4>\n<\/td>\n<\/tr>\n<tr>\n<td>\n<h6><strong>Objetivo II.<\/strong><\/h6>\n<\/td>\n<td>Fortalecer las pol\u00edticas p\u00fablicas y la toma de decisiones, a trav\u00e9s de la aplicaci\u00f3n de la normatividad del SNIEG en la integraci\u00f3n y generaci\u00f3n de proyectos de informaci\u00f3n estad\u00edstica y geogr\u00e1fica.<\/td>\n<\/tr>\n<tr>\n<td>\n<h6><strong>Proyecto II.2<\/strong><\/h6>\n<\/td>\n<td>Desarrollo de proyectos de informaci\u00f3n estad\u00edstica y geogr\u00e1fica estrat\u00e9gicos para el estado.<\/td>\n<\/tr>\n<tr>\n<td>\n<h6><strong>Meta II.2.1 <\/strong><\/h6>\n<\/td>\n<td>Asegurar que la informaci\u00f3n que se genera en los nuevos proyectos de informaci\u00f3n estad\u00edstica y geogr\u00e1fica cumplen con la normatividad del SNIEG.<\/td>\n<\/tr>\n<\/tbody>\n<\/table>\n<\/div>\n<p>&nbsp;<\/p>\n<h3 style=\"text-align: center\">Actividades programadas durante el periodo de gesti\u00f3n del CEIEG<img loading=\"lazy\" decoding=\"async\" class=\"aligncenter wp-image-859 size-full\" src=\"https:\/\/www.oaxaca.gob.mx\/ceieg\/wp-content\/uploads\/sites\/64\/2022\/11\/ENCUENTRA-TU-MOMENTO-1.png\" alt=\"\" width=\"586\" height=\"160\" srcset=\"https:\/\/www.oaxaca.gob.mx\/ceieg\/wp-content\/uploads\/sites\/64\/2022\/11\/ENCUENTRA-TU-MOMENTO-1.png 586w, https:\/\/www.oaxaca.gob.mx\/ceieg\/wp-content\/uploads\/sites\/64\/2022\/11\/ENCUENTRA-TU-MOMENTO-1-300x82.png 300w\" sizes=\"auto, (max-width: 586px) 100vw, 586px\" \/><\/h3>\n","protected":false},"excerpt":{"rendered":"<p>Sistema de Informaci\u00f3n Georreferenciada para la Prevenci\u00f3n de Embarazos en Adolescentes http:\/\/www.encuentratumomento.com.mx\/ &nbsp; Actividades programadas durante el periodo de gesti\u00f3n del CEIEG<\/p>\n","protected":false},"author":30,"featured_media":0,"parent":0,"menu_order":0,"comment_status":"closed","ping_status":"closed","template":"","meta":{"episode_type":"","audio_file":"","podmotor_file_id":"","podmotor_episode_id":"","cover_image":"","cover_image_id":"","duration":"","filesize":"","filesize_raw":"","date_recorded":"","explicit":"","block":"","itunes_episode_number":"","itunes_title":"","itunes_season_number":"","itunes_episode_type":"","footnotes":""},"categories":[],"tags":[],"class_list":["post-854","page","type-page","status-publish","hentry"],"acf":[],"publishpress_future_action":{"enabled":false,"date":"2026-05-12 00:37:11","action":"change-status","newStatus":"draft","terms":[],"taxonomy":"category","extraData":[]},"publishpress_future_workflow_manual_trigger":{"enabledWorkflows":[]},"_links":{"self":[{"href":"https:\/\/www.oaxaca.gob.mx\/ceieg\/wp-json\/wp\/v2\/pages\/854","targetHints":{"allow":["GET"]}}],"collection":[{"href":"https:\/\/www.oaxaca.gob.mx\/ceieg\/wp-json\/wp\/v2\/pages"}],"about":[{"href":"https:\/\/www.oaxaca.gob.mx\/ceieg\/wp-json\/wp\/v2\/types\/page"}],"author":[{"embeddable":true,"href":"https:\/\/www.oaxaca.gob.mx\/ceieg\/wp-json\/wp\/v2\/users\/30"}],"replies":[{"embeddable":true,"href":"https:\/\/www.oaxaca.gob.mx\/ceieg\/wp-json\/wp\/v2\/comments?post=854"}],"version-history":[{"count":6,"href":"https:\/\/www.oaxaca.gob.mx\/ceieg\/wp-json\/wp\/v2\/pages\/854\/revisions"}],"predecessor-version":[{"id":863,"href":"https:\/\/www.oaxaca.gob.mx\/ceieg\/wp-json\/wp\/v2\/pages\/854\/revisions\/863"}],"wp:attachment":[{"href":"https:\/\/www.oaxaca.gob.mx\/ceieg\/wp-json\/wp\/v2\/media?parent=854"}],"wp:term":[{"taxonomy":"category","embeddable":true,"href":"https:\/\/www.oaxaca.gob.mx\/ceieg\/wp-json\/wp\/v2\/categories?post=854"},{"taxonomy":"post_tag","embeddable":true,"href":"https:\/\/www.oaxaca.gob.mx\/ceieg\/wp-json\/wp\/v2\/tags?post=854"}],"curies":[{"name":"wp","href":"https:\/\/api.w.org\/{rel}","templated":true}]}}