{"id":766,"date":"2022-11-14T11:02:13","date_gmt":"2022-11-14T17:02:13","guid":{"rendered":"https:\/\/www.oaxaca.gob.mx\/ceieg\/?page_id=766"},"modified":"2022-11-30T13:24:25","modified_gmt":"2022-11-30T19:24:25","slug":"proyectos-2022-2","status":"publish","type":"page","link":"https:\/\/www.oaxaca.gob.mx\/ceieg\/proyectos-2022-2\/","title":{"rendered":"Proyectos 2022"},"content":{"rendered":"<div class=\"su-table su-table-responsive su-table-alternate\">\n<table>\n<tbody>\n<tr>\n<td><a href=\"https:\/\/www.oaxaca.gob.mx\/ceieg\/816-2\/\"><img loading=\"lazy\" decoding=\"async\" class=\"alignnone wp-image-767 size-medium\" src=\"https:\/\/www.oaxaca.gob.mx\/ceieg\/wp-content\/uploads\/sites\/64\/2022\/11\/atlas-de-genero-300x188.png\" alt=\"\" width=\"300\" height=\"188\" srcset=\"https:\/\/www.oaxaca.gob.mx\/ceieg\/wp-content\/uploads\/sites\/64\/2022\/11\/atlas-de-genero-300x188.png 300w, https:\/\/www.oaxaca.gob.mx\/ceieg\/wp-content\/uploads\/sites\/64\/2022\/11\/atlas-de-genero-1024x640.png 1024w, https:\/\/www.oaxaca.gob.mx\/ceieg\/wp-content\/uploads\/sites\/64\/2022\/11\/atlas-de-genero-768x480.png 768w, https:\/\/www.oaxaca.gob.mx\/ceieg\/wp-content\/uploads\/sites\/64\/2022\/11\/atlas-de-genero.png 1280w\" sizes=\"auto, (max-width: 300px) 100vw, 300px\" \/><\/a><\/p>\n<p style=\"text-align: center\">Atlas de G\u00e9nero Oaxaca<\/p>\n<\/td>\n<td><a href=\"https:\/\/www.oaxaca.gob.mx\/ceieg\/sistema-mis-derechos\/\"><img loading=\"lazy\" decoding=\"async\" class=\"alignnone wp-image-769 size-medium\" src=\"https:\/\/www.oaxaca.gob.mx\/ceieg\/wp-content\/uploads\/sites\/64\/2022\/11\/sistema-mis-derechos-300x188.png\" alt=\"\" width=\"300\" height=\"188\" srcset=\"https:\/\/www.oaxaca.gob.mx\/ceieg\/wp-content\/uploads\/sites\/64\/2022\/11\/sistema-mis-derechos-300x188.png 300w, https:\/\/www.oaxaca.gob.mx\/ceieg\/wp-content\/uploads\/sites\/64\/2022\/11\/sistema-mis-derechos-1024x640.png 1024w, https:\/\/www.oaxaca.gob.mx\/ceieg\/wp-content\/uploads\/sites\/64\/2022\/11\/sistema-mis-derechos-768x480.png 768w, https:\/\/www.oaxaca.gob.mx\/ceieg\/wp-content\/uploads\/sites\/64\/2022\/11\/sistema-mis-derechos.png 1280w\" sizes=\"auto, (max-width: 300px) 100vw, 300px\" \/><\/a><\/p>\n<p style=\"text-align: center\">Sistema \u201cMis derechos\u201d.<\/p>\n<\/td>\n<td><a href=\"https:\/\/www.oaxaca.gob.mx\/ceieg\/encuentra-tu-momento\/\"><img loading=\"lazy\" decoding=\"async\" class=\"alignnone wp-image-772 size-medium\" src=\"https:\/\/www.oaxaca.gob.mx\/ceieg\/wp-content\/uploads\/sites\/64\/2022\/11\/ENCUENTRA-TU-MOMENTO-300x188.png\" alt=\"\" width=\"300\" height=\"188\" srcset=\"https:\/\/www.oaxaca.gob.mx\/ceieg\/wp-content\/uploads\/sites\/64\/2022\/11\/ENCUENTRA-TU-MOMENTO-300x188.png 300w, https:\/\/www.oaxaca.gob.mx\/ceieg\/wp-content\/uploads\/sites\/64\/2022\/11\/ENCUENTRA-TU-MOMENTO-1024x640.png 1024w, https:\/\/www.oaxaca.gob.mx\/ceieg\/wp-content\/uploads\/sites\/64\/2022\/11\/ENCUENTRA-TU-MOMENTO-768x480.png 768w, https:\/\/www.oaxaca.gob.mx\/ceieg\/wp-content\/uploads\/sites\/64\/2022\/11\/ENCUENTRA-TU-MOMENTO.png 1280w\" sizes=\"auto, (max-width: 300px) 100vw, 300px\" \/><\/a><\/p>\n<p style=\"text-align: center\">\u201cEncuentra tu momento\u201d<\/p>\n<\/td>\n<\/tr>\n<\/tbody>\n<\/table>\n<\/div>\n<p>&nbsp;<\/p>\n<div class=\"su-table su-table-responsive su-table-alternate\">\n<table>\n<tbody>\n<tr>\n<td><a href=\"https:\/\/www.oaxaca.gob.mx\/ceieg\/sistema-integral-de-informacion-de-la-fiscalia-general-del-estado\/\"><img loading=\"lazy\" decoding=\"async\" class=\"alignnone wp-image-773 size-medium\" src=\"https:\/\/www.oaxaca.gob.mx\/ceieg\/wp-content\/uploads\/sites\/64\/2022\/11\/Sistema-Integral-de-Informacion-de-la-Fiscalia-General-del-Estado-300x190.png\" alt=\"\" width=\"300\" height=\"190\" srcset=\"https:\/\/www.oaxaca.gob.mx\/ceieg\/wp-content\/uploads\/sites\/64\/2022\/11\/Sistema-Integral-de-Informacion-de-la-Fiscalia-General-del-Estado-300x190.png 300w, https:\/\/www.oaxaca.gob.mx\/ceieg\/wp-content\/uploads\/sites\/64\/2022\/11\/Sistema-Integral-de-Informacion-de-la-Fiscalia-General-del-Estado-1024x648.png 1024w, https:\/\/www.oaxaca.gob.mx\/ceieg\/wp-content\/uploads\/sites\/64\/2022\/11\/Sistema-Integral-de-Informacion-de-la-Fiscalia-General-del-Estado-768x486.png 768w, https:\/\/www.oaxaca.gob.mx\/ceieg\/wp-content\/uploads\/sites\/64\/2022\/11\/Sistema-Integral-de-Informacion-de-la-Fiscalia-General-del-Estado.png 1298w\" sizes=\"auto, (max-width: 300px) 100vw, 300px\" \/><\/a><\/p>\n<p style=\"text-align: center\">Sistema Integral de Informaci\u00f3n de la Fiscal\u00eda General del Estado<\/p>\n<\/td>\n<td><a href=\"https:\/\/www.oaxaca.gob.mx\/ceieg\/sistema-de-georreferenciacion-de-la-politica-social\/\"><img loading=\"lazy\" decoding=\"async\" class=\"aligncenter wp-image-789 size-medium\" src=\"https:\/\/www.oaxaca.gob.mx\/ceieg\/wp-content\/uploads\/sites\/64\/2022\/11\/SGPS-300x188.png\" alt=\"\" width=\"300\" height=\"188\" srcset=\"https:\/\/www.oaxaca.gob.mx\/ceieg\/wp-content\/uploads\/sites\/64\/2022\/11\/SGPS-300x188.png 300w, https:\/\/www.oaxaca.gob.mx\/ceieg\/wp-content\/uploads\/sites\/64\/2022\/11\/SGPS-1024x640.png 1024w, https:\/\/www.oaxaca.gob.mx\/ceieg\/wp-content\/uploads\/sites\/64\/2022\/11\/SGPS-768x480.png 768w, https:\/\/www.oaxaca.gob.mx\/ceieg\/wp-content\/uploads\/sites\/64\/2022\/11\/SGPS.png 1280w\" sizes=\"auto, (max-width: 300px) 100vw, 300px\" \/><\/a><\/p>\n<p style=\"text-align: center\">SGPS Sistema de Georreferenciaci\u00f3n de la Pol\u00edtica Social<\/p>\n<\/td>\n<td>\n<p style=\"text-align: center\"><a href=\"https:\/\/www.oaxaca.gob.mx\/ceieg\/oaxaca-sostenible\/\"><img loading=\"lazy\" decoding=\"async\" class=\"alignleft wp-image-790 size-medium\" src=\"https:\/\/www.oaxaca.gob.mx\/ceieg\/wp-content\/uploads\/sites\/64\/2022\/11\/Captura-de-pantalla-2022-10-31-a-las-13.53.43-300x188.png\" alt=\"\" width=\"300\" height=\"188\" srcset=\"https:\/\/www.oaxaca.gob.mx\/ceieg\/wp-content\/uploads\/sites\/64\/2022\/11\/Captura-de-pantalla-2022-10-31-a-las-13.53.43-300x188.png 300w, https:\/\/www.oaxaca.gob.mx\/ceieg\/wp-content\/uploads\/sites\/64\/2022\/11\/Captura-de-pantalla-2022-10-31-a-las-13.53.43-1024x640.png 1024w, https:\/\/www.oaxaca.gob.mx\/ceieg\/wp-content\/uploads\/sites\/64\/2022\/11\/Captura-de-pantalla-2022-10-31-a-las-13.53.43-768x480.png 768w, https:\/\/www.oaxaca.gob.mx\/ceieg\/wp-content\/uploads\/sites\/64\/2022\/11\/Captura-de-pantalla-2022-10-31-a-las-13.53.43.png 1280w\" sizes=\"auto, (max-width: 300px) 100vw, 300px\" \/><\/a> Oaxaca Sostenible<\/p>\n<\/td>\n<\/tr>\n<\/tbody>\n<\/table>\n<\/div>\n<p>&nbsp;<\/p>\n<div class=\"su-table su-table-responsive su-table-alternate\">\n<table>\n<tbody>\n<tr>\n<td><a href=\"https:\/\/www.oaxaca.gob.mx\/ceieg\/sistema-de-informacion-cultural-de-oaxaca\/\"><img loading=\"lazy\" decoding=\"async\" class=\"alignnone wp-image-796 size-medium\" src=\"https:\/\/www.oaxaca.gob.mx\/ceieg\/wp-content\/uploads\/sites\/64\/2022\/11\/Captura-de-pantalla-2022-10-31-a-las-13.39.00-300x188.png\" alt=\"\" width=\"300\" height=\"188\" srcset=\"https:\/\/www.oaxaca.gob.mx\/ceieg\/wp-content\/uploads\/sites\/64\/2022\/11\/Captura-de-pantalla-2022-10-31-a-las-13.39.00-300x188.png 300w, https:\/\/www.oaxaca.gob.mx\/ceieg\/wp-content\/uploads\/sites\/64\/2022\/11\/Captura-de-pantalla-2022-10-31-a-las-13.39.00-1024x640.png 1024w, https:\/\/www.oaxaca.gob.mx\/ceieg\/wp-content\/uploads\/sites\/64\/2022\/11\/Captura-de-pantalla-2022-10-31-a-las-13.39.00-768x480.png 768w, https:\/\/www.oaxaca.gob.mx\/ceieg\/wp-content\/uploads\/sites\/64\/2022\/11\/Captura-de-pantalla-2022-10-31-a-las-13.39.00.png 1280w\" sizes=\"auto, (max-width: 300px) 100vw, 300px\" \/><\/a><\/p>\n<p style=\"text-align: center\">Sistema de Informaci\u00f3n Cultural de Oaxaca<\/p>\n<\/td>\n<td>\n<p style=\"text-align: center\">Sistema de Georreferencia Microrregional.<\/p>\n<\/td>\n<td>\n<p style=\"text-align: center\">Sistema de Informaci\u00f3n Geogr\u00e1fica LIGART-ITOAX.<\/p>\n<\/td>\n<\/tr>\n<\/tbody>\n<\/table>\n<\/div>\n<p>&nbsp;<\/p>\n<div class=\"su-table su-table-responsive su-table-alternate\">\n<table>\n<tbody>\n<tr>\n<td><img loading=\"lazy\" decoding=\"async\" class=\"alignnone wp-image-799 size-medium aligncenter\" src=\"https:\/\/www.oaxaca.gob.mx\/ceieg\/wp-content\/uploads\/sites\/64\/2022\/11\/Captura-de-pantalla-2022-10-31-a-las-14.50.59-300x188.png\" alt=\"\" width=\"300\" height=\"188\" srcset=\"https:\/\/www.oaxaca.gob.mx\/ceieg\/wp-content\/uploads\/sites\/64\/2022\/11\/Captura-de-pantalla-2022-10-31-a-las-14.50.59-300x188.png 300w, https:\/\/www.oaxaca.gob.mx\/ceieg\/wp-content\/uploads\/sites\/64\/2022\/11\/Captura-de-pantalla-2022-10-31-a-las-14.50.59-1024x640.png 1024w, https:\/\/www.oaxaca.gob.mx\/ceieg\/wp-content\/uploads\/sites\/64\/2022\/11\/Captura-de-pantalla-2022-10-31-a-las-14.50.59-768x480.png 768w, https:\/\/www.oaxaca.gob.mx\/ceieg\/wp-content\/uploads\/sites\/64\/2022\/11\/Captura-de-pantalla-2022-10-31-a-las-14.50.59.png 1280w\" sizes=\"auto, (max-width: 300px) 100vw, 300px\" \/><\/p>\n<p style=\"text-align: center\">Desarrollo de Directorio Estad\u00edstico, Socioecon\u00f3mico y Geogr\u00e1fico de Artesanos<br \/>\ndel estado de Oaxaca<\/p>\n<\/td>\n<td><img loading=\"lazy\" decoding=\"async\" class=\"alignnone wp-image-800 size-medium\" src=\"https:\/\/www.oaxaca.gob.mx\/ceieg\/wp-content\/uploads\/sites\/64\/2022\/11\/Captura-de-pantalla-2022-10-31-a-las-14.52.20-300x188.png\" alt=\"\" width=\"300\" height=\"188\" srcset=\"https:\/\/www.oaxaca.gob.mx\/ceieg\/wp-content\/uploads\/sites\/64\/2022\/11\/Captura-de-pantalla-2022-10-31-a-las-14.52.20-300x188.png 300w, https:\/\/www.oaxaca.gob.mx\/ceieg\/wp-content\/uploads\/sites\/64\/2022\/11\/Captura-de-pantalla-2022-10-31-a-las-14.52.20-1024x640.png 1024w, https:\/\/www.oaxaca.gob.mx\/ceieg\/wp-content\/uploads\/sites\/64\/2022\/11\/Captura-de-pantalla-2022-10-31-a-las-14.52.20-768x480.png 768w, https:\/\/www.oaxaca.gob.mx\/ceieg\/wp-content\/uploads\/sites\/64\/2022\/11\/Captura-de-pantalla-2022-10-31-a-las-14.52.20.png 1280w\" sizes=\"auto, (max-width: 300px) 100vw, 300px\" \/><\/p>\n<p style=\"text-align: center\">Sistema de Informaci\u00f3n Geogr\u00e1fica LIGART-ITOAX.<\/p>\n<\/td>\n<td><img loading=\"lazy\" decoding=\"async\" class=\"alignnone wp-image-801 size-medium\" src=\"https:\/\/www.oaxaca.gob.mx\/ceieg\/wp-content\/uploads\/sites\/64\/2022\/11\/Captura-de-pantalla-2022-10-31-a-las-13.59.01-300x188.png\" alt=\"\" width=\"300\" height=\"188\" srcset=\"https:\/\/www.oaxaca.gob.mx\/ceieg\/wp-content\/uploads\/sites\/64\/2022\/11\/Captura-de-pantalla-2022-10-31-a-las-13.59.01-300x188.png 300w, https:\/\/www.oaxaca.gob.mx\/ceieg\/wp-content\/uploads\/sites\/64\/2022\/11\/Captura-de-pantalla-2022-10-31-a-las-13.59.01-1024x640.png 1024w, https:\/\/www.oaxaca.gob.mx\/ceieg\/wp-content\/uploads\/sites\/64\/2022\/11\/Captura-de-pantalla-2022-10-31-a-las-13.59.01-768x480.png 768w, https:\/\/www.oaxaca.gob.mx\/ceieg\/wp-content\/uploads\/sites\/64\/2022\/11\/Captura-de-pantalla-2022-10-31-a-las-13.59.01.png 1280w\" sizes=\"auto, (max-width: 300px) 100vw, 300px\" \/><\/p>\n<p style=\"text-align: center\">Atlas Estatal de Riesgos del Estado de Oaxaca<\/p>\n<\/td>\n<\/tr>\n<\/tbody>\n<\/table>\n<\/div>\n<p>&nbsp;<\/p>\n<div class=\"su-table su-table-responsive su-table-alternate\">\n<table>\n<tbody>\n<tr>\n<td><img loading=\"lazy\" decoding=\"async\" class=\"alignnone wp-image-805 size-medium\" src=\"https:\/\/www.oaxaca.gob.mx\/ceieg\/wp-content\/uploads\/sites\/64\/2022\/11\/Captura-de-pantalla-2022-10-31-a-las-14.00.04-300x188.png\" alt=\"\" width=\"300\" height=\"188\" srcset=\"https:\/\/www.oaxaca.gob.mx\/ceieg\/wp-content\/uploads\/sites\/64\/2022\/11\/Captura-de-pantalla-2022-10-31-a-las-14.00.04-300x188.png 300w, https:\/\/www.oaxaca.gob.mx\/ceieg\/wp-content\/uploads\/sites\/64\/2022\/11\/Captura-de-pantalla-2022-10-31-a-las-14.00.04-1024x640.png 1024w, https:\/\/www.oaxaca.gob.mx\/ceieg\/wp-content\/uploads\/sites\/64\/2022\/11\/Captura-de-pantalla-2022-10-31-a-las-14.00.04-768x480.png 768w, https:\/\/www.oaxaca.gob.mx\/ceieg\/wp-content\/uploads\/sites\/64\/2022\/11\/Captura-de-pantalla-2022-10-31-a-las-14.00.04.png 1280w\" sizes=\"auto, (max-width: 300px) 100vw, 300px\" \/><\/p>\n<p style=\"text-align: center\">Actualizaci\u00f3n de la Oficina Virtual de Informaci\u00f3n Econ\u00f3mica.<\/p>\n<\/td>\n<td><img loading=\"lazy\" decoding=\"async\" class=\"alignnone wp-image-806 size-medium\" src=\"https:\/\/www.oaxaca.gob.mx\/ceieg\/wp-content\/uploads\/sites\/64\/2022\/11\/Captura-de-pantalla-2022-10-31-a-las-14.12.00-300x188.png\" alt=\"\" width=\"300\" height=\"188\" srcset=\"https:\/\/www.oaxaca.gob.mx\/ceieg\/wp-content\/uploads\/sites\/64\/2022\/11\/Captura-de-pantalla-2022-10-31-a-las-14.12.00-300x188.png 300w, https:\/\/www.oaxaca.gob.mx\/ceieg\/wp-content\/uploads\/sites\/64\/2022\/11\/Captura-de-pantalla-2022-10-31-a-las-14.12.00-1024x640.png 1024w, https:\/\/www.oaxaca.gob.mx\/ceieg\/wp-content\/uploads\/sites\/64\/2022\/11\/Captura-de-pantalla-2022-10-31-a-las-14.12.00-768x480.png 768w, https:\/\/www.oaxaca.gob.mx\/ceieg\/wp-content\/uploads\/sites\/64\/2022\/11\/Captura-de-pantalla-2022-10-31-a-las-14.12.00.png 1280w\" sizes=\"auto, (max-width: 300px) 100vw, 300px\" \/><\/p>\n<p style=\"text-align: center\">Sistema de Georreferenciaci\u00f3n de Contralor\u00eda Social (SIGECS)<\/p>\n<\/td>\n<td><img loading=\"lazy\" decoding=\"async\" class=\"alignnone wp-image-807 size-medium\" src=\"https:\/\/www.oaxaca.gob.mx\/ceieg\/wp-content\/uploads\/sites\/64\/2022\/11\/Captura-de-pantalla-2022-10-31-a-las-14.13.06-300x188.png\" alt=\"\" width=\"300\" height=\"188\" srcset=\"https:\/\/www.oaxaca.gob.mx\/ceieg\/wp-content\/uploads\/sites\/64\/2022\/11\/Captura-de-pantalla-2022-10-31-a-las-14.13.06-300x188.png 300w, https:\/\/www.oaxaca.gob.mx\/ceieg\/wp-content\/uploads\/sites\/64\/2022\/11\/Captura-de-pantalla-2022-10-31-a-las-14.13.06-1024x640.png 1024w, https:\/\/www.oaxaca.gob.mx\/ceieg\/wp-content\/uploads\/sites\/64\/2022\/11\/Captura-de-pantalla-2022-10-31-a-las-14.13.06-768x480.png 768w, https:\/\/www.oaxaca.gob.mx\/ceieg\/wp-content\/uploads\/sites\/64\/2022\/11\/Captura-de-pantalla-2022-10-31-a-las-14.13.06.png 1280w\" sizes=\"auto, (max-width: 300px) 100vw, 300px\" \/><\/p>\n<p style=\"text-align: center\">M\u00f3dulo geogr\u00e1fico del Sistema de Informaci\u00f3n para la Planeaci\u00f3n del Desarrollo(SISPLADE)<\/p>\n<\/td>\n<\/tr>\n<\/tbody>\n<\/table>\n<\/div>\n<p>&nbsp;<\/p>\n<div class=\"su-table su-table-responsive su-table-alternate\">\n<table>\n<tbody>\n<tr>\n<td><img loading=\"lazy\" decoding=\"async\" class=\"alignnone wp-image-810 size-medium\" src=\"https:\/\/www.oaxaca.gob.mx\/ceieg\/wp-content\/uploads\/sites\/64\/2022\/11\/Captura-de-pantalla-2022-10-31-a-las-14.15.54-300x188.png\" alt=\"\" width=\"300\" height=\"188\" srcset=\"https:\/\/www.oaxaca.gob.mx\/ceieg\/wp-content\/uploads\/sites\/64\/2022\/11\/Captura-de-pantalla-2022-10-31-a-las-14.15.54-300x188.png 300w, https:\/\/www.oaxaca.gob.mx\/ceieg\/wp-content\/uploads\/sites\/64\/2022\/11\/Captura-de-pantalla-2022-10-31-a-las-14.15.54-1024x640.png 1024w, https:\/\/www.oaxaca.gob.mx\/ceieg\/wp-content\/uploads\/sites\/64\/2022\/11\/Captura-de-pantalla-2022-10-31-a-las-14.15.54-768x480.png 768w, https:\/\/www.oaxaca.gob.mx\/ceieg\/wp-content\/uploads\/sites\/64\/2022\/11\/Captura-de-pantalla-2022-10-31-a-las-14.15.54.png 1280w\" sizes=\"auto, (max-width: 300px) 100vw, 300px\" \/><\/p>\n<p style=\"text-align: center\">Sistema de Informaci\u00f3n Geogr\u00e1fica de la Bit\u00e1cora Ambiental<\/p>\n<\/td>\n<td><img loading=\"lazy\" decoding=\"async\" class=\"alignnone wp-image-807 size-medium\" src=\"https:\/\/www.oaxaca.gob.mx\/ceieg\/wp-content\/uploads\/sites\/64\/2022\/11\/Captura-de-pantalla-2022-10-31-a-las-14.13.06-300x188.png\" alt=\"\" width=\"300\" height=\"188\" srcset=\"https:\/\/www.oaxaca.gob.mx\/ceieg\/wp-content\/uploads\/sites\/64\/2022\/11\/Captura-de-pantalla-2022-10-31-a-las-14.13.06-300x188.png 300w, https:\/\/www.oaxaca.gob.mx\/ceieg\/wp-content\/uploads\/sites\/64\/2022\/11\/Captura-de-pantalla-2022-10-31-a-las-14.13.06-1024x640.png 1024w, https:\/\/www.oaxaca.gob.mx\/ceieg\/wp-content\/uploads\/sites\/64\/2022\/11\/Captura-de-pantalla-2022-10-31-a-las-14.13.06-768x480.png 768w, https:\/\/www.oaxaca.gob.mx\/ceieg\/wp-content\/uploads\/sites\/64\/2022\/11\/Captura-de-pantalla-2022-10-31-a-las-14.13.06.png 1280w\" sizes=\"auto, (max-width: 300px) 100vw, 300px\" \/><\/p>\n<p style=\"text-align: center\">An\u00e1lisis Socioespacial de homicidios dolosos y feminicidios en municipios del estado de Oaxaca.<\/p>\n<\/td>\n<td><img loading=\"lazy\" decoding=\"async\" class=\"alignnone wp-image-811 size-medium\" src=\"https:\/\/www.oaxaca.gob.mx\/ceieg\/wp-content\/uploads\/sites\/64\/2022\/11\/Captura-de-pantalla-2022-10-31-a-las-14.21.26-300x188.png\" alt=\"\" width=\"300\" height=\"188\" srcset=\"https:\/\/www.oaxaca.gob.mx\/ceieg\/wp-content\/uploads\/sites\/64\/2022\/11\/Captura-de-pantalla-2022-10-31-a-las-14.21.26-300x188.png 300w, https:\/\/www.oaxaca.gob.mx\/ceieg\/wp-content\/uploads\/sites\/64\/2022\/11\/Captura-de-pantalla-2022-10-31-a-las-14.21.26-1024x640.png 1024w, https:\/\/www.oaxaca.gob.mx\/ceieg\/wp-content\/uploads\/sites\/64\/2022\/11\/Captura-de-pantalla-2022-10-31-a-las-14.21.26-768x480.png 768w, https:\/\/www.oaxaca.gob.mx\/ceieg\/wp-content\/uploads\/sites\/64\/2022\/11\/Captura-de-pantalla-2022-10-31-a-las-14.21.26.png 1280w\" sizes=\"auto, (max-width: 300px) 100vw, 300px\" \/><\/p>\n<p style=\"text-align: center\">Sistema de Monitoreo de Indicadores de Desempe\u00f1o de Oaxaca -MIDO<\/p>\n<\/td>\n<\/tr>\n<\/tbody>\n<\/table>\n<\/div>\n<p>&nbsp;<\/p>\n<div class=\"su-table su-table-responsive su-table-alternate\">\n<table>\n<tbody>\n<tr>\n<td><img loading=\"lazy\" decoding=\"async\" class=\"alignnone wp-image-812 size-medium\" src=\"https:\/\/www.oaxaca.gob.mx\/ceieg\/wp-content\/uploads\/sites\/64\/2022\/11\/Captura-de-pantalla-2022-10-31-a-las-14.22.04-300x188.png\" alt=\"\" width=\"300\" height=\"188\" srcset=\"https:\/\/www.oaxaca.gob.mx\/ceieg\/wp-content\/uploads\/sites\/64\/2022\/11\/Captura-de-pantalla-2022-10-31-a-las-14.22.04-300x188.png 300w, https:\/\/www.oaxaca.gob.mx\/ceieg\/wp-content\/uploads\/sites\/64\/2022\/11\/Captura-de-pantalla-2022-10-31-a-las-14.22.04-1024x640.png 1024w, https:\/\/www.oaxaca.gob.mx\/ceieg\/wp-content\/uploads\/sites\/64\/2022\/11\/Captura-de-pantalla-2022-10-31-a-las-14.22.04-768x480.png 768w, https:\/\/www.oaxaca.gob.mx\/ceieg\/wp-content\/uploads\/sites\/64\/2022\/11\/Captura-de-pantalla-2022-10-31-a-las-14.22.04.png 1280w\" sizes=\"auto, (max-width: 300px) 100vw, 300px\" \/><\/p>\n<p style=\"text-align: center\">Prontuario municipal enfocado a la elaboraci\u00f3n del Plan Municipal de Desarrollo<\/p>\n<\/td>\n<td><img loading=\"lazy\" decoding=\"async\" class=\"alignnone wp-image-811 size-medium\" src=\"https:\/\/www.oaxaca.gob.mx\/ceieg\/wp-content\/uploads\/sites\/64\/2022\/11\/Captura-de-pantalla-2022-10-31-a-las-14.21.26-300x188.png\" alt=\"\" width=\"300\" height=\"188\" srcset=\"https:\/\/www.oaxaca.gob.mx\/ceieg\/wp-content\/uploads\/sites\/64\/2022\/11\/Captura-de-pantalla-2022-10-31-a-las-14.21.26-300x188.png 300w, https:\/\/www.oaxaca.gob.mx\/ceieg\/wp-content\/uploads\/sites\/64\/2022\/11\/Captura-de-pantalla-2022-10-31-a-las-14.21.26-1024x640.png 1024w, https:\/\/www.oaxaca.gob.mx\/ceieg\/wp-content\/uploads\/sites\/64\/2022\/11\/Captura-de-pantalla-2022-10-31-a-las-14.21.26-768x480.png 768w, https:\/\/www.oaxaca.gob.mx\/ceieg\/wp-content\/uploads\/sites\/64\/2022\/11\/Captura-de-pantalla-2022-10-31-a-las-14.21.26.png 1280w\" sizes=\"auto, (max-width: 300px) 100vw, 300px\" \/><\/p>\n<p style=\"text-align: center\">Sistema Estatal de Informaci\u00f3n y Estad\u00edstica de los Pueblos Ind\u00edgenas y Afromexicano<\/p>\n<\/td>\n<td><img loading=\"lazy\" decoding=\"async\" class=\"alignnone size-medium wp-image-866\" src=\"https:\/\/www.oaxaca.gob.mx\/ceieg\/wp-content\/uploads\/sites\/64\/2022\/11\/Captura-de-pantalla-2020-03-03-a-las-10.48.05-300x188.png\" alt=\"\" width=\"300\" height=\"188\" srcset=\"https:\/\/www.oaxaca.gob.mx\/ceieg\/wp-content\/uploads\/sites\/64\/2022\/11\/Captura-de-pantalla-2020-03-03-a-las-10.48.05-300x188.png 300w, https:\/\/www.oaxaca.gob.mx\/ceieg\/wp-content\/uploads\/sites\/64\/2022\/11\/Captura-de-pantalla-2020-03-03-a-las-10.48.05-1024x640.png 1024w, https:\/\/www.oaxaca.gob.mx\/ceieg\/wp-content\/uploads\/sites\/64\/2022\/11\/Captura-de-pantalla-2020-03-03-a-las-10.48.05-768x480.png 768w, https:\/\/www.oaxaca.gob.mx\/ceieg\/wp-content\/uploads\/sites\/64\/2022\/11\/Captura-de-pantalla-2020-03-03-a-las-10.48.05.png 1280w\" sizes=\"auto, (max-width: 300px) 100vw, 300px\" \/><\/p>\n<p style=\"text-align: center\">Plataforma Acciones de Impulso y Fortalecimiento para el Desarrollo Profesional de la Juventud<br \/>\nOaxaque\u00f1a.<\/p>\n<\/td>\n<\/tr>\n<\/tbody>\n<\/table>\n<\/div>\n<p>&nbsp;<\/p>\n<div class=\"su-table su-table-responsive su-table-alternate\">\n<table>\n<tbody>\n<tr>\n<td>\n<p style=\"text-align: center\"><img loading=\"lazy\" decoding=\"async\" class=\"alignnone wp-image-811 size-medium aligncenter\" src=\"https:\/\/www.oaxaca.gob.mx\/ceieg\/wp-content\/uploads\/sites\/64\/2022\/11\/Captura-de-pantalla-2022-10-31-a-las-14.21.26-300x188.png\" alt=\"\" width=\"300\" height=\"188\" srcset=\"https:\/\/www.oaxaca.gob.mx\/ceieg\/wp-content\/uploads\/sites\/64\/2022\/11\/Captura-de-pantalla-2022-10-31-a-las-14.21.26-300x188.png 300w, https:\/\/www.oaxaca.gob.mx\/ceieg\/wp-content\/uploads\/sites\/64\/2022\/11\/Captura-de-pantalla-2022-10-31-a-las-14.21.26-1024x640.png 1024w, https:\/\/www.oaxaca.gob.mx\/ceieg\/wp-content\/uploads\/sites\/64\/2022\/11\/Captura-de-pantalla-2022-10-31-a-las-14.21.26-768x480.png 768w, https:\/\/www.oaxaca.gob.mx\/ceieg\/wp-content\/uploads\/sites\/64\/2022\/11\/Captura-de-pantalla-2022-10-31-a-las-14.21.26.png 1280w\" sizes=\"auto, (max-width: 300px) 100vw, 300px\" \/><\/p>\n<p style=\"text-align: center\"><span style=\"font-family: inherit;font-size: inherit\">Herramienta para la Evaluaci\u00f3n de la Calidad de Registros Administrativos HECRA<\/span><\/p>\n<\/td>\n<td>\n<p style=\"text-align: center\"><img loading=\"lazy\" decoding=\"async\" class=\"alignnone size-medium wp-image-866 aligncenter\" src=\"https:\/\/www.oaxaca.gob.mx\/ceieg\/wp-content\/uploads\/sites\/64\/2022\/11\/Captura-de-pantalla-2020-03-03-a-las-10.48.05-300x188.png\" alt=\"\" width=\"300\" height=\"188\" srcset=\"https:\/\/www.oaxaca.gob.mx\/ceieg\/wp-content\/uploads\/sites\/64\/2022\/11\/Captura-de-pantalla-2020-03-03-a-las-10.48.05-300x188.png 300w, https:\/\/www.oaxaca.gob.mx\/ceieg\/wp-content\/uploads\/sites\/64\/2022\/11\/Captura-de-pantalla-2020-03-03-a-las-10.48.05-1024x640.png 1024w, https:\/\/www.oaxaca.gob.mx\/ceieg\/wp-content\/uploads\/sites\/64\/2022\/11\/Captura-de-pantalla-2020-03-03-a-las-10.48.05-768x480.png 768w, https:\/\/www.oaxaca.gob.mx\/ceieg\/wp-content\/uploads\/sites\/64\/2022\/11\/Captura-de-pantalla-2020-03-03-a-las-10.48.05.png 1280w\" sizes=\"auto, (max-width: 300px) 100vw, 300px\" \/><\/p>\n<p style=\"text-align: center\"><span style=\"font-family: inherit;font-size: inherit\">Cat\u00e1logo de Intervenciones Gubernamentales en Materia de Juventud del Estado de Oaxaca<\/span><\/p>\n<\/td>\n<td>&nbsp;<\/p>\n<p style=\"text-align: center\">\n<\/td>\n<\/tr>\n<\/tbody>\n<\/table>\n<\/div>\n","protected":false},"excerpt":{"rendered":"<p>&nbsp; &nbsp; &nbsp; &nbsp; &nbsp; &nbsp; &nbsp;<\/p>\n","protected":false},"author":30,"featured_media":0,"parent":0,"menu_order":0,"comment_status":"closed","ping_status":"closed","template":"","meta":{"episode_type":"","audio_file":"","podmotor_file_id":"","podmotor_episode_id":"","cover_image":"","cover_image_id":"","duration":"","filesize":"","filesize_raw":"","date_recorded":"","explicit":"","block":"","itunes_episode_number":"","itunes_title":"","itunes_season_number":"","itunes_episode_type":"","footnotes":""},"categories":[],"tags":[],"class_list":["post-766","page","type-page","status-publish","hentry"],"acf":[],"publishpress_future_action":{"enabled":false,"date":"2026-05-14 19:16:13","action":"change-status","newStatus":"draft","terms":[],"taxonomy":"category","extraData":[]},"publishpress_future_workflow_manual_trigger":{"enabledWorkflows":[]},"_links":{"self":[{"href":"https:\/\/www.oaxaca.gob.mx\/ceieg\/wp-json\/wp\/v2\/pages\/766","targetHints":{"allow":["GET"]}}],"collection":[{"href":"https:\/\/www.oaxaca.gob.mx\/ceieg\/wp-json\/wp\/v2\/pages"}],"about":[{"href":"https:\/\/www.oaxaca.gob.mx\/ceieg\/wp-json\/wp\/v2\/types\/page"}],"author":[{"embeddable":true,"href":"https:\/\/www.oaxaca.gob.mx\/ceieg\/wp-json\/wp\/v2\/users\/30"}],"replies":[{"embeddable":true,"href":"https:\/\/www.oaxaca.gob.mx\/ceieg\/wp-json\/wp\/v2\/comments?post=766"}],"version-history":[{"count":35,"href":"https:\/\/www.oaxaca.gob.mx\/ceieg\/wp-json\/wp\/v2\/pages\/766\/revisions"}],"predecessor-version":[{"id":867,"href":"https:\/\/www.oaxaca.gob.mx\/ceieg\/wp-json\/wp\/v2\/pages\/766\/revisions\/867"}],"wp:attachment":[{"href":"https:\/\/www.oaxaca.gob.mx\/ceieg\/wp-json\/wp\/v2\/media?parent=766"}],"wp:term":[{"taxonomy":"category","embeddable":true,"href":"https:\/\/www.oaxaca.gob.mx\/ceieg\/wp-json\/wp\/v2\/categories?post=766"},{"taxonomy":"post_tag","embeddable":true,"href":"https:\/\/www.oaxaca.gob.mx\/ceieg\/wp-json\/wp\/v2\/tags?post=766"}],"curies":[{"name":"wp","href":"https:\/\/api.w.org\/{rel}","templated":true}]}}