{"id":607,"date":"2020-11-17T11:49:53","date_gmt":"2020-11-17T17:49:53","guid":{"rendered":"https:\/\/www.oaxaca.gob.mx\/ceieg\/?page_id=607"},"modified":"2020-11-17T11:49:53","modified_gmt":"2020-11-17T17:49:53","slug":"proyectos-2020","status":"publish","type":"page","link":"https:\/\/www.oaxaca.gob.mx\/ceieg\/proyectos-2020\/","title":{"rendered":"Proyectos 2020"},"content":{"rendered":"<p>I. Impulsar la consolidaci\u00f3n del SNIEG en el Estado de Oaxaca, mediante el fortalecimiento e implementaci\u00f3n de acciones estrat\u00e9gicas.<\/p>\n\n<table id=\"tablepress-17\" class=\"tablepress tablepress-id-17\">\n<thead>\n<tr class=\"row-1\">\n\t<th class=\"column-1\">Proyecto<\/th><th class=\"column-2\">Descripci\u00f3n<\/th><th class=\"column-3\">Responsable<\/th>\n<\/tr>\n<\/thead>\n<tbody class=\"row-striping row-hover\">\n<tr class=\"row-2\">\n\t<td class=\"column-1\">Elaboraci\u00f3n y seguimiento al PAT 2020<\/td><td class=\"column-2\">Integraci\u00f3n y seguimiento a las actividades espec\u00edficas necesarias para la elaboraci\u00f3n de los proyectos inscritos en el Programa de Trabajo del CEIEG\t\t<br \/>\n<\/td><td class=\"column-3\">COPLADE                                   INEGI\t<br \/>\n<\/td>\n<\/tr>\n<tr class=\"row-3\">\n\t<td class=\"column-1\">Actualizaci\u00f3n del Sitio del CEIEG\t\t\t<br \/>\n<\/td><td class=\"column-2\">Actualizar con la informaci\u00f3n generada por los grupos de trabajo, sesiones de Comit\u00e9, proyectos generados, y documentos de inter\u00e9s para los integrantes del Comit\u00e9\t\t<br \/>\n<\/td><td class=\"column-3\">COPLADE                                   INEGI\t<br \/>\n<\/td>\n<\/tr>\n<tr class=\"row-4\">\n\t<td class=\"column-1\">Incorporaci\u00f3n de nuevos miembros al CEIEG\t\t\t<br \/>\n<\/td><td class=\"column-2\">Incorporaci\u00f3n de municipios (por lo menos un municipio de cada regi\u00f3n) as\u00ed como Instituciones Acad\u00e9micas al Comit\u00e9\t\t<br \/>\n<\/td><td class=\"column-3\">COPLADE\t<br \/>\n<\/td>\n<\/tr>\n<tr class=\"row-5\">\n\t<td class=\"column-1\">Actualizar el Desarrollo Normativo Estatal  para que regule la operaci\u00f3n de la Plataforma Integradora de Informaci\u00f3n Estad\u00edstica y Geogr\u00e1fica del Estado de Oaxaca\t\t\t<br \/>\n<\/td><td class=\"column-2\">Documento normativo que de sustento legal al desarrollo y operaci\u00f3n de la Plataforma Integradora\t\t<br \/>\n<\/td><td class=\"column-3\">COPLADE                                   INEGI\t<br \/>\n<\/td>\n<\/tr>\n<\/tbody>\n<\/table>\n<!-- #tablepress-17 from cache -->\n<p>II. Fortalecer las pol\u00edticas p\u00fablicas y de la toma de decisiones, a trav\u00e9s de la aplicaci\u00f3n de la normatividad del SNIEG en la integraci\u00f3n y generaci\u00f3n de proyectos de informaci\u00f3n estad\u00edstica y geogr\u00e1fica.<\/p>\n\n<table id=\"tablepress-18\" class=\"tablepress tablepress-id-18\">\n<thead>\n<tr class=\"row-1\">\n\t<th class=\"column-1\">Proyecto<\/th><th class=\"column-2\">Descripci\u00f3n <\/th><th class=\"column-3\">Responsable<\/th>\n<\/tr>\n<\/thead>\n<tbody class=\"row-striping row-hover\">\n<tr class=\"row-2\">\n\t<td class=\"column-1\">Integraci\u00f3n de Informaci\u00f3n Estad\u00edstica y Geogr\u00e1fica de los Estados.\t\t\t<br \/>\n<\/td><td class=\"column-2\">Informaci\u00f3n sobre los principales aspectos sociodemogr\u00e1ficos, econ\u00f3micos y geogr\u00e1ficos de la entidad de utilidad para el conocimiento y an\u00e1lisis del entorno estatal\t\t<br \/>\n<\/td><td class=\"column-3\">COPLADE                                   INEGI\t<br \/>\n<\/td>\n<\/tr>\n<tr class=\"row-3\">\n\t<td class=\"column-1\">Atlas de G\u00e9nero\t\t\t<br \/>\n<\/td><td class=\"column-2\">Actualizar los indicadores presentados en el sistema, con informaci\u00f3n de 2019 y ampliar el n\u00famero de indicadores con los que cuenta la plataforma https:\/\/atlasdegenero.oaxaca.gob.mx\/\t\t<br \/>\n<\/td><td class=\"column-3\">DIGEPO                                      SMO                                          INEGI\t<br \/>\n<\/td>\n<\/tr>\n<tr class=\"row-4\">\n\t<td class=\"column-1\">Actualizaci\u00f3n de sistema \u201cMis derechos\u201d\t\t\t<br \/>\n<\/td><td class=\"column-2\">\"Actualizar los indicadores presentados en el sistema, con informaci\u00f3n de 2019 .<br \/>\nhttps:\/\/conocemisderechos.oaxaca.gob.mx\/\"\t\t<br \/>\n<\/td><td class=\"column-3\">SESIPINNA\t<br \/>\n<\/td>\n<\/tr>\n<tr class=\"row-5\">\n\t<td class=\"column-1\">Actualizaci\u00f3n de la Oficina Virtual de Informaci\u00f3n Econ\u00f3mica\t\t\t<br \/>\n<\/td><td class=\"column-2\">Implementar una plataforma geogr\u00e1fica que integra datos econ\u00f3micos y sociodemogr\u00e1ficos, para apoyar en la toma de decisiones de los agentes econ\u00f3micos que desean emprender o expandir un negocio\t\t<br \/>\n<\/td><td class=\"column-3\">L\u00edder: SE                                        \t<br \/>\n<\/td>\n<\/tr>\n<tr class=\"row-6\">\n\t<td class=\"column-1\">Sistema de Georreferenciaci\u00f3n de Contralor\u00eda Social (SIGECS)\t\t\t<br \/>\n<\/td><td class=\"column-2\">Desarrollar un sistema que concentre la informaci\u00f3n generada por la sociedad civil organizada, a trav\u00e9s de los Comit\u00e9s de Contralor\u00eda Social acreditados y activos para el ejercicio de las funciones propias de la Contralor\u00eda Social en los diversos municipios del Estado de Oaxaca, que cuentan con uno de ellos y georreferenciar dicha informaci\u00f3n\t\t<br \/>\n<\/td><td class=\"column-3\">SCTG\t<br \/>\n<\/td>\n<\/tr>\n<tr class=\"row-7\">\n\t<td class=\"column-1\">Sistema de Informaci\u00f3n Georreferenciada para la Prevenci\u00f3n de Embarazos en Adolescentes\t\t\t<br \/>\n<\/td><td class=\"column-2\">Herramienta sistematizada que permita focalizar las caracter\u00edsticas, frecuencia y entorno del fen\u00f3meno de embarazos en adolescentes, para coadyuvar en la definici\u00f3n de pol\u00edticas p\u00fablicas\t\t<br \/>\n<\/td><td class=\"column-3\">DIGEPO                                                                              INEGI\t<br \/>\n<\/td>\n<\/tr>\n<tr class=\"row-8\">\n\t<td class=\"column-1\">Sistema de Informaci\u00f3n Cultural y Art\u00edstico de Oaxaca (SICAO)\t\t\t<br \/>\n<\/td><td class=\"column-2\">Crear un sistema de informaci\u00f3n cultural de datos accesibles y oportunos que ayuden a la investigaci\u00f3n y an\u00e1lisis de los bienes y servicios culturales que ofrece el Estado de Oaxaca\t\t<br \/>\n<\/td><td class=\"column-3\">SECULTA                                                       INEGI\t<br \/>\n<\/td>\n<\/tr>\n<tr class=\"row-9\">\n\t<td class=\"column-1\">Sistema Integral de Informaci\u00f3n de la Fiscal\u00eda General del Estado\t\t\t<br \/>\n<\/td><td class=\"column-2\">Implementar una plataforma integral que optimice el acopio, almacenamiento, an\u00e1lisis, suministro y el intercambio de informaci\u00f3n de incidencia delictiva, permitiendo brindar a la ciudadan\u00eda un mejor servicio para fortalecer las capacidades institucionales de las \u00e1reas de an\u00e1lisis y estad\u00edstica de la Fiscal\u00eda General del Estado de Oaxaca.\t\t<br \/>\n<\/td><td class=\"column-3\">FGEO                                        COPLADE                                 INEGI\t<br \/>\n<\/td>\n<\/tr>\n<tr class=\"row-10\">\n\t<td class=\"column-1\">Sistema de Informaci\u00f3n Geogr\u00e1fica de la Bit\u00e1cora Ambiental\t\t\t<br \/>\n<\/td><td class=\"column-2\">Fortalecer la plataforma de la Bit\u00e1cora Ambiental, como una herramienta de transparencia y acceso a la informaci\u00f3n de los ordenamientos ecol\u00f3gicos territoriales y recursos naturales en el estado de Oaxaca para apoyar en la toma de decisiones.\t\t<br \/>\n<\/td><td class=\"column-3\">SEMAEDESO\t<br \/>\n<\/td>\n<\/tr>\n<tr class=\"row-11\">\n\t<td class=\"column-1\">Plataforma Acciones de Impulso y Fortalecimiento para el Desarrollo Profesional de la Juventud Oaxaque\u00f1a\t\t\t<br \/>\n<\/td><td class=\"column-2\">Desarrollar un sistema de informaci\u00f3n que permita programar y sistematizar acciones que coadyuven el desarrollo profesional de la juventud\t\t<br \/>\n<\/td><td class=\"column-3\">INJEO                                                                           COPLADE\t<br \/>\n<\/td>\n<\/tr>\n<tr class=\"row-12\">\n\t<td class=\"column-1\">M\u00f3dulo geogr\u00e1fico del Sistema de Informaci\u00f3n para la Planeaci\u00f3n del Desarrollo(SISPLADE) \t\t\t<br \/>\n<\/td><td class=\"column-2\">Implementar el m\u00f3dulo geogr\u00e1fico en MXSIG para realizar actividades de programaci\u00f3n y sistematizaci\u00f3n de Infraestructura en el territorio Oaxaque\u00f1o a diversos niveles (Municipal, microrregional y regional) \t\t<br \/>\n<\/td><td class=\"column-3\">COPLADE\t<br \/>\n<\/td>\n<\/tr>\n<tr class=\"row-13\">\n\t<td class=\"column-1\">Padr\u00f3n \u00danico de Beneficiarios\t\t\t<br \/>\n<\/td><td class=\"column-2\">Actualizar los indicadores presentados en el sistema 2019 y modificaci\u00f3n de la herramienta georreferenciada\t\t<br \/>\n<\/td><td class=\"column-3\">COPEVAL\t<br \/>\n<\/td>\n<\/tr>\n<tr class=\"row-14\">\n\t<td class=\"column-1\">Oaxaca Sostenible\t\t\t<br \/>\n<\/td><td class=\"column-2\">Contar con un sistema de georreferenciaci\u00f3n de indicadores de las caracter\u00edsticas sociales de Oaxaca a nivel AGEB\t\t<br \/>\n<\/td><td class=\"column-3\">COPEVAL\t<br \/>\n<\/td>\n<\/tr>\n<\/tbody>\n<\/table>\n<!-- #tablepress-18 from cache -->\n<p>III. Difundir la informaci\u00f3n del SNIEG para su uso en el dise\u00f1o y ejecuci\u00f3n de pol\u00edticas p\u00fablicas y toma de decisiones, as\u00ed como la gesti\u00f3n de proyectos para el desarrollo del Estado.<\/p>\n\n<table id=\"tablepress-19\" class=\"tablepress tablepress-id-19\">\n<thead>\n<tr class=\"row-1\">\n\t<th class=\"column-1\">Proyecto<\/th><th class=\"column-2\">Descripci\u00f3n<\/th><th class=\"column-3\">Responsable<\/th>\n<\/tr>\n<\/thead>\n<tbody class=\"row-striping row-hover\">\n<tr class=\"row-2\">\n\t<td class=\"column-1\">Promoci\u00f3n y Uso de la Infomaci\u00f3n\t\t\t<br \/>\n<\/td><td class=\"column-2\">Programar y realizar eventos de promoci\u00f3n del conocimiento y uso de la informaci\u00f3n estad\u00edstica y geogr\u00e1fica que genera INEGI.\t\t<br \/>\n<\/td><td class=\"column-3\">INEGI\t<br \/>\n<\/td>\n<\/tr>\n<\/tbody>\n<\/table>\n<!-- #tablepress-19 from cache -->\n<p>IV. Implementar el sistema estatal de informaci\u00f3n para el manejo y explotaci\u00f3n de la informaci\u00f3n estad\u00edstica y geogr\u00e1fica de la entidad, mediante el desarrollo e integraci\u00f3n de datos, software y hardware requeridos.<\/p>\n\n<table id=\"tablepress-20\" class=\"tablepress tablepress-id-20\">\n<thead>\n<tr class=\"row-1\">\n\t<th class=\"column-1\">Proyecto<\/th><th class=\"column-2\">Descripci\u00f3n<\/th><th class=\"column-3\">Responsable<\/th>\n<\/tr>\n<\/thead>\n<tbody class=\"row-striping row-hover\">\n<tr class=\"row-2\">\n\t<td class=\"column-1\">Plataforma Integradora de Informaci\u00f3n Estad\u00edstica y Geogr\u00e1fica\t\t\t<br \/>\n<\/td><td class=\"column-2\">Implementar la plataforma de informaci\u00f3n estad\u00edstica y geogr\u00e1fica para fortalecer la planeaci\u00f3n y la toma de decisiones a trav\u00e9s de informaci\u00f3n georreferenciada.\t\t<br \/>\n<\/td><td class=\"column-3\">COPLADE\t<br \/>\n<\/td>\n<\/tr>\n<\/tbody>\n<\/table>\n<!-- #tablepress-20 from cache -->\n<p>V. Integrar y actualizar permanentemente los Registros Nacionales de Informaci\u00f3n Estad\u00edstica y Geogr\u00e1fica en cumplimiento de la Ley del SNIEG.<\/p>\n\n<table id=\"tablepress-21\" class=\"tablepress tablepress-id-21\">\n<thead>\n<tr class=\"row-1\">\n\t<th class=\"column-1\">Proyecto<\/th><th class=\"column-2\">Descripci\u00f3n<\/th><th class=\"column-3\">Responsable<\/th>\n<\/tr>\n<\/thead>\n<tbody class=\"row-striping row-hover\">\n<tr class=\"row-2\">\n\t<td class=\"column-1\">Registro Estad\u00edstico Nacional\t\t\t<br \/>\n<\/td><td class=\"column-2\">Contan con un inventario de las caracter\u00edsticas b\u00e1sicas de los proyectos y producto estad\u00edsticos generados en las Unidades de Estado\t\t<br \/>\n<\/td><td class=\"column-3\">CEIEG\t<br \/>\n<\/td>\n<\/tr>\n<tr class=\"row-3\">\n\t<td class=\"column-1\">Registro Nacional de Informaci\u00f3n Geogr\u00e1fica\t\t\t<br \/>\n<\/td><td class=\"column-2\">Contar con un inventario de metadatos b\u00e1sicos acerca de la informaci\u00f3n geogr\u00e1fica que se genera en el pa\u00eds, as\u00ed como de unidades que la producen, con la finalidad de contribuir al desarrollo del SNIEG.\t\t<br \/>\n<\/td><td class=\"column-3\">CEIEG\t<br \/>\n<\/td>\n<\/tr>\n<\/tbody>\n<\/table>\n<!-- #tablepress-21 from cache -->\n<p>VI. Fortalecer las capacidades de las servidoras y servidores p\u00fablicos de las Unidades de Estado que generan informaci\u00f3n estad\u00edstica y geogr\u00e1fica.<\/p>\n\n<table id=\"tablepress-22\" class=\"tablepress tablepress-id-22\">\n<thead>\n<tr class=\"row-1\">\n\t<th class=\"column-1\">Proyecto<\/th><th class=\"column-2\">Descripci\u00f3n<\/th><th class=\"column-3\">Responsable<\/th>\n<\/tr>\n<\/thead>\n<tbody class=\"row-striping row-hover\">\n<tr class=\"row-2\">\n\t<td class=\"column-1\">Programa de capacitaci\u00f3n y actualizaci\u00f3n dirigido a servidores p\u00fablicos de las Unidades del Estado\t\t\t<br \/>\n<\/td><td class=\"column-2\">Capacitar y actualizar a servidores p\u00fablicos de las Unidades de Estado, en la normatividad estad\u00edstica y geogr\u00e1fica, as\u00ed como en el conocimiento del SNIEG.\t\t<br \/>\n<\/td><td class=\"column-3\">CEIEG\t<br \/>\n<\/td>\n<\/tr>\n<\/tbody>\n<\/table>\n<!-- #tablepress-22 from cache -->\n<p>&nbsp;<\/p>\n<p style=\"font-size: 12px\">LIGAS DE INTER\u00c9S<br \/>\nSNIEG &#8211; https:\/\/www.snieg.mx\/<br \/>\nAtlas de G\u00e9nero &#8211; https:\/\/atlasdegenero.oaxaca.gob.mx\/<br \/>\nPadr\u00f3n \u00danico de Beneficiarios &#8211; https:\/\/padronbeneficiarios.oaxaca.gob.mx\/publico\/consulta<\/p>\n","protected":false},"excerpt":{"rendered":"<p>I. Impulsar la consolidaci\u00f3n del SNIEG en el Estado de Oaxaca, mediante el fortalecimiento e implementaci\u00f3n de acciones estrat\u00e9gicas. II. Fortalecer las pol\u00edticas p\u00fablicas y de la toma de decisiones, a trav\u00e9s de la aplicaci\u00f3n de la normatividad del SNIEG en la integraci\u00f3n y generaci\u00f3n de proyectos de informaci\u00f3n estad\u00edstica y geogr\u00e1fica. III. Difundir la [&hellip;]<\/p>\n","protected":false},"author":30,"featured_media":0,"parent":0,"menu_order":0,"comment_status":"closed","ping_status":"closed","template":"","meta":{"episode_type":"","audio_file":"","podmotor_file_id":"","podmotor_episode_id":"","cover_image":"","cover_image_id":"","duration":"","filesize":"","filesize_raw":"","date_recorded":"","explicit":"","block":"","itunes_episode_number":"","itunes_title":"","itunes_season_number":"","itunes_episode_type":"","footnotes":""},"categories":[],"tags":[],"class_list":["post-607","page","type-page","status-publish","hentry"],"acf":[],"publishpress_future_action":{"enabled":false,"date":"2026-04-28 07:08:55","action":"change-status","newStatus":"draft","terms":[],"taxonomy":"category","extraData":[]},"publishpress_future_workflow_manual_trigger":{"enabledWorkflows":[]},"_links":{"self":[{"href":"https:\/\/www.oaxaca.gob.mx\/ceieg\/wp-json\/wp\/v2\/pages\/607","targetHints":{"allow":["GET"]}}],"collection":[{"href":"https:\/\/www.oaxaca.gob.mx\/ceieg\/wp-json\/wp\/v2\/pages"}],"about":[{"href":"https:\/\/www.oaxaca.gob.mx\/ceieg\/wp-json\/wp\/v2\/types\/page"}],"author":[{"embeddable":true,"href":"https:\/\/www.oaxaca.gob.mx\/ceieg\/wp-json\/wp\/v2\/users\/30"}],"replies":[{"embeddable":true,"href":"https:\/\/www.oaxaca.gob.mx\/ceieg\/wp-json\/wp\/v2\/comments?post=607"}],"version-history":[{"count":2,"href":"https:\/\/www.oaxaca.gob.mx\/ceieg\/wp-json\/wp\/v2\/pages\/607\/revisions"}],"predecessor-version":[{"id":609,"href":"https:\/\/www.oaxaca.gob.mx\/ceieg\/wp-json\/wp\/v2\/pages\/607\/revisions\/609"}],"wp:attachment":[{"href":"https:\/\/www.oaxaca.gob.mx\/ceieg\/wp-json\/wp\/v2\/media?parent=607"}],"wp:term":[{"taxonomy":"category","embeddable":true,"href":"https:\/\/www.oaxaca.gob.mx\/ceieg\/wp-json\/wp\/v2\/categories?post=607"},{"taxonomy":"post_tag","embeddable":true,"href":"https:\/\/www.oaxaca.gob.mx\/ceieg\/wp-json\/wp\/v2\/tags?post=607"}],"curies":[{"name":"wp","href":"https:\/\/api.w.org\/{rel}","templated":true}]}}