{"id":26,"date":"2019-07-26T17:44:17","date_gmt":"2019-07-26T15:44:17","guid":{"rendered":"https:\/\/www.oaxaca.gob.mx\/ceieg\/?page_id=26"},"modified":"2019-07-26T17:44:17","modified_gmt":"2019-07-26T15:44:17","slug":"marco-normativo","status":"publish","type":"page","link":"https:\/\/www.oaxaca.gob.mx\/ceieg\/marco-normativo\/","title":{"rendered":"Marco Normativo"},"content":{"rendered":"\n<table id=\"tablepress-1\" class=\"tablepress tablepress-id-1\">\n<thead>\n<tr class=\"row-1\">\n\t<th class=\"column-1\">Documento<\/th><th class=\"column-2\">Descargar<\/th>\n<\/tr>\n<\/thead>\n<tbody class=\"row-striping row-hover\">\n<tr class=\"row-2\">\n\t<td class=\"column-1\">Ley del Sistema Nacional de Informaci\u00f3n Estad\u00edstica y Geogr\u00e1fica<\/td><td class=\"column-2\"><a target=\"_blank\" href=\"\/ceieg\/wp-content\/uploads\/sites\/64\/2019\/07\/3.-LSNIEG.pdf\" rel=\"noopener\"><i class=\"far fa-file-pdf fa-2x\">&nbsp;<\/i><\/a><\/td>\n<\/tr>\n<tr class=\"row-3\">\n\t<td class=\"column-1\">Reglas para la Integraci\u00f3n y Operaci\u00f3n de los Comit\u00e9s T\u00e9cnicos Especializados de los Subsistemas Nacionales de Informaci\u00f3n (2025)<\/td><td class=\"column-2\"><a target=\"_blank\" href=\"https:\/\/www.oaxaca.gob.mx\/ceieg\/wp-content\/uploads\/sites\/64\/2025\/08\/RIOCTE_2025.pdf\" rel=\"noopener\"><i class=\"far fa-file-pdf fa-2x\">&nbsp;<\/i><\/a><\/td>\n<\/tr>\n<\/tbody>\n<\/table>\n<!-- #tablepress-1 from cache -->\n","protected":false},"excerpt":{"rendered":"","protected":false},"author":1,"featured_media":0,"parent":0,"menu_order":0,"comment_status":"closed","ping_status":"closed","template":"","meta":{"episode_type":"","audio_file":"","podmotor_file_id":"","podmotor_episode_id":"","cover_image":"","cover_image_id":"","duration":"","filesize":"","filesize_raw":"","date_recorded":"","explicit":"","block":"","itunes_episode_number":"","itunes_title":"","itunes_season_number":"","itunes_episode_type":"","footnotes":""},"categories":[],"tags":[],"class_list":["post-26","page","type-page","status-publish","hentry"],"acf":[],"publishpress_future_action":{"enabled":false,"date":"2026-05-12 00:37:03","action":"change-status","newStatus":"draft","terms":[],"taxonomy":"category","extraData":[]},"publishpress_future_workflow_manual_trigger":{"enabledWorkflows":[]},"_links":{"self":[{"href":"https:\/\/www.oaxaca.gob.mx\/ceieg\/wp-json\/wp\/v2\/pages\/26","targetHints":{"allow":["GET"]}}],"collection":[{"href":"https:\/\/www.oaxaca.gob.mx\/ceieg\/wp-json\/wp\/v2\/pages"}],"about":[{"href":"https:\/\/www.oaxaca.gob.mx\/ceieg\/wp-json\/wp\/v2\/types\/page"}],"author":[{"embeddable":true,"href":"https:\/\/www.oaxaca.gob.mx\/ceieg\/wp-json\/wp\/v2\/users\/1"}],"replies":[{"embeddable":true,"href":"https:\/\/www.oaxaca.gob.mx\/ceieg\/wp-json\/wp\/v2\/comments?post=26"}],"version-history":[{"count":0,"href":"https:\/\/www.oaxaca.gob.mx\/ceieg\/wp-json\/wp\/v2\/pages\/26\/revisions"}],"wp:attachment":[{"href":"https:\/\/www.oaxaca.gob.mx\/ceieg\/wp-json\/wp\/v2\/media?parent=26"}],"wp:term":[{"taxonomy":"category","embeddable":true,"href":"https:\/\/www.oaxaca.gob.mx\/ceieg\/wp-json\/wp\/v2\/categories?post=26"},{"taxonomy":"post_tag","embeddable":true,"href":"https:\/\/www.oaxaca.gob.mx\/ceieg\/wp-json\/wp\/v2\/tags?post=26"}],"curies":[{"name":"wp","href":"https:\/\/api.w.org\/{rel}","templated":true}]}}