{"id":214,"date":"2019-11-20T11:43:47","date_gmt":"2019-11-20T17:43:47","guid":{"rendered":"https:\/\/www.oaxaca.gob.mx\/ceieg\/?page_id=214"},"modified":"2019-11-20T11:43:47","modified_gmt":"2019-11-20T17:43:47","slug":"presentan-censo-de-poblacion-y-vivienda-2020","status":"publish","type":"page","link":"https:\/\/www.oaxaca.gob.mx\/ceieg\/presentan-censo-de-poblacion-y-vivienda-2020\/","title":{"rendered":"Presentan Censo de Poblaci\u00f3n y Vivienda 2020"},"content":{"rendered":"<p>Oaxaca de Ju\u00e1rez, Oaxaca, a 21 de octubre de 2019. En sesi\u00f3n del Comit\u00e9 Estatal de Informaci\u00f3n Estad\u00edstica y Geogr\u00e1fica del Estado de Oaxaca (CEIEG) realizada en las instalaciones del Instituto Nacional de Estad\u00edstica y Geograf\u00eda (INEGI), se efectu\u00f3 la presentaci\u00f3n del Censo de Poblaci\u00f3n y Vivienda 2020.<\/p>\n<p>&nbsp;<\/p>\n<p>Ante la presencia de autoridades federales y estatales, el Maestro Javier Lazcano Vargas, presidente de este Comit\u00e9, se\u00f1al\u00f3 que es una instancia fundamental para hacer de este tipo de informaci\u00f3n una herramienta \u00fatil y efectiva que impulse las pol\u00edticas que el estado de Oaxaca requiere.<\/p>\n<p>&nbsp;<\/p>\n<p>Asimismo, indic\u00f3 que \u201cestamos a pocos meses de que comience el levantamiento de informaci\u00f3n, por lo que refrendamos nuestra colaboraci\u00f3n con el INEGI, para llevar a buen puerto este instrumento relevante para planear el desarrollo nacional\u201c.<\/p>\n<p>&nbsp;<\/p>\n<p>La presentaci\u00f3n del Censo de Poblaci\u00f3n y Vivienda 2020, corri\u00f3 a cargo del Ingeniero Jorge L\u00f3pez Guzm\u00e1n, Coordinador estatal del INEGI, quien se\u00f1al\u00f3 que el mismo se llevar\u00e1 a cabo del 2 al 27 de marzo de 2020, tiempo en que se recabar\u00e1 la informaci\u00f3n de todas las personas y viviendas del pa\u00eds.<\/p>\n<p>&nbsp;<\/p>\n<p>Oaxaca, galardonada.<\/p>\n<p>&nbsp;<\/p>\n<p>Para subrayar la importancia del trabajo del CEIEG, Lazcano Vargas resalt\u00f3 algunos casos de \u00e9xito como el Padr\u00f3n \u00danico de Beneficiarios de la Secretar\u00eda de Desarrollo Social y Humano (SEDESOH); el Sistema de Informaci\u00f3n para la Planeaci\u00f3n del Desarrollo -SISPLADE- de la Coordinaci\u00f3n General del Comit\u00e9 Estatal de Planeaci\u00f3n para el Desarrollo de Oaxaca (COPLADE).<\/p>\n<p>&nbsp;<\/p>\n<p>Adem\u00e1s del Atlas de G\u00e9nero impulsado por la Secretar\u00eda de las Mujeres de Oaxaca, el cual recibi\u00f3 un Premio a la Innovaci\u00f3n en Transparencia por parte del INAI, y m\u00e1s recientemente el reconocimiento \u2018Buenas pr\u00e1cticas de monitoreo y evaluaci\u00f3n\u2019 de parte del CONEVAL, que ser\u00e1 aceptado en los pr\u00f3ximos d\u00edas por el gobernador del estado, Mtro. Alejandro Murat Hinojosa.<\/p>\n<p>&nbsp;<\/p>\n<p>Por \u00faltimo, tambi\u00e9n con galard\u00f3n del CONEVAL en la categor\u00eda \u2018Uso de la informaci\u00f3n de Monitoreo y Evaluaci\u00f3n para mejorar la pol\u00edtica de Desarrollo Social\u2019, destaca la Plataforma Digital \u201cOaxaca Sostenible, Acciones para el Desarrollo\u201d; todas ellas experiencias exitosas del manejo de informaci\u00f3n por parte del Gobierno del estado de Oaxaca en beneficio de los gobernados.<\/p>\n\n\t\t<style type=\"text\/css\">\n\t\t\t#gallery-1 {\n\t\t\t\tmargin: auto;\n\t\t\t}\n\t\t\t#gallery-1 .gallery-item {\n\t\t\t\tfloat: left;\n\t\t\t\tmargin-top: 10px;\n\t\t\t\ttext-align: center;\n\t\t\t\twidth: 33%;\n\t\t\t}\n\t\t\t#gallery-1 img {\n\t\t\t\tborder: 2px solid #cfcfcf;\n\t\t\t}\n\t\t\t#gallery-1 .gallery-caption {\n\t\t\t\tmargin-left: 0;\n\t\t\t}\n\t\t\t\/* see gallery_shortcode() in wp-includes\/media.php *\/\n\t\t<\/style>\n\t\t<div id='gallery-1' class='gallery galleryid-214 gallery-columns-3 gallery-size-thumbnail'><dl class='gallery-item'>\n\t\t\t<dt class='gallery-icon landscape'>\n\t\t\t\t<a href='https:\/\/www.oaxaca.gob.mx\/ceieg\/presentan-censo-de-poblacion-y-vivienda-2020\/whatsapp-image-2019-10-23-at-20-35-33-1\/'><img loading=\"lazy\" decoding=\"async\" width=\"150\" height=\"150\" src=\"https:\/\/www.oaxaca.gob.mx\/ceieg\/wp-content\/uploads\/sites\/64\/2019\/11\/WhatsApp-Image-2019-10-23-at-20.35.33-1-150x150.jpeg\" class=\"attachment-thumbnail size-thumbnail\" alt=\"\" \/><\/a>\n\t\t\t<\/dt><\/dl><dl class='gallery-item'>\n\t\t\t<dt class='gallery-icon landscape'>\n\t\t\t\t<a href='https:\/\/www.oaxaca.gob.mx\/ceieg\/presentan-censo-de-poblacion-y-vivienda-2020\/whatsapp-image-2019-10-23-at-20-35-33\/'><img loading=\"lazy\" decoding=\"async\" width=\"150\" height=\"150\" src=\"https:\/\/www.oaxaca.gob.mx\/ceieg\/wp-content\/uploads\/sites\/64\/2019\/11\/WhatsApp-Image-2019-10-23-at-20.35.33-150x150.jpeg\" class=\"attachment-thumbnail size-thumbnail\" alt=\"\" \/><\/a>\n\t\t\t<\/dt><\/dl><dl class='gallery-item'>\n\t\t\t<dt class='gallery-icon landscape'>\n\t\t\t\t<a href='https:\/\/www.oaxaca.gob.mx\/ceieg\/presentan-censo-de-poblacion-y-vivienda-2020\/whatsapp-image-2019-10-23-at-20-35-34-1\/'><img loading=\"lazy\" decoding=\"async\" width=\"150\" height=\"150\" src=\"https:\/\/www.oaxaca.gob.mx\/ceieg\/wp-content\/uploads\/sites\/64\/2019\/11\/WhatsApp-Image-2019-10-23-at-20.35.34-1-150x150.jpeg\" class=\"attachment-thumbnail size-thumbnail\" alt=\"\" \/><\/a>\n\t\t\t<\/dt><\/dl><br style=\"clear: both\" \/><dl class='gallery-item'>\n\t\t\t<dt class='gallery-icon landscape'>\n\t\t\t\t<a href='https:\/\/www.oaxaca.gob.mx\/ceieg\/presentan-censo-de-poblacion-y-vivienda-2020\/whatsapp-image-2019-10-23-at-20-35-34\/'><img loading=\"lazy\" decoding=\"async\" width=\"150\" height=\"150\" src=\"https:\/\/www.oaxaca.gob.mx\/ceieg\/wp-content\/uploads\/sites\/64\/2019\/11\/WhatsApp-Image-2019-10-23-at-20.35.34-150x150.jpeg\" class=\"attachment-thumbnail size-thumbnail\" alt=\"\" \/><\/a>\n\t\t\t<\/dt><\/dl>\n\t\t\t<br style='clear: both' \/>\n\t\t<\/div>\n\n","protected":false},"excerpt":{"rendered":"<p>Oaxaca de Ju\u00e1rez, Oaxaca, a 21 de octubre de 2019. En sesi\u00f3n del Comit\u00e9 Estatal de Informaci\u00f3n Estad\u00edstica y Geogr\u00e1fica del Estado de Oaxaca (CEIEG) realizada en las instalaciones del Instituto Nacional de Estad\u00edstica y Geograf\u00eda (INEGI), se efectu\u00f3 la presentaci\u00f3n del Censo de Poblaci\u00f3n y Vivienda 2020. &nbsp; Ante la presencia de autoridades federales [&hellip;]<\/p>\n","protected":false},"author":30,"featured_media":215,"parent":0,"menu_order":0,"comment_status":"closed","ping_status":"closed","template":"","meta":{"episode_type":"","audio_file":"","podmotor_file_id":"","podmotor_episode_id":"","cover_image":"","cover_image_id":"","duration":"","filesize":"","filesize_raw":"","date_recorded":"","explicit":"","block":"","itunes_episode_number":"","itunes_title":"","itunes_season_number":"","itunes_episode_type":"","footnotes":""},"categories":[13],"tags":[],"class_list":["post-214","page","type-page","status-publish","has-post-thumbnail","hentry","category-galeria_principal"],"acf":[],"publishpress_future_action":{"enabled":false,"date":"2026-04-28 07:11:12","action":"change-status","newStatus":"draft","terms":[],"taxonomy":"category","extraData":[]},"publishpress_future_workflow_manual_trigger":{"enabledWorkflows":[]},"_links":{"self":[{"href":"https:\/\/www.oaxaca.gob.mx\/ceieg\/wp-json\/wp\/v2\/pages\/214","targetHints":{"allow":["GET"]}}],"collection":[{"href":"https:\/\/www.oaxaca.gob.mx\/ceieg\/wp-json\/wp\/v2\/pages"}],"about":[{"href":"https:\/\/www.oaxaca.gob.mx\/ceieg\/wp-json\/wp\/v2\/types\/page"}],"author":[{"embeddable":true,"href":"https:\/\/www.oaxaca.gob.mx\/ceieg\/wp-json\/wp\/v2\/users\/30"}],"replies":[{"embeddable":true,"href":"https:\/\/www.oaxaca.gob.mx\/ceieg\/wp-json\/wp\/v2\/comments?post=214"}],"version-history":[{"count":1,"href":"https:\/\/www.oaxaca.gob.mx\/ceieg\/wp-json\/wp\/v2\/pages\/214\/revisions"}],"predecessor-version":[{"id":220,"href":"https:\/\/www.oaxaca.gob.mx\/ceieg\/wp-json\/wp\/v2\/pages\/214\/revisions\/220"}],"wp:featuredmedia":[{"embeddable":true,"href":"https:\/\/www.oaxaca.gob.mx\/ceieg\/wp-json\/wp\/v2\/media\/215"}],"wp:attachment":[{"href":"https:\/\/www.oaxaca.gob.mx\/ceieg\/wp-json\/wp\/v2\/media?parent=214"}],"wp:term":[{"taxonomy":"category","embeddable":true,"href":"https:\/\/www.oaxaca.gob.mx\/ceieg\/wp-json\/wp\/v2\/categories?post=214"},{"taxonomy":"post_tag","embeddable":true,"href":"https:\/\/www.oaxaca.gob.mx\/ceieg\/wp-json\/wp\/v2\/tags?post=214"}],"curies":[{"name":"wp","href":"https:\/\/api.w.org\/{rel}","templated":true}]}}