{"id":14,"date":"2019-07-26T17:37:37","date_gmt":"2019-07-26T15:37:37","guid":{"rendered":"https:\/\/www.oaxaca.gob.mx\/ceieg\/?page_id=14"},"modified":"2019-07-26T17:37:37","modified_gmt":"2019-07-26T15:37:37","slug":"proyectos","status":"publish","type":"page","link":"https:\/\/www.oaxaca.gob.mx\/ceieg\/proyectos\/","title":{"rendered":"Proyectos"},"content":{"rendered":"<p>I. Impulsar la consolidaci\u00f3n del SNIEG en el Estado de Oaxaca, mediante el fortalecimiento e implementaci\u00f3n de acciones estrat\u00e9gicas.<br \/>\n\n<table id=\"tablepress-3\" class=\"tablepress tablepress-id-3\">\n<thead>\n<tr class=\"row-1\">\n\t<th class=\"column-1\">Proyecto<\/th><th class=\"column-2\">Descripci\u00f3n<\/th><th class=\"column-3\">Responsable<\/th>\n<\/tr>\n<\/thead>\n<tbody class=\"row-striping row-hover\">\n<tr class=\"row-2\">\n\t<td class=\"column-1\">Actualizaci\u00f3n del PEEG.<\/td><td class=\"column-2\">Revisar y adecuar los objetivos y proyectos que conforman el PEEG<\/td><td class=\"column-3\">CEIEG<\/td>\n<\/tr>\n<tr class=\"row-3\">\n\t<td class=\"column-1\">Integraci\u00f3n del PAT 2020.<\/td><td class=\"column-2\">Determinar las actividades espec\u00edficas a desarrollarse durante 2020 y definir el proyecto en el que estar\u00e1n inscritas<\/td><td class=\"column-3\">CEIEG<\/td>\n<\/tr>\n<tr class=\"row-4\">\n\t<td class=\"column-1\">Seguimiento al PAT 2019.<\/td><td class=\"column-2\">Apoyar, asesorar y coordinar a los grupos de trabajo para la correcta realizaci\u00f3n de las actividades espec\u00edficas programadas<\/td><td class=\"column-3\">CEIEG<\/td>\n<\/tr>\n<tr class=\"row-5\">\n\t<td class=\"column-1\">Sitio web del CEIEG.<\/td><td class=\"column-2\">Desarrollar el sitio web del CEIEG<\/td><td class=\"column-3\">CEIEG<\/td>\n<\/tr>\n<tr class=\"row-6\">\n\t<td class=\"column-1\">Incorporaci\u00f3n de miembros al CEIEG.<\/td><td class=\"column-2\">Convocatoria dirigida a por lo menos un unicipio de cada regi\u00f3n invit\u00e1ndolos a participar en los proyectos del Comit\u00e9 y proponer nuevos de su inter\u00e9s<\/td><td class=\"column-3\">COPLADE<\/td>\n<\/tr>\n<tr class=\"row-7\">\n\t<td class=\"column-1\">Desarrollo normativo estatal<\/td><td class=\"column-2\">Elaboraci\u00f3n del anteproyecto de la Ley Estatal de Informaci\u00f3n Estad\u00edstica y Geogr\u00e1fica<\/td><td class=\"column-3\">CEIEG<\/td>\n<\/tr>\n<tr class=\"row-8\">\n\t<td class=\"column-1\">Desarrollo organizacional<\/td><td class=\"column-2\">Contar con un equipo t\u00e9cnico suficiente para implementar y coordinar las actividades requeridas para el funcionamiento efectivo del CEIEG<\/td><td class=\"column-3\">CEIEG<\/td>\n<\/tr>\n<\/tbody>\n<\/table>\n<!-- #tablepress-3 from cache -->\n<p>II. Fortalecer las pol\u00edticas p\u00fablicas y de la toma de decisiones, a trav\u00e9s de la aplicaci\u00f3n de la normatividad del SNIEG en la integraci\u00f3n y generaci\u00f3n de proyectos de informaci\u00f3n estad\u00edstica y geogr\u00e1fica.<br \/>\n\n<table id=\"tablepress-4\" class=\"tablepress tablepress-id-4\">\n<thead>\n<tr class=\"row-1\">\n\t<th class=\"column-1\">Proyecto<\/th><th class=\"column-2\">Descripci\u00f3n<\/th><th class=\"column-3\">Responsable<\/th>\n<\/tr>\n<\/thead>\n<tbody class=\"row-striping row-hover\">\n<tr class=\"row-2\">\n\t<td class=\"column-1\">Integraci\u00f3n de Informaci\u00f3n Estad\u00edstica y Geogr\u00e1fica de los Estados<\/td><td class=\"column-2\">Informaci\u00f3n sobre los principales aspectos sociodemogr\u00e1ficos, econ\u00f3micos y geogr\u00e1ficos del Estado, de utilidad para el conocimiento y an\u00e1lisis del entorno nacional<\/td><td class=\"column-3\">CEIEG<\/td>\n<\/tr>\n<tr class=\"row-3\">\n\t<td class=\"column-1\">Herramienta para la Evaluaci\u00f3n de la Calidad de Registros Administrativos HECRA<\/td><td class=\"column-2\">Instrumento pr\u00e1ctico para evaluar la calidad de los registros administrativos (RRAA). Eval\u00faa de manera integral los aspectos de gesti\u00f3n, calidad de los datos, y utilizaci\u00f3n de RRAA.<\/td><td class=\"column-3\">CEIEG<\/td>\n<\/tr>\n<tr class=\"row-4\">\n\t<td class=\"column-1\">Seguimiento a la operaci\u00f3n y actualizaci\u00f3n del Atlas de G\u00e9nero del Estado de Oaxaca<\/td><td class=\"column-2\">Actualizaci\u00f3n de los indicadores presentados en el sistema y ampliar el n\u00famero de indicadores con los que cuenta la plataforma, as\u00ed como generar la informaci\u00f3n a nivel regional seg\u00fan corresponda<\/td><td class=\"column-3\">CEIEG<\/td>\n<\/tr>\n<tr class=\"row-5\">\n\t<td class=\"column-1\">Sistema de Estad\u00edstica e Informaci\u00f3n de la Ni\u00f1ez y Adolescencia en el Estado, \"Mis derechos\"<\/td><td class=\"column-2\">Evaluar con las dependencias responsables la pertenencia y relevancia de los indicadores propuestos por la SESIPINNA; elaborar fichas t\u00e9cnicas de indicadores, actualizaci\u00f3n e incorporaci\u00f3n de indicadores<\/td><td class=\"column-3\">CEIEG<\/td>\n<\/tr>\n<\/tbody>\n<\/table>\n<!-- #tablepress-4 from cache -->\n<p>III. Difundir la informaci\u00f3n del SNIEG para su uso en el dise\u00f1o y ejecuci\u00f3n de pol\u00edticas p\u00fablicas y toma de decisiones, as\u00ed como la gesti\u00f3n de proyectos para el desarrollo del Estado.<br \/>\n\n<table id=\"tablepress-5\" class=\"tablepress tablepress-id-5\">\n<thead>\n<tr class=\"row-1\">\n\t<th class=\"column-1\">Proyecto<\/th><th class=\"column-2\">Descripci\u00f3n<\/th><th class=\"column-3\">Responsable<\/th>\n<\/tr>\n<\/thead>\n<tbody class=\"row-striping row-hover\">\n<tr class=\"row-2\">\n\t<td class=\"column-1\">Promoci\u00f3n del conocimiento y uso de la informaci\u00f3n estad\u00edstica y geogr\u00e1fica que genera el INEGI.<\/td><td class=\"column-2\">Programar, concertar, convocar a Dependencias Estatales y realizar eventos de promoci\u00f3n del conocimiento y uso de la informaci\u00f3n estad\u00edstica y geogr\u00e1fica que genera el INEGI<\/td><td class=\"column-3\">INEGI<\/td>\n<\/tr>\n<\/tbody>\n<\/table>\n<!-- #tablepress-5 from cache -->\n<p>IV. Implementar el sistema estatal de informaci\u00f3n para el manejo y explotaci\u00f3n de la informaci\u00f3n estad\u00edstica y geogr\u00e1fica de la entidad, mediante el desarrollo e integraci\u00f3n de datos, software y hardware requeridos.<br \/>\n\n<table id=\"tablepress-6\" class=\"tablepress tablepress-id-6\">\n<thead>\n<tr class=\"row-1\">\n\t<th class=\"column-1\">Proyecto<\/th><th class=\"column-2\">Descripci\u00f3n<\/th><th class=\"column-3\">Responsable<\/th>\n<\/tr>\n<\/thead>\n<tbody class=\"row-striping row-hover\">\n<tr class=\"row-2\">\n\t<td class=\"column-1\">Plataforma integradora de informaci\u00f3n estad\u00edstica y geogr\u00e1fica<\/td><td class=\"column-2\">Plataforma de informaci\u00f3n estad\u00edstica y geogr\u00e1fica para fortalecer la toma de decisiones mediante la implementaci\u00f3n de un instrumento de planeaci\u00f3n con informaci\u00f3n georreferenciada<\/td><td class=\"column-3\">CEIEG<\/td>\n<\/tr>\n<\/tbody>\n<\/table>\n<!-- #tablepress-6 from cache -->\n<p>V. Integrar y actualizar permanentemente los Registros Nacionales de Informaci\u00f3n Estad\u00edstica y Geogr\u00e1fica en cumplimiento de la Ley del SNIEG<br \/>\n\n<table id=\"tablepress-7\" class=\"tablepress tablepress-id-7\">\n<thead>\n<tr class=\"row-1\">\n\t<th class=\"column-1\">Proyecto<\/th><th class=\"column-2\">Descripci\u00f3n<\/th><th class=\"column-3\">Responsable<\/th>\n<\/tr>\n<\/thead>\n<tbody class=\"row-striping row-hover\">\n<tr class=\"row-2\">\n\t<td class=\"column-1\">Registro Estad\u00edstico Nacional<\/td><td class=\"column-2\">Actualizar permanentemente el registro de las caracter\u00edsticas b\u00e1sicas de los proyectos y productos estad\u00edsticos generados en las Unidades de Estado en el marco de sus atribuciones<\/td><td class=\"column-3\">CEIEG<\/td>\n<\/tr>\n<tr class=\"row-3\">\n\t<td class=\"column-1\">Registro Nacional de Informaci\u00f3n Geogr\u00e1fica<\/td><td class=\"column-2\">Actualizar permanentemente el registro de las caracter\u00edsticas b\u00e1sicas de los proyectos y productos geogr\u00e1ficos generados en las Unidades de Estado en el marco de sus atribuciones<\/td><td class=\"column-3\">CEIEG<\/td>\n<\/tr>\n<\/tbody>\n<\/table>\n<!-- #tablepress-7 from cache -->\n<p>VI. Fortalecer las capacidades de las servidoras y servidores p\u00fablicos de las Unidades de Estado que generan informaci\u00f3n estad\u00edstica y geogr\u00e1fica.<br \/>\n\n<table id=\"tablepress-8\" class=\"tablepress tablepress-id-8\">\n<thead>\n<tr class=\"row-1\">\n\t<th class=\"column-1\">Proyecto<\/th><th class=\"column-2\">Descripci\u00f3n<\/th><th class=\"column-3\">Responsable<\/th>\n<\/tr>\n<\/thead>\n<tbody class=\"row-striping row-hover\">\n<tr class=\"row-2\">\n\t<td class=\"column-1\">Programa de capacitaci\u00f3n y actualizaci\u00f3n dirigido a servidores p\u00fablicos de las Unidades del Estado<\/td><td class=\"column-2\">Capacitaci\u00f3n y actualizaci\u00f3n en la normatividad estad\u00edstica y geogr\u00e1fica, as\u00ed como en el conocimiento del SNIEG, dirigido a servidores p\u00fablicos de las Unidades del Estado <\/td><td class=\"column-3\">INEGI<\/td>\n<\/tr>\n<\/tbody>\n<\/table>\n<!-- #tablepress-8 from cache -->\n<p>VII. Generar e integrar informaci\u00f3n relacionada con los indicadores que miden el cumplimiento de las metas de los ODS en el estado para su integraci\u00f3n en el SNIEG.<br \/>\n\n<table id=\"tablepress-9\" class=\"tablepress tablepress-id-9\">\n<thead>\n<tr class=\"row-1\">\n\t<th class=\"column-1\">Proyecto<\/th><th class=\"column-2\">Descripci\u00f3n<\/th><th class=\"column-3\">Responsable<\/th>\n<\/tr>\n<\/thead>\n<tbody class=\"row-striping row-hover\">\n<tr class=\"row-2\">\n\t<td class=\"column-1\">Sistematizaci\u00f3n de indicadores de la Agenda 2030<\/td><td class=\"column-2\">Sistema de indicadores normalizados para el seguimiento de la Agenda 2030<\/td><td class=\"column-3\">CEIEG<\/td>\n<\/tr>\n<\/tbody>\n<\/table>\n<!-- #tablepress-9 from cache -->\n<p style=\"font-size:12px\">LIGAS DE INTER\u00c9S<br \/>\nSNIEG &#8211; https:\/\/www.snieg.mx\/<br \/>\nAtlas de G\u00e9nero &#8211; https:\/\/atlasdegenero.oaxaca.gob.mx\/<br \/>\nPadr\u00f3n \u00danico de Beneficiarios &#8211; https:\/\/padronbeneficiarios.oaxaca.gob.mx\/publico\/consulta<\/p>\n","protected":false},"excerpt":{"rendered":"<p>I. Impulsar la consolidaci\u00f3n del SNIEG en el Estado de Oaxaca, mediante el fortalecimiento e implementaci\u00f3n de acciones estrat\u00e9gicas. II. Fortalecer las pol\u00edticas p\u00fablicas y de la toma de decisiones, a trav\u00e9s de la aplicaci\u00f3n de la normatividad del SNIEG en la integraci\u00f3n y generaci\u00f3n de proyectos de informaci\u00f3n estad\u00edstica y geogr\u00e1fica. III. Difundir la [&hellip;]<\/p>\n","protected":false},"author":1,"featured_media":0,"parent":0,"menu_order":0,"comment_status":"closed","ping_status":"closed","template":"","meta":{"episode_type":"","audio_file":"","podmotor_file_id":"","podmotor_episode_id":"","cover_image":"","cover_image_id":"","duration":"","filesize":"","filesize_raw":"","date_recorded":"","explicit":"","block":"","itunes_episode_number":"","itunes_title":"","itunes_season_number":"","itunes_episode_type":"","footnotes":""},"categories":[],"tags":[],"class_list":["post-14","page","type-page","status-publish","hentry"],"acf":[],"publishpress_future_action":{"enabled":false,"date":"2026-04-28 06:47:19","action":"change-status","newStatus":"draft","terms":[],"taxonomy":"category","extraData":[]},"publishpress_future_workflow_manual_trigger":{"enabledWorkflows":[]},"_links":{"self":[{"href":"https:\/\/www.oaxaca.gob.mx\/ceieg\/wp-json\/wp\/v2\/pages\/14","targetHints":{"allow":["GET"]}}],"collection":[{"href":"https:\/\/www.oaxaca.gob.mx\/ceieg\/wp-json\/wp\/v2\/pages"}],"about":[{"href":"https:\/\/www.oaxaca.gob.mx\/ceieg\/wp-json\/wp\/v2\/types\/page"}],"author":[{"embeddable":true,"href":"https:\/\/www.oaxaca.gob.mx\/ceieg\/wp-json\/wp\/v2\/users\/1"}],"replies":[{"embeddable":true,"href":"https:\/\/www.oaxaca.gob.mx\/ceieg\/wp-json\/wp\/v2\/comments?post=14"}],"version-history":[{"count":0,"href":"https:\/\/www.oaxaca.gob.mx\/ceieg\/wp-json\/wp\/v2\/pages\/14\/revisions"}],"wp:attachment":[{"href":"https:\/\/www.oaxaca.gob.mx\/ceieg\/wp-json\/wp\/v2\/media?parent=14"}],"wp:term":[{"taxonomy":"category","embeddable":true,"href":"https:\/\/www.oaxaca.gob.mx\/ceieg\/wp-json\/wp\/v2\/categories?post=14"},{"taxonomy":"post_tag","embeddable":true,"href":"https:\/\/www.oaxaca.gob.mx\/ceieg\/wp-json\/wp\/v2\/tags?post=14"}],"curies":[{"name":"wp","href":"https:\/\/api.w.org\/{rel}","templated":true}]}}