{"id":971,"date":"2018-08-27T17:15:54","date_gmt":"2018-08-27T23:15:54","guid":{"rendered":"http:\/\/www.deportes.oaxaca.gob.mx\/?page_id=971"},"modified":"2018-08-27T17:15:54","modified_gmt":"2018-08-27T23:15:54","slug":"971-2","status":"publish","type":"page","link":"https:\/\/www.oaxaca.gob.mx\/cecude\/971-2\/","title":{"rendered":"Restauraci\u00f3n y rehabilitaci\u00f3n de estadios de beisbol"},"content":{"rendered":"<p>\t\t\t\t&nbsp;<\/p>\n<table class=\"aligncenter\" style=\"height: 234px;border-style: none;border-color: #c8c8c8;background-color: #ffffff;width: 899px\" border=\"1\" width=\"1043\">\n<tbody>\n<tr style=\"border-style: solid;border-color: #c8c8c8\">\n<td style=\"width: 34px;background-color: #ffffff;vertical-align: middle;height: 50px;border-style: solid;border-color: #c8c8c8;text-align: center\">\n<h5><span style=\"font-family: georgia, palatino, serif;font-size: 10pt\"><strong>A\u00f1o<\/strong><\/span><\/h5>\n<\/td>\n<td style=\"width: 172px;vertical-align: middle;background-color: #ffffff;height: 50px;border-style: solid;border-color: #c8c8c8;text-align: center\">\n<h5><span style=\"font-family: georgia, palatino, serif;font-size: 10pt\"><strong>No. Procedimiento<\/strong><\/span><\/h5>\n<\/td>\n<td style=\"width: 115px;vertical-align: middle;background-color: #ffffff;height: 50px;border-style: solid;border-color: #c8c8c8;text-align: center\">\n<h5><span style=\"font-family: georgia, palatino, serif;font-size: 10pt\"><strong>Descripci\u00f3n<\/strong><\/span><\/h5>\n<\/td>\n<td style=\"width: 80px;vertical-align: middle;background-color: #ffffff;height: 50px;border-style: solid;border-color: #c8c8c8;text-align: center\">\n<h5><span style=\"font-family: georgia, palatino, serif;font-size: 10pt\"><strong>Lugar<\/strong><\/span><\/h5>\n<\/td>\n<td style=\"width: 58px;vertical-align: middle;background-color: #ffffff;height: 50px;border-style: solid;border-color: #c8c8c8;text-align: center\">\n<h5><span style=\"font-family: georgia, palatino, serif;font-size: 10pt\"><strong>Bases<\/strong><\/span><\/h5>\n<\/td>\n<td style=\"width: 58px;vertical-align: middle;background-color: #ffffff;height: 50px;border-style: solid;border-color: #c8c8c8;text-align: center\">\n<h5><span style=\"font-family: georgia, palatino, serif;font-size: 10pt\"><strong>Gu\u00eda<\/strong><\/span><\/h5>\n<\/td>\n<td style=\"width: 63px;vertical-align: middle;background-color: #ffffff;border-style: solid;border-color: #c8c8c8;text-align: center\">\n<h5><span style=\"font-size: 10pt\"><span style=\"font-family: georgia, palatino, serif\"><strong>Acta\u00a0<\/strong><\/span><span style=\"font-family: georgia, palatino, serif\"><strong>de Apertura T\u00e9cnica<\/strong><\/span><\/span><\/h5>\n<\/td>\n<td style=\"width: 77px;vertical-align: middle;background-color: #ffffff;border-style: solid;border-color: #c8c8c8;text-align: center\">\n<h5><span style=\"font-family: georgia, palatino, serif;font-size: 10pt\"><strong>Acta de Apertura Econ\u00f3mica<\/strong><\/span><\/h5>\n<\/td>\n<td style=\"width: 56px;vertical-align: middle;background-color: #ffffff;border-style: solid;border-color: #c8c8c8;text-align: center\">\n<h5><span style=\"font-family: georgia, palatino, serif;font-size: 10pt\"><strong>Fallo<\/strong><\/span><\/h5>\n<\/td>\n<td style=\"width: 68px;vertical-align: middle;background-color: #ffffff;border-style: solid;border-color: #c8c8c8;text-align: center\">\n<h5><span style=\"font-family: georgia, palatino, serif;font-size: 10pt\"><strong>\u00a0Contrato\u00a0<\/strong><\/span><\/h5>\n<\/td>\n<\/tr>\n<tr style=\"border-style: solid;border-color: #c8c8c8\">\n<td style=\"width: 34px;vertical-align: middle;background-color: #ffffff;border-style: solid;border-color: #c8c8c8;height: 100px;text-align: center\" rowspan=\"5\"><span style=\"font-size: 10pt\"><strong><span style=\"font-family: georgia, palatino, serif\">2018<\/span><\/strong><\/span><\/td>\n<td style=\"width: 172px;vertical-align: middle;background-color: #ffffff;border-style: solid;border-color: #c8c8c8;height: 100px;text-align: center\"><span style=\"font-family: georgia, palatino, serif;font-size: 10pt\">CECUDE\/OBRAS\/006\/2018<\/span><\/td>\n<td style=\"width: 115px;vertical-align: middle;background-color: #ffffff;border-style: solid;border-color: #c8c8c8;height: 100px;text-align: center\"><span style=\"font-size: 10pt\"><span style=\"font-family: georgia, palatino, serif\">Restauraci\u00f3n y rehabilitaci\u00f3n del estadio de beisbol municipal\u00a0<\/span><span style=\"font-family: georgia, palatino, serif\">\u201cEl Vado\u201d<\/span><\/span><\/td>\n<td style=\"width: 80px;vertical-align: middle;background-color: #ffffff;border-style: solid;border-color: #c8c8c8;height: 100px;text-align: center\"><span style=\"font-family: georgia, palatino, serif;font-size: 10pt\">Chahuites, Oax.<\/span><\/td>\n<td style=\"width: 58px;vertical-align: middle;background-color: #ffffff;border-style: solid;border-color: #c8c8c8;height: 100px;text-align: center\"><span style=\"font-family: georgia, palatino, serif;font-size: 10pt\"><a href=\"http:\/\/www.deportes.oaxaca.gob.mx\/docs\/licitaciones\/2018\/camposbeisbol\/chahuites\/chahuites.pdf\" target=\"_blank\" rel=\"noopener noreferrer\">descargar<\/a><\/span><\/td>\n<td style=\"width: 58px;vertical-align: middle;background-color: #ffffff;border-style: solid;border-color: #c8c8c8;height: 100px;text-align: center\" rowspan=\"5\"><span style=\"font-family: georgia, palatino, serif;font-size: 10pt\"><a href=\"http:\/\/www.deportes.oaxaca.gob.mx\/docs\/licitaciones\/2018\/camposbeisbol\/guia.pdf\" target=\"_blank\" rel=\"noopener noreferrer\">descargar<\/a><\/span><\/td>\n<td style=\"vertical-align: middle;background-color: #ffffff;border-style: solid;border-color: #c8c8c8;text-align: center;width: 63px\"><span style=\"font-family: georgia, palatino, serif;font-size: 10pt\"><a href=\"http:\/\/www.deportes.oaxaca.gob.mx\/docs\/licitaciones\/2018\/camposbeisbol\/chahuites\/aat_chahuites.pdf\" target=\"_blank\" rel=\"noopener noreferrer\">consultar<\/a><\/span><\/td>\n<td style=\"vertical-align: middle;background-color: #ffffff;border-style: solid;border-color: #c8c8c8;text-align: center;width: 77px\"><span style=\"font-family: georgia, palatino, serif;font-size: 10pt\"><a href=\"http:\/\/www.deportes.oaxaca.gob.mx\/docs\/licitaciones\/2018\/camposbeisbol\/chahuites\/aae_chahuites.pdf\" target=\"_blank\" rel=\"noopener noreferrer\">consultar<\/a><\/span><\/td>\n<td style=\"vertical-align: middle;background-color: #ffffff;border-style: solid;border-color: #c8c8c8;text-align: center;width: 56px\"><span style=\"font-family: georgia, palatino, serif;font-size: 10pt\"><a href=\"http:\/\/www.deportes.oaxaca.gob.mx\/docs\/licitaciones\/2018\/camposbeisbol\/chahuites\/fallo_chahuites.pdf\" target=\"_blank\" rel=\"noopener noreferrer\">consultar<\/a><\/span><\/td>\n<td style=\"vertical-align: middle;background-color: #ffffff;border-style: solid;border-color: #c8c8c8;text-align: center;width: 68px\"><span style=\"font-family: georgia, palatino, serif;font-size: 10pt\"><a href=\"http:\/\/www.deportes.oaxaca.gob.mx\/docs\/licitaciones\/2018\/camposbeisbol\/chahuites\/ct_chahuites.pdf\" target=\"_blank\" rel=\"noopener noreferrer\">consultar<\/a><\/span><\/td>\n<\/tr>\n<tr style=\"border-style: solid;border-color: #c8c8c8\">\n<td style=\"width: 172px;vertical-align: middle;background-color: #ffffff;border-style: solid;border-color: #c8c8c8;height: 100px;text-align: center\"><span style=\"font-family: georgia, palatino, serif;font-size: 10pt\">CECUDE\/OBRAS\/007\/2018<\/span><\/td>\n<td style=\"width: 115px;vertical-align: middle;background-color: #ffffff;border-style: solid;border-color: #c8c8c8;height: 100px;text-align: center\"><span style=\"font-size: 10pt\"><span style=\"font-family: georgia, palatino, serif\">Restauraci\u00f3n y rehabilitaci\u00f3n del estadio de beisbol municipal\u00a0<\/span><span style=\"font-family: georgia, palatino, serif\">\u201cJuan B. Toledo\u201d<\/span><\/span><\/td>\n<td style=\"width: 80px;vertical-align: middle;background-color: #ffffff;border-style: solid;border-color: #c8c8c8;height: 100px;text-align: center\"><span style=\"font-size: 10pt\">El Espinal, Oax.<\/span><\/td>\n<td style=\"width: 58px;vertical-align: middle;background-color: #ffffff;border-style: solid;border-color: #c8c8c8;height: 100px;text-align: center\"><span style=\"font-family: georgia, palatino, serif;font-size: 10pt\"><a href=\"http:\/\/www.deportes.oaxaca.gob.mx\/docs\/licitaciones\/2018\/camposbeisbol\/elespinal\/elespinal.pdf\" target=\"_blank\" rel=\"noopener noreferrer\">descargar<\/a><\/span><\/td>\n<td style=\"vertical-align: middle;background-color: #ffffff;border-style: solid;border-color: #c8c8c8;text-align: center;width: 63px\"><span style=\"font-family: georgia, palatino, serif;font-size: 10pt\"><a href=\"http:\/\/www.deportes.oaxaca.gob.mx\/docs\/licitaciones\/2018\/camposbeisbol\/elespinal\/aat_elespinal.pdf\" target=\"_blank\" rel=\"noopener noreferrer\">consultar<\/a><\/span><\/td>\n<td style=\"vertical-align: middle;background-color: #ffffff;border-style: solid;border-color: #c8c8c8;text-align: center;width: 77px\"><span style=\"font-family: georgia, palatino, serif;font-size: 10pt\"><a href=\"http:\/\/www.deportes.oaxaca.gob.mx\/docs\/licitaciones\/2018\/camposbeisbol\/elespinal\/aae_elespinal.pdf\" target=\"_blank\" rel=\"noopener noreferrer\">consultar<\/a><\/span><\/td>\n<td style=\"vertical-align: middle;background-color: #ffffff;border-style: solid;border-color: #c8c8c8;text-align: center;width: 56px\"><span style=\"font-family: georgia, palatino, serif;font-size: 10pt\"><a href=\"http:\/\/www.deportes.oaxaca.gob.mx\/docs\/licitaciones\/2018\/camposbeisbol\/elespinal\/fallo_elespinal.pdf\" target=\"_blank\" rel=\"noopener noreferrer\">consultar<\/a><\/span><\/td>\n<td style=\"vertical-align: middle;background-color: #ffffff;border-style: solid;border-color: #c8c8c8;text-align: center;width: 68px\"><span style=\"font-family: georgia, palatino, serif;font-size: 10pt\"><a href=\"http:\/\/www.deportes.oaxaca.gob.mx\/docs\/licitaciones\/2018\/camposbeisbol\/elespinal\/ct_elespinal.pdf\" target=\"_blank\" rel=\"noopener noreferrer\">consultar<\/a><\/span><\/td>\n<\/tr>\n<tr style=\"border-style: solid;border-color: #c8c8c8\">\n<td style=\"width: 172px;vertical-align: middle;background-color: #ffffff;border-style: solid;border-color: #c8c8c8;height: 100px;text-align: center\"><span style=\"font-family: georgia, palatino, serif;font-size: 10pt\">CECUDE\/OBRAS\/008\/2018<\/span><\/td>\n<td style=\"width: 115px;vertical-align: middle;background-color: #ffffff;border-style: solid;border-color: #c8c8c8;height: 100px;text-align: center\"><span style=\"font-size: 10pt\"><span style=\"font-family: georgia, palatino, serif\">Restauraci\u00f3n y rehabilitaci\u00f3n del estadio de beisbol municipal\u00a0<\/span><span style=\"font-family: georgia, palatino, serif\">\u201cRodolfo Brena Torres\u201d<\/span><\/span><\/td>\n<td style=\"width: 80px;vertical-align: middle;background-color: #ffffff;border-style: solid;border-color: #c8c8c8;height: 100px;text-align: center\"><span style=\"font-size: 10pt\">Ciudad Ixtepec, Oax.<\/span><\/td>\n<td style=\"width: 58px;vertical-align: middle;background-color: #ffffff;border-style: solid;border-color: #c8c8c8;height: 100px;text-align: center\"><span style=\"font-family: georgia, palatino, serif;font-size: 10pt\"><a href=\"http:\/\/www.deportes.oaxaca.gob.mx\/docs\/licitaciones\/2018\/camposbeisbol\/cdixtepec\/cdixtepec.pdf\" target=\"_blank\" rel=\"noopener noreferrer\">descargar<\/a><\/span><\/td>\n<td style=\"vertical-align: middle;background-color: #ffffff;border-style: solid;border-color: #c8c8c8;text-align: center;width: 63px\"><span style=\"font-family: georgia, palatino, serif;font-size: 10pt\"><a href=\"http:\/\/www.deportes.oaxaca.gob.mx\/docs\/licitaciones\/2018\/camposbeisbol\/cdixtepec\/aat_cdixtepec.pdf\" target=\"_blank\" rel=\"noopener noreferrer\">consultar<\/a><\/span><\/td>\n<td style=\"vertical-align: middle;background-color: #ffffff;border-style: solid;border-color: #c8c8c8;text-align: center;width: 77px\"><span style=\"font-family: georgia, palatino, serif;font-size: 10pt\"><a href=\"http:\/\/www.deportes.oaxaca.gob.mx\/docs\/licitaciones\/2018\/camposbeisbol\/cdixtepec\/aae_cdixtepec.pdf\" target=\"_blank\" rel=\"noopener noreferrer\">consultar<\/a><\/span><\/td>\n<td style=\"vertical-align: middle;background-color: #ffffff;border-style: solid;border-color: #c8c8c8;text-align: center;width: 56px\"><span style=\"font-family: georgia, palatino, serif;font-size: 10pt\"><a href=\"http:\/\/www.deportes.oaxaca.gob.mx\/docs\/licitaciones\/2018\/camposbeisbol\/cdixtepec\/fallo_cdixtepec.pdf\" target=\"_blank\" rel=\"noopener noreferrer\">consultar<\/a><\/span><\/td>\n<td style=\"vertical-align: middle;background-color: #ffffff;border-style: solid;border-color: #c8c8c8;text-align: center;width: 68px\"><span style=\"font-family: georgia, palatino, serif;font-size: 10pt\"><a href=\"http:\/\/www.deportes.oaxaca.gob.mx\/docs\/licitaciones\/2018\/camposbeisbol\/cdixtepec\/ct_cdixtepec.pdf\" target=\"_blank\" rel=\"noopener noreferrer\">consultar<\/a><\/span><\/td>\n<\/tr>\n<tr style=\"border-style: solid;border-color: #c8c8c8\">\n<td style=\"width: 172px;vertical-align: middle;background-color: #ffffff;border-style: solid;border-color: #c8c8c8;height: 100px;text-align: center\"><span style=\"font-family: georgia, palatino, serif;font-size: 10pt\">CECUDE\/OBRAS\/009\/2018<\/span><\/td>\n<td style=\"width: 115px;vertical-align: middle;background-color: #ffffff;border-style: solid;border-color: #c8c8c8;height: 100px;text-align: center\"><span style=\"font-size: 10pt;font-family: georgia, palatino, serif\">Restauraci\u00f3n y rehabilitaci\u00f3n del campo deportivo municipal<\/span><\/td>\n<td style=\"width: 80px;vertical-align: middle;background-color: #ffffff;border-style: solid;border-color: #c8c8c8;height: 100px;text-align: center\"><span style=\"font-size: 10pt\">Heroica Ciudad de Juchit\u00e1n de Zaragoza, Oax.<\/span><\/td>\n<td style=\"width: 58px;vertical-align: middle;background-color: #ffffff;border-style: solid;border-color: #c8c8c8;height: 100px;text-align: center\"><span style=\"font-family: georgia, palatino, serif;font-size: 10pt\"><a href=\"http:\/\/www.deportes.oaxaca.gob.mx\/docs\/licitaciones\/2018\/camposbeisbol\/juchitan\/juchitan.pdf\" target=\"_blank\" rel=\"noopener noreferrer\">descargar<\/a><\/span><\/td>\n<td style=\"vertical-align: middle;background-color: #ffffff;border-style: solid;border-color: #c8c8c8;text-align: center;width: 63px\"><span style=\"font-family: georgia, palatino, serif;font-size: 10pt\"><a href=\"http:\/\/www.deportes.oaxaca.gob.mx\/docs\/licitaciones\/2018\/camposbeisbol\/juchitan\/aat_juchitan.pdf\" target=\"_blank\" rel=\"noopener noreferrer\">consultar<\/a><\/span><\/td>\n<td style=\"vertical-align: middle;background-color: #ffffff;border-style: solid;border-color: #c8c8c8;text-align: center;width: 77px\"><span style=\"font-family: georgia, palatino, serif;font-size: 10pt\"><a href=\"http:\/\/www.deportes.oaxaca.gob.mx\/docs\/licitaciones\/2018\/camposbeisbol\/juchitan\/aae_juchitan.pdf\" target=\"_blank\" rel=\"noopener noreferrer\">consultar<\/a><\/span><\/td>\n<td style=\"vertical-align: middle;background-color: #ffffff;border-style: solid;border-color: #c8c8c8;text-align: center;width: 56px\"><span style=\"font-family: georgia, palatino, serif;font-size: 10pt\"><a href=\"http:\/\/www.deportes.oaxaca.gob.mx\/docs\/licitaciones\/2018\/camposbeisbol\/juchitan\/fallo_juchitan.pdf\" target=\"_blank\" rel=\"noopener noreferrer\">consultar<\/a><\/span><\/td>\n<td style=\"vertical-align: middle;background-color: #ffffff;border-style: solid;border-color: #c8c8c8;text-align: center;width: 68px\"><span style=\"font-family: georgia, palatino, serif;font-size: 10pt\"><a href=\"http:\/\/www.deportes.oaxaca.gob.mx\/docs\/licitaciones\/2018\/camposbeisbol\/juchitan\/ct_juchitan.pdf\" target=\"_blank\" rel=\"noopener noreferrer\">consultar<\/a><\/span><\/td>\n<\/tr>\n<tr style=\"border-style: solid;border-color: #c8c8c8\">\n<td style=\"width: 172px;vertical-align: middle;background-color: #ffffff;border-style: solid;border-color: #c8c8c8;height: 100px;text-align: center\"><span style=\"font-family: georgia, palatino, serif;font-size: 10pt\">CECUDE\/OBRAS\/010\/2018<\/span><\/td>\n<td style=\"width: 115px;vertical-align: middle;background-color: #ffffff;border-style: solid;border-color: #c8c8c8;height: 100px;text-align: center\"><span style=\"font-size: 10pt;font-family: georgia, palatino, serif\">Restauraci\u00f3n y rehabilitaci\u00f3n del \u00abCampo Deportivo Rojo\u00bb<\/span><\/td>\n<td style=\"width: 80px;vertical-align: middle;background-color: #ffffff;border-style: solid;border-color: #c8c8c8;height: 100px;text-align: center\"><span style=\"font-size: 10pt\">Santo Domingo Tehuantepec, Oax.<\/span><\/td>\n<td style=\"width: 58px;vertical-align: middle;background-color: #ffffff;border-style: solid;border-color: #c8c8c8;height: 100px;text-align: center\"><span style=\"font-family: georgia, palatino, serif;font-size: 10pt\"><a href=\"http:\/\/www.deportes.oaxaca.gob.mx\/docs\/licitaciones\/2018\/camposbeisbol\/tehuantepec\/tehuantepec.pdf\" target=\"_blank\" rel=\"noopener noreferrer\">descargar<\/a><\/span><\/td>\n<td style=\"vertical-align: middle;background-color: #ffffff;border-style: solid;border-color: #c8c8c8;text-align: center;width: 63px\"><span style=\"font-family: georgia, palatino, serif;font-size: 10pt\"><a href=\"http:\/\/www.deportes.oaxaca.gob.mx\/docs\/licitaciones\/2018\/camposbeisbol\/tehuantepec\/aat_tehuantepec.pdf\" target=\"_blank\" rel=\"noopener noreferrer\">consultar<\/a><\/span><\/td>\n<td style=\"vertical-align: middle;background-color: #ffffff;border-style: solid;border-color: #c8c8c8;text-align: center;width: 77px\"><span style=\"font-family: georgia, palatino, serif;font-size: 10pt\"><a href=\"http:\/\/www.deportes.oaxaca.gob.mx\/docs\/licitaciones\/2018\/camposbeisbol\/tehuantepec\/aae_tehuantepec.pdf\" target=\"_blank\" rel=\"noopener noreferrer\">consultar<\/a><\/span><\/td>\n<td style=\"vertical-align: middle;background-color: #ffffff;border-style: solid;border-color: #c8c8c8;text-align: center;width: 56px\"><span style=\"font-family: georgia, palatino, serif;font-size: 10pt\"><a href=\"http:\/\/www.deportes.oaxaca.gob.mx\/docs\/licitaciones\/2018\/camposbeisbol\/tehuantepec\/fallo_tehuantepec.pdf\" target=\"_blank\" rel=\"noopener noreferrer\">consultar<\/a><\/span><\/td>\n<td style=\"vertical-align: middle;background-color: #ffffff;border-style: solid;border-color: #c8c8c8;text-align: center;width: 68px\"><span style=\"font-family: georgia, palatino, serif;font-size: 10pt\"><a href=\"http:\/\/www.deportes.oaxaca.gob.mx\/docs\/licitaciones\/2018\/camposbeisbol\/tehuantepec\/ct_tehuantepec.pdf\" target=\"_blank\" rel=\"noopener noreferrer\">consultar<\/a><\/span><\/td>\n<\/tr>\n<\/tbody>\n<\/table>\n<p>&nbsp;\t\t<\/p>\n","protected":false},"excerpt":{"rendered":"<p>&nbsp; A\u00f1o No. Procedimiento Descripci\u00f3n Lugar Bases Gu\u00eda Acta\u00a0de Apertura T\u00e9cnica Acta de Apertura Econ\u00f3mica Fallo \u00a0Contrato\u00a0 2018 CECUDE\/OBRAS\/006\/2018 Restauraci\u00f3n y rehabilitaci\u00f3n del estadio de beisbol municipal\u00a0\u201cEl Vado\u201d Chahuites, Oax. descargar descargar consultar consultar consultar consultar CECUDE\/OBRAS\/007\/2018 Restauraci\u00f3n y rehabilitaci\u00f3n del estadio de beisbol municipal\u00a0\u201cJuan B. Toledo\u201d El Espinal, Oax. descargar consultar consultar consultar consultar [&hellip;]<\/p>\n","protected":false},"author":1,"featured_media":0,"parent":0,"menu_order":0,"comment_status":"closed","ping_status":"closed","template":"","meta":{"episode_type":"","audio_file":"","podmotor_file_id":"","podmotor_episode_id":"","cover_image":"","cover_image_id":"","duration":"","filesize":"","filesize_raw":"","date_recorded":"","explicit":"","block":"","itunes_episode_number":"","itunes_title":"","itunes_season_number":"","itunes_episode_type":"","footnotes":""},"categories":[],"tags":[],"class_list":["post-971","page","type-page","status-publish","hentry"],"acf":[],"publishpress_future_action":{"enabled":false,"date":"2026-05-19 11:32:39","action":"change-status","newStatus":"draft","terms":[],"taxonomy":"category","extraData":[]},"publishpress_future_workflow_manual_trigger":{"enabledWorkflows":[]},"_links":{"self":[{"href":"https:\/\/www.oaxaca.gob.mx\/cecude\/wp-json\/wp\/v2\/pages\/971","targetHints":{"allow":["GET"]}}],"collection":[{"href":"https:\/\/www.oaxaca.gob.mx\/cecude\/wp-json\/wp\/v2\/pages"}],"about":[{"href":"https:\/\/www.oaxaca.gob.mx\/cecude\/wp-json\/wp\/v2\/types\/page"}],"author":[{"embeddable":true,"href":"https:\/\/www.oaxaca.gob.mx\/cecude\/wp-json\/wp\/v2\/users\/1"}],"replies":[{"embeddable":true,"href":"https:\/\/www.oaxaca.gob.mx\/cecude\/wp-json\/wp\/v2\/comments?post=971"}],"version-history":[{"count":0,"href":"https:\/\/www.oaxaca.gob.mx\/cecude\/wp-json\/wp\/v2\/pages\/971\/revisions"}],"wp:attachment":[{"href":"https:\/\/www.oaxaca.gob.mx\/cecude\/wp-json\/wp\/v2\/media?parent=971"}],"wp:term":[{"taxonomy":"category","embeddable":true,"href":"https:\/\/www.oaxaca.gob.mx\/cecude\/wp-json\/wp\/v2\/categories?post=971"},{"taxonomy":"post_tag","embeddable":true,"href":"https:\/\/www.oaxaca.gob.mx\/cecude\/wp-json\/wp\/v2\/tags?post=971"}],"curies":[{"name":"wp","href":"https:\/\/api.w.org\/{rel}","templated":true}]}}