{"id":876,"date":"2018-08-02T11:15:08","date_gmt":"2018-08-02T17:15:08","guid":{"rendered":"http:\/\/www.deportes.oaxaca.gob.mx\/?page_id=876"},"modified":"2018-08-02T11:15:08","modified_gmt":"2018-08-02T17:15:08","slug":"jefe-del-departamento-de-contabilidad-y-finanzas","status":"publish","type":"page","link":"https:\/\/www.oaxaca.gob.mx\/cecude\/direccion-general\/jefe-de-la-unidad-administrativa\/jefe-del-departamento-de-contabilidad-y-finanzas\/","title":{"rendered":"Departamento de Contabilidad y Finanzas"},"content":{"rendered":"<p>\t\t\t\t<strong>Objetivo general:<\/strong><\/p>\n<p>Auxiliar en el cabal cumplimiento de los objetivos de la Comisi\u00f3n mediante la aplicaci\u00f3n correcta de la normatividad, llevando un control riguroso de los recursos financieros, materiales y humanos asignados a la misma.<\/p>\n<p><strong>Funciones espec\u00edficas:<\/strong><\/p>\n<ul class=\"table-ul\" style=\"font-family: 'Open Sans', sans-serif;font-size: 18px\">\n<li>Difundir entre las diferentes \u00e1reas de la Comisi\u00f3n la normatividad en materia financiera que emitan las instancias respectivas;<\/li>\n<li>Actualizar los sistemas de control de recursos asignados a la Comisi\u00f3n;<\/li>\n<li>Proponer planes y programas de trabajo que permitan el ejercicio \u00f3ptimo de los recursos con que cuente la Comisi\u00f3n;<\/li>\n<li>Atender los requerimientos que en materia contable formulen a la Comisi\u00f3n los \u00f3rganos de control;<\/li>\n<li>Desarrollar programas para el debido ejercicio de los recursos financieros con los que cuenta;<\/li>\n<li>Actualizar el padr\u00f3n de proveedores y prestadores de servicios con los que cuenta la Comisi\u00f3n;<\/li>\n<li>Atender los requerimientos que las diferentes \u00e1reas de la Comisi\u00f3n le formulen respecto de los recursos requeridos para el cumplimientos de las tareas asignadas, y<\/li>\n<li>Las dem\u00e1s que le se\u00f1alen las disposiciones normativas aplicables y le confiera el superior jer\u00e1rquico inmediato, en el \u00e1mbito de su competencia.<\/li>\n<\/ul>\n","protected":false},"excerpt":{"rendered":"<p>Objetivo general: Auxiliar en el cabal cumplimiento de los objetivos de la Comisi\u00f3n mediante la aplicaci\u00f3n correcta de la normatividad, llevando un control riguroso de los recursos financieros, materiales y humanos asignados a la misma. Funciones espec\u00edficas: Difundir entre las diferentes \u00e1reas de la Comisi\u00f3n la normatividad en materia financiera que emitan las instancias respectivas; [&hellip;]<\/p>\n","protected":false},"author":1,"featured_media":0,"parent":872,"menu_order":0,"comment_status":"closed","ping_status":"closed","template":"","meta":{"episode_type":"","audio_file":"","podmotor_file_id":"","podmotor_episode_id":"","cover_image":"","cover_image_id":"","duration":"","filesize":"","filesize_raw":"","date_recorded":"","explicit":"","block":"","itunes_episode_number":"","itunes_title":"","itunes_season_number":"","itunes_episode_type":"","footnotes":""},"categories":[],"tags":[],"class_list":["post-876","page","type-page","status-publish","hentry"],"acf":[],"publishpress_future_action":{"enabled":false,"date":"2026-05-12 10:33:32","action":"change-status","newStatus":"draft","terms":[],"taxonomy":"category","extraData":[]},"publishpress_future_workflow_manual_trigger":{"enabledWorkflows":[]},"_links":{"self":[{"href":"https:\/\/www.oaxaca.gob.mx\/cecude\/wp-json\/wp\/v2\/pages\/876","targetHints":{"allow":["GET"]}}],"collection":[{"href":"https:\/\/www.oaxaca.gob.mx\/cecude\/wp-json\/wp\/v2\/pages"}],"about":[{"href":"https:\/\/www.oaxaca.gob.mx\/cecude\/wp-json\/wp\/v2\/types\/page"}],"author":[{"embeddable":true,"href":"https:\/\/www.oaxaca.gob.mx\/cecude\/wp-json\/wp\/v2\/users\/1"}],"replies":[{"embeddable":true,"href":"https:\/\/www.oaxaca.gob.mx\/cecude\/wp-json\/wp\/v2\/comments?post=876"}],"version-history":[{"count":0,"href":"https:\/\/www.oaxaca.gob.mx\/cecude\/wp-json\/wp\/v2\/pages\/876\/revisions"}],"up":[{"embeddable":true,"href":"https:\/\/www.oaxaca.gob.mx\/cecude\/wp-json\/wp\/v2\/pages\/872"}],"wp:attachment":[{"href":"https:\/\/www.oaxaca.gob.mx\/cecude\/wp-json\/wp\/v2\/media?parent=876"}],"wp:term":[{"taxonomy":"category","embeddable":true,"href":"https:\/\/www.oaxaca.gob.mx\/cecude\/wp-json\/wp\/v2\/categories?post=876"},{"taxonomy":"post_tag","embeddable":true,"href":"https:\/\/www.oaxaca.gob.mx\/cecude\/wp-json\/wp\/v2\/tags?post=876"}],"curies":[{"name":"wp","href":"https:\/\/api.w.org\/{rel}","templated":true}]}}