{"id":874,"date":"2018-08-02T11:13:18","date_gmt":"2018-08-02T17:13:18","guid":{"rendered":"http:\/\/www.deportes.oaxaca.gob.mx\/?page_id=874"},"modified":"2018-08-02T11:13:18","modified_gmt":"2018-08-02T17:13:18","slug":"jefe-del-departamento-de-recursos-humanos","status":"publish","type":"page","link":"https:\/\/www.oaxaca.gob.mx\/cecude\/direccion-general\/jefe-de-la-unidad-administrativa\/jefe-del-departamento-de-recursos-humanos\/","title":{"rendered":"Departamento de Recursos Humanos"},"content":{"rendered":"<p>\t\t\t\t<strong>Objetivo general:<\/strong><\/p>\n<p>Desarrollar\u00a0 los procedimientos y sistemas que permitan optimizar los recursos humanos con los que cuenta la Comisi\u00f3n para la operaci\u00f3n y funcionamiento de las Unidades y Departamentos que la integran.<\/p>\n<p><strong>Funciones espec\u00edficas:<\/strong><\/p>\n<ul class=\"table-ul\" style=\"font-family: 'Open Sans', sans-serif;font-size: 18px\">\n<li>Difundir la informaci\u00f3n relacionada con las disposiciones normativas que en materia de recursos humanos emitan las instancias respectivas;<\/li>\n<li>Atender las observaciones que en materia de recursos humanos formulen a la Comisi\u00f3n las instancias normativas;<\/li>\n<li>Elaborar la documentaci\u00f3n que permita efectuar las aportaciones patronales y pago de impuestos\u00a0 ante las instancias respectivas;<\/li>\n<li>Actualizar la plantilla de personal de la Comisi\u00f3n;<\/li>\n<li>Llevar el control de asistencia del personal de la Comisi\u00f3n;<\/li>\n<li>Elaborar peri\u00f3dicamente un informe para el Director General de la Comisi\u00f3n en el que se detallen las incidencias del personal, y<\/li>\n<li>Las dem\u00e1s que le se\u00f1alen las disposiciones normativas aplicables y le confiera el superior jer\u00e1rquico inmediato, en el \u00e1mbito de su competencia.<\/li>\n<\/ul>\n","protected":false},"excerpt":{"rendered":"<p>Objetivo general: Desarrollar\u00a0 los procedimientos y sistemas que permitan optimizar los recursos humanos con los que cuenta la Comisi\u00f3n para la operaci\u00f3n y funcionamiento de las Unidades y Departamentos que la integran. Funciones espec\u00edficas: Difundir la informaci\u00f3n relacionada con las disposiciones normativas que en materia de recursos humanos emitan las instancias respectivas; Atender las observaciones [&hellip;]<\/p>\n","protected":false},"author":1,"featured_media":0,"parent":872,"menu_order":0,"comment_status":"closed","ping_status":"closed","template":"","meta":{"episode_type":"","audio_file":"","podmotor_file_id":"","podmotor_episode_id":"","cover_image":"","cover_image_id":"","duration":"","filesize":"","filesize_raw":"","date_recorded":"","explicit":"","block":"","itunes_episode_number":"","itunes_title":"","itunes_season_number":"","itunes_episode_type":"","footnotes":""},"categories":[],"tags":[],"class_list":["post-874","page","type-page","status-publish","hentry"],"acf":[],"publishpress_future_action":{"enabled":false,"date":"2026-05-07 17:23:28","action":"change-status","newStatus":"draft","terms":[],"taxonomy":"category","extraData":[]},"publishpress_future_workflow_manual_trigger":{"enabledWorkflows":[]},"_links":{"self":[{"href":"https:\/\/www.oaxaca.gob.mx\/cecude\/wp-json\/wp\/v2\/pages\/874","targetHints":{"allow":["GET"]}}],"collection":[{"href":"https:\/\/www.oaxaca.gob.mx\/cecude\/wp-json\/wp\/v2\/pages"}],"about":[{"href":"https:\/\/www.oaxaca.gob.mx\/cecude\/wp-json\/wp\/v2\/types\/page"}],"author":[{"embeddable":true,"href":"https:\/\/www.oaxaca.gob.mx\/cecude\/wp-json\/wp\/v2\/users\/1"}],"replies":[{"embeddable":true,"href":"https:\/\/www.oaxaca.gob.mx\/cecude\/wp-json\/wp\/v2\/comments?post=874"}],"version-history":[{"count":0,"href":"https:\/\/www.oaxaca.gob.mx\/cecude\/wp-json\/wp\/v2\/pages\/874\/revisions"}],"up":[{"embeddable":true,"href":"https:\/\/www.oaxaca.gob.mx\/cecude\/wp-json\/wp\/v2\/pages\/872"}],"wp:attachment":[{"href":"https:\/\/www.oaxaca.gob.mx\/cecude\/wp-json\/wp\/v2\/media?parent=874"}],"wp:term":[{"taxonomy":"category","embeddable":true,"href":"https:\/\/www.oaxaca.gob.mx\/cecude\/wp-json\/wp\/v2\/categories?post=874"},{"taxonomy":"post_tag","embeddable":true,"href":"https:\/\/www.oaxaca.gob.mx\/cecude\/wp-json\/wp\/v2\/tags?post=874"}],"curies":[{"name":"wp","href":"https:\/\/api.w.org\/{rel}","templated":true}]}}