{"id":872,"date":"2018-08-02T11:11:40","date_gmt":"2018-08-02T17:11:40","guid":{"rendered":"http:\/\/www.deportes.oaxaca.gob.mx\/?page_id=872"},"modified":"2018-08-02T11:11:40","modified_gmt":"2018-08-02T17:11:40","slug":"jefe-de-la-unidad-administrativa","status":"publish","type":"page","link":"https:\/\/www.oaxaca.gob.mx\/cecude\/direccion-general\/jefe-de-la-unidad-administrativa\/","title":{"rendered":"Unidad Administrativa"},"content":{"rendered":"<p>\t\t\t\t<strong>Objetivo general:<\/strong><\/p>\n<p>Controlar los recursos financieros, humanos y materiales de acuerdo con la normatividad establecida, con la finalidad de logar el cumplimiento de los objetivos de la Comisi\u00f3n.<\/p>\n<p><strong>Funciones espec\u00edficas:<\/strong><\/p>\n<ul class=\"table-ul\" style=\"font-family: 'Open Sans', sans-serif;font-size: 18px\">\n<li>Supervisar que los recursos\u00a0 asignados a la Comisi\u00f3n se apeguen estrictamente a los lineamientos y normatividad establecida;<\/li>\n<li>Supervisar los sistemas contables de la Comisi\u00f3n;<\/li>\n<li>Vigilar la realizaci\u00f3n de acciones que permitan el eficaz cumplimiento de los programas de mantenimiento preventivo y correctivo de las instalaciones deportivas a cargo de la Comisi\u00f3n;<\/li>\n<li>Supervisar los sistemas de control y seguimiento en materia de recursos humanos, bienes y servicios de conformidad con la normatividad de la materia;<\/li>\n<li>Tramitar ante las autoridades correspondientes los movimientos de altas, bajas, promociones, licencias y dem\u00e1s prestaciones del personal de la Comisi\u00f3n;<\/li>\n<li>Difundir la informaci\u00f3n que en materia administrativa y contable se emita por las instancias respectivas;<\/li>\n<li>Reportar al Director General de la Comisi\u00f3n todo tipo de incidente que pueda generar observaciones por parte de los \u00f3rganos de control, y<\/li>\n<li>Las dem\u00e1s que le se\u00f1alen las disposiciones normativas aplicables y le confiera el superior jer\u00e1rquico inmediato, en el \u00e1mbito de su competencia.<\/li>\n<\/ul>\n","protected":false},"excerpt":{"rendered":"<p>Objetivo general: Controlar los recursos financieros, humanos y materiales de acuerdo con la normatividad establecida, con la finalidad de logar el cumplimiento de los objetivos de la Comisi\u00f3n. Funciones espec\u00edficas: Supervisar que los recursos\u00a0 asignados a la Comisi\u00f3n se apeguen estrictamente a los lineamientos y normatividad establecida; Supervisar los sistemas contables de la Comisi\u00f3n; Vigilar [&hellip;]<\/p>\n","protected":false},"author":1,"featured_media":0,"parent":827,"menu_order":0,"comment_status":"closed","ping_status":"closed","template":"","meta":{"episode_type":"","audio_file":"","podmotor_file_id":"","podmotor_episode_id":"","cover_image":"","cover_image_id":"","duration":"","filesize":"","filesize_raw":"","date_recorded":"","explicit":"","block":"","itunes_episode_number":"","itunes_title":"","itunes_season_number":"","itunes_episode_type":"","footnotes":""},"categories":[],"tags":[],"class_list":["post-872","page","type-page","status-publish","hentry"],"acf":[],"publishpress_future_action":{"enabled":false,"date":"2026-05-11 15:53:13","action":"change-status","newStatus":"draft","terms":[],"taxonomy":"category","extraData":[]},"publishpress_future_workflow_manual_trigger":{"enabledWorkflows":[]},"_links":{"self":[{"href":"https:\/\/www.oaxaca.gob.mx\/cecude\/wp-json\/wp\/v2\/pages\/872","targetHints":{"allow":["GET"]}}],"collection":[{"href":"https:\/\/www.oaxaca.gob.mx\/cecude\/wp-json\/wp\/v2\/pages"}],"about":[{"href":"https:\/\/www.oaxaca.gob.mx\/cecude\/wp-json\/wp\/v2\/types\/page"}],"author":[{"embeddable":true,"href":"https:\/\/www.oaxaca.gob.mx\/cecude\/wp-json\/wp\/v2\/users\/1"}],"replies":[{"embeddable":true,"href":"https:\/\/www.oaxaca.gob.mx\/cecude\/wp-json\/wp\/v2\/comments?post=872"}],"version-history":[{"count":0,"href":"https:\/\/www.oaxaca.gob.mx\/cecude\/wp-json\/wp\/v2\/pages\/872\/revisions"}],"up":[{"embeddable":true,"href":"https:\/\/www.oaxaca.gob.mx\/cecude\/wp-json\/wp\/v2\/pages\/827"}],"wp:attachment":[{"href":"https:\/\/www.oaxaca.gob.mx\/cecude\/wp-json\/wp\/v2\/media?parent=872"}],"wp:term":[{"taxonomy":"category","embeddable":true,"href":"https:\/\/www.oaxaca.gob.mx\/cecude\/wp-json\/wp\/v2\/categories?post=872"},{"taxonomy":"post_tag","embeddable":true,"href":"https:\/\/www.oaxaca.gob.mx\/cecude\/wp-json\/wp\/v2\/tags?post=872"}],"curies":[{"name":"wp","href":"https:\/\/api.w.org\/{rel}","templated":true}]}}