{"id":862,"date":"2018-08-01T15:40:25","date_gmt":"2018-08-01T21:40:25","guid":{"rendered":"http:\/\/www.deportes.oaxaca.gob.mx\/?page_id=862"},"modified":"2018-08-01T15:40:25","modified_gmt":"2018-08-01T21:40:25","slug":"jefe-del-departamento-de-planeacion-deportiva","status":"publish","type":"page","link":"https:\/\/www.oaxaca.gob.mx\/cecude\/direccion-general\/jefe-de-la-unidad-de-desarrollo-del-deporte\/jefe-del-departamento-de-planeacion-deportiva\/","title":{"rendered":"Departamento de Planeaci\u00f3n Deportiva"},"content":{"rendered":"<p>\t\t\t\t<strong>Objetivo general:<\/strong><\/p>\n<p>Desarrollar proyectos, planes de trabajo, reuniones y dem\u00e1s actividades que\u00a0 permitan desarrollar las acciones encaminadas al impulso del deporte en la Entidad de manera programada y sistem\u00e1tica.<\/p>\n<p><strong>Funciones espec\u00edficas:<\/strong><\/p>\n<ul class=\"table-ul\" style=\"font-family: 'Open Sans', sans-serif;font-size: 18px\">\n<li>Elaborar los programas que impulsen en la Entidad el desarrollo del deporte;<\/li>\n<li>Elaborar los m\u00e9todos de evaluaci\u00f3n peri\u00f3dica de los planes y programas deportivos a cargo de la Comisi\u00f3n;<\/li>\n<li>Difundir los planes y programas de capacitaci\u00f3n en materia de planeaci\u00f3n estrat\u00e9gica, organizaci\u00f3n y calidad en el trabajo dirigidos a entrenadores, preparadores f\u00edsicos y personal encargado de la preparaci\u00f3n y entrenamiento de los deportistas oaxaque\u00f1os;<\/li>\n<li>Recopilar la informaci\u00f3n que en materia deportiva emitan las instancias federales, estatales;<\/li>\n<li>Actualizar las estad\u00edsticas de resultados en competencias oficiales de los atletas del Estado;<\/li>\n<li>Conservar las memorias deportivas correspondientes a la participaci\u00f3n de los deportistas oaxaque\u00f1os \u00a0en competencias oficiales;<\/li>\n<li>Atender los requerimientos que en materia de planeaci\u00f3n formulen las diversas Asociaciones Deportivas Estatales;<\/li>\n<li>Gestionar ante las instancias correspondientes la implementaci\u00f3n de programas y planes de trabajo que fomenten el desarrollo de los deportistas oaxaque\u00f1os, y<\/li>\n<li>Las dem\u00e1s que le se\u00f1alen las disposiciones normativas aplicables y le confiera el superior jer\u00e1rquico inmediato, en el \u00e1mbito de su competencia.<\/li>\n<\/ul>\n","protected":false},"excerpt":{"rendered":"<p>Objetivo general: Desarrollar proyectos, planes de trabajo, reuniones y dem\u00e1s actividades que\u00a0 permitan desarrollar las acciones encaminadas al impulso del deporte en la Entidad de manera programada y sistem\u00e1tica. Funciones espec\u00edficas: Elaborar los programas que impulsen en la Entidad el desarrollo del deporte; Elaborar los m\u00e9todos de evaluaci\u00f3n peri\u00f3dica de los planes y programas deportivos [&hellip;]<\/p>\n","protected":false},"author":1,"featured_media":0,"parent":860,"menu_order":0,"comment_status":"closed","ping_status":"closed","template":"","meta":{"episode_type":"","audio_file":"","podmotor_file_id":"","podmotor_episode_id":"","cover_image":"","cover_image_id":"","duration":"","filesize":"","filesize_raw":"","date_recorded":"","explicit":"","block":"","itunes_episode_number":"","itunes_title":"","itunes_season_number":"","itunes_episode_type":"","footnotes":""},"categories":[],"tags":[],"class_list":["post-862","page","type-page","status-publish","hentry"],"acf":[],"publishpress_future_action":{"enabled":false,"date":"2026-05-12 10:32:34","action":"change-status","newStatus":"draft","terms":[],"taxonomy":"category","extraData":[]},"publishpress_future_workflow_manual_trigger":{"enabledWorkflows":[]},"_links":{"self":[{"href":"https:\/\/www.oaxaca.gob.mx\/cecude\/wp-json\/wp\/v2\/pages\/862","targetHints":{"allow":["GET"]}}],"collection":[{"href":"https:\/\/www.oaxaca.gob.mx\/cecude\/wp-json\/wp\/v2\/pages"}],"about":[{"href":"https:\/\/www.oaxaca.gob.mx\/cecude\/wp-json\/wp\/v2\/types\/page"}],"author":[{"embeddable":true,"href":"https:\/\/www.oaxaca.gob.mx\/cecude\/wp-json\/wp\/v2\/users\/1"}],"replies":[{"embeddable":true,"href":"https:\/\/www.oaxaca.gob.mx\/cecude\/wp-json\/wp\/v2\/comments?post=862"}],"version-history":[{"count":0,"href":"https:\/\/www.oaxaca.gob.mx\/cecude\/wp-json\/wp\/v2\/pages\/862\/revisions"}],"up":[{"embeddable":true,"href":"https:\/\/www.oaxaca.gob.mx\/cecude\/wp-json\/wp\/v2\/pages\/860"}],"wp:attachment":[{"href":"https:\/\/www.oaxaca.gob.mx\/cecude\/wp-json\/wp\/v2\/media?parent=862"}],"wp:term":[{"taxonomy":"category","embeddable":true,"href":"https:\/\/www.oaxaca.gob.mx\/cecude\/wp-json\/wp\/v2\/categories?post=862"},{"taxonomy":"post_tag","embeddable":true,"href":"https:\/\/www.oaxaca.gob.mx\/cecude\/wp-json\/wp\/v2\/tags?post=862"}],"curies":[{"name":"wp","href":"https:\/\/api.w.org\/{rel}","templated":true}]}}