{"id":860,"date":"2018-08-01T15:39:10","date_gmt":"2018-08-01T21:39:10","guid":{"rendered":"http:\/\/www.deportes.oaxaca.gob.mx\/?page_id=860"},"modified":"2018-08-01T15:39:10","modified_gmt":"2018-08-01T21:39:10","slug":"jefe-de-la-unidad-de-desarrollo-del-deporte","status":"publish","type":"page","link":"https:\/\/www.oaxaca.gob.mx\/cecude\/direccion-general\/jefe-de-la-unidad-de-desarrollo-del-deporte\/","title":{"rendered":"Unidad de Desarrollo del Deporte"},"content":{"rendered":"<p>\t\t\t\t<strong>Objetivo general:<\/strong><\/p>\n<p>Proponer un sistema integral de desarrollo del deporte que impulse la iniciaci\u00f3n deportiva y la participaci\u00f3n de ni\u00f1os y j\u00f3venes talentos deportivos en el Deporte de Alto rendimiento, d\u00e1ndole seguimiento hasta su participaci\u00f3n en competencias internacionales.<\/p>\n<p><strong>Funciones espec\u00edficas:<\/strong><\/p>\n<ul class=\"table-ul\" style=\"font-family: 'Open Sans', sans-serif;font-size: 18px\">\n<li>Supervisar las actividades deportivas que propicien el funcionamiento de los Centros Deportivos Escolares y Municipales;<\/li>\n<li>Supervisar la operaci\u00f3n del Sistema de Capacitaci\u00f3n y Certificaci\u00f3n de Entrenadores Deportivos en la Entidad;<\/li>\n<li>Vigilar la operaci\u00f3n de los Centros de Iniciaci\u00f3n Deportiva que opere la Comisi\u00f3n;<\/li>\n<li>Vigilar que los programas de deporte emitidos por la Comisi\u00f3n Nacional de Cultura F\u00edsica y Deporte se desarrollen en tiempo y forma dando debida atenci\u00f3n a aquellas disciplinas que aporten mayores logros a la Entidad, as\u00ed como tambi\u00e9n a las que tengan mayor demanda entre la poblaci\u00f3n oaxaque\u00f1a;<\/li>\n<li>Participar en la organizaci\u00f3n de la Olimpiada Nacional Infantil y Juvenil en el Estado;<\/li>\n<li>Proponer, conjuntamente con las Asociaciones Deportivas Estatales, la realizaci\u00f3n de eventos deportivos de \u00edndole estatal y nacional que contribuyan al desarrollo del deporte en el Estado;<\/li>\n<li>Brindar el apoyo requerido por las dependencias encargadas de la construcci\u00f3n de instalaciones deportivas, a efecto de que tengan una mayor visi\u00f3n de las funciones operativas de cada especialidad deportiva;<\/li>\n<li>Orientar a los entrenadores y deportistas considerados como Talentos Deportivos, a efecto de que participen en los programas de capacitaci\u00f3n para su actualizaci\u00f3n o reafirmaci\u00f3n de conocimientos;<\/li>\n<li>Difundir las convocatorias de eventos deportivos que se hagan llegar a la Comisi\u00f3n por otros Estados, en los que puedan participar los deportistas oaxaque\u00f1os;<\/li>\n<li>Validar la documentaci\u00f3n requerida para el otorgamiento de becas y apoyos a deportistas de alto nivel, y<\/li>\n<li>Las dem\u00e1s que le se\u00f1alen las disposiciones normativas aplicables y le confiera el superior jer\u00e1rquico inmediato, en el \u00e1mbito de su competencia.<\/li>\n<\/ul>\n","protected":false},"excerpt":{"rendered":"<p>Objetivo general: Proponer un sistema integral de desarrollo del deporte que impulse la iniciaci\u00f3n deportiva y la participaci\u00f3n de ni\u00f1os y j\u00f3venes talentos deportivos en el Deporte de Alto rendimiento, d\u00e1ndole seguimiento hasta su participaci\u00f3n en competencias internacionales. Funciones espec\u00edficas: Supervisar las actividades deportivas que propicien el funcionamiento de los Centros Deportivos Escolares y Municipales; [&hellip;]<\/p>\n","protected":false},"author":1,"featured_media":0,"parent":827,"menu_order":0,"comment_status":"closed","ping_status":"closed","template":"","meta":{"episode_type":"","audio_file":"","podmotor_file_id":"","podmotor_episode_id":"","cover_image":"","cover_image_id":"","duration":"","filesize":"","filesize_raw":"","date_recorded":"","explicit":"","block":"","itunes_episode_number":"","itunes_title":"","itunes_season_number":"","itunes_episode_type":"","footnotes":""},"categories":[],"tags":[],"class_list":["post-860","page","type-page","status-publish","hentry"],"acf":[],"publishpress_future_action":{"enabled":false,"date":"2026-04-24 05:57:41","action":"change-status","newStatus":"draft","terms":[],"taxonomy":"category","extraData":[]},"publishpress_future_workflow_manual_trigger":{"enabledWorkflows":[]},"_links":{"self":[{"href":"https:\/\/www.oaxaca.gob.mx\/cecude\/wp-json\/wp\/v2\/pages\/860","targetHints":{"allow":["GET"]}}],"collection":[{"href":"https:\/\/www.oaxaca.gob.mx\/cecude\/wp-json\/wp\/v2\/pages"}],"about":[{"href":"https:\/\/www.oaxaca.gob.mx\/cecude\/wp-json\/wp\/v2\/types\/page"}],"author":[{"embeddable":true,"href":"https:\/\/www.oaxaca.gob.mx\/cecude\/wp-json\/wp\/v2\/users\/1"}],"replies":[{"embeddable":true,"href":"https:\/\/www.oaxaca.gob.mx\/cecude\/wp-json\/wp\/v2\/comments?post=860"}],"version-history":[{"count":0,"href":"https:\/\/www.oaxaca.gob.mx\/cecude\/wp-json\/wp\/v2\/pages\/860\/revisions"}],"up":[{"embeddable":true,"href":"https:\/\/www.oaxaca.gob.mx\/cecude\/wp-json\/wp\/v2\/pages\/827"}],"wp:attachment":[{"href":"https:\/\/www.oaxaca.gob.mx\/cecude\/wp-json\/wp\/v2\/media?parent=860"}],"wp:term":[{"taxonomy":"category","embeddable":true,"href":"https:\/\/www.oaxaca.gob.mx\/cecude\/wp-json\/wp\/v2\/categories?post=860"},{"taxonomy":"post_tag","embeddable":true,"href":"https:\/\/www.oaxaca.gob.mx\/cecude\/wp-json\/wp\/v2\/tags?post=860"}],"curies":[{"name":"wp","href":"https:\/\/api.w.org\/{rel}","templated":true}]}}