{"id":857,"date":"2018-08-01T15:37:01","date_gmt":"2018-08-01T21:37:01","guid":{"rendered":"http:\/\/www.deportes.oaxaca.gob.mx\/?page_id=857"},"modified":"2018-08-01T15:37:01","modified_gmt":"2018-08-01T21:37:01","slug":"jefe-del-departamento-de-deporte-adaptado","status":"publish","type":"page","link":"https:\/\/www.oaxaca.gob.mx\/cecude\/direccion-general\/jefe-de-la-unidad-de-cultura-fisica\/jefe-del-departamento-de-deporte-adaptado\/","title":{"rendered":"Departamento de Deporte Adaptado"},"content":{"rendered":"<p>\t\t\t\t<strong>Objetivo general:<\/strong><\/p>\n<p>Desarrollar proyectos, planes de trabajo, reuniones y dem\u00e1s actividades que motiven y eleven la calidad y el mejor desempe\u00f1o de los atletas con capacidades diferentes.<\/p>\n<p><strong>Funciones espec\u00edficas:<\/strong><\/p>\n<ul class=\"table-ul\" style=\"font-family: 'Open Sans', sans-serif;font-size: 18px\">\n<li>Elaborar los programas y planes que permitan la detecci\u00f3n de recursos \u00a0para la pr\u00e1ctica del deporte adaptado en el Estado;<\/li>\n<li>Difundir la informaci\u00f3n que las instancias federales emitan en el \u00e1mbito del deporte adaptado;<\/li>\n<li>Integrar conjuntamente con las Asociaciones Estatales de Deporte Adaptado los expedientes de las mismas, a efecto de contar con la documentaci\u00f3n requerida por la Comisi\u00f3n Nacional de Cultura F\u00edsica y Deporte;<\/li>\n<li>Atender las propuestas que formulen las diferentes Asociaciones de Deporte Adaptado para la realizaci\u00f3n de eventos deportivos;<\/li>\n<li>Programar eventos deportivos en el Estado que permitan la inclusi\u00f3n en los mismos de deportistas con discapacidad;<\/li>\n<li>Llevar a cabo exhibiciones de los deportes de personas con discapacidad, con la finalidad de promover el deporte adaptado en las diferentes regiones del Estado sensibilizando a la poblaci\u00f3n en general, y<\/li>\n<li>Las dem\u00e1s que le se\u00f1alen las disposiciones normativas aplicables y le confiera el superior jer\u00e1rquico inmediato, en el \u00e1mbito de su competencia.<\/li>\n<\/ul>\n","protected":false},"excerpt":{"rendered":"<p>Objetivo general: Desarrollar proyectos, planes de trabajo, reuniones y dem\u00e1s actividades que motiven y eleven la calidad y el mejor desempe\u00f1o de los atletas con capacidades diferentes. Funciones espec\u00edficas: Elaborar los programas y planes que permitan la detecci\u00f3n de recursos \u00a0para la pr\u00e1ctica del deporte adaptado en el Estado; Difundir la informaci\u00f3n que las instancias [&hellip;]<\/p>\n","protected":false},"author":1,"featured_media":0,"parent":833,"menu_order":0,"comment_status":"closed","ping_status":"closed","template":"","meta":{"episode_type":"","audio_file":"","podmotor_file_id":"","podmotor_episode_id":"","cover_image":"","cover_image_id":"","duration":"","filesize":"","filesize_raw":"","date_recorded":"","explicit":"","block":"","itunes_episode_number":"","itunes_title":"","itunes_season_number":"","itunes_episode_type":"","footnotes":""},"categories":[],"tags":[],"class_list":["post-857","page","type-page","status-publish","hentry"],"acf":[],"publishpress_future_action":{"enabled":false,"date":"2026-05-07 19:38:04","action":"change-status","newStatus":"draft","terms":[],"taxonomy":"category","extraData":[]},"publishpress_future_workflow_manual_trigger":{"enabledWorkflows":[]},"_links":{"self":[{"href":"https:\/\/www.oaxaca.gob.mx\/cecude\/wp-json\/wp\/v2\/pages\/857","targetHints":{"allow":["GET"]}}],"collection":[{"href":"https:\/\/www.oaxaca.gob.mx\/cecude\/wp-json\/wp\/v2\/pages"}],"about":[{"href":"https:\/\/www.oaxaca.gob.mx\/cecude\/wp-json\/wp\/v2\/types\/page"}],"author":[{"embeddable":true,"href":"https:\/\/www.oaxaca.gob.mx\/cecude\/wp-json\/wp\/v2\/users\/1"}],"replies":[{"embeddable":true,"href":"https:\/\/www.oaxaca.gob.mx\/cecude\/wp-json\/wp\/v2\/comments?post=857"}],"version-history":[{"count":0,"href":"https:\/\/www.oaxaca.gob.mx\/cecude\/wp-json\/wp\/v2\/pages\/857\/revisions"}],"up":[{"embeddable":true,"href":"https:\/\/www.oaxaca.gob.mx\/cecude\/wp-json\/wp\/v2\/pages\/833"}],"wp:attachment":[{"href":"https:\/\/www.oaxaca.gob.mx\/cecude\/wp-json\/wp\/v2\/media?parent=857"}],"wp:term":[{"taxonomy":"category","embeddable":true,"href":"https:\/\/www.oaxaca.gob.mx\/cecude\/wp-json\/wp\/v2\/categories?post=857"},{"taxonomy":"post_tag","embeddable":true,"href":"https:\/\/www.oaxaca.gob.mx\/cecude\/wp-json\/wp\/v2\/tags?post=857"}],"curies":[{"name":"wp","href":"https:\/\/api.w.org\/{rel}","templated":true}]}}