{"id":833,"date":"2018-08-01T14:54:49","date_gmt":"2018-08-01T20:54:49","guid":{"rendered":"http:\/\/www.deportes.oaxaca.gob.mx\/?page_id=833"},"modified":"2018-08-01T14:54:49","modified_gmt":"2018-08-01T20:54:49","slug":"jefe-de-la-unidad-de-cultura-fisica","status":"publish","type":"page","link":"https:\/\/www.oaxaca.gob.mx\/cecude\/direccion-general\/jefe-de-la-unidad-de-cultura-fisica\/","title":{"rendered":"Unidad de Cultura F\u00edsica"},"content":{"rendered":"<p style=\"text-align: left\"><strong>Objetivo general:<\/strong><\/p>\n<p style=\"text-align: left\">Reglamentar la pr\u00e1ctica de la actividad f\u00edsica para contribuir a mejorar la salud y la calidad de vida de la poblaci\u00f3n oaxaque\u00f1a.<\/p>\n<p style=\"text-align: left\"><strong>Funciones espec\u00edficas:<\/strong><\/p>\n<ul class=\"table-ul\" style=\"font-family: 'Open Sans', sans-serif;font-size: 18px\">\n<li>Supervisar la operaci\u00f3n en el Estado de los \u00a0Programas relacionados con la activaci\u00f3n f\u00edsica bajo las l\u00edneas normativas y modalidades establecidas por la Comisi\u00f3n Nacional de Cultura F\u00edsica y Deporte;<\/li>\n<li>Reglamentar los programas de activaci\u00f3n f\u00edsica enfocados a la poblaci\u00f3n con capacidades especiales, propiciando su integraci\u00f3n social;<\/li>\n<li style=\"text-align: left\">Aprobar campa\u00f1as de promoci\u00f3n y difusi\u00f3n de la cultura f\u00edsica en el Estado;<\/li>\n<li style=\"text-align: left\">Tramitar la propuesta del Programa Operativo Anual de la Unidad someti\u00e9ndola\u00a0 a la\u00a0 aprobaci\u00f3n del Director General;<\/li>\n<li style=\"text-align: left\">Asesorar a los Municipios del Estado en la implementaci\u00f3n de programas de activaci\u00f3n f\u00edsica;<\/li>\n<li style=\"text-align: left\">Proponer la realizaci\u00f3n de eventos masivos de activaci\u00f3n f\u00edsica a nivel estatal;<\/li>\n<li style=\"text-align: left\">Reglamentar las acciones que en materia de cultura f\u00edsica se desarrollen en el \u00e1mbito estatal;<\/li>\n<li style=\"text-align: left\">Proponer ante las instancias respectivas la utilizaci\u00f3n de espacios p\u00fablicos para la realizaci\u00f3n de eventos de activaci\u00f3n f\u00edsica, y<\/li>\n<li style=\"text-align: left\">Las dem\u00e1s que le se\u00f1alen las disposiciones normativas aplicables y le confiera el superior jer\u00e1rquico inmediato, en el \u00e1mbito de su competencia.<\/li>\n<\/ul>\n","protected":false},"excerpt":{"rendered":"<p>Objetivo general: Reglamentar la pr\u00e1ctica de la actividad f\u00edsica para contribuir a mejorar la salud y la calidad de vida de la poblaci\u00f3n oaxaque\u00f1a. Funciones espec\u00edficas: Supervisar la operaci\u00f3n en el Estado de los \u00a0Programas relacionados con la activaci\u00f3n f\u00edsica bajo las l\u00edneas normativas y modalidades establecidas por la Comisi\u00f3n Nacional de Cultura F\u00edsica y [&hellip;]<\/p>\n","protected":false},"author":1,"featured_media":0,"parent":827,"menu_order":0,"comment_status":"closed","ping_status":"closed","template":"","meta":{"episode_type":"","audio_file":"","podmotor_file_id":"","podmotor_episode_id":"","cover_image":"","cover_image_id":"","duration":"","filesize":"","filesize_raw":"","date_recorded":"","explicit":"","block":"","itunes_episode_number":"","itunes_title":"","itunes_season_number":"","itunes_episode_type":"","footnotes":""},"categories":[],"tags":[],"class_list":["post-833","page","type-page","status-publish","hentry"],"acf":[],"publishpress_future_action":{"enabled":false,"date":"2026-05-07 17:23:27","action":"change-status","newStatus":"draft","terms":[],"taxonomy":"category","extraData":[]},"publishpress_future_workflow_manual_trigger":{"enabledWorkflows":[]},"_links":{"self":[{"href":"https:\/\/www.oaxaca.gob.mx\/cecude\/wp-json\/wp\/v2\/pages\/833","targetHints":{"allow":["GET"]}}],"collection":[{"href":"https:\/\/www.oaxaca.gob.mx\/cecude\/wp-json\/wp\/v2\/pages"}],"about":[{"href":"https:\/\/www.oaxaca.gob.mx\/cecude\/wp-json\/wp\/v2\/types\/page"}],"author":[{"embeddable":true,"href":"https:\/\/www.oaxaca.gob.mx\/cecude\/wp-json\/wp\/v2\/users\/1"}],"replies":[{"embeddable":true,"href":"https:\/\/www.oaxaca.gob.mx\/cecude\/wp-json\/wp\/v2\/comments?post=833"}],"version-history":[{"count":0,"href":"https:\/\/www.oaxaca.gob.mx\/cecude\/wp-json\/wp\/v2\/pages\/833\/revisions"}],"up":[{"embeddable":true,"href":"https:\/\/www.oaxaca.gob.mx\/cecude\/wp-json\/wp\/v2\/pages\/827"}],"wp:attachment":[{"href":"https:\/\/www.oaxaca.gob.mx\/cecude\/wp-json\/wp\/v2\/media?parent=833"}],"wp:term":[{"taxonomy":"category","embeddable":true,"href":"https:\/\/www.oaxaca.gob.mx\/cecude\/wp-json\/wp\/v2\/categories?post=833"},{"taxonomy":"post_tag","embeddable":true,"href":"https:\/\/www.oaxaca.gob.mx\/cecude\/wp-json\/wp\/v2\/tags?post=833"}],"curies":[{"name":"wp","href":"https:\/\/api.w.org\/{rel}","templated":true}]}}