{"id":830,"date":"2018-08-01T14:01:57","date_gmt":"2018-08-01T20:01:57","guid":{"rendered":"http:\/\/www.deportes.oaxaca.gob.mx\/?page_id=830"},"modified":"2018-08-01T14:01:57","modified_gmt":"2018-08-01T20:01:57","slug":"departamento-juridico","status":"publish","type":"page","link":"https:\/\/www.oaxaca.gob.mx\/cecude\/direccion-general\/departamento-juridico\/","title":{"rendered":"Departamento Jur\u00eddico"},"content":{"rendered":"<p>\t\t\t\t<strong>Objetivo General:<\/strong><\/p>\n<p>Auxiliar a la Direcci\u00f3n General y a las diferentes \u00e1reas que conforman la Comisi\u00f3n en materia jur\u00eddica y normativa, formulando y revisando los instrumentos legales que suscriba la Comisi\u00f3n aplicando las pol\u00edticas jur\u00eddico-normativas de la misma.<\/p>\n<p><strong>Funciones espec\u00edficas:<\/strong><\/p>\n<ul class=\"table-ul\" style=\"font-family: 'Open Sans', sans-serif;font-size: 18px\">\n<li>Analizar jur\u00eddicamente los convenios, acuerdos y dem\u00e1s documentos que suscriba el Director General, a fin de proteger y salvaguardar los intereses y bienes de la Comisi\u00f3n;<\/li>\n<li>Actualizar la custodia y resguardo de la documentaci\u00f3n e informaci\u00f3n con base a la Ley de Archivos del Estado;<\/li>\n<li>Difundir el marco normativo que regula el funcionamiento de la Comisi\u00f3n;<\/li>\n<li>Fungir como titular de la Unidad de Enlace de la Comisi\u00f3n;<\/li>\n<li>Ejercitar acciones civiles, denunciar delitos o presentar querellas en defensa de los intereses de la Comisi\u00f3n, y<\/li>\n<li>Las dem\u00e1s que le se\u00f1alen las disposiciones normativas aplicables y le confiera el superior jer\u00e1rquico inmediato, en el \u00e1mbito de su competencia.<\/li>\n<\/ul>\n","protected":false},"excerpt":{"rendered":"<p>Objetivo General: Auxiliar a la Direcci\u00f3n General y a las diferentes \u00e1reas que conforman la Comisi\u00f3n en materia jur\u00eddica y normativa, formulando y revisando los instrumentos legales que suscriba la Comisi\u00f3n aplicando las pol\u00edticas jur\u00eddico-normativas de la misma. Funciones espec\u00edficas: Analizar jur\u00eddicamente los convenios, acuerdos y dem\u00e1s documentos que suscriba el Director General, a fin [&hellip;]<\/p>\n","protected":false},"author":1,"featured_media":0,"parent":827,"menu_order":0,"comment_status":"closed","ping_status":"closed","template":"","meta":{"episode_type":"","audio_file":"","podmotor_file_id":"","podmotor_episode_id":"","cover_image":"","cover_image_id":"","duration":"","filesize":"","filesize_raw":"","date_recorded":"","explicit":"","block":"","itunes_episode_number":"","itunes_title":"","itunes_season_number":"","itunes_episode_type":"","footnotes":""},"categories":[],"tags":[],"class_list":["post-830","page","type-page","status-publish","hentry"],"acf":[],"publishpress_future_action":{"enabled":false,"date":"2026-05-07 17:22:40","action":"change-status","newStatus":"draft","terms":[],"taxonomy":"category","extraData":[]},"publishpress_future_workflow_manual_trigger":{"enabledWorkflows":[]},"_links":{"self":[{"href":"https:\/\/www.oaxaca.gob.mx\/cecude\/wp-json\/wp\/v2\/pages\/830","targetHints":{"allow":["GET"]}}],"collection":[{"href":"https:\/\/www.oaxaca.gob.mx\/cecude\/wp-json\/wp\/v2\/pages"}],"about":[{"href":"https:\/\/www.oaxaca.gob.mx\/cecude\/wp-json\/wp\/v2\/types\/page"}],"author":[{"embeddable":true,"href":"https:\/\/www.oaxaca.gob.mx\/cecude\/wp-json\/wp\/v2\/users\/1"}],"replies":[{"embeddable":true,"href":"https:\/\/www.oaxaca.gob.mx\/cecude\/wp-json\/wp\/v2\/comments?post=830"}],"version-history":[{"count":0,"href":"https:\/\/www.oaxaca.gob.mx\/cecude\/wp-json\/wp\/v2\/pages\/830\/revisions"}],"up":[{"embeddable":true,"href":"https:\/\/www.oaxaca.gob.mx\/cecude\/wp-json\/wp\/v2\/pages\/827"}],"wp:attachment":[{"href":"https:\/\/www.oaxaca.gob.mx\/cecude\/wp-json\/wp\/v2\/media?parent=830"}],"wp:term":[{"taxonomy":"category","embeddable":true,"href":"https:\/\/www.oaxaca.gob.mx\/cecude\/wp-json\/wp\/v2\/categories?post=830"},{"taxonomy":"post_tag","embeddable":true,"href":"https:\/\/www.oaxaca.gob.mx\/cecude\/wp-json\/wp\/v2\/tags?post=830"}],"curies":[{"name":"wp","href":"https:\/\/api.w.org\/{rel}","templated":true}]}}