{"id":469,"date":"2018-08-01T14:06:16","date_gmt":"2018-08-01T20:06:16","guid":{"rendered":"http:\/\/www.deportes.oaxaca.gob.mx\/?page_id=469"},"modified":"2018-08-01T14:06:16","modified_gmt":"2018-08-01T20:06:16","slug":"directorio","status":"publish","type":"page","link":"https:\/\/www.oaxaca.gob.mx\/cecude\/directorio\/","title":{"rendered":"Directorio"},"content":{"rendered":"\n<table id=\"tablepress-1\" class=\"tablepress tablepress-id-1\">\n<thead>\n<tr class=\"row-1\">\n\t<th class=\"column-1\">NOMBRE<\/th><th class=\"column-2\">TEL\u00c9FONO\/EXT<\/th><th class=\"column-3\">EMAIL<\/th><th class=\"column-4\">PUESTO<\/th>\n<\/tr>\n<\/thead>\n<tbody class=\"row-striping row-hover\">\n<tr class=\"row-2\">\n\t<td class=\"column-1\"><strong>C. Montserrat de los \u00c1ngeles Arag\u00f3n Heinze<\/strong><\/td><td class=\"column-2\"><strong>(951) 515 3483<\/strong><\/td><td class=\"column-3\"><strong>direcci\u00f3n.deportes@oaxaca.gob.mx<\/strong><\/td><td class=\"column-4\"><strong>Directora General<\/strong><\/td>\n<\/tr>\n<tr class=\"row-3\">\n\t<td class=\"column-1\"><strong>CP. Cynthya Gabriela Mart\u00ednez Rosales<\/strong><\/td><td class=\"column-2\"><strong>(951) 351 9350<\/strong><\/td><td class=\"column-3\"><strong>uadministrativa.deportes@oaxaca.gob.mx<\/strong><\/td><td class=\"column-4\"><strong>Jefa de la Unidad Administrativa<\/strong><\/td>\n<\/tr>\n<tr class=\"row-4\">\n\t<td class=\"column-1\">L.N. Liliana Gladys Santiago \u00c1vila <\/td><td class=\"column-2\">(951) 132 4914<\/td><td class=\"column-3\">rh.deportes@oaxaca.gob.mx<\/td><td class=\"column-4\">Jefa del Departamento de Recursos Humanos<\/td>\n<\/tr>\n<tr class=\"row-5\">\n\t<td class=\"column-1\">L.C.P. Agust\u00edn Celedonio Ru\u00edz Mendoza<\/td><td class=\"column-2\">(951) 132 4914<\/td><td class=\"column-3\">contabilidad.deportes@oaxaca.gob.mx<\/td><td class=\"column-4\">Jefe del Departamento de Contabilidad y Finanzas<\/td>\n<\/tr>\n<tr class=\"row-6\">\n\t<td class=\"column-1\">Ing. Alejandro Rafael Ceja Guti\u00e9rrez<\/td><td class=\"column-2\">(951) 206 1130<\/td><td class=\"column-3\">rm.deportes@oaxaca.gob.mx<\/td><td class=\"column-4\">Jefe del Departamento de Recursos Materiales y Servicios Generales<\/td>\n<\/tr>\n<tr class=\"row-7\">\n\t<td class=\"column-1\"><strong>Lic. Ana Isabel Hern\u00e1ndez Cardozo<\/strong><\/td><td class=\"column-2\"><strong>(951) 132 8814<\/strong><\/td><td class=\"column-3\"><strong>culturafisica.deportes@oaxaca.gob.mx<\/strong><\/td><td class=\"column-4\"><strong>Jefa de la Unidad de Cultura F\u00edsica<\/strong><\/td>\n<\/tr>\n<tr class=\"row-8\">\n\t<td class=\"column-1\">Arq. Victor Alan R\u00edos Figueroa<\/td><td class=\"column-2\">(951) 207 4297<\/td><td class=\"column-3\">infraestructura.deportes@oaxaca.gob.mx<\/td><td class=\"column-4\">Jefe del Departamento de Metodolog\u00eda e Infraestructura Deportiva<\/td>\n<\/tr>\n<tr class=\"row-9\">\n\t<td class=\"column-1\">L.E.D. Ameyalli Dar\u00eda Garc\u00eda Jim\u00e9nez<\/td><td class=\"column-2\">(951) 132 8814<\/td><td class=\"column-3\"><\/td><td class=\"column-4\">Jefa del Departamento de Cultura y Activaci\u00f3n F\u00edsica Municipal<\/td>\n<\/tr>\n<tr class=\"row-10\">\n\t<td class=\"column-1\">C. Mario Izquierdo Betanzos<\/td><td class=\"column-2\">(951) 132 8814<\/td><td class=\"column-3\"><\/td><td class=\"column-4\">Jefe del Departamento de Deporte Adaptado<\/td>\n<\/tr>\n<tr class=\"row-11\">\n\t<td class=\"column-1\"><strong>Mtro. Carlos C\u00e9sar Hern\u00e1ndez Castro<\/strong><\/td><td class=\"column-2\"><strong>(951) 132 8814<\/strong><\/td><td class=\"column-3\"><\/td><td class=\"column-4\"><strong>Jefe de la Unidad de Desarrollo del Deporte<\/strong><\/td>\n<\/tr>\n<tr class=\"row-12\">\n\t<td class=\"column-1\">Prof. Marcelino Albuerne Ronquillo<\/td><td class=\"column-2\">(951) 207 4297<\/td><td class=\"column-3\"><\/td><td class=\"column-4\">Jefe del Departamento de Planeaci\u00f3n Deportiva<\/td>\n<\/tr>\n<tr class=\"row-13\">\n\t<td class=\"column-1\">L.C.P. Socorro Santiago Villalobos<\/td><td class=\"column-2\">(951) 207 4297<\/td><td class=\"column-3\">eventosycapacitacion@oaxaca.gob.mx<\/td><td class=\"column-4\">Jefa del Departamento de Eventos Deportivos y Capacitaci\u00f3n<\/td>\n<\/tr>\n<tr class=\"row-14\">\n\t<td class=\"column-1\">L.E.D. Josafat Gonz\u00e1lez Mart\u00ednez<\/td><td class=\"column-2\">(951) 132 8814<\/td><td class=\"column-3\"><\/td><td class=\"column-4\">Jefe del Departamento de Iniciaci\u00f3n Deportiva y Deporte Estudiantil<\/td>\n<\/tr>\n<\/tbody>\n<\/table>\n<!-- #tablepress-1 from cache -->\n","protected":false},"excerpt":{"rendered":"","protected":false},"author":1,"featured_media":0,"parent":0,"menu_order":0,"comment_status":"closed","ping_status":"closed","template":"","meta":{"episode_type":"","audio_file":"","podmotor_file_id":"","podmotor_episode_id":"","cover_image":"","cover_image_id":"","duration":"","filesize":"","filesize_raw":"","date_recorded":"","explicit":"","block":"","itunes_episode_number":"","itunes_title":"","itunes_season_number":"","itunes_episode_type":"","footnotes":""},"categories":[],"tags":[],"class_list":["post-469","page","type-page","status-publish","hentry"],"acf":[],"publishpress_future_action":{"enabled":false,"date":"2026-05-19 10:23:24","action":"change-status","newStatus":"draft","terms":[],"taxonomy":"category","extraData":[]},"publishpress_future_workflow_manual_trigger":{"enabledWorkflows":[]},"_links":{"self":[{"href":"https:\/\/www.oaxaca.gob.mx\/cecude\/wp-json\/wp\/v2\/pages\/469","targetHints":{"allow":["GET"]}}],"collection":[{"href":"https:\/\/www.oaxaca.gob.mx\/cecude\/wp-json\/wp\/v2\/pages"}],"about":[{"href":"https:\/\/www.oaxaca.gob.mx\/cecude\/wp-json\/wp\/v2\/types\/page"}],"author":[{"embeddable":true,"href":"https:\/\/www.oaxaca.gob.mx\/cecude\/wp-json\/wp\/v2\/users\/1"}],"replies":[{"embeddable":true,"href":"https:\/\/www.oaxaca.gob.mx\/cecude\/wp-json\/wp\/v2\/comments?post=469"}],"version-history":[{"count":0,"href":"https:\/\/www.oaxaca.gob.mx\/cecude\/wp-json\/wp\/v2\/pages\/469\/revisions"}],"wp:attachment":[{"href":"https:\/\/www.oaxaca.gob.mx\/cecude\/wp-json\/wp\/v2\/media?parent=469"}],"wp:term":[{"taxonomy":"category","embeddable":true,"href":"https:\/\/www.oaxaca.gob.mx\/cecude\/wp-json\/wp\/v2\/categories?post=469"},{"taxonomy":"post_tag","embeddable":true,"href":"https:\/\/www.oaxaca.gob.mx\/cecude\/wp-json\/wp\/v2\/tags?post=469"}],"curies":[{"name":"wp","href":"https:\/\/api.w.org\/{rel}","templated":true}]}}