{"id":420,"date":"2018-01-30T14:48:34","date_gmt":"2018-01-30T20:48:34","guid":{"rendered":"http:\/\/www.deportes.oaxaca.gob.mx\/?page_id=420"},"modified":"2018-01-30T14:48:34","modified_gmt":"2018-01-30T20:48:34","slug":"facultades","status":"publish","type":"page","link":"https:\/\/www.oaxaca.gob.mx\/cecude\/facultades\/","title":{"rendered":"Funciones"},"content":{"rendered":"<h5>FUNCIONES ESPEC\u00cdFICAS:<\/h5>\n<ul class=\"table-ul\" style=\"font-family: 'Open Sans', sans-serif;font-size: 18px\">\n<li>I. Representar a la Comisi\u00f3n legalmente, celebrar acuerdos, convenios, contratos y dem\u00e1s actos jur\u00eddicos con dependencias y entidades federales, estatales y municipales, as\u00ed como con organismos de los sectores p\u00fablico y privado;<\/li>\n<li>II. Coordinar la administraci\u00f3n y operatividad de la Comisi\u00f3n, conforme a los acuerdos y resoluciones emanados de la Junta Directiva;<\/li>\n<li>III. Proponer a la Junta Directiva las pol\u00edticas generales y los proyectos de programas y presupuesto de la Comisi\u00f3n;<\/li>\n<li>IV. Coordinar el Sistema Estatal de la Cultura F\u00edsica y el Deporte, con las Dependencias y Entidades del sector p\u00fablico, a efecto de impulsar el desarrollo de la cultura f\u00edsica y el deporte en el Estado;<\/li>\n<li>V. Gestionar los recursos para la construcci\u00f3n, conservaci\u00f3n y mejoramiento de infraestructura deportiva en la Entidad;<\/li>\n<li>VI. Supervisar el Programa de Iniciaci\u00f3n Deportiva en coordinaci\u00f3n con las autoridades correspondientes; e impulsar el desarrollo de programas de formaci\u00f3n, capacitaci\u00f3n y certificaci\u00f3n en materia de cultura f\u00edsica y deporte;<\/li>\n<li>VII. Supervisar el desarrollo del Deporte Adaptado entre la poblaci\u00f3n, y<\/li>\n<li>VIII. Las dem\u00e1s que le se\u00f1alen las disposiciones normativas aplicables y le confiera el superior jer\u00e1rquico inmediato, en el \u00e1mbito de su competencia.<\/li>\n<\/ul>\n<p><\/p>\n<h5>FACULTADES:<\/h5>\n<ul class=\"table-ul\" style=\"font-family: 'Open Sans', sans-serif;font-size: 18px\">\n<li>I. Asesorar y proponer al Ejecutivo del Estado, sobre la Planeaci\u00f3n y Programaci\u00f3n de las Pol\u00edticas P\u00fablicas y acciones relacionadas con el Desarrollo del Deporte.<\/li>\n<li>II. Promover coordinadamente con las Dependencias y Entidades de la Administraci\u00f3n Publica Estatal, en el \u00e1mbito de sus respectivas competencias las acciones destinadas a mejorar sus expectativas sociales y culturales, as\u00ed como atender su problem\u00e1tica en materia deportiva.<\/li>\n<li>III. Ser \u00f3rgano de conexi\u00f3n entre las Instituciones para la atenci\u00f3n, promoci\u00f3n, defensa y desarrollo del Deporte.<\/li>\n<li>IV. Fomentar la creaci\u00f3n, conservaci\u00f3n y mejoramiento de instalaciones y servicios deportivos.<\/li>\n<li>V. Administrar, operar, conservar y mejorar las instalaciones deportivas que le sean asignadas.<\/li>\n<li>VI. Llevar a cabo programas de capacitaci\u00f3n en materia de deporte y cultura f\u00edsica.<\/li>\n<li>VII. Avalar la participaci\u00f3n oficial de deportistas en competencias regionales, nacionales e internacionales, as\u00ed como la integraci\u00f3n y preparaci\u00f3n t\u00e9cnica de preselecciones y selecciones.<\/li>\n<li>VIII. Servir como \u00f3rgano de consulta del Ejecutivo Estatal, en la Planeaci\u00f3n y Programaci\u00f3n de Pol\u00edticas y acciones relacionadas con el desarrollo integral del deporte de acuerdo al Plan Estatal de Desarrollo.<\/li>\n<li>IX. Actuar como \u00f3rgano de consulta, asesor\u00eda y gestor\u00eda ante las autoridades federales, estatales y municipales, respecto de la atenci\u00f3n\u00a0 de las demandas que en materia del deporte haga la gente y, en su caso canalizarlas a las instancias correspondientes para su apropiada atenci\u00f3n.<\/li>\n<li>X. Coordinar en las Dependencias y Entidades de la Administraci\u00f3n Publica, en el \u00e1mbito de sus respectivas competencias, acciones destinadas a mejorar el nivel deportivo de la gente, as\u00ed como sus expectativas econ\u00f3micas, sociales y culturales.<\/li>\n<li>XI. Apoyar para que las personas con capacidades diferentes, cuenten con los medios e igualdad de oportunidades que les permitan incorporarse al desarrollo deportivo internacional, nacional, estatal y municipal.<\/li>\n<li>XII. En general, celebrar los actos jur\u00eddicos encaminados de manera directa e indirecta al cumplimiento de sus fines y realizar todas las actividades que la Ley, su decreto de creaci\u00f3n y dem\u00e1s ordenamientos legales aplicables le impongan.<\/li>\n<\/ul>\n","protected":false},"excerpt":{"rendered":"<p>FUNCIONES ESPEC\u00cdFICAS: I. Representar a la Comisi\u00f3n legalmente, celebrar acuerdos, convenios, contratos y dem\u00e1s actos jur\u00eddicos con dependencias y entidades federales, estatales y municipales, as\u00ed como con organismos de los sectores p\u00fablico y privado; II. Coordinar la administraci\u00f3n y operatividad de la Comisi\u00f3n, conforme a los acuerdos y resoluciones emanados de la Junta Directiva; III. [&hellip;]<\/p>\n","protected":false},"author":1,"featured_media":0,"parent":0,"menu_order":0,"comment_status":"closed","ping_status":"closed","template":"","meta":{"episode_type":"","audio_file":"","podmotor_file_id":"","podmotor_episode_id":"","cover_image":"","cover_image_id":"","duration":"","filesize":"","filesize_raw":"","date_recorded":"","explicit":"","block":"","itunes_episode_number":"","itunes_title":"","itunes_season_number":"","itunes_episode_type":"","footnotes":""},"categories":[],"tags":[],"class_list":["post-420","page","type-page","status-publish","hentry"],"acf":[],"publishpress_future_action":{"enabled":false,"date":"2026-05-07 17:06:38","action":"change-status","newStatus":"draft","terms":[],"taxonomy":"category","extraData":[]},"publishpress_future_workflow_manual_trigger":{"enabledWorkflows":[]},"_links":{"self":[{"href":"https:\/\/www.oaxaca.gob.mx\/cecude\/wp-json\/wp\/v2\/pages\/420","targetHints":{"allow":["GET"]}}],"collection":[{"href":"https:\/\/www.oaxaca.gob.mx\/cecude\/wp-json\/wp\/v2\/pages"}],"about":[{"href":"https:\/\/www.oaxaca.gob.mx\/cecude\/wp-json\/wp\/v2\/types\/page"}],"author":[{"embeddable":true,"href":"https:\/\/www.oaxaca.gob.mx\/cecude\/wp-json\/wp\/v2\/users\/1"}],"replies":[{"embeddable":true,"href":"https:\/\/www.oaxaca.gob.mx\/cecude\/wp-json\/wp\/v2\/comments?post=420"}],"version-history":[{"count":0,"href":"https:\/\/www.oaxaca.gob.mx\/cecude\/wp-json\/wp\/v2\/pages\/420\/revisions"}],"wp:attachment":[{"href":"https:\/\/www.oaxaca.gob.mx\/cecude\/wp-json\/wp\/v2\/media?parent=420"}],"wp:term":[{"taxonomy":"category","embeddable":true,"href":"https:\/\/www.oaxaca.gob.mx\/cecude\/wp-json\/wp\/v2\/categories?post=420"},{"taxonomy":"post_tag","embeddable":true,"href":"https:\/\/www.oaxaca.gob.mx\/cecude\/wp-json\/wp\/v2\/tags?post=420"}],"curies":[{"name":"wp","href":"https:\/\/api.w.org\/{rel}","templated":true}]}}