{"id":2321,"date":"2019-10-09T16:57:56","date_gmt":"2019-10-09T21:57:56","guid":{"rendered":"https:\/\/www.oaxaca.gob.mx\/cecude\/?page_id=2321"},"modified":"2019-10-09T17:02:55","modified_gmt":"2019-10-09T22:02:55","slug":"aviso-de-privacidad-simplificado","status":"publish","type":"page","link":"https:\/\/www.oaxaca.gob.mx\/cecude\/aviso-de-privacidad-simplificado\/","title":{"rendered":"Aviso de Privacidad Simplificado"},"content":{"rendered":"<h4><a href=\"http:\/\/www.deportes.oaxaca.gob.mx\/docs\/avisoprivacidad\/ap_integral_cecude.pdf\" target=\"_blank\" rel=\"noopener noreferrer\"><strong>Descargar\u00a0 (<\/strong><\/a><a href=\"http:\/\/www.deportes.oaxaca.gob.mx\/docs\/avisoprivacidad\/ap_simplificado_cecude.pdf\" target=\"_blank\" rel=\"noopener noreferrer\">tama\u00f1o: 319KB)<\/a><\/h4>\n<p>&nbsp;<\/p>\n<h3><strong>Denominaci\u00f3n del Responsable:<\/strong><\/h3>\n<p>La <strong>Comisi\u00f3n Estatal de Cultura F\u00edsica y Deporte (CECUDE)<\/strong>, es la responsable del tratamiento de los datos personales que nos proporcione. Sus datos personales que usted proporcione a la Unidad de Transparencia de la Comisi\u00f3n Estatal De Cultura F\u00edsica y Deporte, ser\u00e1n utilizados para la siguiente finalidad: Tramitar y resolver solicitudes de los derechos ARCO (Acceso, Rectificaci\u00f3n, Cancelaci\u00f3n u Oposici\u00f3n). Este tratamiento forma parte de las medidas de seguridad adoptadas al interior de esta Comisi\u00f3n Estatal De Cultura F\u00edsica y Deporte.<\/p>\n<p>Sus datos personales no podr\u00e1n ser difundidos sin su consentimiento expreso, salvo las excepciones previstas en la Ley de la materia. La Comisi\u00f3n Estatal De Cultura F\u00edsica y Deporte, requerir\u00e1 al titular de los datos personales su consentimiento expreso, cuando los datos personales sean utilizados para finalidades distintas, de acuerdo a la naturaleza del tratamiento.<\/p>\n<p>El titular de los datos personales puede manifestar su negativa para el tratamiento de estos para finalidades y transferencias, llenando el formato correspondiente en las oficinas de la Unidad de Transparencia de esta Comisi\u00f3n, ubicado en Calle privada de Brasil sin n\u00famero, colonia Am\u00e9rica Sur, Oaxaca de Ju\u00e1rez, Oaxaca, c\u00f3digo postal 68050.<\/p>\n<p>Los datos personales s\u00f3lo ser\u00e1n transferidos a aquellos que sean necesarias para el Sistema de eventos deportivos de la Comisi\u00f3n Nacional de Cultura F\u00edsica y Deporte, Sistema Inform\u00e1tico de Contralor\u00eda Social, Plataforma de J\u00f3venes Construyendo el Futuro de M\u00e9xico y para atender requerimientos de informaci\u00f3n de una autoridad competente fundada y motivada, o cuando el titular de los datos personales lo autorice, salvo las excepciones previstas en los art\u00edculos 22, 66 y 70 de la Ley General de Protecci\u00f3n de Datos Personales en Posesi\u00f3n de Sujetos Obligados y el art\u00edculo 62 de la Ley de Protecci\u00f3n de Datos Personales en Posesi\u00f3n de Sujetos Obligados del Estado de Oaxaca.<\/p>\n<p>Usted puede consultar nuestro aviso de privacidad integral, lo podr\u00e1 consultar en nuestro sitio de internet: <a href=\"https:\/\/www.oaxaca.gob.mx\/cecude\/\"><strong>https:\/\/www.oaxaca.gob.mx\/cecude<\/strong><\/a> \u00a0o bien de manera presencial en nuestras instalaciones ubicada en Calle privada de Brasil sin n\u00famero, colonia Am\u00e9rica Sur, Oaxaca de Ju\u00e1rez, Oaxaca, c\u00f3digo postal 68050.<\/p>\n","protected":false},"excerpt":{"rendered":"<p>Descargar\u00a0 (tama\u00f1o: 319KB) &nbsp; Denominaci\u00f3n del Responsable: La Comisi\u00f3n Estatal de Cultura F\u00edsica y Deporte (CECUDE), es la responsable del tratamiento de los datos personales que nos proporcione. Sus datos personales que usted proporcione a la Unidad de Transparencia de la Comisi\u00f3n Estatal De Cultura F\u00edsica y Deporte, ser\u00e1n utilizados para la siguiente finalidad: Tramitar [&hellip;]<\/p>\n","protected":false},"author":45,"featured_media":0,"parent":0,"menu_order":0,"comment_status":"closed","ping_status":"closed","template":"","meta":{"episode_type":"","audio_file":"","podmotor_file_id":"","podmotor_episode_id":"","cover_image":"","cover_image_id":"","duration":"","filesize":"","filesize_raw":"","date_recorded":"","explicit":"","block":"","itunes_episode_number":"","itunes_title":"","itunes_season_number":"","itunes_episode_type":"","footnotes":""},"categories":[23],"tags":[],"class_list":["post-2321","page","type-page","status-publish","hentry","category-avisos"],"acf":[],"publishpress_future_action":{"enabled":false,"date":"2026-05-14 10:31:10","action":"change-status","newStatus":"draft","terms":[],"taxonomy":"category","extraData":[]},"publishpress_future_workflow_manual_trigger":{"enabledWorkflows":[]},"_links":{"self":[{"href":"https:\/\/www.oaxaca.gob.mx\/cecude\/wp-json\/wp\/v2\/pages\/2321","targetHints":{"allow":["GET"]}}],"collection":[{"href":"https:\/\/www.oaxaca.gob.mx\/cecude\/wp-json\/wp\/v2\/pages"}],"about":[{"href":"https:\/\/www.oaxaca.gob.mx\/cecude\/wp-json\/wp\/v2\/types\/page"}],"author":[{"embeddable":true,"href":"https:\/\/www.oaxaca.gob.mx\/cecude\/wp-json\/wp\/v2\/users\/45"}],"replies":[{"embeddable":true,"href":"https:\/\/www.oaxaca.gob.mx\/cecude\/wp-json\/wp\/v2\/comments?post=2321"}],"version-history":[{"count":5,"href":"https:\/\/www.oaxaca.gob.mx\/cecude\/wp-json\/wp\/v2\/pages\/2321\/revisions"}],"predecessor-version":[{"id":2327,"href":"https:\/\/www.oaxaca.gob.mx\/cecude\/wp-json\/wp\/v2\/pages\/2321\/revisions\/2327"}],"wp:attachment":[{"href":"https:\/\/www.oaxaca.gob.mx\/cecude\/wp-json\/wp\/v2\/media?parent=2321"}],"wp:term":[{"taxonomy":"category","embeddable":true,"href":"https:\/\/www.oaxaca.gob.mx\/cecude\/wp-json\/wp\/v2\/categories?post=2321"},{"taxonomy":"post_tag","embeddable":true,"href":"https:\/\/www.oaxaca.gob.mx\/cecude\/wp-json\/wp\/v2\/tags?post=2321"}],"curies":[{"name":"wp","href":"https:\/\/api.w.org\/{rel}","templated":true}]}}