{"id":2300,"date":"2019-10-09T16:24:25","date_gmt":"2019-10-09T21:24:25","guid":{"rendered":"https:\/\/www.oaxaca.gob.mx\/cecude\/?page_id=2300"},"modified":"2019-10-09T16:50:29","modified_gmt":"2019-10-09T21:50:29","slug":"aviso-de-privacidad-integral","status":"publish","type":"page","link":"https:\/\/www.oaxaca.gob.mx\/cecude\/aviso-de-privacidad-integral\/","title":{"rendered":"Aviso de Privacidad Integral"},"content":{"rendered":"<h4><a href=\"http:\/\/www.deportes.oaxaca.gob.mx\/docs\/avisoprivacidad\/ap_integral_cecude.pdf\" target=\"_blank\" rel=\"noopener noreferrer\"><strong>Descargar\u00a0 (<\/strong><\/a><a href=\"http:\/\/www.deportes.oaxaca.gob.mx\/docs\/avisoprivacidad\/ap_integral_cecude.pdf\" target=\"_blank\" rel=\"noopener noreferrer\">tama\u00f1o: 314KB)<\/a><\/h4>\n<p>&nbsp;<\/p>\n<p>La <strong>Comisi\u00f3n Estatal de Cultura F\u00edsica y Deporte del Estado de Oaxaca<\/strong>, con domicilio en privada de Brasil sin n\u00famero, colonia Am\u00e9rica Sur, Tel 01 (951) 51 5 34 83, 1324914, 1328814, 2061130, 2074297, 51 5 5097 y 351 93 50, es el sujeto obligado responsable del tratamiento de los datos personales que nos proporcione, los cuales ser\u00e1n protegidos, conforme a lo dispuesto en la Ley General de Protecci\u00f3n de Datos Personales en Posesi\u00f3n de Sujetos Obligados, en la Ley de Protecci\u00f3n de Datos Personales en Posesi\u00f3n de Sujetos Obligados del Estado de Oaxaca y dem\u00e1s normatividad aplicable.<\/p>\n<h3><strong>\u00bfQu\u00e9 datos personales recabamos y para qu\u00e9 fines?<\/strong><\/h3>\n<p>Los datos personales que usted proporcione ser\u00e1n utilizados para las siguientes finalidades: tr\u00e1mites y servicios, solicitudes de informaci\u00f3n, centros de iniciaci\u00f3n deportiva, asociaciones, pr\u00e9stamos de materia deportivo, olimpiadas nacional y nacional juvenil, alta competencia y alto rendimiento, programas federales de talentos deportivos, reserva nacional y talento deportivo de deporte adaptado y programas de Comit\u00e9 de Contralor\u00eda Social, as\u00ed como para realizar el registro\u00a0de los ciudadanos en las reuniones, mesas de trabajo y generar el informe estad\u00edstico del \u00e1rea.<\/p>\n<h3><strong>\u00a0Los datos a recabar son:<\/strong><\/h3>\n<p><strong>Comisi\u00f3n Estatal de Cultura F\u00edsica:<\/strong>\u00a0Nombre completo, correo electr\u00f3nico, tel\u00e9fono y domicilio.<\/p>\n<p><strong>Olimpiadas Nacional y Nacional Juvenil, Alta Competencia y Alto Rendimiento, Programas Federales de Talentos Deportivos, Reserva Nacional y Talento Deportivo de Deporte Adaptado:<\/strong> Nombre completo, sexo, edad, grupo \u00e9tnico, en caso de que hable alguna lengua ind\u00edgena, numero de seguridad social y tipo de sangre.<\/p>\n<p><strong>Programas de Comit\u00e9 de Contralor\u00eda Social:<\/strong> Nombre completo, sexo, edad, grupo \u00e9tnico, en caso de que hable alguna lengua ind\u00edgena.<strong>\u00a0<\/strong><\/p>\n<p><strong>Generaci\u00f3n de Estad\u00edsticas e informe:<\/strong>Nombre completo, sexo, edad, grupo \u00e9tnico, en caso de que hable alguna lengua ind\u00edgena.<strong>\u00a0<\/strong><\/p>\n<p><strong>Solicitud de derechos de Acceso, Rectificaci\u00f3n, Cancelaci\u00f3n y Oposici\u00f3n\u00a0(ARCO):<\/strong>Nombre completo, correo electr\u00f3nico, domicilio para recibir notificaciones, documento para acreditar la identidad del titular y en su caso la personalidad e identidad de su representante.<\/p>\n<h3><strong>Fundamento legal para el tratamiento de sus datos personales.<\/strong><\/h3>\n<p>La Comisi\u00f3n Estatal de Cultura F\u00edsica y Deporte, para el tratamiento de los datos personales se fundamenta en los art\u00edculos 16, 17, 18, 25 y 26 de la Ley General de Protecci\u00f3n de Datos Personales en Posesi\u00f3n de Sujetos Obligados; 09, 10, 11, 14 y 19 de la Ley de Protecci\u00f3n de Datos Personales en Posesi\u00f3n de Sujetos Obligados del Estado de Oaxaca.<\/p>\n<h3><strong>Transferencia de datos personales.<\/strong><\/h3>\n<p>No se realizar\u00e1n transferencias de los datos personales, salvo aquellas que sean necesarias para el Sistema de Eventos Deportivos de la Comisi\u00f3n Nacional de Cultura F\u00edsica y Deporte, Sistema Inform\u00e1tica de Contralor\u00eda Social, Plataforma de J\u00f3venes Construyendo el Futuro de M\u00e9xico y para atender requerimientos de informaci\u00f3n de una autoridad competente fundada y motivada.<\/p>\n<h3><strong>\u00bfD\u00f3nde se pueden ejercer los derechos de acceso, correcci\u00f3n\/rectificaci\u00f3n, cancelaci\u00f3n u oposici\u00f3n de datos personales (derechos ARCO)?<\/strong><\/h3>\n<p>Usted podr\u00e1 ejercer sus derechos de acceso, rectificaci\u00f3n, cancelaci\u00f3n y oposici\u00f3n (ARCO) ante la Unidad de Transparencia de la Comisi\u00f3n estatal de Cultura F\u00edsica y Deporte, ubicada en privada de Brasil sin n\u00famero, colonia Am\u00e9rica Sur, Oaxaca de Ju\u00e1rez, Oaxaca, c\u00f3digo postal 68050 y al correo electr\u00f3nico:\u00a0<strong><a href=\"mailto:transparencia.deportes@oaxaca.gob.mx\">transparencia.deportes@oaxaca.gob.mx<\/a>,<\/strong> y p\u00e1gina web,\u00a0<strong><a href=\"https:\/\/www.oaxaca.gob.mx\/cecude\/\">https:\/\/www.oaxaca.gob.mx\/cecude<\/a><\/strong>\u00a0de lunes a viernes de 09:00 a 15:00 horas, en d\u00edas h\u00e1biles.<\/p>\n<h3><strong>Cambios al aviso de privacidad<\/strong><\/h3>\n<p>En caso de que exista un cambio de este aviso de privacidad, lo haremos de su conocimiento en nuestro portal oficial de Internet,\u00a0<a href=\"https:\/\/www.oaxaca.gob.mx\/cecude\"><strong>https:\/\/www.oaxaca.gob.mx\/cecude<\/strong><\/a><\/p>\n","protected":false},"excerpt":{"rendered":"<p>Descargar\u00a0 (tama\u00f1o: 314KB) &nbsp; La Comisi\u00f3n Estatal de Cultura F\u00edsica y Deporte del Estado de Oaxaca, con domicilio en privada de Brasil sin n\u00famero, colonia Am\u00e9rica Sur, Tel 01 (951) 51 5 34 83, 1324914, 1328814, 2061130, 2074297, 51 5 5097 y 351 93 50, es el sujeto obligado responsable del tratamiento de los datos [&hellip;]<\/p>\n","protected":false},"author":45,"featured_media":0,"parent":0,"menu_order":0,"comment_status":"closed","ping_status":"closed","template":"","meta":{"episode_type":"","audio_file":"","podmotor_file_id":"","podmotor_episode_id":"","cover_image":"","cover_image_id":"","duration":"","filesize":"","filesize_raw":"","date_recorded":"","explicit":"","block":"","itunes_episode_number":"","itunes_title":"","itunes_season_number":"","itunes_episode_type":"","footnotes":""},"categories":[23],"tags":[],"class_list":["post-2300","page","type-page","status-publish","hentry","category-avisos"],"acf":[],"publishpress_future_action":{"enabled":false,"date":"2026-05-14 09:07:34","action":"change-status","newStatus":"draft","terms":[],"taxonomy":"category","extraData":[]},"publishpress_future_workflow_manual_trigger":{"enabledWorkflows":[]},"_links":{"self":[{"href":"https:\/\/www.oaxaca.gob.mx\/cecude\/wp-json\/wp\/v2\/pages\/2300","targetHints":{"allow":["GET"]}}],"collection":[{"href":"https:\/\/www.oaxaca.gob.mx\/cecude\/wp-json\/wp\/v2\/pages"}],"about":[{"href":"https:\/\/www.oaxaca.gob.mx\/cecude\/wp-json\/wp\/v2\/types\/page"}],"author":[{"embeddable":true,"href":"https:\/\/www.oaxaca.gob.mx\/cecude\/wp-json\/wp\/v2\/users\/45"}],"replies":[{"embeddable":true,"href":"https:\/\/www.oaxaca.gob.mx\/cecude\/wp-json\/wp\/v2\/comments?post=2300"}],"version-history":[{"count":13,"href":"https:\/\/www.oaxaca.gob.mx\/cecude\/wp-json\/wp\/v2\/pages\/2300\/revisions"}],"predecessor-version":[{"id":2318,"href":"https:\/\/www.oaxaca.gob.mx\/cecude\/wp-json\/wp\/v2\/pages\/2300\/revisions\/2318"}],"wp:attachment":[{"href":"https:\/\/www.oaxaca.gob.mx\/cecude\/wp-json\/wp\/v2\/media?parent=2300"}],"wp:term":[{"taxonomy":"category","embeddable":true,"href":"https:\/\/www.oaxaca.gob.mx\/cecude\/wp-json\/wp\/v2\/categories?post=2300"},{"taxonomy":"post_tag","embeddable":true,"href":"https:\/\/www.oaxaca.gob.mx\/cecude\/wp-json\/wp\/v2\/tags?post=2300"}],"curies":[{"name":"wp","href":"https:\/\/api.w.org\/{rel}","templated":true}]}}