{"id":25,"date":"2022-01-26T22:11:29","date_gmt":"2022-01-26T22:11:29","guid":{"rendered":"https:\/\/q-www.oaxaca.gob.mx\/cecol\/?page_id=25"},"modified":"2022-01-26T22:11:29","modified_gmt":"2022-01-26T22:11:29","slug":"funciones","status":"publish","type":"page","link":"https:\/\/www.oaxaca.gob.mx\/cecol\/funciones\/","title":{"rendered":"Funciones"},"content":{"rendered":"<p>ATRIBUCIONES DEL CENTRO DE CONCILIACI\u00d3N<br \/>\nArt\u00edculo 8. El Centro de Conciliaci\u00f3n tendr\u00e1 las atribuciones siguientes:<br \/>\nI. Ofrecer el servicio p\u00fablico de conciliaci\u00f3n laboral en conflictos de jurisdicci\u00f3n local, de acuerdo<br \/>\ncon el art\u00edculo 123, apartado A fracci\u00f3n XX de la Constituci\u00f3n Federal, 590-E y 590-F de la Ley<br \/>\nFederal del Trabajo;<br \/>\nII. Recibir solicitudes de Conciliaci\u00f3n para su tr\u00e1mite, en el \u00e1mbito de su competencia;<br \/>\nIII. Celebrar convenios entre las partes del conflicto laboral, los cuales deber\u00e1n hacerse por<br \/>\nescrito y contener una relaci\u00f3n circunstanciada de los hechos que lo motiven y de los derechos<br \/>\ncomprendidos en los mismos;<br \/>\nIV. Expedir las constancias de no Conciliaci\u00f3n;<br \/>\nV. Expedir copias certificadas de los convenios laborales a los que se arribe en el procedimiento<br \/>\nde conciliaci\u00f3n y del resto de los documentos que obren en los expedientes que se encuentren<br \/>\nen los archivos del Centro de Conciliaci\u00f3n;<br \/>\nVI. Coordinar y supervisar las delegaciones que forman parte del Centro de Conciliaci\u00f3n;<br \/>\nVII. Establecer un sistema de Servicio Profesional de Carrera y seleccionar mediante concurso<br \/>\nabierto en igualdad de condiciones a su personal;<br \/>\nVIII. Formar, capacitar y evaluar a su personal para su profesionalizaci\u00f3n;<br \/>\nIX. Establecer los convenios necesarios para la capacitaci\u00f3n con instituciones p\u00fablicas o<br \/>\nprivadas, as\u00ed como con organizaciones de la sociedad civil, para lograr los prop\u00f3sitos de la<br \/>\npresente Ley;<br \/>\nX. Presentar anualmente al titular del Poder Ejecutivo del Estado un informe general de las<br \/>\nactividades realizadas, as\u00ed como su proyecto de presupuesto de egresos, a fin de que se<br \/>\nconsidere en la iniciativa de Ley de Presupuesto de Egresos del Estado; y<br \/>\nXI. Las dem\u00e1s que le confiera la Ley Federal del Trabajo, el Reglamento Interno del Centro de<br \/>\nConciliaci\u00f3n, la Ley de Entidades Paraestatales del Estado de Oaxaca, y otras disposiciones<br \/>\naplicables.<\/p>\n","protected":false},"excerpt":{"rendered":"<p>ATRIBUCIONES DEL CENTRO DE CONCILIACI\u00d3N Art\u00edculo 8. El Centro de Conciliaci\u00f3n tendr\u00e1 las atribuciones siguientes: I. Ofrecer el servicio p\u00fablico de conciliaci\u00f3n laboral en conflictos de jurisdicci\u00f3n local, de acuerdo con el art\u00edculo 123, apartado A fracci\u00f3n XX de la Constituci\u00f3n Federal, 590-E y 590-F de la Ley Federal del Trabajo; II. Recibir solicitudes de [&hellip;]<\/p>\n","protected":false},"author":1,"featured_media":0,"parent":0,"menu_order":0,"comment_status":"closed","ping_status":"closed","template":"","meta":{"episode_type":"","audio_file":"","podmotor_file_id":"","podmotor_episode_id":"","cover_image":"","cover_image_id":"","duration":"","filesize":"","filesize_raw":"","date_recorded":"","explicit":"","block":"","itunes_episode_number":"","itunes_title":"","itunes_season_number":"","itunes_episode_type":"","footnotes":""},"categories":[],"tags":[],"class_list":["post-25","page","type-page","status-publish","hentry"],"acf":[],"publishpress_future_action":{"enabled":false,"date":"2026-04-28 16:54:07","action":"change-status","newStatus":"draft","terms":[],"taxonomy":"category","extraData":[]},"publishpress_future_workflow_manual_trigger":{"enabledWorkflows":[]},"_links":{"self":[{"href":"https:\/\/www.oaxaca.gob.mx\/cecol\/wp-json\/wp\/v2\/pages\/25","targetHints":{"allow":["GET"]}}],"collection":[{"href":"https:\/\/www.oaxaca.gob.mx\/cecol\/wp-json\/wp\/v2\/pages"}],"about":[{"href":"https:\/\/www.oaxaca.gob.mx\/cecol\/wp-json\/wp\/v2\/types\/page"}],"author":[{"embeddable":true,"href":"https:\/\/www.oaxaca.gob.mx\/cecol\/wp-json\/wp\/v2\/users\/1"}],"replies":[{"embeddable":true,"href":"https:\/\/www.oaxaca.gob.mx\/cecol\/wp-json\/wp\/v2\/comments?post=25"}],"version-history":[{"count":0,"href":"https:\/\/www.oaxaca.gob.mx\/cecol\/wp-json\/wp\/v2\/pages\/25\/revisions"}],"wp:attachment":[{"href":"https:\/\/www.oaxaca.gob.mx\/cecol\/wp-json\/wp\/v2\/media?parent=25"}],"wp:term":[{"taxonomy":"category","embeddable":true,"href":"https:\/\/www.oaxaca.gob.mx\/cecol\/wp-json\/wp\/v2\/categories?post=25"},{"taxonomy":"post_tag","embeddable":true,"href":"https:\/\/www.oaxaca.gob.mx\/cecol\/wp-json\/wp\/v2\/tags?post=25"}],"curies":[{"name":"wp","href":"https:\/\/api.w.org\/{rel}","templated":true}]}}