{"id":154,"date":"2022-04-12T18:48:10","date_gmt":"2022-04-12T18:48:10","guid":{"rendered":"https:\/\/www.oaxaca.gob.mx\/cecol\/?page_id=154"},"modified":"2024-10-02T18:30:23","modified_gmt":"2024-10-02T18:30:23","slug":"comite-de-etica","status":"publish","type":"page","link":"https:\/\/www.oaxaca.gob.mx\/cecol\/comite-de-etica\/","title":{"rendered":"C\u00f3digo de \u00c9tica"},"content":{"rendered":"<p>C\u00d3DIGO DE CONDUCTA DEL CENTRO DE CONCILIACI\u00d3N LABORAL DEL ESTADO DE OAXACA<\/p>\n<a href=\"https:\/\/www.oaxaca.gob.mx\/cecol\/wp-content\/uploads\/sites\/86\/2024\/10\/CCDSP.pdf\" class=\"pdfemb-viewer\" style=\"\" data-width=\"max\" data-height=\"max\" data-toolbar=\"top\" data-toolbar-fixed=\"on\">CCDSP<\/a>\n<p>ACTA-DE-SESION-EXTRAORDINARIA<\/p>\n<a href=\"https:\/\/www.oaxaca.gob.mx\/cecol\/wp-content\/uploads\/sites\/86\/2023\/10\/ACTA-DE-SESION-EXTRAORDINARIA.pdf\" class=\"pdfemb-viewer\" style=\"\" data-width=\"max\" data-height=\"max\" data-toolbar=\"top\" data-toolbar-fixed=\"on\">ACTA-DE-SESION-EXTRAORDINARIA<\/a>\n<p>2DA-sesion-ordinaria<\/p>\n<a href=\"https:\/\/www.oaxaca.gob.mx\/cecol\/wp-content\/uploads\/sites\/86\/2023\/10\/2DA-sesion-ordinaria.pdf\" class=\"pdfemb-viewer\" style=\"\" data-width=\"max\" data-height=\"max\" data-toolbar=\"top\" data-toolbar-fixed=\"on\">2DA-sesion-ordinaria<\/a>\n<p>EL PRESENTE CODIGO ES DE OBSERVANCIA GENERAL Y OBLIGATORIA PARA TODO EL PERSONAL ADSCRITO AL CENTRO DE CONCILIACION LABORAL DEL ESTADO DE OAXACA.<\/p>\n<a href=\"https:\/\/www.oaxaca.gob.mx\/cecol\/wp-content\/uploads\/sites\/86\/2024\/10\/CODIGO-DE-ETICA-2023-ACTUALIZADO.pdf\" class=\"pdfemb-viewer\" style=\"\" data-width=\"max\" data-height=\"max\" data-toolbar=\"top\" data-toolbar-fixed=\"on\">CODIGO-DE-ETICA-2023-ACTUALIZADO<\/a>\n<a href=\"https:\/\/www.oaxaca.gob.mx\/cecol\/wp-content\/uploads\/sites\/86\/2023\/04\/ACTA_DE_SESION_DE_INSTALACION.pdf\" class=\"pdfemb-viewer\" style=\"\" data-width=\"max\" data-height=\"max\" data-toolbar=\"top\" data-toolbar-fixed=\"on\">ACTA_DE_SESION_DE_INSTALACION<\/a>\n<a href=\"https:\/\/www.oaxaca.gob.mx\/cecol\/wp-content\/uploads\/sites\/86\/2023\/04\/ACTA_DE_SESION_EXTRAORDINARIA.pdf\" class=\"pdfemb-viewer\" style=\"\" data-width=\"max\" data-height=\"max\" data-toolbar=\"top\" data-toolbar-fixed=\"on\">ACTA_DE_SESI\u00d3N_EXTRAORDINARIA<\/a>\n<a href=\"https:\/\/www.oaxaca.gob.mx\/cecol\/wp-content\/uploads\/sites\/86\/2023\/04\/PLAN_-ANUAL_DE_TRABAJO_2023_DEL_COMITE_DE_ETICA_DEL_CECOL.pdf\" class=\"pdfemb-viewer\" style=\"\" data-width=\"max\" data-height=\"max\" data-toolbar=\"top\" data-toolbar-fixed=\"on\">PLAN_ ANUAL_DE_TRABAJO_2023_DEL_COMIT\u00c9_DE_\u00c9TICA_DEL_CECOL<\/a>\n","protected":false},"excerpt":{"rendered":"<p>C\u00d3DIGO DE CONDUCTA DEL CENTRO DE CONCILIACI\u00d3N LABORAL DEL ESTADO DE OAXACA ACTA-DE-SESION-EXTRAORDINARIA 2DA-sesion-ordinaria EL PRESENTE CODIGO ES DE OBSERVANCIA GENERAL Y OBLIGATORIA PARA TODO EL PERSONAL ADSCRITO AL CENTRO DE CONCILIACION LABORAL DEL ESTADO DE OAXACA.<\/p>\n","protected":false},"author":1,"featured_media":0,"parent":0,"menu_order":0,"comment_status":"closed","ping_status":"closed","template":"","meta":{"episode_type":"","audio_file":"","podmotor_file_id":"","podmotor_episode_id":"","cover_image":"","cover_image_id":"","duration":"","filesize":"","filesize_raw":"","date_recorded":"","explicit":"","block":"","itunes_episode_number":"","itunes_title":"","itunes_season_number":"","itunes_episode_type":"","footnotes":""},"categories":[],"tags":[],"class_list":["post-154","page","type-page","status-publish","hentry"],"acf":[],"publishpress_future_action":{"enabled":false,"date":"2026-05-09 20:48:32","action":"change-status","newStatus":"draft","terms":[],"taxonomy":"category","extraData":[]},"publishpress_future_workflow_manual_trigger":{"enabledWorkflows":[]},"_links":{"self":[{"href":"https:\/\/www.oaxaca.gob.mx\/cecol\/wp-json\/wp\/v2\/pages\/154","targetHints":{"allow":["GET"]}}],"collection":[{"href":"https:\/\/www.oaxaca.gob.mx\/cecol\/wp-json\/wp\/v2\/pages"}],"about":[{"href":"https:\/\/www.oaxaca.gob.mx\/cecol\/wp-json\/wp\/v2\/types\/page"}],"author":[{"embeddable":true,"href":"https:\/\/www.oaxaca.gob.mx\/cecol\/wp-json\/wp\/v2\/users\/1"}],"replies":[{"embeddable":true,"href":"https:\/\/www.oaxaca.gob.mx\/cecol\/wp-json\/wp\/v2\/comments?post=154"}],"version-history":[{"count":2,"href":"https:\/\/www.oaxaca.gob.mx\/cecol\/wp-json\/wp\/v2\/pages\/154\/revisions"}],"predecessor-version":[{"id":382,"href":"https:\/\/www.oaxaca.gob.mx\/cecol\/wp-json\/wp\/v2\/pages\/154\/revisions\/382"}],"wp:attachment":[{"href":"https:\/\/www.oaxaca.gob.mx\/cecol\/wp-json\/wp\/v2\/media?parent=154"}],"wp:term":[{"taxonomy":"category","embeddable":true,"href":"https:\/\/www.oaxaca.gob.mx\/cecol\/wp-json\/wp\/v2\/categories?post=154"},{"taxonomy":"post_tag","embeddable":true,"href":"https:\/\/www.oaxaca.gob.mx\/cecol\/wp-json\/wp\/v2\/tags?post=154"}],"curies":[{"name":"wp","href":"https:\/\/api.w.org\/{rel}","templated":true}]}}