{"id":606,"date":"2018-02-06T14:06:58","date_gmt":"2018-02-06T20:06:58","guid":{"rendered":"http:\/\/www.cea.oaxaca.gob.mx\/?page_id=606"},"modified":"2018-02-06T14:06:58","modified_gmt":"2018-02-06T20:06:58","slug":"directorio","status":"publish","type":"page","link":"https:\/\/www.oaxaca.gob.mx\/cea\/directorio\/","title":{"rendered":"Directorio"},"content":{"rendered":"\n<table id=\"tablepress-1\" class=\"tablepress tablepress-id-1\">\n<thead>\n<tr class=\"row-1\">\n\t<th class=\"column-1\">NOMBRE<\/th><th class=\"column-2\">TEL\u00c9FONO\/EXT.<\/th><th class=\"column-3\">EMAIL<\/th><th class=\"column-4\">PUESTO<\/th>\n<\/tr>\n<\/thead>\n<tbody class=\"row-striping row-hover\">\n<tr class=\"row-2\">\n\t<td class=\"column-1\">L.A.E. Neftal\u00ed Amigdael L\u00f3pez Hern\u00e1ndez<\/td><td class=\"column-2\"><strong>(951) 501 69 00 Ext. 22502<\/strong><\/td><td class=\"column-3\">neftali.lopez@oaxaca.gob.mx<\/td><td class=\"column-4\"><strong>Director General<\/strong><\/td>\n<\/tr>\n<tr class=\"row-3\">\n\t<td class=\"column-1\"><\/td><td class=\"column-2\"><strong>(951) 501 69 00 Ext. 22502<\/strong><\/td><td class=\"column-3\"><\/td><td class=\"column-4\"><strong>Secretar\u00eda Particular<\/strong><\/td>\n<\/tr>\n<tr class=\"row-4\">\n\t<td class=\"column-1\">Lic. Persilia Calvo Ram\u00edrez<\/td><td class=\"column-2\"><strong>(951) 501 69 00 Ext. 22517<\/strong><\/td><td class=\"column-3\">persilia.calvo@oaxaca.gob.mx<\/td><td class=\"column-4\"><strong>Directora Administrativa<\/strong><\/td>\n<\/tr>\n<tr class=\"row-5\">\n\t<td class=\"column-1\"><\/td><td class=\"column-2\"><strong>(951) 501 69 00 Ext. 22637<\/strong><\/td><td class=\"column-3\"><\/td><td class=\"column-4\"><strong>Jefe del <br \/>\nDepartamento de Recursos Financieros<\/strong><\/td>\n<\/tr>\n<tr class=\"row-6\">\n\t<td class=\"column-1\">Ing. Orlando V\u00e1squez S\u00e1nchez<\/td><td class=\"column-2\"><strong>(951) 501 69 00 Ext. 22635<\/strong><\/td><td class=\"column-3\">orlando.vasquez@oaxaca.gob.mx<\/td><td class=\"column-4\"><strong>Jefe del Departamento de Recursos Materiales y Servicios Generales<\/strong><\/td>\n<\/tr>\n<tr class=\"row-7\">\n\t<td class=\"column-1\">Mtro. Uri Domingo Ruiz Vel\u00e1squez<\/td><td class=\"column-2\"><strong>(951) 501 69 00 Ext. 22262<\/strong><\/td><td class=\"column-3\">uri.ruiz@oaxaca.gob.mx<\/td><td class=\"column-4\"><strong>Jefe del Departamento de Recursos Humanos<\/strong><\/td>\n<\/tr>\n<tr class=\"row-8\">\n\t<td class=\"column-1\">C.P. Christian Obed Gonz\u00e1lez Cruz<\/td><td class=\"column-2\"><strong>(951) 501 69 00 Ext. 22513<\/strong><\/td><td class=\"column-3\">obed.gonzalez@oaxaca.gob.mx<\/td><td class=\"column-4\"><strong> Coordinador de Atenci\u00f3n Social y Evaluaci\u00f3n del Desempe\u00f1o<\/strong><\/td>\n<\/tr>\n<tr class=\"row-9\">\n\t<td class=\"column-1\">Ing. Pablo Ubaldo Caballero Gutierrez<\/td><td class=\"column-2\"><strong>(951) 501 69 00 Ext. 22254<\/strong><\/td><td class=\"column-3\">pablo.gutierrez@oaxaca.gob.mx<\/td><td class=\"column-4\"><strong>Jefe del Departamento de Atenci\u00f3n Social y Programas Especiales<\/strong><\/td>\n<\/tr>\n<tr class=\"row-10\">\n\t<td class=\"column-1\"><\/td><td class=\"column-2\"><strong>(951) 501 69 00 Ext. 22627<\/strong><\/td><td class=\"column-3\"><\/td><td class=\"column-4\"><strong>Jefe del Departamento de Seguimiento y Enlace<\/strong><\/td>\n<\/tr>\n<tr class=\"row-11\">\n\t<td class=\"column-1\">Lic. Arturo Valentino Cruz Jacinto<\/td><td class=\"column-2\"><strong>(951) 501 69 00 Ext. 22640<\/strong><\/td><td class=\"column-3\">arturo.cruz@oaxaca.gob.mx<\/td><td class=\"column-4\"><strong>Jefe de la Unidad Jur\u00eddica<\/strong><\/td>\n<\/tr>\n<tr class=\"row-12\">\n\t<td class=\"column-1\">Ing. Israel Sim\u00f3n Palacios Villalpando<\/td><td class=\"column-2\"><strong>(951) 501 69 00 Ext. 22001<\/strong><\/td><td class=\"column-3\">israel.palacios@oaxaca.gob.mx<br \/>\n<\/td><td class=\"column-4\"><strong>Encargado de despacho de la Direcci\u00f3n de Planeaci\u00f3n<\/strong><\/td>\n<\/tr>\n<tr class=\"row-13\">\n\t<td class=\"column-1\"><\/td><td class=\"column-2\"><strong>(951) 501 69 00 Ext.  22003<\/strong><\/td><td class=\"column-3\"><\/td><td class=\"column-4\"><strong>Jefe de la Unidad de Planeacion Presupuestal<\/strong><\/td>\n<\/tr>\n<tr class=\"row-14\">\n\t<td class=\"column-1\">Lic. Mario Miguel S\u00e1nchez Celaya<\/td><td class=\"column-2\"><strong>(951) 501 69 00 Ext. 22003<\/strong><\/td><td class=\"column-3\">mario.sanchez@oaxaca.gob.mx<\/td><td class=\"column-4\"><strong>Jefe del Departamento de Enlace Presupuestal e Integraci\u00f3n de Expedientes<\/strong><\/td>\n<\/tr>\n<tr class=\"row-15\">\n\t<td class=\"column-1\">C. Jos\u00e9 Alberto Rodriguez Ch\u00e1vez<\/td><td class=\"column-2\"><strong>(951) 501 69 00 Ext. 22626<\/strong><\/td><td class=\"column-3\">josealberto.rodriguez@oaxaca.gob.mx<\/td><td class=\"column-4\"><strong>Jefe del Departamento de Programaci\u00f3n y Evaluaci\u00f3n de Proyectos<\/strong><\/td>\n<\/tr>\n<tr class=\"row-16\">\n\t<td class=\"column-1\">Ing. Israel Sim\u00f3n Palacios Villalpando<\/td><td class=\"column-2\"><strong>(951) 501 69 00 Ext. 22127<\/strong><\/td><td class=\"column-3\">israel.palacios@oaxaca.gob.mx<\/td><td class=\"column-4\"><strong>Jefe de la Unidad de Estudios y Proyectos<\/strong><\/td>\n<\/tr>\n<tr class=\"row-17\">\n\t<td class=\"column-1\">Ing. Orlando Jim\u00e9nez L\u00f3pez<\/td><td class=\"column-2\"><strong>(951) 501 69 00 Ext. 22009<\/strong><\/td><td class=\"column-3\">orlando.jimenez@oaxaca.gob.mx<\/td><td class=\"column-4\"><strong>Jefe del Departamento de Estudios Geohidrol\u00f3gicos<\/strong><\/td>\n<\/tr>\n<tr class=\"row-18\">\n\t<td class=\"column-1\">Arq. Luisa Fernanda Barrita Garcia<\/td><td class=\"column-2\"><strong>(951) 501 69 00 Ext. 22626<\/strong><\/td><td class=\"column-3\"><\/td><td class=\"column-4\"><strong>Jefa del Departamento de Cuencas Hidrol\u00f3gicas e  Impacto Ambiental<\/strong><\/td>\n<\/tr>\n<tr class=\"row-19\">\n\t<td class=\"column-1\"><\/td><td class=\"column-2\"><strong>(951) 501 69 00 Ext. 22510<\/strong><\/td><td class=\"column-3\"><\/td><td class=\"column-4\"><strong>Jefe del Departamento de Precios Unitarios y Licitaciones<\/strong><\/td>\n<\/tr>\n<tr class=\"row-20\">\n\t<td class=\"column-1\">Arq. Patricia Barranco Ricardez<\/td><td class=\"column-2\"><strong>(951) 501 69 00 Ext. 22376<\/strong><\/td><td class=\"column-3\">direccion.infraestructuracea@oaxaca.gob.mx<\/td><td class=\"column-4\"><strong>Directora de Infraestructura<\/strong><\/td>\n<\/tr>\n<tr class=\"row-21\">\n\t<td class=\"column-1\">Arq. Te\u00f3filo Cuevas Felipe<\/td><td class=\"column-2\"><strong>(951) 501 69 00 Ext. 22379<\/strong><\/td><td class=\"column-3\"><\/td><td class=\"column-4\"><strong>Jefe de la Unidad de Construcci\u00f3n y Supervisi\u00f3n<\/strong><\/td>\n<\/tr>\n<tr class=\"row-22\">\n\t<td class=\"column-1\"><\/td><td class=\"column-2\"><strong>(951) 501 69 00 Ext. 22384<\/strong><\/td><td class=\"column-3\"><\/td><td class=\"column-4\"><strong>Jefe del Departamento de Supervisi\u00f3n y Construcci\u00f3n de Obras de Agua Potable y Alcantarillado<\/strong><\/td>\n<\/tr>\n<tr class=\"row-23\">\n\t<td class=\"column-1\">Ing. Edgar Mart\u00ednez Rom\u00e1n<\/td><td class=\"column-2\"><strong>(951) 501 69 00 Ext. 22383<\/strong><\/td><td class=\"column-3\">edgarmartinez@oaxaca.gob.mx<\/td><td class=\"column-4\"><strong>Jefe del Departamento de Supervisi\u00f3n y Construcci\u00f3n de Obras de Potabilizaci\u00f3n y Tratamiento de Aguas Residuales<\/strong><\/td>\n<\/tr>\n<tr class=\"row-24\">\n\t<td class=\"column-1\"><\/td><td class=\"column-2\"><strong>(951) 501 69 00 Ext. 22251<\/strong><\/td><td class=\"column-3\"><\/td><td class=\"column-4\"><strong>Jefe de la Unidad de Control<\/strong><\/td>\n<\/tr>\n<tr class=\"row-25\">\n\t<td class=\"column-1\">Arq. Constantino Jos\u00e9 Villanueva Aguilar<\/td><td class=\"column-2\"><strong>(951) 501 69 00 Ext. 22252<\/strong><\/td><td class=\"column-3\"><\/td><td class=\"column-4\"><strong>Jefe del Departamento de Control Financiero de Obra<\/strong><\/td>\n<\/tr>\n<tr class=\"row-26\">\n\t<td class=\"column-1\">Arq. Ver\u00f3nica Lizeth Benavides Hern\u00e1ndez<\/td><td class=\"column-2\"><strong>(951) 501 69 00 Ext. 22253<\/strong><\/td><td class=\"column-3\"><\/td><td class=\"column-4\"><strong>Jefa del Departamento de Seguimiento y Enlace Administrativo<\/strong><\/td>\n<\/tr>\n<tr class=\"row-27\">\n\t<td class=\"column-1\">Ing. Margarito Alfredo Castellanos Ib\u00e1\u00f1ez <\/td><td class=\"column-2\"><strong>(951) 501 69 00 Ext. 22760<\/strong><\/td><td class=\"column-3\">margaritocastellanos@oaxaca.gob.mx<\/td><td class=\"column-4\"><strong>Encargado  de Despacho de la Unidad de Operaci\u00f3n y Mantenimiento<\/strong><\/td>\n<\/tr>\n<tr class=\"row-28\">\n\t<td class=\"column-1\">Ing. Margarito Alfredo Castellanos Ib\u00e1\u00f1ez<\/td><td class=\"column-2\"><strong>(951) 501 69 00 Ext. 22876<\/strong><\/td><td class=\"column-3\">margaritocastellanos@oaxaca.gob.mx<\/td><td class=\"column-4\"><strong>Jefe del Departamento de Operaci\u00f3n y Mantenimiento<\/strong><\/td>\n<\/tr>\n<tr class=\"row-29\">\n\t<td class=\"column-1\">Ing. Jorge Fernando Hern\u00e1ndez Garc\u00eda<\/td><td class=\"column-2\"><strong>(951) 501 69 00 Ext. 22883<\/strong><\/td><td class=\"column-3\">jorgehernandez@oaxaca.gob.mx<\/td><td class=\"column-4\"><strong>Jefe del Departamento de Perforaci\u00f3n<\/strong><\/td>\n<\/tr>\n<tr class=\"row-30\">\n\t<td class=\"column-1\">Ing. Ver\u00f3nica Ruiz Cuevas<\/td><td class=\"column-2\"><strong>(951) 501 69 00 Ext. 22888<\/strong><\/td><td class=\"column-3\"><\/td><td class=\"column-4\"><strong>Jefa del Departamento de Calidad del Agua<\/strong><\/td>\n<\/tr>\n<tr class=\"row-31\">\n\t<td class=\"column-1\">Lic. Eduardo Jair Ramos Cruz<\/td><td class=\"column-2\"><strong>(951) 501 69 00 Ext. 22751<\/strong><\/td><td class=\"column-3\">eduardo.ramos@oaxaca.gob.mx<\/td><td class=\"column-4\"><strong>Coordinador de Apoyo a Organismos Operadores<\/strong><\/td>\n<\/tr>\n<\/tbody>\n<\/table>\n<!-- #tablepress-1 from cache -->\n","protected":false},"excerpt":{"rendered":"","protected":false},"author":1,"featured_media":0,"parent":0,"menu_order":0,"comment_status":"closed","ping_status":"closed","template":"","meta":{"episode_type":"","audio_file":"","podmotor_file_id":"","podmotor_episode_id":"","cover_image":"","cover_image_id":"","duration":"","filesize":"","filesize_raw":"","date_recorded":"","explicit":"","block":"","itunes_episode_number":"","itunes_title":"","itunes_season_number":"","itunes_episode_type":"","footnotes":""},"categories":[],"tags":[],"class_list":["post-606","page","type-page","status-publish","hentry"],"acf":[],"publishpress_future_action":{"enabled":false,"date":"2026-05-12 01:23:31","action":"change-status","newStatus":"draft","terms":[],"taxonomy":"category","extraData":[]},"publishpress_future_workflow_manual_trigger":{"enabledWorkflows":[]},"_links":{"self":[{"href":"https:\/\/www.oaxaca.gob.mx\/cea\/wp-json\/wp\/v2\/pages\/606","targetHints":{"allow":["GET"]}}],"collection":[{"href":"https:\/\/www.oaxaca.gob.mx\/cea\/wp-json\/wp\/v2\/pages"}],"about":[{"href":"https:\/\/www.oaxaca.gob.mx\/cea\/wp-json\/wp\/v2\/types\/page"}],"author":[{"embeddable":true,"href":"https:\/\/www.oaxaca.gob.mx\/cea\/wp-json\/wp\/v2\/users\/1"}],"replies":[{"embeddable":true,"href":"https:\/\/www.oaxaca.gob.mx\/cea\/wp-json\/wp\/v2\/comments?post=606"}],"version-history":[{"count":0,"href":"https:\/\/www.oaxaca.gob.mx\/cea\/wp-json\/wp\/v2\/pages\/606\/revisions"}],"wp:attachment":[{"href":"https:\/\/www.oaxaca.gob.mx\/cea\/wp-json\/wp\/v2\/media?parent=606"}],"wp:term":[{"taxonomy":"category","embeddable":true,"href":"https:\/\/www.oaxaca.gob.mx\/cea\/wp-json\/wp\/v2\/categories?post=606"},{"taxonomy":"post_tag","embeddable":true,"href":"https:\/\/www.oaxaca.gob.mx\/cea\/wp-json\/wp\/v2\/tags?post=606"}],"curies":[{"name":"wp","href":"https:\/\/api.w.org\/{rel}","templated":true}]}}