{"id":5708,"date":"2025-09-23T16:10:54","date_gmt":"2025-09-23T22:10:54","guid":{"rendered":"https:\/\/www.oaxaca.gob.mx\/cea\/?page_id=5708"},"modified":"2025-10-06T11:38:29","modified_gmt":"2025-10-06T17:38:29","slug":"programa-fortalecimiento-de-capacidades-2025","status":"publish","type":"page","link":"https:\/\/www.oaxaca.gob.mx\/cea\/programa-fortalecimiento-de-capacidades-2025\/","title":{"rendered":"Programa Fortalecimiento de Capacidades 2025"},"content":{"rendered":"<p>El Gobierno del Estado de Oaxaca a trav\u00e9s de la Comisi\u00f3n Estatal del Agua para el Bienestar en coordinaci\u00f3n con la CONAGUA invitan a todos los responsables o personal operativo de los sistemas de agua potable y plantas de tratamiento de aguas residuales municipales interesados en capacitarse para que se inscriban a los cursos:<\/p>\n<div class=\"su-row\"><div class=\"su-column su-column-size-1-2\"><div class=\"su-column-inner su-u-clearfix su-u-trim\">Convocatoria<\/div><\/div> <div class=\"su-column su-column-size-1-2\"><div class=\"su-column-inner su-u-clearfix su-u-trim\"><a href=\"https:\/\/www.oaxaca.gob.mx\/cea\/wp-content\/uploads\/sites\/42\/2025\/10\/CONVOCATORIA-MUNICIPIOS-06102025.pdf\"><img loading=\"lazy\" decoding=\"async\" class=\"alignnone size-full wp-image-4067\" src=\"https:\/\/www.oaxaca.gob.mx\/cea\/wp-content\/uploads\/sites\/42\/2023\/09\/pdf_mini-e1695140992171.png\" alt=\"\" width=\"20\" height=\"20\" \/><\/a><\/div><\/div><\/div>\n<p>Liga de registro: <a href=\"https:\/\/forms.gle\/HPBcWv4wYUqCuCFe8\">https:\/\/forms.gle\/HPBcWv4wYUqCuCFe8<\/a><\/p>\n","protected":false},"excerpt":{"rendered":"<p>El Gobierno del Estado de Oaxaca a trav\u00e9s de la Comisi\u00f3n Estatal del Agua para el Bienestar en coordinaci\u00f3n con la CONAGUA invitan a todos los responsables o personal operativo de los sistemas de agua potable y plantas de tratamiento de aguas residuales municipales interesados en capacitarse para que se inscriban a los cursos: Liga [&hellip;]<\/p>\n","protected":false},"author":51,"featured_media":0,"parent":0,"menu_order":0,"comment_status":"closed","ping_status":"closed","template":"","meta":{"episode_type":"","audio_file":"","podmotor_file_id":"","podmotor_episode_id":"","cover_image":"","cover_image_id":"","duration":"","filesize":"","filesize_raw":"","date_recorded":"","explicit":"","block":"","itunes_episode_number":"","itunes_title":"","itunes_season_number":"","itunes_episode_type":"","footnotes":""},"categories":[],"tags":[],"class_list":["post-5708","page","type-page","status-publish","hentry"],"acf":[],"publishpress_future_action":{"enabled":false,"date":"2026-04-23 23:22:14","action":"change-status","newStatus":"draft","terms":[],"taxonomy":"category","extraData":[]},"publishpress_future_workflow_manual_trigger":{"enabledWorkflows":[]},"_links":{"self":[{"href":"https:\/\/www.oaxaca.gob.mx\/cea\/wp-json\/wp\/v2\/pages\/5708","targetHints":{"allow":["GET"]}}],"collection":[{"href":"https:\/\/www.oaxaca.gob.mx\/cea\/wp-json\/wp\/v2\/pages"}],"about":[{"href":"https:\/\/www.oaxaca.gob.mx\/cea\/wp-json\/wp\/v2\/types\/page"}],"author":[{"embeddable":true,"href":"https:\/\/www.oaxaca.gob.mx\/cea\/wp-json\/wp\/v2\/users\/51"}],"replies":[{"embeddable":true,"href":"https:\/\/www.oaxaca.gob.mx\/cea\/wp-json\/wp\/v2\/comments?post=5708"}],"version-history":[{"count":2,"href":"https:\/\/www.oaxaca.gob.mx\/cea\/wp-json\/wp\/v2\/pages\/5708\/revisions"}],"predecessor-version":[{"id":5849,"href":"https:\/\/www.oaxaca.gob.mx\/cea\/wp-json\/wp\/v2\/pages\/5708\/revisions\/5849"}],"wp:attachment":[{"href":"https:\/\/www.oaxaca.gob.mx\/cea\/wp-json\/wp\/v2\/media?parent=5708"}],"wp:term":[{"taxonomy":"category","embeddable":true,"href":"https:\/\/www.oaxaca.gob.mx\/cea\/wp-json\/wp\/v2\/categories?post=5708"},{"taxonomy":"post_tag","embeddable":true,"href":"https:\/\/www.oaxaca.gob.mx\/cea\/wp-json\/wp\/v2\/tags?post=5708"}],"curies":[{"name":"wp","href":"https:\/\/api.w.org\/{rel}","templated":true}]}}