{"id":1096,"date":"2018-09-07T17:13:23","date_gmt":"2018-09-07T22:13:23","guid":{"rendered":"http:\/\/www.cea.oaxaca.gob.mx\/?page_id=1096"},"modified":"2018-09-07T17:13:23","modified_gmt":"2018-09-07T22:13:23","slug":"contratacion-servicio-de-drenaje","status":"publish","type":"page","link":"https:\/\/www.oaxaca.gob.mx\/cea\/contratacion-servicio-de-drenaje\/","title":{"rendered":"Contrataci\u00f3n Servicio de Drenaje"},"content":{"rendered":"<h4>Contrataci\u00f3n del Servicio de Drenaje<\/h4>\n<p>&nbsp;<br \/>\n<strong>DESCRIPCI\u00d3N DEL TR\u00c1MITE<\/strong><br \/>\nPrestar el servicio de drenaje mediante la contrataci\u00f3n de los servicios a trav\u00e9s de la inspecci\u00f3n visual, analizando la factibilidad del servicio y su correcta conexi\u00f3n al sistema ATL.<\/p>\n<p><strong>TIPO DE USUARIO<\/strong><br \/>\nCiudadan\u00eda en General.<\/p>\n<p><strong>REQUISITOS<\/strong><br \/>\n1.- Documento que ampara la propiedad del predio (copia).<br \/>\n2.- INE del solicitante (copia).<br \/>\n3.- Croquis de localizaci\u00f3n del predio donde se ubicar\u00e1 el drenaje.<br \/>\n4.- Contrato de drenaje.<\/p>\n<p>Hiperv\u00ednculo a los requisitos para llevar a cabo el tr\u00e1mite<br \/>\n<a href=\"\/cea\/wp-content\/uploads\/sites\/42\/leytransparencia\/docs\/2018\/20\/CONTRATO.docx\">Descargar Contrato<\/a><\/p>\n<p><strong>TIEMPO DE RESPUESTA<\/strong><br \/>\n30 d\u00edas h\u00e1biles.<\/p>\n<p><strong>COSTO<\/strong><br \/>\nGratuito.<\/p>\n<p><strong>DOCUMENTO A OBTENER<\/strong><br \/>\nContrato autorizado.<\/p>\n<p><strong>D\u00cdAS Y HORARIO DE ATENCI\u00d3N<\/strong><br \/>\nOrganismo Operador (Sistema de Agua Potable) de Santa Cruz Amilpas.<br \/>\nLunes a viernes de 8 a 14 horas.<\/p>\n<p>Organismo Operador (Sistema de Agua Potable) de Hacienda Blanca Esmeralda en San Pablo Etla.<br \/>\nLunes a viernes de 8 a 15 horas.<\/p>\n<p>Organismo Operador (Sistema de Agua Potable) de Juchit\u00e1n.<br \/>\nLunes a viernes de 8 a 15 horas.<\/p>\n<p>Organismo Operador (Sistema de Agua Potable) de Puerto Escondido.<br \/>\nLunes a viernes de 9 a 15 horas.<\/p>\n<p><strong>EN DONDE SE LLEVA A CABO EL TR\u00c1MITE<\/strong><\/p>\n<ul class=\"table-ul\" style=\"font-family: 'Open Sans', sans-serif;font-size: 18px\">\n<li>Organismo Operador (Sistema de Agua Potable) de Santa Cruz Amilpas, Calle Independencia n\u00fam. 100, interior del Palacio Municipal, Colonia Centro, Municipio Santa Cruz Amilpas, Oaxaca C. P. 71226.<\/li>\n<li>Organismo Operador (Sistema de Agua Potable) de Hacienda Blanca, Circuito Ex Hacienda EL ROSARIO\u00a0 S\/N, Fraccionamiento Esmeralda, Hacienda Blanca, Municipio San Pablo Etla, Oaxaca C. P. 68259.<\/li>\n<li>Organismo Operador (Sistema de Agua Potable) de Juchit\u00e1n, Avenida 5 de septiembre n\u00fam. 114, Primera Secci\u00f3n Centro, Municipio Heroica Ciudad de Juchit\u00e1n de Zaragoza, Oaxaca C. P. 70660.<\/li>\n<li>Organismo Operador (Sistema de Agua Potable) de Puerto Escondido, Calle 4ta. Norte S\/N, Entre primera y segunda Poniente, Colonia Sector Ju\u00e1rez, Municipio Puerto Escondido, Oaxaca C. P. 71980.<\/li>\n<\/ul>\n<p>&nbsp;<br \/>\n<strong>\u00c1REA DONDE SE PROPORCIONA EL TR\u00c1MITE<\/strong><\/p>\n<ul class=\"table-ul\" style=\"font-family: 'Open Sans', sans-serif;font-size: 18px\">\n<li>\u00c1rea de contrato del Organismo Operador (Sistema de Agua Potable) de Santa Cruz Amilpas.<\/li>\n<li>\u00c1rea de contrato del Organismo Operador (Sistema de Agua Potable) de Hacienda Blanca Esmeralda en San Pablo Etla.<\/li>\n<li>\u00c1rea de contrato del Organismo Operador (Sistema de Agua Potable) de Juchit\u00e1n.<\/li>\n<li>\u00c1rea de contrato del Organismo Operador (Sistema de Agua Potable) de Puerto Escondido.<\/li>\n<\/ul>\n<p>&nbsp;<br \/>\n<strong>DUDAS Y SUGERENCIAS<\/strong><br \/>\nOrganismo Operador (Sistema de Agua Potable) de Santa Cruz Amilpas.<br \/>\nTel. 5175548 E-mail: <a href=\"mailto:ceaamilpas@hotmail.com\">ceaamilpas@hotmail.com<\/a><\/p>\n<p>Organismo Operador (Sistema de Agua Potable) de Hacienda Blanca Esmeralda en San Pablo Etla.<br \/>\nTel. 5222297\u00a0 E-mail: <a href=\"mailto:sapahdablancaylaesmeralda@yahoo.com.mx\">sapahdablancaylaesmeralda@yahoo.com.mx<\/a><\/p>\n<p>Organismo Operador (Sistema de Agua Potable) de Juchit\u00e1n.<br \/>\nTel. 019717111023\u00a0\u00a0\u00a0 E-mail: <a href=\"mailto:sapajuchitan@yahoo.com.mx\">sapajuchitan@yahoo.com.mx<\/a><\/p>\n<p>Organismo Operador (Sistema de Agua Potable) de Puerto Escondido.<br \/>\nTel. 019545820263\u00a0\u00a0\u00a0 E-mail: <a href=\"mailto:sisagpot@yahoo.com.mx\">sisagpot@yahoo.com.mx<\/a><\/p>\n<p><strong>FUNDAMENTOS JUR\u00cdDICOS QUE RIGEN ESTE TR\u00c1MITE<\/strong><br \/>\nArt. 1,3 fracc. III, 47, 48 y 49, Ley de Agua Potable y Alcantarillado para el Estado de Oaxaca; Art.\u00a0 26 y 27 de la Ley Estatal de Derechos de Oaxaca.<\/p>\n","protected":false},"excerpt":{"rendered":"<p>Contrataci\u00f3n del Servicio de Drenaje &nbsp; DESCRIPCI\u00d3N DEL TR\u00c1MITE Prestar el servicio de drenaje mediante la contrataci\u00f3n de los servicios a trav\u00e9s de la inspecci\u00f3n visual, analizando la factibilidad del servicio y su correcta conexi\u00f3n al sistema ATL. TIPO DE USUARIO Ciudadan\u00eda en General. REQUISITOS 1.- Documento que ampara la propiedad del predio (copia). 2.- [&hellip;]<\/p>\n","protected":false},"author":1,"featured_media":0,"parent":0,"menu_order":0,"comment_status":"closed","ping_status":"closed","template":"","meta":{"episode_type":"","audio_file":"","podmotor_file_id":"","podmotor_episode_id":"","cover_image":"","cover_image_id":"","duration":"","filesize":"","filesize_raw":"","date_recorded":"","explicit":"","block":"","itunes_episode_number":"","itunes_title":"","itunes_season_number":"","itunes_episode_type":"","footnotes":""},"categories":[],"tags":[],"class_list":["post-1096","page","type-page","status-publish","hentry"],"acf":[],"publishpress_future_action":{"enabled":false,"date":"2026-05-22 11:26:33","action":"change-status","newStatus":"draft","terms":[],"taxonomy":"category","extraData":[]},"publishpress_future_workflow_manual_trigger":{"enabledWorkflows":[]},"_links":{"self":[{"href":"https:\/\/www.oaxaca.gob.mx\/cea\/wp-json\/wp\/v2\/pages\/1096","targetHints":{"allow":["GET"]}}],"collection":[{"href":"https:\/\/www.oaxaca.gob.mx\/cea\/wp-json\/wp\/v2\/pages"}],"about":[{"href":"https:\/\/www.oaxaca.gob.mx\/cea\/wp-json\/wp\/v2\/types\/page"}],"author":[{"embeddable":true,"href":"https:\/\/www.oaxaca.gob.mx\/cea\/wp-json\/wp\/v2\/users\/1"}],"replies":[{"embeddable":true,"href":"https:\/\/www.oaxaca.gob.mx\/cea\/wp-json\/wp\/v2\/comments?post=1096"}],"version-history":[{"count":1,"href":"https:\/\/www.oaxaca.gob.mx\/cea\/wp-json\/wp\/v2\/pages\/1096\/revisions"}],"predecessor-version":[{"id":3856,"href":"https:\/\/www.oaxaca.gob.mx\/cea\/wp-json\/wp\/v2\/pages\/1096\/revisions\/3856"}],"wp:attachment":[{"href":"https:\/\/www.oaxaca.gob.mx\/cea\/wp-json\/wp\/v2\/media?parent=1096"}],"wp:term":[{"taxonomy":"category","embeddable":true,"href":"https:\/\/www.oaxaca.gob.mx\/cea\/wp-json\/wp\/v2\/categories?post=1096"},{"taxonomy":"post_tag","embeddable":true,"href":"https:\/\/www.oaxaca.gob.mx\/cea\/wp-json\/wp\/v2\/tags?post=1096"}],"curies":[{"name":"wp","href":"https:\/\/api.w.org\/{rel}","templated":true}]}}