{"id":1072,"date":"2018-08-22T17:25:53","date_gmt":"2018-08-22T22:25:53","guid":{"rendered":"http:\/\/www.cea.oaxaca.gob.mx\/?page_id=1072"},"modified":"2026-03-17T09:50:01","modified_gmt":"2026-03-17T15:50:01","slug":"validacion-de-proyectos","status":"publish","type":"page","link":"https:\/\/www.oaxaca.gob.mx\/cea\/validacion-de-proyectos\/","title":{"rendered":"Validaci\u00f3n de Proyectos"},"content":{"rendered":"<h4>TR\u00c1MITE PARA VALIDACI\u00d3N NORMATIVA DE PROYECTOS EJECUTIVOS EN MATERIA DE AGUA POTABLE, ALCANTARILLADO Y SANEAMIENTO.<\/h4>\n<p>&nbsp;<\/p>\n<h4><strong>DESCRIPCI\u00d3N<\/strong><\/h4>\n<p>Obtener la Validaci\u00f3n T\u00e9cnica y\/o Econ\u00f3mica en el \u00e1mbito Normativo Estatal para la ejecuci\u00f3n de obras en competencia con las funciones de esta Dependencia.<br \/>\n<u><\/u><\/p>\n<h4><strong>TIPO DE USUARIO<\/strong><\/h4>\n<p>Municipios del Estado de Oaxaca.<\/p>\n<h4><strong>REQUISITOS<\/strong><\/h4>\n<p>Presentar Documentaci\u00f3n Social, Legal y T\u00e9cnica con arreglo al tipo deacci\u00f3n a ejecutar.<\/p>\n<h4>AVISO: Derivado de la actualizaci\u00f3n de datos de la CONAPO (Comisi\u00f3n<br \/>\nNacional de Poblaci\u00f3n) al 2040, y a partir de la presente publicaci\u00f3n, los<br \/>\nproyectos que ingresen para validaci\u00f3n, deber\u00e1n presentar lo siguiente:<\/h4>\n<ol>\n<li>Calcular la proyecci\u00f3n de poblaci\u00f3n actual y de proyecto, considerando<br \/>\n1O a\u00f1os para Proyectos Rurales y 15 a\u00f1os para Proyectos Urbanos.<\/li>\n<li>Las proyecciones de poblaci\u00f3n (actual y proyecto) para \u00abProyectos<br \/>\nUrbanos\u00bb deber\u00e1n calcularse de manera similar al c\u00e1lculo de proyecciones de<br \/>\npoblaci\u00f3n para Proyectos Rurales.<\/li>\n<\/ol>\n<p>Por lo anterior anexamos en \u00abFormatos para Manuales\u00bb El Mapas 2015<br \/>\nVersi\u00f3n Dos, as\u00ed como las proyecciones de poblaci\u00f3n 2040 a nivel de<br \/>\nMunicipio.<\/p>\n<details>\n<summary><strong>Formatos para Checklist 2025<\/strong><\/summary>\n<table class=\"table table-striped\" width=\"100%\" cellspacing=\"0\" cellpadding=\"0\">\n<thead>\n<tr>\n<th>Formato<\/th>\n<th style=\"text-align: center;width: 60px\">Archivo<\/th>\n<\/tr>\n<\/thead>\n<tbody>\n<tr>\n<td>1.- Sistema de Agua Potable<\/td>\n<td style=\"text-align: center\"><a href=\"https:\/\/www.oaxaca.gob.mx\/cea\/wp-content\/uploads\/sites\/42\/2026\/01\/1.-Sistema-de-Agua-Potable.xlsx\" target=\"_blank\" rel=\"noopener noreferrer\"><br \/>\n<img loading=\"lazy\" decoding=\"async\" src=\"https:\/\/www.oaxaca.gob.mx\/cea\/wp-content\/uploads\/sites\/42\/2023\/09\/xls-e1695446516672.png\" alt=\"Archivo Excel\" width=\"20\" height=\"20\" \/><br \/>\n<\/a><\/td>\n<\/tr>\n<tr>\n<td>2.- Sistema de Alcantarillado Sanitario<\/td>\n<td style=\"text-align: center\"><a href=\"https:\/\/www.oaxaca.gob.mx\/cea\/wp-content\/uploads\/sites\/42\/2026\/01\/2.-Sistema-de-Alcantarillado-Sanitario.xlsx\" target=\"_blank\" rel=\"noopener noreferrer\"><br \/>\n<img loading=\"lazy\" decoding=\"async\" src=\"https:\/\/www.oaxaca.gob.mx\/cea\/wp-content\/uploads\/sites\/42\/2023\/09\/xls-e1695446516672.png\" alt=\"Archivo Excel\" width=\"20\" height=\"20\" \/><br \/>\n<\/a><\/td>\n<\/tr>\n<tr>\n<td>3.- Planta de Tratamiento de Aguas Residuales<\/td>\n<td style=\"text-align: center\"><a href=\"https:\/\/www.oaxaca.gob.mx\/cea\/wp-content\/uploads\/sites\/42\/2026\/01\/3.-Planta-de-Tratamiento-de-Aguas-Residuales.xlsx\" target=\"_blank\" rel=\"noopener noreferrer\"><br \/>\n<img loading=\"lazy\" decoding=\"async\" src=\"https:\/\/www.oaxaca.gob.mx\/cea\/wp-content\/uploads\/sites\/42\/2023\/09\/xls-e1695446516672.png\" alt=\"Archivo Excel\" width=\"20\" height=\"20\" \/><br \/>\n<\/a><\/td>\n<\/tr>\n<tr>\n<td>4.- Sistema de Alcantarillado Pluvial<\/td>\n<td style=\"text-align: center\"><a href=\"https:\/\/www.oaxaca.gob.mx\/cea\/wp-content\/uploads\/sites\/42\/2026\/01\/4.-Sistema-de-Alcantarillado-Pluvial.xlsx\" target=\"_blank\" rel=\"noopener noreferrer\"><br \/>\n<img loading=\"lazy\" decoding=\"async\" src=\"https:\/\/www.oaxaca.gob.mx\/cea\/wp-content\/uploads\/sites\/42\/2023\/09\/xls-e1695446516672.png\" alt=\"Archivo Excel\" width=\"20\" height=\"20\" \/><br \/>\n<\/a><\/td>\n<\/tr>\n<tr>\n<td>5.- Ba\u00f1os con Biodigestor<\/td>\n<td style=\"text-align: center\"><a href=\"https:\/\/www.oaxaca.gob.mx\/cea\/wp-content\/uploads\/sites\/42\/2026\/01\/5.-Banos-con-Biodigestor.xlsx\" target=\"_blank\" rel=\"noopener noreferrer\"><br \/>\n<img loading=\"lazy\" decoding=\"async\" src=\"https:\/\/www.oaxaca.gob.mx\/cea\/wp-content\/uploads\/sites\/42\/2023\/09\/xls-e1695446516672.png\" alt=\"Archivo Excel\" width=\"20\" height=\"20\" \/><br \/>\n<\/a><\/td>\n<\/tr>\n<tr>\n<td>6.- Ba\u00f1os Secos<\/td>\n<td style=\"text-align: center\"><a href=\"https:\/\/www.oaxaca.gob.mx\/cea\/wp-content\/uploads\/sites\/42\/2026\/01\/6.-Banos-Secos.xlsx\" target=\"_blank\" rel=\"noopener noreferrer\"><br \/>\n<img loading=\"lazy\" decoding=\"async\" src=\"https:\/\/www.oaxaca.gob.mx\/cea\/wp-content\/uploads\/sites\/42\/2023\/09\/xls-e1695446516672.png\" alt=\"Archivo Excel\" width=\"20\" height=\"20\" \/><br \/>\n<\/a><\/td>\n<\/tr>\n<tr>\n<td>7.- Captaci\u00f3n de Agua de Lluvia<\/td>\n<td style=\"text-align: center\"><a href=\"https:\/\/www.oaxaca.gob.mx\/cea\/wp-content\/uploads\/sites\/42\/2026\/01\/7.-Captacion-de-Agua-de-Lluvia.xlsx\" target=\"_blank\" rel=\"noopener noreferrer\"><br \/>\n<img loading=\"lazy\" decoding=\"async\" src=\"https:\/\/www.oaxaca.gob.mx\/cea\/wp-content\/uploads\/sites\/42\/2023\/09\/xls-e1695446516672.png\" alt=\"Archivo Excel\" width=\"20\" height=\"20\" \/><br \/>\n<\/a><\/td>\n<\/tr>\n<\/tbody>\n<\/table>\n<\/details>\n<details>\n<summary><strong>Formatos para Actas<\/strong><\/summary>\n<table class=\"table table-striped\" width=\"100%\" cellspacing=\"0\" cellpadding=\"0\">\n<thead>\n<tr>\n<th>Formato<\/th>\n<th style=\"text-align: center;width: 60px\">Archivo<\/th>\n<\/tr>\n<\/thead>\n<tbody>\n<tr>\n<td>1.-Solicitud de apoyo WORD<\/td>\n<td style=\"text-align: center\"><a href=\"https:\/\/www.oaxaca.gob.mx\/cea\/wp-content\/uploads\/sites\/42\/2026\/01\/1.-Solicitud-de-apoyo-WORD.docx\" target=\"_blank\" rel=\"noopener noreferrer\"><br \/>\n<img loading=\"lazy\" decoding=\"async\" src=\"https:\/\/www.oaxaca.gob.mx\/cea\/wp-content\/uploads\/sites\/42\/2023\/09\/docx-e1695849127824.png\" alt=\"Archivo Word\" width=\"20\" height=\"20\" \/><br \/>\n<\/a><\/td>\n<\/tr>\n<tr>\n<td>2.- Factibilidad Social<\/td>\n<td style=\"text-align: center\"><a href=\"https:\/\/www.oaxaca.gob.mx\/cea\/wp-content\/uploads\/sites\/42\/2026\/01\/2.-Factibilidad-Social.docx\" target=\"_blank\" rel=\"noopener noreferrer\"><br \/>\n<img loading=\"lazy\" decoding=\"async\" src=\"https:\/\/www.oaxaca.gob.mx\/cea\/wp-content\/uploads\/sites\/42\/2023\/09\/docx-e1695849127824.png\" alt=\"Archivo Word\" width=\"20\" height=\"20\" \/><br \/>\n<\/a><\/td>\n<\/tr>\n<tr>\n<td>2.- Factibilidad Social<\/td>\n<td style=\"text-align: center\"><a href=\"https:\/\/www.oaxaca.gob.mx\/cea\/wp-content\/uploads\/sites\/42\/2026\/01\/2.-Factibilidad-Social.xlsx\" target=\"_blank\" rel=\"noopener noreferrer\"><br \/>\n<img loading=\"lazy\" decoding=\"async\" src=\"https:\/\/www.oaxaca.gob.mx\/cea\/wp-content\/uploads\/sites\/42\/2023\/09\/xls-e1695446516672.png\" alt=\"Archivo Excel\" width=\"20\" height=\"20\" \/><br \/>\n<\/a><\/td>\n<\/tr>\n<tr>\n<td>3.- Acta de aceptaci\u00f3n WORD<\/td>\n<td style=\"text-align: center\"><a href=\"https:\/\/www.oaxaca.gob.mx\/cea\/wp-content\/uploads\/sites\/42\/2026\/01\/3.-Acta-de-aceptacion-WORD.docx\" target=\"_blank\" rel=\"noopener noreferrer\"><br \/>\n<img loading=\"lazy\" decoding=\"async\" src=\"https:\/\/www.oaxaca.gob.mx\/cea\/wp-content\/uploads\/sites\/42\/2023\/09\/docx-e1695849127824.png\" alt=\"Archivo Word\" width=\"20\" height=\"20\" \/><br \/>\n<\/a><\/td>\n<\/tr>\n<tr>\n<td>4.- Lista de beneficiados Excel<\/td>\n<td style=\"text-align: center\"><a href=\"https:\/\/www.oaxaca.gob.mx\/cea\/wp-content\/uploads\/sites\/42\/2026\/01\/4.-Lista-de-beneficiados-Excel.xlsx\" target=\"_blank\" rel=\"noopener noreferrer\"><br \/>\n<img loading=\"lazy\" decoding=\"async\" src=\"https:\/\/www.oaxaca.gob.mx\/cea\/wp-content\/uploads\/sites\/42\/2023\/09\/xls-e1695446516672.png\" alt=\"Archivo Excel\" width=\"20\" height=\"20\" \/><br \/>\n<\/a><\/td>\n<\/tr>\n<tr>\n<td>5.- Constancia de habitantes y viviendas WORD<\/td>\n<td style=\"text-align: center\"><a href=\"https:\/\/www.oaxaca.gob.mx\/cea\/wp-content\/uploads\/sites\/42\/2026\/01\/5.-Constancia-de-habitantes-y-viviendas-WORD.docx\" target=\"_blank\" rel=\"noopener noreferrer\"><br \/>\n<img loading=\"lazy\" decoding=\"async\" src=\"https:\/\/www.oaxaca.gob.mx\/cea\/wp-content\/uploads\/sites\/42\/2023\/09\/docx-e1695849127824.png\" alt=\"Archivo Word\" width=\"20\" height=\"20\" \/><br \/>\n<\/a><\/td>\n<\/tr>\n<tr>\n<td>6.- Acta de Donaci\u00f3n del terreno agrario WORD<\/td>\n<td style=\"text-align: center\"><a href=\"https:\/\/www.oaxaca.gob.mx\/cea\/wp-content\/uploads\/sites\/42\/2026\/01\/6.-Acta-de-Donacion-del-terreno-agrario-WORD.docx\" target=\"_blank\" rel=\"noopener noreferrer\"><br \/>\n<img loading=\"lazy\" decoding=\"async\" src=\"https:\/\/www.oaxaca.gob.mx\/cea\/wp-content\/uploads\/sites\/42\/2023\/09\/docx-e1695849127824.png\" alt=\"Archivo Word\" width=\"20\" height=\"20\" \/><br \/>\n<\/a><\/td>\n<\/tr>\n<tr>\n<td>7.- Acta de servidumbre de paso comunal WORD<\/td>\n<td style=\"text-align: center\"><a href=\"https:\/\/www.oaxaca.gob.mx\/cea\/wp-content\/uploads\/sites\/42\/2026\/01\/7.-Acta-de-servidumbre-de-paso-comunal-WORD.docx\" target=\"_blank\" rel=\"noopener noreferrer\"><br \/>\n<img loading=\"lazy\" decoding=\"async\" src=\"https:\/\/www.oaxaca.gob.mx\/cea\/wp-content\/uploads\/sites\/42\/2023\/09\/docx-e1695849127824.png\" alt=\"Archivo Word\" width=\"20\" height=\"20\" \/><br \/>\n<\/a><\/td>\n<\/tr>\n<tr>\n<td>7.1.- Acta de servidumbre de paso publico WORD<\/td>\n<td style=\"text-align: center\"><a href=\"https:\/\/www.oaxaca.gob.mx\/cea\/wp-content\/uploads\/sites\/42\/2026\/01\/7.1.-Acta-de-servidumbre-de-paso-publico-WORD.docx\" target=\"_blank\" rel=\"noopener noreferrer\"><br \/>\n<img loading=\"lazy\" decoding=\"async\" src=\"https:\/\/www.oaxaca.gob.mx\/cea\/wp-content\/uploads\/sites\/42\/2023\/09\/docx-e1695849127824.png\" alt=\"Archivo Word\" width=\"20\" height=\"20\" \/><br \/>\n<\/a><\/td>\n<\/tr>\n<tr>\n<td>8.- Licencia de construcci\u00f3n WORD<\/td>\n<td style=\"text-align: center\"><a href=\"https:\/\/www.oaxaca.gob.mx\/cea\/wp-content\/uploads\/sites\/42\/2026\/01\/8.-Licencia-de-construccion-WORD.docx\" target=\"_blank\" rel=\"noopener noreferrer\"><br \/>\n<img loading=\"lazy\" decoding=\"async\" src=\"https:\/\/www.oaxaca.gob.mx\/cea\/wp-content\/uploads\/sites\/42\/2023\/09\/docx-e1695849127824.png\" alt=\"Archivo Word\" width=\"20\" height=\"20\" \/><br \/>\n<\/a><\/td>\n<\/tr>\n<tr>\n<td>9.- Acta de integraci\u00f3n del comit\u00e9 WORD<\/td>\n<td style=\"text-align: center\"><a href=\"https:\/\/www.oaxaca.gob.mx\/cea\/wp-content\/uploads\/sites\/42\/2026\/01\/9.-Acta-de-integracion-del-comite-WORD.docx\" target=\"_blank\" rel=\"noopener noreferrer\"><br \/>\n<img loading=\"lazy\" decoding=\"async\" src=\"https:\/\/www.oaxaca.gob.mx\/cea\/wp-content\/uploads\/sites\/42\/2023\/09\/docx-e1695849127824.png\" alt=\"Archivo Word\" width=\"20\" height=\"20\" \/><br \/>\n<\/a><\/td>\n<\/tr>\n<tr>\n<td>10.-Constancia de no adeudo WORD<\/td>\n<td style=\"text-align: center\"><a href=\"https:\/\/www.oaxaca.gob.mx\/cea\/wp-content\/uploads\/sites\/42\/2026\/01\/10.-Constancia-de-no-adeudo-WORD.docx\" target=\"_blank\" rel=\"noopener noreferrer\"><br \/>\n<img loading=\"lazy\" decoding=\"async\" src=\"https:\/\/www.oaxaca.gob.mx\/cea\/wp-content\/uploads\/sites\/42\/2023\/09\/docx-e1695849127824.png\" alt=\"Archivo Word\" width=\"20\" height=\"20\" \/><br \/>\n<\/a><\/td>\n<\/tr>\n<tr>\n<td>11.- Acta de priorizaci\u00f3n WORD<\/td>\n<td style=\"text-align: center\"><a href=\"https:\/\/www.oaxaca.gob.mx\/cea\/wp-content\/uploads\/sites\/42\/2026\/01\/11.-Acta-de-priorizacion-WORD.docx\" target=\"_blank\" rel=\"noopener noreferrer\"><br \/>\n<img loading=\"lazy\" decoding=\"async\" src=\"https:\/\/www.oaxaca.gob.mx\/cea\/wp-content\/uploads\/sites\/42\/2023\/09\/docx-e1695849127824.png\" alt=\"Archivo Word\" width=\"20\" height=\"20\" \/><br \/>\n<\/a><\/td>\n<\/tr>\n<tr>\n<td>12.- Diagn\u00f3stico de org operadores<\/td>\n<td style=\"text-align: center\"><a href=\"https:\/\/www.oaxaca.gob.mx\/cea\/wp-content\/uploads\/sites\/42\/2026\/01\/12.-Diagnostico-de-org-operadores.docx\" target=\"_blank\" rel=\"noopener noreferrer\"><br \/>\n<img loading=\"lazy\" decoding=\"async\" src=\"https:\/\/www.oaxaca.gob.mx\/cea\/wp-content\/uploads\/sites\/42\/2023\/09\/docx-e1695849127824.png\" alt=\"Archivo Word\" width=\"20\" height=\"20\" \/><br \/>\n<\/a><\/td>\n<\/tr>\n<tr>\n<td>13.- Diag Org Operadores 2,500 hab<\/td>\n<td style=\"text-align: center\"><a href=\"https:\/\/www.oaxaca.gob.mx\/cea\/wp-content\/uploads\/sites\/42\/2026\/01\/13.-Diag-Org-Operadores-2500-hab.docx\" target=\"_blank\" rel=\"noopener noreferrer\"><br \/>\n<img loading=\"lazy\" decoding=\"async\" src=\"https:\/\/www.oaxaca.gob.mx\/cea\/wp-content\/uploads\/sites\/42\/2023\/09\/docx-e1695849127824.png\" alt=\"Archivo Word\" width=\"20\" height=\"20\" \/><br \/>\n<\/a><\/td>\n<\/tr>\n<tr>\n<td>14.- Acta de cambio de nombre WORD<\/td>\n<td style=\"text-align: center\"><a href=\"https:\/\/www.oaxaca.gob.mx\/cea\/wp-content\/uploads\/sites\/42\/2026\/01\/14.-Acta-de-cambio-de-nombre-WORD.docx\" target=\"_blank\" rel=\"noopener noreferrer\"><br \/>\n<img loading=\"lazy\" decoding=\"async\" src=\"https:\/\/www.oaxaca.gob.mx\/cea\/wp-content\/uploads\/sites\/42\/2023\/09\/docx-e1695849127824.png\" alt=\"Archivo Word\" width=\"20\" height=\"20\" \/><br \/>\n<\/a><\/td>\n<\/tr>\n<\/tbody>\n<\/table>\n<\/details>\n<details>\n<summary><strong>Formatos para manuales<\/strong><\/summary>\n<table class=\"table table-striped\" width=\"100%\" cellspacing=\"0\" cellpadding=\"0\">\n<thead>\n<tr>\n<th>Formato<\/th>\n<th style=\"text-align: center;width: 60px\">Archivo<\/th>\n<\/tr>\n<\/thead>\n<tbody>\n<tr>\n<td>1.- Ba\u00f1os secos<\/td>\n<td style=\"text-align: center\"><a href=\"https:\/\/www.oaxaca.gob.mx\/cea\/wp-content\/uploads\/sites\/42\/2026\/01\/1.-Banos-secos.pdf\" target=\"_blank\" rel=\"noopener noreferrer\"><br \/>\n<img loading=\"lazy\" decoding=\"async\" src=\"https:\/\/www.oaxaca.gob.mx\/cea\/wp-content\/uploads\/sites\/42\/2023\/09\/pdf_mini-e1695140992171.png\" alt=\"Archivo pdF\" width=\"20\" height=\"20\" \/><br \/>\n<\/a><\/td>\n<\/tr>\n<tr>\n<td>1.- Lineamientos t\u00e9cnicos sistema de captaci\u00f3n de agua de lluvia.<\/td>\n<td style=\"text-align: center\"><a href=\"https:\/\/www.oaxaca.gob.mx\/cea\/wp-content\/uploads\/sites\/42\/2026\/01\/1.-Lineamientos-tecnicos-sistema-de-captacion-de-agua-de-lluvia.pdf\" target=\"_blank\" rel=\"noopener noreferrer\"><br \/>\n<img loading=\"lazy\" decoding=\"async\" src=\"https:\/\/www.oaxaca.gob.mx\/cea\/wp-content\/uploads\/sites\/42\/2023\/09\/pdf_mini-e1695140992171.png\" alt=\"Archivo pdF\" width=\"20\" height=\"20\" \/><br \/>\n<\/a><\/td>\n<\/tr>\n<tr>\n<td>2.- Ba\u00f1os con Biodigestor<\/td>\n<td style=\"text-align: center\"><a href=\"https:\/\/www.oaxaca.gob.mx\/cea\/wp-content\/uploads\/sites\/42\/2026\/01\/2.-Banos-con-Biodigestor.pdf\" target=\"_blank\" rel=\"noopener noreferrer\"><br \/>\n<img loading=\"lazy\" decoding=\"async\" src=\"https:\/\/www.oaxaca.gob.mx\/cea\/wp-content\/uploads\/sites\/42\/2023\/09\/pdf_mini-e1695140992171.png\" alt=\"Archivo pdF\" width=\"20\" height=\"20\" \/><br \/>\n<\/a><\/td>\n<\/tr>\n<tr>\n<td>3.- Captaci\u00f3n de agua de lluvia<\/td>\n<td style=\"text-align: center\"><a href=\"https:\/\/www.oaxaca.gob.mx\/cea\/wp-content\/uploads\/sites\/42\/2026\/01\/3.-Captacion-de-agua-de-lluvia.pdf\" target=\"_blank\" rel=\"noopener noreferrer\"><br \/>\n<img loading=\"lazy\" decoding=\"async\" src=\"https:\/\/www.oaxaca.gob.mx\/cea\/wp-content\/uploads\/sites\/42\/2023\/09\/pdf_mini-e1695140992171.png\" alt=\"Archivo pdF\" width=\"20\" height=\"20\" \/><br \/>\n<\/a><\/td>\n<\/tr>\n<tr>\n<td>Manual de Agua Potable MAPAS 2015 v2024<\/td>\n<td style=\"text-align: center\"><a href=\"https:\/\/www.oaxaca.gob.mx\/cea\/wp-content\/uploads\/sites\/42\/2026\/01\/Manual-de-Agua-Potable-MAPAS-2015-v2024-.pdf\" target=\"_blank\" rel=\"noopener noreferrer\"><br \/>\n<img loading=\"lazy\" decoding=\"async\" src=\"https:\/\/www.oaxaca.gob.mx\/cea\/wp-content\/uploads\/sites\/42\/2023\/09\/pdf_mini-e1695140992171.png\" alt=\"Archivo pdF\" width=\"20\" height=\"20\" \/><br \/>\n<\/a><\/td>\n<\/tr>\n<\/tbody>\n<\/table>\n<\/details>\n<details>\n<summary><strong>Formatos para Memorias de c\u00e1lculo<\/strong><\/summary>\n<table class=\"table table-striped\" width=\"100%\" cellspacing=\"0\" cellpadding=\"0\">\n<thead>\n<tr>\n<th>Formato<\/th>\n<th style=\"text-align: center;width: 60px\">Archivo<\/th>\n<\/tr>\n<\/thead>\n<tbody>\n<tr>\n<td>2 Proyecciones CONAPO 2020-2040<\/td>\n<td style=\"text-align: center\"><a href=\"https:\/\/www.oaxaca.gob.mx\/cea\/wp-content\/uploads\/sites\/42\/2026\/01\/2-Proyecciones-CONAPO-2020-2040.xlsx\" target=\"_blank\" rel=\"noopener noreferrer\"><br \/>\n<img loading=\"lazy\" decoding=\"async\" src=\"https:\/\/www.oaxaca.gob.mx\/cea\/wp-content\/uploads\/sites\/42\/2023\/09\/xls-e1695446516672.png\" alt=\"Archivo Excel\" width=\"20\" height=\"20\" \/><br \/>\n<\/a><\/td>\n<\/tr>\n<tr>\n<td>2.- Ejemplo de c\u00e1lculo de poblaci\u00f3n por sectorizaci\u00f3n<\/td>\n<td style=\"text-align: center\"><a href=\"https:\/\/www.oaxaca.gob.mx\/cea\/wp-content\/uploads\/sites\/42\/2026\/01\/2.-Ejemplo-de-calculo-de-poblacion-por-sectorizacion.pdf\" target=\"_blank\" rel=\"noopener noreferrer\"><br \/>\n<img loading=\"lazy\" decoding=\"async\" src=\"https:\/\/www.oaxaca.gob.mx\/cea\/wp-content\/uploads\/sites\/42\/2023\/09\/pdf_mini-e1695140992171.png\" alt=\"Archivo pdF\" width=\"20\" height=\"20\" \/><br \/>\n<\/a><\/td>\n<\/tr>\n<tr>\n<td>4.- Clima K\u00d6PPEN-GARC\u00cdA<\/td>\n<td style=\"text-align: center\"><a href=\"https:\/\/www.oaxaca.gob.mx\/cea\/wp-content\/uploads\/sites\/42\/2026\/01\/4.-Clima-KOPPEN-GARCIA.xls\" target=\"_blank\" rel=\"noopener noreferrer\"><br \/>\n<img loading=\"lazy\" decoding=\"async\" src=\"https:\/\/www.oaxaca.gob.mx\/cea\/wp-content\/uploads\/sites\/42\/2023\/09\/xls-e1695446516672.png\" alt=\"Archivo Excel\" width=\"20\" height=\"20\" \/><br \/>\n<\/a><\/td>\n<\/tr>\n<tr>\n<td>5.-Proyecciones de Poblaci\u00f3n Oaxaca 2020-2040<\/td>\n<td style=\"text-align: center\"><a href=\"https:\/\/www.oaxaca.gob.mx\/cea\/wp-content\/uploads\/sites\/42\/2026\/01\/5.-Proyecciones-de-Poblacion-Oaxaca-2020-2040.pdf\" target=\"_blank\" rel=\"noopener noreferrer\"><br \/>\n<img loading=\"lazy\" decoding=\"async\" src=\"https:\/\/www.oaxaca.gob.mx\/cea\/wp-content\/uploads\/sites\/42\/2023\/09\/pdf_mini-e1695140992171.png\" alt=\"Archivo pdF\" width=\"20\" height=\"20\" \/><br \/>\n<\/a><\/td>\n<\/tr>\n<\/tbody>\n<\/table>\n<\/details>\n<details>\n<summary><strong>Formatos para ejemplo de macrolocalizaci\u00f3n y microlocalizaci\u00f3n<\/strong><\/summary>\n<table class=\"table table-striped\" width=\"100%\" cellspacing=\"0\" cellpadding=\"0\">\n<thead>\n<tr>\n<th>Formato<\/th>\n<th style=\"text-align: center;width: 60px\">Archivo<\/th>\n<\/tr>\n<\/thead>\n<tbody>\n<tr>\n<td>Macro A<\/td>\n<td style=\"text-align: center\"><a href=\"https:\/\/www.oaxaca.gob.mx\/cea\/wp-content\/uploads\/sites\/42\/2026\/01\/Macro-A.pdf\" target=\"_blank\" rel=\"noopener noreferrer\"><br \/>\n<img loading=\"lazy\" decoding=\"async\" src=\"https:\/\/www.oaxaca.gob.mx\/cea\/wp-content\/uploads\/sites\/42\/2023\/09\/pdf_mini-e1695140992171.png\" alt=\"Archivo pdF\" width=\"20\" height=\"20\" \/><br \/>\n<\/a><\/td>\n<\/tr>\n<tr>\n<td>Microlocalizaci\u00f3n A<\/td>\n<td style=\"text-align: center\"><a href=\"https:\/\/www.oaxaca.gob.mx\/cea\/wp-content\/uploads\/sites\/42\/2026\/01\/Microlocalizacion-A.pdf\" target=\"_blank\" rel=\"noopener noreferrer\"><br \/>\n<img loading=\"lazy\" decoding=\"async\" src=\"https:\/\/www.oaxaca.gob.mx\/cea\/wp-content\/uploads\/sites\/42\/2023\/09\/pdf_mini-e1695140992171.png\" alt=\"Archivo pdF\" width=\"20\" height=\"20\" \/><br \/>\n<\/a><\/td>\n<\/tr>\n<tr>\n<td>Microlocalizaci\u00f3n B<\/td>\n<td style=\"text-align: center\"><a href=\"https:\/\/www.oaxaca.gob.mx\/cea\/wp-content\/uploads\/sites\/42\/2026\/01\/Microlocalizacion-B.pdf\" target=\"_blank\" rel=\"noopener noreferrer\"><br \/>\n<img loading=\"lazy\" decoding=\"async\" src=\"https:\/\/www.oaxaca.gob.mx\/cea\/wp-content\/uploads\/sites\/42\/2023\/09\/pdf_mini-e1695140992171.png\" alt=\"Archivo pdF\" width=\"20\" height=\"20\" \/><br \/>\n<\/a><\/td>\n<\/tr>\n<\/tbody>\n<\/table>\n<\/details>\n<details>\n<summary><strong>Formatos para solapa de planos<\/strong><\/summary>\n<table class=\"table table-striped\" width=\"100%\" cellspacing=\"0\" cellpadding=\"0\">\n<thead>\n<tr>\n<th>Formato<\/th>\n<th style=\"text-align: center;width: 60px\">Archivo<\/th>\n<\/tr>\n<\/thead>\n<tbody>\n<tr>\n<td>Solapa<\/td>\n<td style=\"text-align: center\"><a href=\"https:\/\/www.oaxaca.gob.mx\/wp-content\/uploads\/sites\/42\/2026\/01\/Solapa_CEA-BIEN.dwg\" target=\"_blank\" rel=\"noopener noreferrer\"><br \/>\n<img loading=\"lazy\" decoding=\"async\" src=\"https:\/\/www.oaxaca.gob.mx\/cea\/wp-content\/uploads\/sites\/42\/2023\/09\/pdf_mini-e1695140992171.png\" alt=\"Archivo pdF\" width=\"20\" height=\"20\" \/><br \/>\n<\/a><\/td>\n<\/tr>\n<\/tbody>\n<\/table>\n<\/details>\n<details>\n<summary><strong>Formatos para Responsiva DRO<\/strong><\/summary>\n<table class=\"table table-striped\" width=\"100%\" cellspacing=\"0\" cellpadding=\"0\">\n<thead>\n<tr>\n<th>Formato<\/th>\n<th style=\"text-align: center;width: 60px\">Archivo<\/th>\n<\/tr>\n<\/thead>\n<tbody>\n<tr>\n<td>7.-Responsiva DRO<\/td>\n<td style=\"text-align: center\"><a href=\"https:\/\/www.oaxaca.gob.mx\/cea\/wp-content\/uploads\/sites\/42\/2026\/01\/7.-Responsiva-DRO.pdf\" target=\"_blank\" rel=\"noopener noreferrer\"><br \/>\n<img loading=\"lazy\" decoding=\"async\" src=\"https:\/\/www.oaxaca.gob.mx\/cea\/wp-content\/uploads\/sites\/42\/2023\/09\/pdf_mini-e1695140992171.png\" alt=\"Archivo pdF\" width=\"20\" height=\"20\" \/><br \/>\n<\/a><\/td>\n<\/tr>\n<\/tbody>\n<\/table>\n<\/details>\n<details>\n<summary><strong>Formatos para Anexo General<\/strong><\/summary>\n<table class=\"table table-striped\" width=\"100%\" cellspacing=\"0\" cellpadding=\"0\">\n<thead>\n<tr>\n<th>Formato<\/th>\n<th style=\"text-align: center;width: 60px\">Archivo<\/th>\n<\/tr>\n<\/thead>\n<tbody>\n<tr>\n<td>8.- Anexo general<\/td>\n<td style=\"text-align: center\"><a href=\"https:\/\/www.oaxaca.gob.mx\/cea\/wp-content\/uploads\/sites\/42\/2026\/01\/8.-Anexo-general.pdf\" target=\"_blank\" rel=\"noopener noreferrer\"><br \/>\n<img loading=\"lazy\" decoding=\"async\" src=\"https:\/\/www.oaxaca.gob.mx\/cea\/wp-content\/uploads\/sites\/42\/2023\/09\/pdf_mini-e1695140992171.png\" alt=\"Archivo pdF\" width=\"20\" height=\"20\" \/><br \/>\n<\/a><\/td>\n<\/tr>\n<\/tbody>\n<\/table>\n<\/details>\n<p>&nbsp;<\/p>\n<h4><strong>TIEMPO DE RESPUESTA<\/strong><\/h4>\n<p>Cinco d\u00edas h\u00e1biles.<\/p>\n<h4><strong>PRODUCTO FINAL<\/strong><\/h4>\n<p>Oficio de Validaci\u00f3n T\u00e9cnica y\/0 Econ\u00f3mica.<\/p>\n<h4><strong>HORARIO DE ATENCI\u00d3N<\/strong><\/h4>\n<p>Lunes a Viernes de 10:00 \u2013 14:00 Horas<\/p>\n<h4><strong>DONDE LLEVAR ACABO EL TR\u00c1MITE<\/strong><\/h4>\n<p>En la Unidad de Estudios y Proyectos de la Comisi\u00f3n Estatal del Agua \u201cCentro Administrativo del Poder Judicial General Porfirio D\u00edaz Soldado de la Patria\u201d Edificio \u201cC\u201d Jos\u00e9 L\u00f3pez Alav\u00e9s, Primer piso Av. Gerardo Pandal Graff Num. 1 Reyes Mantec\u00f3n, San Bartolo Coyotepec, Oaxaca. C.P. 71257<\/p>\n<h4><strong>RESPONSABLE DEL \u00c1REA<\/strong><\/h4>\n<p>Ing. Israel Sim\u00f3n Palacios Villalpando<br \/>\nJefe de la Unidad de Estudios y Proyectos.<\/p>\n<h4><strong>DUDAS Y SUGERENCIAS<\/strong><\/h4>\n<p>01(951) 50 16900 Ext. 22127, 22009 y 22012.<br \/>\nE-mails:<a href=\"mailto:israel.palacios@oaxaca.gob.mx\">israel.palacios@oaxaca.gob.mx<\/a><\/p>\n<h4><strong>FUNDAMENTOS JUR\u00cdDICOS QUE SUSTENTAN EL TR\u00c1MITE<\/strong><\/h4>\n<p>Art\u00edculo 20 fracci\u00f3n I de la Ley de Obras Publicas y Servicios<br \/>\nRelacionados del Estado de Oaxaca, y 20 fracci\u00f3n XII y 27 fracci\u00f3n VII del Reglamento Interno de la Comisi\u00f3n Estatal del Agua.<\/p>\n","protected":false},"excerpt":{"rendered":"<p>TR\u00c1MITE PARA VALIDACI\u00d3N NORMATIVA DE PROYECTOS EJECUTIVOS EN MATERIA DE AGUA POTABLE, ALCANTARILLADO Y SANEAMIENTO. &nbsp; DESCRIPCI\u00d3N Obtener la Validaci\u00f3n T\u00e9cnica y\/o Econ\u00f3mica en el \u00e1mbito Normativo Estatal para la ejecuci\u00f3n de obras en competencia con las funciones de esta Dependencia. TIPO DE USUARIO Municipios del Estado de Oaxaca. REQUISITOS Presentar Documentaci\u00f3n Social, Legal y [&hellip;]<\/p>\n","protected":false},"author":1,"featured_media":0,"parent":0,"menu_order":0,"comment_status":"closed","ping_status":"closed","template":"","meta":{"episode_type":"","audio_file":"","podmotor_file_id":"","podmotor_episode_id":"","cover_image":"","cover_image_id":"","duration":"","filesize":"","filesize_raw":"","date_recorded":"","explicit":"","block":"","itunes_episode_number":"","itunes_title":"","itunes_season_number":"","itunes_episode_type":"","footnotes":""},"categories":[],"tags":[],"class_list":["post-1072","page","type-page","status-publish","hentry"],"acf":[],"publishpress_future_action":{"enabled":false,"date":"2026-05-22 10:13:56","action":"change-status","newStatus":"draft","terms":[],"taxonomy":"category","extraData":[]},"publishpress_future_workflow_manual_trigger":{"enabledWorkflows":[]},"_links":{"self":[{"href":"https:\/\/www.oaxaca.gob.mx\/cea\/wp-json\/wp\/v2\/pages\/1072","targetHints":{"allow":["GET"]}}],"collection":[{"href":"https:\/\/www.oaxaca.gob.mx\/cea\/wp-json\/wp\/v2\/pages"}],"about":[{"href":"https:\/\/www.oaxaca.gob.mx\/cea\/wp-json\/wp\/v2\/types\/page"}],"author":[{"embeddable":true,"href":"https:\/\/www.oaxaca.gob.mx\/cea\/wp-json\/wp\/v2\/users\/1"}],"replies":[{"embeddable":true,"href":"https:\/\/www.oaxaca.gob.mx\/cea\/wp-json\/wp\/v2\/comments?post=1072"}],"version-history":[{"count":2,"href":"https:\/\/www.oaxaca.gob.mx\/cea\/wp-json\/wp\/v2\/pages\/1072\/revisions"}],"predecessor-version":[{"id":2201,"href":"https:\/\/www.oaxaca.gob.mx\/cea\/wp-json\/wp\/v2\/pages\/1072\/revisions\/2201"}],"wp:attachment":[{"href":"https:\/\/www.oaxaca.gob.mx\/cea\/wp-json\/wp\/v2\/media?parent=1072"}],"wp:term":[{"taxonomy":"category","embeddable":true,"href":"https:\/\/www.oaxaca.gob.mx\/cea\/wp-json\/wp\/v2\/categories?post=1072"},{"taxonomy":"post_tag","embeddable":true,"href":"https:\/\/www.oaxaca.gob.mx\/cea\/wp-json\/wp\/v2\/tags?post=1072"}],"curies":[{"name":"wp","href":"https:\/\/api.w.org\/{rel}","templated":true}]}}