{"id":1066,"date":"2018-08-22T16:55:57","date_gmt":"2018-08-22T21:55:57","guid":{"rendered":"http:\/\/www.cea.oaxaca.gob.mx\/?page_id=1066"},"modified":"2018-08-22T16:55:57","modified_gmt":"2018-08-22T21:55:57","slug":"analisis-quimico-fisico-bacteriologico","status":"publish","type":"page","link":"https:\/\/www.oaxaca.gob.mx\/cea\/analisis-quimico-fisico-bacteriologico\/","title":{"rendered":"An\u00e1lisis Qu\u00edmico F\u00edsico Bacteriol\u00f3gico"},"content":{"rendered":"<h4>Servicio de an\u00e1lisis qu\u00edmico\u2013f\u00edsico-bacteriol\u00f3gico de la calidad del agua potable y aguas residuales.<\/h4>\n<p>&nbsp;<br \/>\n<strong>DESCRIPCI\u00d3N DEL TR\u00c1MITE<\/strong><br \/>\nDictamen de laboratorio del an\u00e1lisis del agua potable y aguas residuales.<\/p>\n<p><strong>TIPO DE USUARIO<\/strong><br \/>\nMunicipios, Comit\u00e9s de Agua, Empresas y P\u00fablico en General.<\/p>\n<p><strong>REQUISITOS<\/strong><br \/>\nSolicitud\/Personal<br \/>\nEscrito Libre de requerimiento.<\/p>\n<p><strong>TIEMPO DE RESPUESTA<\/strong><br \/>\n15 d\u00edas h\u00e1biles.<\/p>\n<p><strong>COSTO<\/strong><br \/>\nGenera Costo, conforme al art. 27 de la Ley Estatal de Derechos de Oaxaca.<\/p>\n<p><strong>DOCUMENTO A OBTENER<\/strong><br \/>\nDictamen.<\/p>\n<p><strong>D\u00cdAS Y HORARIO DE ATENCI\u00d3N<\/strong><br \/>\nLunes a viernes de 09:00 \u2013 15:00 Horas.<\/p>\n<p><strong>EN DONDE SE LLEVA A CABO EL TR\u00c1MITE<\/strong><br \/>\nEn el Departamento de Calidad del Agua de la Comisi\u00f3n Estatal del Agua, ubicada en \u201cCentro Administrativo del Poder Ejecutivo y Judicial General Porfirio D\u00edaz Soldado de la Patria\u201d Edificio \u201cC\u201d Jos\u00e9 L\u00f3pez Alav\u00e9s, Cuarto Nivel. Av. Gerardo Pandal Graff #1, Reyes Mantec\u00f3n. San Bartolo Coyotepec, Oaxaca. C.P. 71257.<\/p>\n<p><strong>\u00c1REA DONDE SE PROPORCIONA EL TR\u00c1MITE<\/strong><br \/>\nDepartamento de Calidad del Agua.<\/p>\n<p><strong>NOMBRE DEL RESPONSABLE DEL \u00c1REA DONDE SE PROPORCIONA EL TR\u00c1MITE<\/strong><br \/>\nIng. Aurelio Ba\u00f1os G\u00f3mez<br \/>\nJefe de Departamento de Calidad del Agua.<\/p>\n<p><strong>DUDAS Y SUGERENCIAS<\/strong><br \/>\n01(951) 50 16900 Ext. 22888 y 22760<br \/>\nE- mail: <a href=\"mailto:ceadirgral@gmail.com\">ceadirgral@gmail.com<\/a><\/p>\n<p><strong>FUNDAMENTOS JUR\u00cdDICOS QUE RIGEN ESTE TR\u00c1MITE<\/strong><br \/>\nArt. 1,3 fracci\u00f3n III, 47, 48 y 49, Ley de Agua Potable y Alcantarillado para el Estado de Oaxaca; art. 27 de la Ley Estatal de Derechos de Oaxaca.<\/p>\n","protected":false},"excerpt":{"rendered":"<p>Servicio de an\u00e1lisis qu\u00edmico\u2013f\u00edsico-bacteriol\u00f3gico de la calidad del agua potable y aguas residuales. &nbsp; DESCRIPCI\u00d3N DEL TR\u00c1MITE Dictamen de laboratorio del an\u00e1lisis del agua potable y aguas residuales. TIPO DE USUARIO Municipios, Comit\u00e9s de Agua, Empresas y P\u00fablico en General. REQUISITOS Solicitud\/Personal Escrito Libre de requerimiento. TIEMPO DE RESPUESTA 15 d\u00edas h\u00e1biles. COSTO Genera Costo, [&hellip;]<\/p>\n","protected":false},"author":1,"featured_media":0,"parent":0,"menu_order":0,"comment_status":"closed","ping_status":"closed","template":"","meta":{"episode_type":"","audio_file":"","podmotor_file_id":"","podmotor_episode_id":"","cover_image":"","cover_image_id":"","duration":"","filesize":"","filesize_raw":"","date_recorded":"","explicit":"","block":"","itunes_episode_number":"","itunes_title":"","itunes_season_number":"","itunes_episode_type":"","footnotes":""},"categories":[],"tags":[],"class_list":["post-1066","page","type-page","status-publish","hentry"],"acf":[],"publishpress_future_action":{"enabled":false,"date":"2026-05-22 11:27:09","action":"change-status","newStatus":"draft","terms":[],"taxonomy":"category","extraData":[]},"publishpress_future_workflow_manual_trigger":{"enabledWorkflows":[]},"_links":{"self":[{"href":"https:\/\/www.oaxaca.gob.mx\/cea\/wp-json\/wp\/v2\/pages\/1066","targetHints":{"allow":["GET"]}}],"collection":[{"href":"https:\/\/www.oaxaca.gob.mx\/cea\/wp-json\/wp\/v2\/pages"}],"about":[{"href":"https:\/\/www.oaxaca.gob.mx\/cea\/wp-json\/wp\/v2\/types\/page"}],"author":[{"embeddable":true,"href":"https:\/\/www.oaxaca.gob.mx\/cea\/wp-json\/wp\/v2\/users\/1"}],"replies":[{"embeddable":true,"href":"https:\/\/www.oaxaca.gob.mx\/cea\/wp-json\/wp\/v2\/comments?post=1066"}],"version-history":[{"count":0,"href":"https:\/\/www.oaxaca.gob.mx\/cea\/wp-json\/wp\/v2\/pages\/1066\/revisions"}],"wp:attachment":[{"href":"https:\/\/www.oaxaca.gob.mx\/cea\/wp-json\/wp\/v2\/media?parent=1066"}],"wp:term":[{"taxonomy":"category","embeddable":true,"href":"https:\/\/www.oaxaca.gob.mx\/cea\/wp-json\/wp\/v2\/categories?post=1066"},{"taxonomy":"post_tag","embeddable":true,"href":"https:\/\/www.oaxaca.gob.mx\/cea\/wp-json\/wp\/v2\/tags?post=1066"}],"curies":[{"name":"wp","href":"https:\/\/api.w.org\/{rel}","templated":true}]}}