{"id":1037,"date":"2018-08-10T14:54:01","date_gmt":"2018-08-10T19:54:01","guid":{"rendered":"http:\/\/www.cea.oaxaca.gob.mx\/?page_id=1037"},"modified":"2026-01-13T10:50:17","modified_gmt":"2026-01-13T16:50:17","slug":"inscripcion-contratistas","status":"publish","type":"page","link":"https:\/\/www.oaxaca.gob.mx\/cea\/inscripcion-contratistas\/","title":{"rendered":"Inscripci\u00f3n Contratistas"},"content":{"rendered":"<div class=\"su-box su-box-style-default\" id=\"\" style=\"border-color:#cccccc;border-radius:10px;max-width:none\"><div class=\"su-box-title\" style=\"background-color:#FFF;color:#2c2727;border-top-left-radius:8px;border-top-right-radius:8px\">Descripci\u00f3n del tr\u00e1mite.<\/div><div class=\"su-box-content su-u-clearfix su-u-trim\" style=\"border-bottom-left-radius:8px;border-bottom-right-radius:8px\">\nInscripci\u00f3n de contratistas en la Comisi\u00f3n Estatal del Agua.<br \/>\n<\/div><\/div>\n<div class=\"su-box su-box-style-default\" id=\"\" style=\"border-color:#cccccc;border-radius:10px;max-width:none\"><div class=\"su-box-title\" style=\"background-color:#FFF;color:#2c2727;border-top-left-radius:8px;border-top-right-radius:8px\">Informaci\u00f3n general<\/div><div class=\"su-box-content su-u-clearfix su-u-trim\" style=\"border-bottom-left-radius:8px;border-bottom-right-radius:8px\">\n<strong>Tipo de usuario<\/strong><br \/>\nPersonas morales y f\u00edsicas.<\/p>\n<p><strong>Requisitos<\/strong><\/p>\n<ol>\n<li>Experiencia en construcci\u00f3n de sistemas de agua potable, alcantarillado y saneamiento, as\u00ed como servicios relacionados.<\/li>\n<li>Descargue la relaci\u00f3n de documentos a presentar.<\/li>\n<\/ol>\n<tr>\n<td colspan=\"2\">\n<details open>\n<summary><strong>Documentos 2026<\/strong><\/summary>\n<table class=\"table table-striped\" width=\"100%\" cellspacing=\"0\" cellpadding=\"0\">\n<thead>\n<tr>\n<th>Formato<\/th>\n<th style=\"text-align:center;width:60px\">Archivo<\/th>\n<\/tr>\n<\/thead>\n<tbody>\n<tr>\n<td>CHECK LIST 2026<\/td>\n<td style=\"text-align:center\">\n                <a href=\"https:\/\/www.oaxaca.gob.mx\/cea\/wp-content\/uploads\/sites\/42\/2026\/01\/Chek-list-2026.pdf\" target=\"_blank\" rel=\"noopener noreferrer\"><br \/>\n                <img loading=\"lazy\" decoding=\"async\" src=\"https:\/\/www.oaxaca.gob.mx\/cea\/wp-content\/uploads\/sites\/42\/2023\/09\/pdf_mini-e1695140992171.png\" width=\"20\" height=\"20\" alt=\"Archivo pdF\"><br \/>\n                <\/a>\n            <\/td>\n<\/tr>\n<tr>\n<td>FORMATO I<\/td>\n<td style=\"text-align:center\">\n                <a href=\"https:\/\/www.oaxaca.gob.mx\/cea\/wp-content\/uploads\/sites\/42\/2026\/01\/FORMATO-I.docx\" target=\"_blank\" rel=\"noopener noreferrer\"><br \/>\n                <img loading=\"lazy\" decoding=\"async\" src=\"https:\/\/www.oaxaca.gob.mx\/cea\/wp-content\/uploads\/sites\/42\/2023\/09\/docx-e1695849127824.png\" width=\"20\" height=\"20\" alt=\"Archivo Word\"><br \/>\n                <\/a>\n            <\/td>\n<\/tr>\n<tr>\n<td>FORMATO II<\/td>\n<td style=\"text-align:center\">\n                <a href=\"https:\/\/www.oaxaca.gob.mx\/cea\/wp-content\/uploads\/sites\/42\/2026\/01\/FORMATO-II.docx\" target=\"_blank\" rel=\"noopener noreferrer\"><br \/>\n                <img loading=\"lazy\" decoding=\"async\" src=\"https:\/\/www.oaxaca.gob.mx\/cea\/wp-content\/uploads\/sites\/42\/2023\/09\/docx-e1695849127824.png\" width=\"20\" height=\"20\" alt=\"Archivo Word\"><br \/>\n                <\/a>\n            <\/td>\n<\/tr>\n<tr>\n<td>FORMATO III<\/td>\n<td style=\"text-align:center\">\n                <a href=\"https:\/\/www.oaxaca.gob.mx\/cea\/wp-content\/uploads\/sites\/42\/2026\/01\/FORMATO-III.docx\" target=\"_blank\" rel=\"noopener noreferrer\"><br \/>\n                <img loading=\"lazy\" decoding=\"async\" src=\"https:\/\/www.oaxaca.gob.mx\/cea\/wp-content\/uploads\/sites\/42\/2023\/09\/docx-e1695849127824.png\" width=\"20\" height=\"20\" alt=\"Archivo Word\"><br \/>\n                <\/a>\n            <\/td>\n<\/tr>\n<tr>\n<td>FORMATO IV<\/td>\n<td style=\"text-align:center\">\n                <a href=\"https:\/\/www.oaxaca.gob.mx\/cea\/wp-content\/uploads\/sites\/42\/2026\/01\/FORMATO-IV.docx\" target=\"_blank\" rel=\"noopener noreferrer\"><br \/>\n                <img loading=\"lazy\" decoding=\"async\" src=\"https:\/\/www.oaxaca.gob.mx\/cea\/wp-content\/uploads\/sites\/42\/2023\/09\/docx-e1695849127824.png\" width=\"20\" height=\"20\" alt=\"Archivo Word\"><br \/>\n                <\/a>\n            <\/td>\n<\/tr>\n<\/tbody>\n<\/table>\n<\/details>\n<\/td>\n<\/tr>\n<p><strong>Documento a obtener<\/strong><br \/>\nOficio de inscripci\u00f3n a la Relaci\u00f3n interna de contratistas.<\/p>\n<p><strong>\u00bfD\u00f3nde realizo mi tr\u00e1mite? <\/strong><br \/>\nDirecci\u00f3n General de esta Comisi\u00f3n ubicada en \u201cCentro Administrativo del Poder Ejecutivo y Judicial General Porfirio<br \/>\nD\u00edaz Soldado de la Patria\u201d Edificio \u201cC\u201d Jos\u00e9 L\u00f3pez Alav\u00e9s, Tercer Nivel. Av. Gerardo Pandal Graff #1, Reyes Mantec\u00f3n.<br \/>\nSan Bartolo Coyotepec, Oaxaca. C.P. 71257<\/p>\n<p><strong>D\u00edas y horarios de atenci\u00f3n<\/strong><br \/>\nLunes a viernes de 9:00 \u2013 14:00 horas<\/p>\n<p><strong>\u00c1rea donde se proporciona el tr\u00e1mite<\/strong><br \/>\nDepartamento de Precios Unitarios y Licitaciones de la Direcci\u00f3n de Planeaci\u00f3n.<\/p>\n<p><strong>Nombre del responsable del \u00e1rea donde se lleva acabo el tr\u00e1mite<\/strong><br \/>\nIng. Jos\u00e9 Luis Toledo Hern\u00e1ndez<\/p>\n<p><strong>Dudas y sugerencias<\/strong><br \/>\n01 (951) 50 16900 Ext. 22510 y 22512.<br \/>\nEmail:\u00a0 ceadirgral@gmail.com<\/p>\n<p><strong>Fundamentos jur\u00eddicos que rigen este tr\u00e1mite<\/strong><br \/>\nArt. *26 D Segundo p\u00e1rrafo de la Ley de Obras P\u00fablicas y Servicios Relacionados del Estado de Oaxaca.<br \/>\n<\/div><\/div>\n","protected":false},"excerpt":{"rendered":"","protected":false},"author":1,"featured_media":0,"parent":0,"menu_order":0,"comment_status":"closed","ping_status":"closed","template":"","meta":{"episode_type":"","audio_file":"","podmotor_file_id":"","podmotor_episode_id":"","cover_image":"","cover_image_id":"","duration":"","filesize":"","filesize_raw":"","date_recorded":"","explicit":"","block":"","itunes_episode_number":"","itunes_title":"","itunes_season_number":"","itunes_episode_type":"","footnotes":""},"categories":[],"tags":[],"class_list":["post-1037","page","type-page","status-publish","hentry"],"acf":[],"publishpress_future_action":{"enabled":false,"date":"2026-05-22 11:26:34","action":"change-status","newStatus":"draft","terms":[],"taxonomy":"category","extraData":[]},"publishpress_future_workflow_manual_trigger":{"enabledWorkflows":[]},"_links":{"self":[{"href":"https:\/\/www.oaxaca.gob.mx\/cea\/wp-json\/wp\/v2\/pages\/1037","targetHints":{"allow":["GET"]}}],"collection":[{"href":"https:\/\/www.oaxaca.gob.mx\/cea\/wp-json\/wp\/v2\/pages"}],"about":[{"href":"https:\/\/www.oaxaca.gob.mx\/cea\/wp-json\/wp\/v2\/types\/page"}],"author":[{"embeddable":true,"href":"https:\/\/www.oaxaca.gob.mx\/cea\/wp-json\/wp\/v2\/users\/1"}],"replies":[{"embeddable":true,"href":"https:\/\/www.oaxaca.gob.mx\/cea\/wp-json\/wp\/v2\/comments?post=1037"}],"version-history":[{"count":2,"href":"https:\/\/www.oaxaca.gob.mx\/cea\/wp-json\/wp\/v2\/pages\/1037\/revisions"}],"predecessor-version":[{"id":2634,"href":"https:\/\/www.oaxaca.gob.mx\/cea\/wp-json\/wp\/v2\/pages\/1037\/revisions\/2634"}],"wp:attachment":[{"href":"https:\/\/www.oaxaca.gob.mx\/cea\/wp-json\/wp\/v2\/media?parent=1037"}],"wp:term":[{"taxonomy":"category","embeddable":true,"href":"https:\/\/www.oaxaca.gob.mx\/cea\/wp-json\/wp\/v2\/categories?post=1037"},{"taxonomy":"post_tag","embeddable":true,"href":"https:\/\/www.oaxaca.gob.mx\/cea\/wp-json\/wp\/v2\/tags?post=1037"}],"curies":[{"name":"wp","href":"https:\/\/api.w.org\/{rel}","templated":true}]}}