{"id":15,"date":"2019-04-30T22:59:20","date_gmt":"2019-04-30T20:59:20","guid":{"rendered":"https:\/\/www.oaxaca.gob.mx\/cgar\/?page_id=15"},"modified":"2019-04-30T22:59:20","modified_gmt":"2019-04-30T20:59:20","slug":"funciones","status":"publish","type":"page","link":"https:\/\/www.oaxaca.gob.mx\/cdpaz\/funciones\/","title":{"rendered":"Funciones"},"content":{"rendered":"<ul class=\"listas-geo\">\n<li>Auxiliar a la administraci\u00f3n p\u00fablica estatal en las regiones de la entidad, en las acciones de<br \/>\nplaneaci\u00f3n, coordinaci\u00f3n, organizaci\u00f3n y ejecuci\u00f3n necesarias para el desarrollo del<br \/>\nEstado.<\/li>\n<li>Coadyuvar en las tareas de organizaci\u00f3n y ejecuci\u00f3n de acciones que realice la<br \/>\nadministraci\u00f3n p\u00fablica estatal.<\/li>\n<li>Coadyuvar en el cumplimiento de las funciones que est\u00e1n a cargo de las dependencias y<br \/>\nentidades de la administraci\u00f3n p\u00fablica estatal.<\/li>\n<\/ul>\n","protected":false},"excerpt":{"rendered":"<p>Auxiliar a la administraci\u00f3n p\u00fablica estatal en las regiones de la entidad, en las acciones de planeaci\u00f3n, coordinaci\u00f3n, organizaci\u00f3n y ejecuci\u00f3n necesarias para el desarrollo del Estado. Coadyuvar en las tareas de organizaci\u00f3n y ejecuci\u00f3n de acciones que realice la administraci\u00f3n p\u00fablica estatal. Coadyuvar en el cumplimiento de las funciones que est\u00e1n a cargo de [&hellip;]<\/p>\n","protected":false},"author":1,"featured_media":0,"parent":0,"menu_order":0,"comment_status":"closed","ping_status":"closed","template":"","meta":{"episode_type":"","audio_file":"","podmotor_file_id":"","podmotor_episode_id":"","cover_image":"","cover_image_id":"","duration":"","filesize":"","filesize_raw":"","date_recorded":"","explicit":"","block":"","itunes_episode_number":"","itunes_title":"","itunes_season_number":"","itunes_episode_type":"","footnotes":""},"categories":[],"tags":[],"class_list":["post-15","page","type-page","status-publish","hentry"],"acf":[],"publishpress_future_action":{"enabled":false,"date":"2026-05-10 02:50:18","action":"change-status","newStatus":"draft","terms":[],"taxonomy":"category","extraData":[]},"publishpress_future_workflow_manual_trigger":{"enabledWorkflows":[]},"_links":{"self":[{"href":"https:\/\/www.oaxaca.gob.mx\/cdpaz\/wp-json\/wp\/v2\/pages\/15","targetHints":{"allow":["GET"]}}],"collection":[{"href":"https:\/\/www.oaxaca.gob.mx\/cdpaz\/wp-json\/wp\/v2\/pages"}],"about":[{"href":"https:\/\/www.oaxaca.gob.mx\/cdpaz\/wp-json\/wp\/v2\/types\/page"}],"author":[{"embeddable":true,"href":"https:\/\/www.oaxaca.gob.mx\/cdpaz\/wp-json\/wp\/v2\/users\/1"}],"replies":[{"embeddable":true,"href":"https:\/\/www.oaxaca.gob.mx\/cdpaz\/wp-json\/wp\/v2\/comments?post=15"}],"version-history":[{"count":0,"href":"https:\/\/www.oaxaca.gob.mx\/cdpaz\/wp-json\/wp\/v2\/pages\/15\/revisions"}],"wp:attachment":[{"href":"https:\/\/www.oaxaca.gob.mx\/cdpaz\/wp-json\/wp\/v2\/media?parent=15"}],"wp:term":[{"taxonomy":"category","embeddable":true,"href":"https:\/\/www.oaxaca.gob.mx\/cdpaz\/wp-json\/wp\/v2\/categories?post=15"},{"taxonomy":"post_tag","embeddable":true,"href":"https:\/\/www.oaxaca.gob.mx\/cdpaz\/wp-json\/wp\/v2\/tags?post=15"}],"curies":[{"name":"wp","href":"https:\/\/api.w.org\/{rel}","templated":true}]}}